{"id":1081,"date":"2025-05-15T11:38:21","date_gmt":"2025-05-15T11:38:21","guid":{"rendered":"https:\/\/gad.se\/?page_id=1081"},"modified":"2026-03-19T08:33:21","modified_gmt":"2026-03-19T08:33:21","slug":"hogklint-serie","status":"publish","type":"page","link":"https:\/\/gad.se\/en\/kollektioner\/hogklint-serie\/","title":{"rendered":"H\u00f6gklint"},"content":{"rendered":"<div data-elementor-type=\"wp-page\" data-elementor-id=\"1081\" class=\"elementor elementor-1081\" data-elementor-post-type=\"page\">\n\t\t\t\t<div class=\"elementor-element elementor-element-d8ba30f e-con-full e-flex e-con e-parent\" data-id=\"d8ba30f\" data-element_type=\"container\" data-e-type=\"container\">\n\t\t\t\t<div class=\"elementor-element elementor-element-f3faa88 elementor-widget elementor-widget-woocommerce-breadcrumb\" data-id=\"f3faa88\" data-element_type=\"widget\" data-e-type=\"widget\" data-widget_type=\"woocommerce-breadcrumb.default\">\n\t\t\t\t\t<nav class=\"woocommerce-breadcrumb\" aria-label=\"Breadcrumb\" data-no-translation=\"\" data-trp-gettext=\"\">HOME<\/nav>\t\t\t\t<\/div>\n\t\t\t\t<\/div>\n\t\t<div class=\"elementor-element elementor-element-ff3400d e-con-full e-flex e-con e-parent\" data-id=\"ff3400d\" data-element_type=\"container\" data-e-type=\"container\" data-settings=\"{&quot;background_background&quot;:&quot;classic&quot;}\">\n\t\t\t\t<div class=\"elementor-element elementor-element-ca34017 elementor-widget elementor-widget-heading\" data-id=\"ca34017\" data-element_type=\"widget\" data-e-type=\"widget\" data-widget_type=\"heading.default\">\n\t\t\t\t\t<h2 class=\"elementor-heading-title elementor-size-default\">H\u00f6gklint<\/h2>\t\t\t\t<\/div>\n\t\t\t\t<\/div>\n\t\t<div class=\"elementor-element elementor-element-fad94cf e-flex e-con-boxed e-con e-parent\" data-id=\"fad94cf\" data-element_type=\"container\" data-e-type=\"container\">\n\t\t\t\t\t<div class=\"e-con-inner\">\n\t\t\t\t<div class=\"elementor-element elementor-element-044c085 elementor-widget elementor-widget-heading\" data-id=\"044c085\" data-element_type=\"widget\" data-e-type=\"widget\" data-widget_type=\"heading.default\">\n\t\t\t\t\t<h2 class=\"elementor-heading-title elementor-size-default\">Uppt\u00e4ck H\u00f6gklint<\/h2>\t\t\t\t<\/div>\n\t\t\t\t<div class=\"elementor-element elementor-element-a2b108a elementor-widget__width-initial elementor-widget-laptop__width-initial elementor-widget elementor-widget-text-editor\" data-id=\"a2b108a\" data-element_type=\"widget\" data-e-type=\"widget\" data-widget_type=\"text-editor.default\">\n\t\t\t\t\t\t\t\t\t<p>H\u00f6gklint \u00e4r ett system d\u00e4r m\u00f6jligheterna \u00e4r o\u00e4ndliga. H\u00e4r kan du skapa i princip vad som helst, fr\u00e5n massiva bokhyllor, till k\u00f6ksf\u00f6rvaring, f\u00f6rvaring f\u00f6r vink\u00e4llare eller skost\u00e4ll. Kombinera hyllplan, l\u00e5dor och f\u00f6rvaringsutrymmen och ge ditt hem en m\u00f6bel som h\u00e5ller i en livstid.<\/p>\t\t\t\t\t\t\t\t<\/div>\n\t\t\t\t<div class=\"elementor-element elementor-element-e79c60e elementor-align-left elementor-widget elementor-widget-button\" data-id=\"e79c60e\" data-element_type=\"widget\" data-e-type=\"widget\" data-widget_type=\"button.default\">\n\t\t\t\t\t\t\t\t\t\t<a class=\"elementor-button elementor-button-link elementor-size-sm elementor-animation-float\" href=\"https:\/\/config.gad.se\/SE\/Hogklint\/hogklint.html?_gl=1*1bge0kb*_gcl_aw*R0NMLjE3NDQzNTI0MTcuQ2owS0NRancyTjJfQmhDQUFSSXNBSzRwRWtVb2Jpbm5zSEtEalRoNmh5MlM3TkJCRlcyUDVCR1lJUHFkenVITkg4bWhSRXFiWTJNNzVQNGFBalZnRUFMd193Y0I.*_gcl_au*MTA4MzIxMzYyOS4xNzQwNDkxNDU0*_ga*NzE4MTI2MTgyLjE3NDA0OTE0NTM.*_ga_WFJ1G20K3F*czE3NDgyNTU4ODYkbzgwJGcxJHQxNzQ4MjU3MjE2JGo1NSRsMCRoNjQzMDIwNDExJGRsYVpGdGhYLTBaem5VLTR6TXRkUXNyNHpjQnN3WDJCQjNB\">\n\t\t\t\t\t\t<span class=\"elementor-button-content-wrapper\">\n\t\t\t\t\t\t\t\t\t<span class=\"elementor-button-text\">Konfigurera din egen<\/span>\n\t\t\t\t\t<\/span>\n\t\t\t\t\t<\/a>\n\t\t\t\t\t\t\t\t<\/div>\n\t\t\t\t\t<\/div>\n\t\t\t\t<\/div>\n\t\t<div class=\"elementor-element elementor-element-682223c e-flex e-con-boxed e-con e-parent\" data-id=\"682223c\" data-element_type=\"container\" data-e-type=\"container\">\n\t\t\t\t\t<div class=\"e-con-inner\">\n\t\t<div class=\"elementor-element elementor-element-147deed e-con-full e-flex e-con e-child\" data-id=\"147deed\" data-element_type=\"container\" data-e-type=\"container\" data-settings=\"{&quot;background_background&quot;:&quot;classic&quot;}\">\n\t\t\t\t<\/div>\n\t\t<div class=\"elementor-element elementor-element-4409804 e-con-full e-flex e-con e-child\" data-id=\"4409804\" data-element_type=\"container\" data-e-type=\"container\" data-settings=\"{&quot;background_background&quot;:&quot;classic&quot;}\">\n\t\t\t\t<\/div>\n\t\t\t\t\t<\/div>\n\t\t\t\t<\/div>\n\t\t<div class=\"elementor-element elementor-element-233afcf e-flex e-con-boxed e-con e-parent\" data-id=\"233afcf\" data-element_type=\"container\" data-e-type=\"container\">\n\t\t\t\t\t<div class=\"e-con-inner\">\n\t\t\t\t<div class=\"elementor-element elementor-element-c2fe801 elementor-widget elementor-widget-heading\" data-id=\"c2fe801\" data-element_type=\"widget\" data-e-type=\"widget\" data-widget_type=\"heading.default\">\n\t\t\t\t\t<h2 class=\"elementor-heading-title elementor-size-default\">Detaljerna som g\u00f6r skillnad.<\/h2>\t\t\t\t<\/div>\n\t\t\t\t\t<\/div>\n\t\t\t\t<\/div>\n\t\t<div class=\"elementor-element elementor-element-ef2a631 e-flex e-con-boxed e-con e-parent\" data-id=\"ef2a631\" data-element_type=\"container\" data-e-type=\"container\">\n\t\t\t\t\t<div class=\"e-con-inner\">\n\t\t<div class=\"elementor-element elementor-element-474ef17 e-con-full e-flex e-con e-child\" data-id=\"474ef17\" data-element_type=\"container\" data-e-type=\"container\">\n\t\t<div class=\"elementor-element elementor-element-09fafed e-con-full e-flex e-con e-child\" data-id=\"09fafed\" data-element_type=\"container\" data-e-type=\"container\">\n\t\t\t\t<div class=\"elementor-element elementor-element-9e28442 elementor-widget elementor-widget-image\" data-id=\"9e28442\" data-element_type=\"widget\" data-e-type=\"widget\" data-widget_type=\"image.default\">\n\t\t\t\t\t\t\t\t\t\t\t\t\t\t\t<img decoding=\"async\" src=\"https:\/\/gad.se\/wp-content\/uploads\/elementor\/thumbs\/DSC_0023-scaled-rhcez9mirlcskyx7kmb81nzhlce1sv97vv6kckos34.jpg\" title=\"DSC_0023\" alt=\"DSC_0023\" loading=\"lazy\" \/>\t\t\t\t\t\t\t\t\t\t\t\t\t\t\t<\/div>\n\t\t\t\t<div class=\"elementor-element elementor-element-fdd81c9 elementor-widget elementor-widget-heading\" data-id=\"fdd81c9\" data-element_type=\"widget\" data-e-type=\"widget\" data-widget_type=\"heading.default\">\n\t\t\t\t\t<h2 class=\"elementor-heading-title elementor-size-default\">Anpassa f\u00e4rg och form<\/h2>\t\t\t\t<\/div>\n\t\t\t\t<div class=\"elementor-element elementor-element-061910c elementor-widget elementor-widget-text-editor\" data-id=\"061910c\" data-element_type=\"widget\" data-e-type=\"widget\" data-widget_type=\"text-editor.default\">\n\t\t\t\t\t\t\t\t\t<p>H\u00f6gklint kan anpassas med hj\u00e4lp av sektioner i olika f\u00e4rger f\u00f6r dig som vill skapa n\u00e5got unikt.<\/p>\t\t\t\t\t\t\t\t<\/div>\n\t\t\t\t<\/div>\n\t\t<div class=\"elementor-element elementor-element-3957057 e-con-full e-flex e-con e-child\" data-id=\"3957057\" data-element_type=\"container\" data-e-type=\"container\">\n\t\t\t\t<div class=\"elementor-element elementor-element-851270f elementor-widget elementor-widget-image\" data-id=\"851270f\" data-element_type=\"widget\" data-e-type=\"widget\" data-widget_type=\"image.default\">\n\t\t\t\t\t\t\t\t\t\t\t\t\t\t\t<img decoding=\"async\" src=\"https:\/\/gad.se\/wp-content\/uploads\/elementor\/thumbs\/Hylla-2-scaled-rhcez9mirlcskyx7kmb81nzhlce1sv97vv6kckos34.jpg\" title=\"Hylla-2\" alt=\"Hylla-2\" loading=\"lazy\" \/>\t\t\t\t\t\t\t\t\t\t\t\t\t\t\t<\/div>\n\t\t\t\t<div class=\"elementor-element elementor-element-7087af4 elementor-widget elementor-widget-heading\" data-id=\"7087af4\" data-element_type=\"widget\" data-e-type=\"widget\" data-widget_type=\"heading.default\">\n\t\t\t\t\t<h2 class=\"elementor-heading-title elementor-size-default\">Storage<\/h2>\t\t\t\t<\/div>\n\t\t\t\t<div class=\"elementor-element elementor-element-d5fcd21 elementor-widget elementor-widget-text-editor\" data-id=\"d5fcd21\" data-element_type=\"widget\" data-e-type=\"widget\" data-widget_type=\"text-editor.default\">\n\t\t\t\t\t\t\t\t\t<p>L\u00e5dor, hyllplan och \u00f6ppna ytor l\u00e5ter dig f\u00f6rvara det du vill att ska synas, och det du vill att ska vara dolt.<\/p>\t\t\t\t\t\t\t\t<\/div>\n\t\t\t\t<\/div>\n\t\t<div class=\"elementor-element elementor-element-9fa6c78 e-con-full e-flex e-con e-child\" data-id=\"9fa6c78\" data-element_type=\"container\" data-e-type=\"container\">\n\t\t\t\t<div class=\"elementor-element elementor-element-3b01e51 elementor-widget elementor-widget-image\" data-id=\"3b01e51\" data-element_type=\"widget\" data-e-type=\"widget\" data-widget_type=\"image.default\">\n\t\t\t\t\t\t\t\t\t\t\t\t\t\t\t<img decoding=\"async\" src=\"https:\/\/gad.se\/wp-content\/uploads\/elementor\/thumbs\/bokhylla-masiv-bjork-ek-rjs0lwom268rgnbzdd3ed3rjy0bavt11wd48c5oc34.jpg\" title=\"bokhylla-masiv-bjork-ek\" alt=\"bokhylla-masiv-bjork-ek\" loading=\"lazy\" \/>\t\t\t\t\t\t\t\t\t\t\t\t\t\t\t<\/div>\n\t\t\t\t<div class=\"elementor-element elementor-element-09516b1 elementor-widget elementor-widget-heading\" data-id=\"09516b1\" data-element_type=\"widget\" data-e-type=\"widget\" data-widget_type=\"heading.default\">\n\t\t\t\t\t<h2 class=\"elementor-heading-title elementor-size-default\">\u00d6ppen eller st\u00e4ngd<\/h2>\t\t\t\t<\/div>\n\t\t\t\t<div class=\"elementor-element elementor-element-cacc4bf elementor-widget elementor-widget-text-editor\" data-id=\"cacc4bf\" data-element_type=\"widget\" data-e-type=\"widget\" data-widget_type=\"text-editor.default\">\n\t\t\t\t\t\t\t\t\t<p>V\u00e4lj sj\u00e4lv om du vill ha ett bakstycke eller inte p\u00e5 din bokhylla.<\/p>\t\t\t\t\t\t\t\t<\/div>\n\t\t\t\t<\/div>\n\t\t\t\t<\/div>\n\t\t\t\t\t<\/div>\n\t\t\t\t<\/div>\n\t\t<div class=\"elementor-element elementor-element-3779526 e-flex e-con-boxed e-con e-parent\" data-id=\"3779526\" data-element_type=\"container\" data-e-type=\"container\">\n\t\t\t\t\t<div class=\"e-con-inner\">\n\t\t\t\t<div class=\"elementor-element elementor-element-259cd2c elementor-widget elementor-widget-heading\" data-id=\"259cd2c\" data-element_type=\"widget\" data-e-type=\"widget\" data-widget_type=\"heading.default\">\n\t\t\t\t\t<h2 class=\"elementor-heading-title elementor-size-default\">Ett byggbart system<\/h2>\t\t\t\t<\/div>\n\t\t\t\t<div class=\"elementor-element elementor-element-dabe82e elementor-widget__width-initial elementor-widget-laptop__width-initial elementor-widget elementor-widget-text-editor\" data-id=\"dabe82e\" data-element_type=\"widget\" data-e-type=\"widget\" data-widget_type=\"text-editor.default\">\n\t\t\t\t\t\t\t\t\t<p>En av de fr\u00e4msta f\u00f6rdelarna med H\u00f6gklint \u00e4r att det \u00e4r ett byggbart system. Detta inneb\u00e4r att du kan \u00e4ndra din m\u00f6bel med tiden, bygga till den eller byta ut delar. Vad som b\u00f6rjar som en enkel bokhylla kan inom n\u00e5gra \u00e5r ha v\u00e4xt till en hel bokhyllev\u00e4gg.<\/p><p><span data-olk-copy-source=\"MessageBody\">H\u00f6gklint g\u00e5r att f\u00e5 med ben eller t\u00e4t sockel vilka \u00e4r indragna i bak f\u00f6r eventuell golvsockel. <\/span>Den \u00e4r dessutom bara 29 cm djup, vilket g\u00f6r att den ser v\u00e4ldigt massiv ut, trots att den inte tar upp s\u00e5 mycket djup i hemmet. Det \u00e4r med andra ord en perfekt m\u00f6bel f\u00f6r alla typer av hem, oavsett hur stor eller liten du vill ha den.<\/p>\t\t\t\t\t\t\t\t<\/div>\n\t\t\t\t\t<\/div>\n\t\t\t\t<\/div>\n\t\t<div class=\"elementor-element elementor-element-dde6ec0 e-flex e-con-boxed e-con e-parent\" data-id=\"dde6ec0\" data-element_type=\"container\" data-e-type=\"container\">\n\t\t\t\t\t<div class=\"e-con-inner\">\n\t\t<div class=\"elementor-element elementor-element-157689f e-con-full e-flex e-con e-child\" data-id=\"157689f\" data-element_type=\"container\" data-e-type=\"container\" data-settings=\"{&quot;background_background&quot;:&quot;classic&quot;}\">\n\t\t\t\t<\/div>\n\t\t\t\t\t<\/div>\n\t\t\t\t<\/div>\n\t\t<div class=\"elementor-element elementor-element-97fefea e-flex e-con-boxed e-con e-parent\" data-id=\"97fefea\" data-element_type=\"container\" data-e-type=\"container\">\n\t\t\t\t\t<div class=\"e-con-inner\">\n\t\t<div class=\"elementor-element elementor-element-afb7ace e-con-full e-flex e-con e-child\" data-id=\"afb7ace\" data-element_type=\"container\" data-e-type=\"container\" data-settings=\"{&quot;background_background&quot;:&quot;classic&quot;}\">\n\t\t\t\t<\/div>\n\t\t<div class=\"elementor-element elementor-element-e4ce4ba e-con-full e-flex e-con e-child\" data-id=\"e4ce4ba\" data-element_type=\"container\" data-e-type=\"container\" data-settings=\"{&quot;background_background&quot;:&quot;classic&quot;}\">\n\t\t\t\t<\/div>\n\t\t\t\t\t<\/div>\n\t\t\t\t<\/div>\n\t\t<div class=\"elementor-element elementor-element-948a320 e-flex e-con-boxed e-con e-parent\" data-id=\"948a320\" data-element_type=\"container\" data-e-type=\"container\">\n\t\t\t\t\t<div class=\"e-con-inner\">\n\t\t\t\t<div class=\"elementor-element elementor-element-a03a916 elementor-widget elementor-widget-heading\" data-id=\"a03a916\" data-element_type=\"widget\" data-e-type=\"widget\" data-widget_type=\"heading.default\">\n\t\t\t\t\t<h2 class=\"elementor-heading-title elementor-size-default\">G\u00f6r H\u00f6gklint till din egen<\/h2>\t\t\t\t<\/div>\n\t\t\t\t<div class=\"elementor-element elementor-element-85165da elementor-widget__width-initial elementor-widget-laptop__width-initial elementor-widget elementor-widget-text-editor\" data-id=\"85165da\" data-element_type=\"widget\" data-e-type=\"widget\" data-widget_type=\"text-editor.default\">\n\t\t\t\t\t\t\t\t\t<p>H\u00f6gklint tillverkas i massivt tr\u00e4 och du v\u00e4ljer sj\u00e4lv om du vill ha bj\u00f6rk eller ek. D\u00e4refter \u00e4r det endast din fantasi som s\u00e4tter gr\u00e4nserna. F\u00e4rger, ytbehandlingar, ben eller sockel, bakstycke, hyllplan och l\u00e5dor \u2013 allt du kan t\u00e4nka dig kan du v\u00e4lja helt sj\u00e4lv.<\/p><p>Du konfigurerar enkelt din egen H\u00f6gklint via l\u00e4nken nedan, och om du beh\u00f6ver hj\u00e4lp \u00e4r du alltid v\u00e4lkommen att kontakta oss p\u00e5 info@gad.se.<\/p>\t\t\t\t\t\t\t\t<\/div>\n\t\t\t\t<div class=\"elementor-element elementor-element-d4dcc8e elementor-align-left elementor-widget elementor-widget-button\" data-id=\"d4dcc8e\" data-element_type=\"widget\" data-e-type=\"widget\" data-widget_type=\"button.default\">\n\t\t\t\t\t\t\t\t\t\t<a class=\"elementor-button elementor-button-link elementor-size-sm elementor-animation-float\" href=\"https:\/\/config.gad.se\/SE\/Hogklint\/hogklint.html?_gl=1*1bge0kb*_gcl_aw*R0NMLjE3NDQzNTI0MTcuQ2owS0NRancyTjJfQmhDQUFSSXNBSzRwRWtVb2Jpbm5zSEtEalRoNmh5MlM3TkJCRlcyUDVCR1lJUHFkenVITkg4bWhSRXFiWTJNNzVQNGFBalZnRUFMd193Y0I.*_gcl_au*MTA4MzIxMzYyOS4xNzQwNDkxNDU0*_ga*NzE4MTI2MTgyLjE3NDA0OTE0NTM.*_ga_WFJ1G20K3F*czE3NDgyNTU4ODYkbzgwJGcxJHQxNzQ4MjU3MjE2JGo1NSRsMCRoNjQzMDIwNDExJGRsYVpGdGhYLTBaem5VLTR6TXRkUXNyNHpjQnN3WDJCQjNB\">\n\t\t\t\t\t\t<span class=\"elementor-button-content-wrapper\">\n\t\t\t\t\t\t\t\t\t<span class=\"elementor-button-text\">Bygg din egen h\u00f6gklint<\/span>\n\t\t\t\t\t<\/span>\n\t\t\t\t\t<\/a>\n\t\t\t\t\t\t\t\t<\/div>\n\t\t\t\t\t<\/div>\n\t\t\t\t<\/div>\n\t\t\t\t<\/div>","protected":false},"excerpt":{"rendered":"<p>H\u00f6gklint Uppt\u00e4ck H\u00f6gklint H\u00f6gklint \u00e4r ett system d\u00e4r m\u00f6jligheterna \u00e4r o\u00e4ndliga. H\u00e4r kan du skapa i princip vad som helst, fr\u00e5n massiva bokhyllor, till k\u00f6ksf\u00f6rvaring, f\u00f6rvaring f\u00f6r vink\u00e4llare eller skost\u00e4ll. Kombinera hyllplan, l\u00e5dor och f\u00f6rvaringsutrymmen och ge ditt hem en m\u00f6bel som h\u00e5ller i en livstid. Konfigurera din egen Detaljerna som g\u00f6r skillnad. Anpassa f\u00e4rg [&hellip;]<\/p>\n","protected":false},"author":1,"featured_media":0,"parent":825,"menu_order":0,"comment_status":"closed","ping_status":"closed","template":"","meta":{"_acf_changed":false,"footnotes":""},"class_list":["post-1081","page","type-page","status-publish","hentry"],"acf":[],"_links":{"self":[{"href":"https:\/\/gad.se\/en\/wp-json\/wp\/v2\/pages\/1081","targetHints":{"allow":["GET"]}}],"collection":[{"href":"https:\/\/gad.se\/en\/wp-json\/wp\/v2\/pages"}],"about":[{"href":"https:\/\/gad.se\/en\/wp-json\/wp\/v2\/types\/page"}],"author":[{"embeddable":true,"href":"https:\/\/gad.se\/en\/wp-json\/wp\/v2\/users\/1"}],"replies":[{"embeddable":true,"href":"https:\/\/gad.se\/en\/wp-json\/wp\/v2\/comments?post=1081"}],"version-history":[{"count":15,"href":"https:\/\/gad.se\/en\/wp-json\/wp\/v2\/pages\/1081\/revisions"}],"predecessor-version":[{"id":7755,"href":"https:\/\/gad.se\/en\/wp-json\/wp\/v2\/pages\/1081\/revisions\/7755"}],"up":[{"embeddable":true,"href":"https:\/\/gad.se\/en\/wp-json\/wp\/v2\/pages\/825"}],"wp:attachment":[{"href":"https:\/\/gad.se\/en\/wp-json\/wp\/v2\/media?parent=1081"}],"curies":[{"name":"wp","href":"https:\/\/api.w.org\/{rel}","templated":true}]}}