{"id":19,"date":"2025-05-02T12:31:18","date_gmt":"2025-05-02T12:31:18","guid":{"rendered":"https:\/\/gad.se\/?page_id=19"},"modified":"2025-09-22T10:56:26","modified_gmt":"2025-09-22T10:56:26","slug":"aterbetalning_returer","status":"publish","type":"page","link":"https:\/\/gad.se\/en\/aterbetalning_returer\/","title":{"rendered":"\u00c5terbetalnings- och returpolicy"},"content":{"rendered":"<div data-elementor-type=\"wp-page\" data-elementor-id=\"19\" class=\"elementor elementor-19\" data-elementor-post-type=\"page\">\n\t\t\t\t<div class=\"elementor-element elementor-element-7f6f7f60 e-flex e-con-boxed e-con e-parent\" data-id=\"7f6f7f60\" data-element_type=\"container\" data-e-type=\"container\">\n\t\t\t\t\t<div class=\"e-con-inner\">\n\t\t\t\t<div class=\"elementor-element elementor-element-56f36b3 elementor-widget-divider--view-line elementor-widget elementor-widget-divider\" data-id=\"56f36b3\" data-element_type=\"widget\" data-e-type=\"widget\" data-widget_type=\"divider.default\">\n\t\t\t\t\t\t\t<div class=\"elementor-divider\">\n\t\t\t<span class=\"elementor-divider-separator\">\n\t\t\t\t\t\t<\/span>\n\t\t<\/div>\n\t\t\t\t\t\t<\/div>\n\t\t\t\t<div class=\"elementor-element elementor-element-776c5da elementor-widget elementor-widget-heading\" data-id=\"776c5da\" data-element_type=\"widget\" data-e-type=\"widget\" data-widget_type=\"heading.default\">\n\t\t\t\t\t<h2 class=\"elementor-heading-title elementor-size-default\">Refund Policy<\/h2>\t\t\t\t<\/div>\n\t\t\t\t<div class=\"elementor-element elementor-element-ea6d972 elementor-widget elementor-widget-text-editor\" data-id=\"ea6d972\" data-element_type=\"widget\" data-e-type=\"widget\" data-widget_type=\"text-editor.default\">\n\t\t\t\t\t\t\t\t\t<p>All products, except our furniture, can be returned within 14 days of delivery. This does not apply if the product\u2019s immediate protective packaging has been opened.<\/p>\n<p>Our furniture cannot be returned, as each piece is made to order specifically for the customer.<\/p>\n<p>Please note that the right of withdrawal does not apply to items from our outlet collection, as these are sold as final sale.\u00a0<\/p>\n<p>Som kund har du alltid 14 dagars \u00e5ngerr\u00e4tt enligt distansavtalslagen. Det inneb\u00e4r att om du k\u00f6per en vara p\u00e5 Internet, har du m\u00f6jlighet att \u00e5ngra k\u00f6pet inom 14 dagar r\u00e4knat fr\u00e5n den dag du tagit emot varan. Observera att detta inte innefattar f\u00e4rg och tapeter fr\u00e5n Farrow &amp; Ball eller best\u00e4llningsvaror som m\u00f6bler som tillverkas direkt f\u00f6r dig. Kontakta alltid oss via e-post p\u00e5 info@gad.se innan du returnerar varan. Brevet ska inneh\u00e5lla ordernummer, eventuellt fakturanummer och vilka varor du vill returnera.<\/p>\n<p>Returned items must be unused and in their original packaging, including all protective materials. Free return shipping applies to items sent as parcels (not pallet deliveries). A return shipping label is included in your package. Returns may not be sent cash on delivery (COD) or with payment on delivery.\n\nYou are also welcome to return your item in person at the G.A.D Store &amp; Showroom in Visby, located at Klosterbrunnsgatan 1A.<\/p>\n<p>If you cancel your purchase and return an item to us, the cost of the item will be refunded to you by Klarna.<br \/>An order delivered via Schenker and not collected within 14 days will be returned to G.A.D at your expense.<\/p>\n<p><strong>Claims and Warranty<\/strong><br \/>All products come with a one-year warranty and a three-year right to claim under the Swedish Consumer Sales Act. The warranty is valid from the original purchase date and within Sweden. Proof of purchase or the order confirmation must be presented. If the item is defective or if we have sent the wrong item, we will cover the return shipping costs. Please contact us as soon as possible, or no later than within 14 days, at shop@gad.se if you wish to make a claim.<\/p>\n<p>Please make sure to package the item carefully, in the same way it was packaged when you received it, as you are responsible for the item during transport. The item must always be returned to G.A.D. Depending on the nature of the defect, we will either send you a replacement, carry out a repair, or refund the cost of the item.<\/p>\n<p><strong>Transport damage<\/strong><br \/>Om en transportskada skulle uppst\u00e5 ber vi dig att g\u00f6ra en anm\u00e4lan om skadan till v\u00e5r kundtj\u00e4nst via e-post info@gad.se. Vi f\u00f6ljer konsumentverkets riktlinjer och anm\u00e4lan ska g\u00f6ras inom sk\u00e4lig tid efter det att du m\u00e4rkt eller borde ha m\u00e4rkt felet.<\/p>\n<p><strong>Reservation<\/strong><br \/>We reserve the right for any inaccuracies in pricing, product information, and stock availability. We also reserve the right to correct any such inaccuracies, even after a purchase has been completed.<\/p>\n<p><!-- \/wp:paragraph --><\/p>\t\t\t\t\t\t\t\t<\/div>\n\t\t\t\t\t<\/div>\n\t\t\t\t<\/div>\n\t\t\t\t<\/div>","protected":false},"excerpt":{"rendered":"<p>\u00c5terbetalningspolicy Alla produkter utom v\u00e5ra m\u00f6bler\u00a0kan returneras inom 14 dagar efter att ni f\u00e5tt er leverans. G\u00e4ller ej om produktens n\u00e4rmaste skyddsf\u00f6rpackning \u00e4r bruten. V\u00e5ra m\u00f6bler\u00a0kan inte returneras d\u00e5 de \u00e4r tillverkade specifikt f\u00f6r kund. \u00c5ngerr\u00e4tten g\u00e4ller inte f\u00f6r v\u00e5rt outlet sortiment.\u00a0 Som kund har du alltid 14 dagars \u00e5ngerr\u00e4tt enligt distansavtalslagen. Det inneb\u00e4r att [&hellip;]<\/p>\n","protected":false},"author":1,"featured_media":0,"parent":0,"menu_order":0,"comment_status":"closed","ping_status":"closed","template":"","meta":{"_acf_changed":false,"footnotes":""},"class_list":["post-19","page","type-page","status-publish","hentry"],"acf":[],"_links":{"self":[{"href":"https:\/\/gad.se\/en\/wp-json\/wp\/v2\/pages\/19","targetHints":{"allow":["GET"]}}],"collection":[{"href":"https:\/\/gad.se\/en\/wp-json\/wp\/v2\/pages"}],"about":[{"href":"https:\/\/gad.se\/en\/wp-json\/wp\/v2\/types\/page"}],"author":[{"embeddable":true,"href":"https:\/\/gad.se\/en\/wp-json\/wp\/v2\/users\/1"}],"replies":[{"embeddable":true,"href":"https:\/\/gad.se\/en\/wp-json\/wp\/v2\/comments?post=19"}],"version-history":[{"count":0,"href":"https:\/\/gad.se\/en\/wp-json\/wp\/v2\/pages\/19\/revisions"}],"wp:attachment":[{"href":"https:\/\/gad.se\/en\/wp-json\/wp\/v2\/media?parent=19"}],"curies":[{"name":"wp","href":"https:\/\/api.w.org\/{rel}","templated":true}]}}