{"id":1943,"date":"2025-05-26T11:04:21","date_gmt":"2025-05-26T11:04:21","guid":{"rendered":"https:\/\/gad.se\/?page_id=1943"},"modified":"2026-03-18T07:54:19","modified_gmt":"2026-03-18T07:54:19","slug":"aterforsaljare","status":"publish","type":"page","link":"https:\/\/gad.se\/en\/aterforsaljare\/","title":{"rendered":"Retailers"},"content":{"rendered":"<div data-elementor-type=\"wp-page\" data-elementor-id=\"1943\" class=\"elementor elementor-1943\" data-elementor-post-type=\"page\">\n\t\t\t\t<div class=\"elementor-element elementor-element-357338f e-con-full e-flex e-con e-parent\" data-id=\"357338f\" data-element_type=\"container\" data-e-type=\"container\">\n\t\t\t\t<div class=\"elementor-element elementor-element-4548c2f elementor-widget elementor-widget-heading\" data-id=\"4548c2f\" data-element_type=\"widget\" data-e-type=\"widget\" data-widget_type=\"heading.default\">\n\t\t\t\t\t<h2 class=\"elementor-heading-title elementor-size-default\">Retailers<\/h2>\t\t\t\t<\/div>\n\t\t\t\t<div class=\"elementor-element elementor-element-9883b33 elementor-widget elementor-widget-heading\" data-id=\"9883b33\" data-element_type=\"widget\" data-e-type=\"widget\" data-widget_type=\"heading.default\">\n\t\t\t\t\t<h2 class=\"elementor-heading-title elementor-size-default\">Our Stores<\/h2>\t\t\t\t<\/div>\n\t\t\t\t<div class=\"elementor-element elementor-element-34d4472 elementor-widget elementor-widget-text-editor\" data-id=\"34d4472\" data-element_type=\"widget\" data-e-type=\"widget\" data-widget_type=\"text-editor.default\">\n\t\t\t\t\t\t\t\t\t<p><strong>Stockholm<\/strong><br \/><strong><a href=\"https:\/\/gad.se\/en\/showrooms\/stockholm\/\">G.A.D STOCKHOLM<\/a>\u00a0<\/strong><br \/>Tegn\u00e9rgatan 4, 113 58 Stockholm, Tel: 08-54548008<\/p><p><strong>Visby<br \/><a href=\"https:\/\/gad.se\/en\/showrooms\/visby\/\">G.A.D<\/a><\/strong> <br \/>Klosterbrunnsgatan 1, 621 56 Visby, Tel: 0498-249410<\/p><p><strong>V\u00e4stergarn, Gotland<\/strong><br \/>G.A.D OUTLET\u00a0 (\u00d6ppet under sommar och p\u00e5sk)<\/p><p><strong>Gothenburg<\/strong><br \/><strong><a href=\"https:\/\/gad.se\/en\/showrooms\/goteborg\/\">G.A.D G\u00d6TEBORG\u00a0<\/a><\/strong> <br \/>Postgatan 31,\u00a0411 06 G\u00f6teborg<\/p><p><strong>Helsingborg<\/strong><br \/><strong>G.A.D Helsingborg<\/strong> <br \/>Kajpromenaden 24, Helsingborg (enbart tidsbokning)<\/p><p><!-- \/wp:paragraph --><\/p>\t\t\t\t\t\t\t\t<\/div>\n\t\t\t\t<div class=\"elementor-element elementor-element-91ecf5d elementor-widget-divider--view-line elementor-widget elementor-widget-divider\" data-id=\"91ecf5d\" data-element_type=\"widget\" data-e-type=\"widget\" data-widget_type=\"divider.default\">\n\t\t\t\t\t\t\t<div class=\"elementor-divider\">\n\t\t\t<span class=\"elementor-divider-separator\">\n\t\t\t\t\t\t<\/span>\n\t\t<\/div>\n\t\t\t\t\t\t<\/div>\n\t\t\t\t<div class=\"elementor-element elementor-element-9ae4ae0 elementor-widget elementor-widget-heading\" data-id=\"9ae4ae0\" data-element_type=\"widget\" data-e-type=\"widget\" data-widget_type=\"heading.default\">\n\t\t\t\t\t<h2 class=\"elementor-heading-title elementor-size-default\">Sverige<\/h2>\t\t\t\t<\/div>\n\t\t\t\t<div class=\"elementor-element elementor-element-a35c263 elementor-widget-divider--view-line elementor-widget elementor-widget-divider\" data-id=\"a35c263\" data-element_type=\"widget\" data-e-type=\"widget\" data-widget_type=\"divider.default\">\n\t\t\t\t\t\t\t<div class=\"elementor-divider\">\n\t\t\t<span class=\"elementor-divider-separator\">\n\t\t\t\t\t\t<\/span>\n\t\t<\/div>\n\t\t\t\t\t\t<\/div>\n\t\t\t\t<div class=\"elementor-element elementor-element-d05237a elementor-widget elementor-widget-text-editor\" data-id=\"d05237a\" data-element_type=\"widget\" data-e-type=\"widget\" data-widget_type=\"text-editor.default\">\n\t\t\t\t\t\t\t\t\t<p><strong>Bredaryd<\/strong><br \/><strong><a href=\"http:\/\/www.bredarydsmobler.se\/\" target=\"_blank\" rel=\"noopener\">BREDARYDS M\u00d6BLER<\/a><\/strong><br \/>\u00d6stra V\u00e4gen 1, 33010 Bredaryd, <strong>Tel:<\/strong> <a href=\"tel:0370-80810\">0370-80810<\/a><\/p><p><strong>B\u00e5stad<\/strong><br \/><strong>WYKES<\/strong><br \/><span data-olk-copy-source=\"MessageBody\">Storgatan 8, Laholm<\/span>, <strong>Tel:<\/strong> <a href=\"tel:0430-45050\"><span data-olk-copy-source=\"MessageBody\">0430-45050<\/span><\/a>, <strong><a title=\"mailto:laholm@wykes.se\" href=\"mailto:laholm@wykes.se\" data-linkindex=\"1\" data-olk-copy-source=\"MessageBody\">laholm@wykes.se<\/a><\/strong><\/p><p><strong>Emmaboda<\/strong><br \/><strong><a href=\"http:\/\/www.emmabodamobler.se\/\" target=\"_blank\" rel=\"noopener\">EMMABODA M\u00d6BLER <\/a><\/strong><br \/>Granitv\u00e4gen 1, 36121 Emmaboda, <strong>Tel:<\/strong> <a href=\"tel:0471-13690\">0471-13690<\/a><\/p><p><strong>Lule\u00e5<\/strong><br \/><strong><a href=\"https:\/\/www.wikamobler.se\/\" target=\"_blank\" rel=\"noopener\">WIKA M\u00d6BLER<\/a>\u00a0<\/strong><br \/>M\u00f6belv\u00e4gen 1, 954 31 Gammelstad, <strong>Tel:<\/strong>\u00a0<a href=\"tel:0920-253030\">0920-253030<\/a><\/p><p><strong>G\u00e4vle<br \/>TV\u00c5 PLAN<br \/><\/strong>Norra Kopparslagargatan 14, 803 11 G\u00e4vle,\u00a0<strong>Tel:\u00a0<\/strong><a href=\"https:\/\/www.google.com\/search?gs_ssp=eJzj4tFP1zfMSDaoNM3IKjdgtFI1qDAxMzNINjMzMzeyMLSwNLO0MqhIMUu0SEsxME4yNLNMMU208BIoKTu8VKEgJzFPIf3wkrKcVADIJhXg&amp;q=tv%C3%A5+plan+g%C3%A4vle&amp;rlz=1C5CHFA_enSE1020SE1020&amp;oq=tv%C3%A5+plan+g%C3%A4&amp;gs_lcrp=EgZjaHJvbWUqDQgBEC4YrwEYxwEYgAQyBggAEEUYOTINCAEQLhivARjHARiABDIICAIQABgWGB4yCAgDEAAYFhgeMgcIBBAAGO8FMgoIBRAAGIAEGKIEMgcIBhAAGO8F0gEIMTkwNWowajeoAgCwAgA&amp;sourceid=chrome&amp;ie=UTF-8#\" data-dtype=\"d3ph\" data-local-attribute=\"d3ph\" data-ved=\"2ahUKEwjno6bogYuTAxUbCRAIHXu4M8wQkAgoAHoECCUQAg\" target=\"_blank\" rel=\"noopener\"><span aria-label=\"Ring telefonnumret 026-12 22 97\">026-12 22 97<\/span><\/a><\/p><p><strong>Gothenburg<\/strong><br \/><a href=\"http:\/\/meijersmobler.se\/\" target=\"_blank\" rel=\"noopener\"><strong>MEIJERS M\u00d6BLER\u00a0<\/strong><\/a><br \/>G\u00f6teborgsv\u00e4gen 29, 431 30 M\u00f6lndal, <strong>Tel:<\/strong> <a href=\"tel:031-272710\">031-272710<\/a><\/p><p><strong>Halmstad<br \/><a href=\"http:\/\/www.severins.se\/?id=12014&amp;gm=1\" target=\"_blank\" rel=\"noopener\">SEVERINS <\/a><\/strong><br \/>Ryttarev\u00e4gen 11, 30260 Halmstad, <strong>Tel:<\/strong> <a href=\"tel:035-104480\">035-104480<\/a><\/p><p><strong>Helsingborg<br \/><a href=\"http:\/\/www.inredningsgalleriet.se\/\" target=\"_blank\" rel=\"noopener\">INREDNINGSGALLERIET <\/a><\/strong><br \/>Djurhagshusv\u00e4gen 119, 25477 Fleninge, V\u00e4la \u00d6stra\u00a0<strong>Tel:<\/strong> <a href=\"tel:042-142505\">042-142505<\/a><\/p><p><strong>J\u00f6nk\u00f6ping<br \/><a href=\"https:\/\/gad.se\/en\/pages\/www.severins.se\/\">SEVERINS<\/a>\u00a0<\/strong><br \/>Huskvarnav\u00e4gen 84, 55248 J\u00f6nk\u00f6ping, <strong>Tel:<\/strong> <a href=\"tel:036-308420\">036-308420<\/a><\/p><p><strong>Kalmar<br \/><a href=\"https:\/\/www.facebook.com\/magasinseverin\/\" target=\"_blank\" rel=\"noopener\">MAGASIN SEVERIN <\/a><\/strong><br \/>Odalv\u00e4gen 7, Box 875, 39128 Kalmar, Tel: 0480-426260<\/p><p><strong>Karlstad<\/strong><br \/><strong><a href=\"http:\/\/www.formochdesign.se\/\" target=\"_blank\" rel=\"noopener\">SKANDINAVISK FORM OCH DESIGN\u00a0<\/a><\/strong><br \/>Nygatan 1, 65220 Karlstad, <strong>Tel:<\/strong> <a href=\"tel:070-5720023\">070-5720023<\/a><\/p><p><strong>WALFRIDS SVENSSONS M\u00d6BLER<br \/><\/strong>Nygatan 4, 652 20 Karlstad, <strong>Tel:<\/strong> <a href=\"tel:054-210891\">054-210891<\/a><\/p><p><strong>Kristianstad<br \/><\/strong><a href=\"https:\/\/www.visionofhome.se\/\" target=\"_blank\" rel=\"noopener\"><b>VISION OF HOME<\/b><\/a><br \/>S\u00e4vv\u00e4gen 6, 291 59\u00a0 Kristianstad, Tel: <a href=\"tel:044-121270\">044-121270<\/a><\/p><p><strong>Kungsbacka<br \/><a href=\"http:\/\/www.blombergsmobler.se\/\" target=\"_blank\" rel=\"noopener\">BLOMBERGS M\u00d6BLER<\/a><\/strong>\u00a0<br \/>Fj\u00e4r\u00e5s industriv\u00e4g 2, 439 74 Fj\u00e4r\u00e5s, <strong>Tel:<\/strong> <a href=\"tel:0300-541107\">0300-541107<\/a><\/p><p><strong>Lammhult<br \/><a href=\"http:\/\/www.nilssonsilammhult.se\/\" target=\"_blank\" rel=\"noopener\">NILSSONS M\u00d6BLER I LAMMHULT<\/a><\/strong><br \/>Norra Fabriksgatan 2, 36030 Lammhult, <strong>Tel<\/strong>: <a href=\"tel:0472-260041\">0472-260041<\/a><\/p><p><strong>Lund<br \/><a href=\"https:\/\/miljogarden.se\/\" target=\"_blank\" rel=\"noopener\">MILJ\u00d6G\u00c5RDEN<\/a><\/strong><br \/>Avtalsv\u00e4gen 2, 227 61 Lund, <strong>Tel:<\/strong> <a href=\"tel:046-130129\">046-130129<\/a><\/p><p><strong>Malm\u00f6<\/strong><br \/><strong>GLASHUSET<\/strong><br \/>L\u00e5nghusgatan 1, 215 86 Malm\u00f6,\u00a0<strong>Tel: <a href=\"https:\/\/www.google.com\/search?q=glashuset+malm%C3%B6&amp;sca_esv=24e12ee2c444327b&amp;rlz=1C5CHFA_enSE1020SE1020&amp;sxsrf=ANbL-n5_36zJUd4cXqc5yJoB6p3kjQvjhw%3A1772791188268&amp;ei=lKWqaeeJEJuSwPAP-_DO4Qw&amp;biw=2240&amp;bih=1068&amp;ved=0ahUKEwjno6bogYuTAxUbCRAIHXu4M8wQ4dUDCBE&amp;uact=5&amp;oq=glashuset+malm%C3%B6&amp;gs_lp=Egxnd3Mtd2l6LXNlcnAiEGdsYXNodXNldCBtYWxtw7YyBRAAGIAEMgUQABiABDIFEAAYgAQyBRAAGIAEMgUQABiABDIFEAAYgAQyBhAAGBYYHjIGEAAYFhgeMgYQABgWGB4yBhAAGBYYHkj7HVDYDFjUGHAGeAGQAQCYAWqgAaAKqgEEMTQuMbgBA8gBAPgBAZgCFaAC-wrCAgoQABiwAxjWBBhHwgIEECMYJ8ICChAjGIAEGCcYigXCAhEQLhiABBixAxjRAxiDARjHAcICCxAAGIAEGLEDGIMBwgIKEC4YgAQYQxiKBcICCBAAGIAEGLEDwgIKEAAYgAQYQxiKBcICBRAuGIAEwgITEC4YgAQYsQMYQxiDARjJAxiKBcICEBAAGIAEGLEDGEMYgwEYigXCAhAQLhiABBhDGMcBGIoFGK8BwgIOEC4YgAQYsQMYgwEYyQPCAggQLhiABBixA8ICCxAuGIAEGMcBGK8BwgILEC4YgAQY0QMYxwHCAhoQLhiABBjHARivARiXBRjcBBjeBBjgBNgBAcICDhAuGIAEGMcBGI4FGK8BmAMAiAYBkAYIugYGCAEQARgUkgcEMTYuNaAHyLABsgcEMTAuNbgH5ArCBwYwLjUuMTbIB06ACAA&amp;sclient=gws-wiz-serp#\" data-dtype=\"d3ph\" data-local-attribute=\"d3ph\" data-ved=\"2ahUKEwidkuOSgouTAxUoQVUIHZVrPAoQkAgoAHoECCsQAg\" target=\"_blank\" rel=\"noopener\"><span aria-label=\"Ring telefonnumret 040-630 46 46\">040-630 46 46<\/span><\/a><\/strong><\/p><p><strong>Norrk\u00f6ping<br \/><a href=\"http:\/\/www.kontorett.com\/\" target=\"_blank\" rel=\"noopener\">KONTOR-ETT\u00a0<\/a><\/strong><br \/>Lind\u00f6v\u00e4gen 41, Box 6079, 60006 Norrk\u00f6ping, <strong>Tel:<\/strong> <a href=\"tel:011-265252\">011-265252<\/a><\/p><p><strong>Norrt\u00e4lje<br \/><a href=\"http:\/\/www.akeba.se\/\" target=\"_blank\" rel=\"noopener\">AKEBA\u00a0<\/a><\/strong><br \/>Posthusgatan 4, 761 30 Norrt\u00e4lje, <strong>Tel:<\/strong> <a href=\"tel:0176-19069\">0176-19069<\/a><\/p><p><strong>Nykvarn<br \/><a href=\"http:\/\/www.mobelkvaliten.se\/\" target=\"_blank\" rel=\"noopener\">M\u00d6BELKVALIT\u00c9N\u00a0<\/a><\/strong><br \/>Gamla Str\u00e4ngn\u00e4sv\u00e4gen 500, 155 93 Nykvarn, <strong>Tel:<\/strong> <a href=\"tel:0159-70195\">0159-70195<\/a><\/p><p><strong>Nyk\u00f6ping<br \/><a href=\"http:\/\/www.possings.se\/\" target=\"_blank\" rel=\"noopener\">POSSINGS M\u00d6BLER\u00a0<\/a><\/strong><br \/>\u00d6stra Storgatan 15, 61134 Nyk\u00f6ping, <strong>Tel:<\/strong> <a href=\"tel:0155-210785\">0155-210785<\/a><\/p><p><strong>Stenungsund<br \/>PRESENTH\u00d6RNAN<\/strong><br \/>Strandv\u00e4gen 10, 444 31 Stenungsund, <strong>Tel:<\/strong> <a href=\"tel:0303-80357\">0303-80357<\/a><\/p><p><strong>Stockholm<br \/>BOKHYLLAN AB<\/strong><br \/>Odengatan 96, 113 22 Stockholm, <strong>Tel:<\/strong> <a href=\"tel:08-202349\">08-202349<\/a><\/p><p><strong>Str\u00e4ngn\u00e4s<br \/><a href=\"http:\/\/www.bernhardssons.se\/index.php\" target=\"_blank\" rel=\"noopener\">BERNHARDSSONS M\u00d6BLER\u00a0<\/a><\/strong><br \/>M\u00e4starv\u00e4gen 4, 645 41 Str\u00e4ngn\u00e4s, <strong>Tel:<\/strong> <a href=\"tel:0152-24950\">0152-24950<\/a><\/p><p><strong>Sundsvall<br \/><a href=\"http:\/\/www.rummet.se\/\" target=\"_blank\" rel=\"noopener\">RUMMET\u00a0<\/a><\/strong><br \/>Nybrogatan 24, 852 31 Sundsvall, <strong>Tel:<\/strong> <a href=\"tel:060-125740\">060-125740<\/a><\/p><p><strong>Karlshamn<br \/><a href=\"http:\/\/www.bmdesigncenter.se\/\" target=\"_blank\" rel=\"noopener\">BM DESIGN CENTER<\/a><\/strong> <br \/>Nissav\u00e4gen 7, 376 36 Sv\u00e4ngsta, <strong>Tel:<\/strong> <a href=\"tel:0705451110\">070-5451110<\/a><\/p><p><strong>Uppsala\u00a0 <\/strong><b><br \/><a href=\"http:\/\/www.valamagasinet.se\/\" target=\"_blank\" rel=\"noopener\">V\u00c5LAMAGASINET<\/a><br \/><\/b>Sylveniusgatan 7, 75450 Uppsala, <strong>Tel:<\/strong> <a href=\"tel:018650370\">018-650370<\/a><\/p><p><strong>Varberg<br \/><a href=\"http:\/\/www.morefurniture.se\/\" target=\"_blank\" rel=\"noopener\">MORE FURNITURE <\/a><\/strong>\u00a0<br \/>Lassabackav\u00e4gen 4, 432 40 Varberg, <strong>Tel:<\/strong> <a href=\"tel:0340-19550\">0340-19550<\/a><\/p><p><strong>Vollsj\u00f6<br \/><a href=\"https:\/\/www.thuleslund.se\/\" target=\"_blank\" rel=\"noopener\">THULESLUND M\u00d6BLER &amp; INTERI\u00d6R<\/a><\/strong><br \/>Alestadsv\u00e4gen 408-16, <strong>Tel:<\/strong> <a href=\"tel:0416-30180\">0416-30180<\/a><\/p><p><strong>\u00c4ngelholm<br \/><a href=\"http:\/\/www.hanssonsmobler.se\/sidor\/\" target=\"_blank\" rel=\"noopener\">HANSSONS M\u00d6BLER\u00a0<\/a><\/strong><br \/>Helsingborgsv\u00e4gen 50, 262 72 \u00c4ngelholm, <strong>Tel:<\/strong> <a href=\"tel:0431-12080\">0431-12080<\/a><\/p><p><strong>\u00d6rebro<br \/><a href=\"http:\/\/www.indainterior.se\/\" target=\"_blank\" rel=\"noopener\">INDA INTERI\u00d6R <\/a><\/strong><br \/>Brandstorp 407, 705 98 Lillkyrka, <strong>Tel:<\/strong> <a href=\"tel:019-123025\">019-123025<\/a><\/p><p><strong>\u00d6regrund<br \/><a href=\"http:\/\/sundboden.se\/\" target=\"_blank\" rel=\"noopener\">SUNDBODEN<\/a>\u00a0<\/strong><br \/>Skinn\u00e4s\u00e4ngarna 102,\u00a074243 \u00d6regrund,\u00a0<strong>Tel:<\/strong> <a href=\"tel:0173-13364\">0173-13364<\/a><\/p><p><!-- \/wp:paragraph --><\/p>\t\t\t\t\t\t\t\t<\/div>\n\t\t\t\t<div class=\"elementor-element elementor-element-cb4cc09 elementor-widget elementor-widget-heading\" data-id=\"cb4cc09\" data-element_type=\"widget\" data-e-type=\"widget\" data-widget_type=\"heading.default\">\n\t\t\t\t\t<h2 class=\"elementor-heading-title elementor-size-default\">Norge<\/h2>\t\t\t\t<\/div>\n\t\t\t\t<div class=\"elementor-element elementor-element-8c5931a elementor-widget elementor-widget-text-editor\" data-id=\"8c5931a\" data-element_type=\"widget\" data-e-type=\"widget\" data-widget_type=\"text-editor.default\">\n\t\t\t\t\t\t\t\t\t<p><strong>Geilo<br \/><a href=\"https:\/\/annekset-geilo.no\/\" target=\"_blank\" rel=\"noopener\">ANNEKSET INTERI\u00d8R<\/a>\u00a0<\/strong><br \/>Kyrkjevegen 10, Geilo 3580 <strong>Tel:<\/strong> <a href=\"tel:+47-32 09 10 14\">+47-32 09 10 14<\/a><\/p><p><strong>Brumunddal<br \/><a href=\"https:\/\/romforrominterior.no\/\" target=\"_blank\" rel=\"noopener\">ROM FOR ROM INTERI\u00d8R<\/a>\u00a0<\/strong><br \/>Nygata 12, Brumunddal 2380 <strong>Tel:<\/strong> <a href=\"tel:+47-950 26 466\">+47-950 26 466<\/a><\/p><p><strong>Skien<br \/><a href=\"https:\/\/mgalleriet.no\/\" target=\"_blank\" rel=\"noopener\">M\u00d8BELGALLERIET SKIEN<\/a>\u00a0<\/strong><br \/>Bedriftsveien 96, Skien 3735 <strong>Tel:<\/strong> <a href=\"tel:+47-35 52 00 35\">+47-35 52 00 35<\/a><\/p><p><strong>Kristiansand<br \/><a href=\"https:\/\/mobelgalleriet.no\/\" target=\"_blank\" rel=\"noopener\">M\u00d8BELGALLERIET<\/a>\u00a0<\/strong><br \/>Skippergt 3, Kristiansand N-4611 <strong>Tel:<\/strong> <a href=\"tel:+47-38020850\">+47-38020850<\/a><\/p><p><strong>Oslo<br \/><a href=\"https:\/\/sorensenmobel.no\/\" target=\"_blank\" rel=\"noopener\">SORENSENMOBEL.NO<\/a>\u00a0<\/strong><br \/>Jacob Aalls gate 54, Oslo 0364 <strong>Tel:<\/strong> <a href=\"tel:+47-22563102\">+47-22563102<\/a><\/p><p><!-- \/wp:paragraph --><\/p>\t\t\t\t\t\t\t\t<\/div>\n\t\t\t\t<div class=\"elementor-element elementor-element-c9ea47e elementor-widget-divider--view-line elementor-widget elementor-widget-divider\" data-id=\"c9ea47e\" data-element_type=\"widget\" data-e-type=\"widget\" data-widget_type=\"divider.default\">\n\t\t\t\t\t\t\t<div class=\"elementor-divider\">\n\t\t\t<span class=\"elementor-divider-separator\">\n\t\t\t\t\t\t<\/span>\n\t\t<\/div>\n\t\t\t\t\t\t<\/div>\n\t\t\t\t<div class=\"elementor-element elementor-element-ffb7d2f elementor-widget elementor-widget-heading\" data-id=\"ffb7d2f\" data-element_type=\"widget\" data-e-type=\"widget\" data-widget_type=\"heading.default\">\n\t\t\t\t\t<h2 class=\"elementor-heading-title elementor-size-default\">Storbritannien<\/h2>\t\t\t\t<\/div>\n\t\t\t\t<div class=\"elementor-element elementor-element-e2d5972 elementor-widget elementor-widget-text-editor\" data-id=\"e2d5972\" data-element_type=\"widget\" data-e-type=\"widget\" data-widget_type=\"text-editor.default\">\n\t\t\t\t\t\t\t\t\t<p><strong>St Albans<br \/><a href=\"http:\/\/www.swedishdesign.com\/\" target=\"_blank\" rel=\"noopener\">THE CALE SCHIANG PARTNERSHIP<\/a><\/strong><br \/>The Old Dairy, Tewin Hill Farm, Welwyn, Hertfordshire, AL6 0LL, <strong>Tel:<\/strong> <a href=\"tel:+44 8702-202055\">+44 8702-202055<\/a><\/p><p><!-- \/wp:paragraph --><\/p>\t\t\t\t\t\t\t\t<\/div>\n\t\t\t\t<\/div>\n\t\t\t\t<\/div>","protected":false},"excerpt":{"rendered":"<p>\u00c5terf\u00f6rs\u00e4ljare V\u00e5ra butiker StockholmG.A.D STOCKHOLM\u00a0Tegn\u00e9rgatan 4, 113 58 Stockholm, Tel: 08-54548008 VisbyG.A.D Klosterbrunnsgatan 1, 621 56 Visby, Tel: 0498-249410 V\u00e4stergarn, GotlandG.A.D OUTLET\u00a0 (\u00d6ppet under sommar och p\u00e5sk) G\u00f6teborgG.A.D G\u00d6TEBORG\u00a0 Postgatan 31,\u00a0411 06 G\u00f6teborg HelsingborgG.A.D Helsingborg Kajpromenaden 24, Helsingborg (enbart tidsbokning) Sverige BredarydBREDARYDS M\u00d6BLER\u00d6stra V\u00e4gen 1, 33010 Bredaryd, Tel: 0370-80810 B\u00e5stadWYKESStorgatan 8, Laholm, Tel: 0430-45050, laholm@wykes.se [&hellip;]<\/p>\n","protected":false},"author":1,"featured_media":0,"parent":0,"menu_order":0,"comment_status":"closed","ping_status":"closed","template":"","meta":{"_acf_changed":false,"footnotes":""},"class_list":["post-1943","page","type-page","status-publish","hentry"],"acf":[],"_links":{"self":[{"href":"https:\/\/gad.se\/en\/wp-json\/wp\/v2\/pages\/1943","targetHints":{"allow":["GET"]}}],"collection":[{"href":"https:\/\/gad.se\/en\/wp-json\/wp\/v2\/pages"}],"about":[{"href":"https:\/\/gad.se\/en\/wp-json\/wp\/v2\/types\/page"}],"author":[{"embeddable":true,"href":"https:\/\/gad.se\/en\/wp-json\/wp\/v2\/users\/1"}],"replies":[{"embeddable":true,"href":"https:\/\/gad.se\/en\/wp-json\/wp\/v2\/comments?post=1943"}],"version-history":[{"count":93,"href":"https:\/\/gad.se\/en\/wp-json\/wp\/v2\/pages\/1943\/revisions"}],"predecessor-version":[{"id":7705,"href":"https:\/\/gad.se\/en\/wp-json\/wp\/v2\/pages\/1943\/revisions\/7705"}],"wp:attachment":[{"href":"https:\/\/gad.se\/en\/wp-json\/wp\/v2\/media?parent=1943"}],"curies":[{"name":"wp","href":"https:\/\/api.w.org\/{rel}","templated":true}]}}