{"id":2118,"date":"2025-05-27T06:13:41","date_gmt":"2025-05-27T06:13:41","guid":{"rendered":"https:\/\/gad.se\/?page_id=2118"},"modified":"2026-03-24T14:20:49","modified_gmt":"2026-03-24T14:20:49","slug":"rum","status":"publish","type":"page","link":"https:\/\/gad.se\/en\/rum\/","title":{"rendered":"Rooms"},"content":{"rendered":"\t\t<div data-elementor-type=\"wp-page\" data-elementor-id=\"2118\" class=\"elementor elementor-2118\" data-elementor-post-type=\"page\">\n\t\t\t\t<div class=\"elementor-element elementor-element-0d92b4e e-con-full e-flex e-con e-parent\" data-id=\"0d92b4e\" data-element_type=\"container\" data-e-type=\"container\">\n\t\t\t\t<div class=\"elementor-element elementor-element-8e0b096 elementor-widget elementor-widget-html\" data-id=\"8e0b096\" data-element_type=\"widget\" data-e-type=\"widget\" data-widget_type=\"html.default\">\n\t\t\t\t\t<script src=\"https:\/\/code.jquery.com\/jquery-3.6.0.min.js\"><\/script>\n<script>\nvar $ = jQuery\n$(document).ready(function(){\n    \n$('.elementor-section[link], .elementor-column[link] > .elementor-widget-wrap, .e-con[link], .e-container[link]').on('click', function(){\n    \n    var $this = $(this).hasClass('elementor-widget-wrap') ? $(this).parent() : $(this),\n    link = $this.attr('link'),\n    newtab = $this.attr('newtab'),\n    openIn = typeof newtab !== 'undefined' && newtab !== false ? '_blank' : '_self'\n    \n    window.open(link, openIn)\n})\n})\n<\/script>\n<style>\n.elementor-section[link], .elementor-column[link] > .elementor-widget-wrap, .e-con[link], .e-container[link] {\n    cursor: pointer;\n}\n<\/style>\t\t\t\t<\/div>\n\t\t\t\t<div class=\"elementor-element elementor-element-4fa65aa elementor-widget elementor-widget-heading\" data-id=\"4fa65aa\" data-element_type=\"widget\" data-e-type=\"widget\" data-widget_type=\"heading.default\">\n\t\t\t\t\t<h2 class=\"elementor-heading-title elementor-size-default\">Vi hj\u00e4lper dig att f\u00f6rvandla hus till hem.<\/h2>\t\t\t\t<\/div>\n\t\t\t\t<div class=\"elementor-element elementor-element-4788f57 elementor-widget elementor-widget-text-editor\" data-id=\"4788f57\" data-element_type=\"widget\" data-e-type=\"widget\" data-widget_type=\"text-editor.default\">\n\t\t\t\t\t\t\t\t\t<p>Letar du efter inspiration? L\u00e5t oss guida dig genom v\u00e5rt produktutbud \u2013 ett rum i taget. Hitta nya favoriter och inspiration f\u00f6r n\u00e4sta g\u00e5ng det \u00e4r dags att m\u00f6blera om eller k\u00f6pa nytt.<\/p>\t\t\t\t\t\t\t\t<\/div>\n\t\t\t\t<\/div>\n\t\t<div class=\"elementor-element elementor-element-739ab9b e-con-full e-flex e-con e-parent\" data-id=\"739ab9b\" data-element_type=\"container\" data-e-type=\"container\">\n\t\t<div class=\"elementor-element elementor-element-b971625 e-con-full e-flex e-con e-child\" data-id=\"b971625\" data-element_type=\"container\" data-e-type=\"container\">\n\t\t<div class=\"elementor-element elementor-element-156d99b e-con-full e-flex e-con e-child\" data-id=\"156d99b\" data-element_type=\"container\" data-e-type=\"container\" data-settings=\"{&quot;background_background&quot;:&quot;classic&quot;}\" link=\"https:\/\/gad.se\/rum\/kok\">\n\t\t\t\t<\/div>\n\t\t\t\t<div class=\"elementor-element elementor-element-ddc078e elementor-widget elementor-widget-heading\" data-id=\"ddc078e\" data-element_type=\"widget\" data-e-type=\"widget\" data-widget_type=\"heading.default\">\n\t\t\t\t\t<h2 class=\"elementor-heading-title elementor-size-default\">K\u00f6k<\/h2>\t\t\t\t<\/div>\n\t\t\t\t<\/div>\n\t\t<div class=\"elementor-element elementor-element-ae9b601 e-con-full e-flex e-con e-child\" data-id=\"ae9b601\" data-element_type=\"container\" data-e-type=\"container\">\n\t\t<div class=\"elementor-element elementor-element-86bca8a e-con-full e-flex e-con e-child\" data-id=\"86bca8a\" data-element_type=\"container\" data-e-type=\"container\" data-settings=\"{&quot;background_background&quot;:&quot;classic&quot;}\" link=\"https:\/\/gad.se\/rum\/matsal\">\n\t\t\t\t<\/div>\n\t\t\t\t<div class=\"elementor-element elementor-element-9b17c16 elementor-widget elementor-widget-heading\" data-id=\"9b17c16\" data-element_type=\"widget\" data-e-type=\"widget\" data-widget_type=\"heading.default\">\n\t\t\t\t\t<h2 class=\"elementor-heading-title elementor-size-default\">Matsal<\/h2>\t\t\t\t<\/div>\n\t\t\t\t<\/div>\n\t\t<div class=\"elementor-element elementor-element-946dc4c e-con-full e-flex e-con e-child\" data-id=\"946dc4c\" data-element_type=\"container\" data-e-type=\"container\">\n\t\t<div class=\"elementor-element elementor-element-f44b466 e-con-full e-flex e-con e-child\" data-id=\"f44b466\" data-element_type=\"container\" data-e-type=\"container\" data-settings=\"{&quot;background_background&quot;:&quot;classic&quot;}\" link=\"https:\/\/gad.se\/rum\/vardagsrum\">\n\t\t\t\t<\/div>\n\t\t\t\t<div class=\"elementor-element elementor-element-66895e0 elementor-widget elementor-widget-heading\" data-id=\"66895e0\" data-element_type=\"widget\" data-e-type=\"widget\" data-widget_type=\"heading.default\">\n\t\t\t\t\t<h2 class=\"elementor-heading-title elementor-size-default\">Vardagsrum<\/h2>\t\t\t\t<\/div>\n\t\t\t\t<\/div>\n\t\t\t\t<\/div>\n\t\t<div class=\"elementor-element elementor-element-affdbe3 e-con-full e-flex e-con e-parent\" data-id=\"affdbe3\" data-element_type=\"container\" data-e-type=\"container\">\n\t\t<div class=\"elementor-element elementor-element-aef2ada e-con-full e-flex e-con e-child\" data-id=\"aef2ada\" data-element_type=\"container\" data-e-type=\"container\">\n\t\t<div class=\"elementor-element elementor-element-5dec9eb e-con-full e-flex e-con e-child\" data-id=\"5dec9eb\" data-element_type=\"container\" data-e-type=\"container\" data-settings=\"{&quot;background_background&quot;:&quot;classic&quot;}\" link=\"https:\/\/gad.se\/rum\/sovrum\">\n\t\t\t\t<\/div>\n\t\t\t\t<div class=\"elementor-element elementor-element-8b0102f elementor-widget elementor-widget-heading\" data-id=\"8b0102f\" data-element_type=\"widget\" data-e-type=\"widget\" data-widget_type=\"heading.default\">\n\t\t\t\t\t<h2 class=\"elementor-heading-title elementor-size-default\">Sovrum<\/h2>\t\t\t\t<\/div>\n\t\t\t\t<\/div>\n\t\t<div class=\"elementor-element elementor-element-318795c e-con-full e-flex e-con e-child\" data-id=\"318795c\" data-element_type=\"container\" data-e-type=\"container\">\n\t\t<div class=\"elementor-element elementor-element-b6840e1 e-con-full e-flex e-con e-child\" data-id=\"b6840e1\" data-element_type=\"container\" data-e-type=\"container\" data-settings=\"{&quot;background_background&quot;:&quot;classic&quot;}\" link=\"https:\/\/gad.se\/rum\/hall\">\n\t\t\t\t<\/div>\n\t\t\t\t<div class=\"elementor-element elementor-element-553d21a elementor-widget elementor-widget-heading\" data-id=\"553d21a\" data-element_type=\"widget\" data-e-type=\"widget\" data-widget_type=\"heading.default\">\n\t\t\t\t\t<h2 class=\"elementor-heading-title elementor-size-default\">Hall<\/h2>\t\t\t\t<\/div>\n\t\t\t\t<\/div>\n\t\t<div class=\"elementor-element elementor-element-abb6da9 e-con-full e-flex e-con e-child\" data-id=\"abb6da9\" data-element_type=\"container\" data-e-type=\"container\">\n\t\t<div class=\"elementor-element elementor-element-8e33b4e e-con-full e-flex e-con e-child\" data-id=\"8e33b4e\" data-element_type=\"container\" data-e-type=\"container\" data-settings=\"{&quot;background_background&quot;:&quot;classic&quot;}\" link=\"https:\/\/gad.se\/rum\/kontor\">\n\t\t\t\t<\/div>\n\t\t\t\t<div class=\"elementor-element elementor-element-07d81a4 elementor-widget elementor-widget-heading\" data-id=\"07d81a4\" data-element_type=\"widget\" data-e-type=\"widget\" data-widget_type=\"heading.default\">\n\t\t\t\t\t<h2 class=\"elementor-heading-title elementor-size-default\">Kontor<\/h2>\t\t\t\t<\/div>\n\t\t\t\t<\/div>\n\t\t\t\t<\/div>\n\t\t\t\t<\/div>\n\t\t","protected":false},"excerpt":{"rendered":"<p>Vi hj\u00e4lper dig att f\u00f6rvandla hus till hem. Letar du efter inspiration? L\u00e5t oss guida dig genom v\u00e5rt produktutbud \u2013 ett rum i taget. Hitta nya favoriter och inspiration f\u00f6r n\u00e4sta g\u00e5ng det \u00e4r dags att m\u00f6blera om eller k\u00f6pa nytt. K\u00f6k Matsal Vardagsrum Sovrum Hall Kontor<\/p>","protected":false},"author":1,"featured_media":0,"parent":0,"menu_order":0,"comment_status":"closed","ping_status":"closed","template":"","meta":{"_acf_changed":false,"footnotes":""},"class_list":["post-2118","page","type-page","status-publish","hentry"],"acf":[],"_links":{"self":[{"href":"https:\/\/gad.se\/en\/wp-json\/wp\/v2\/pages\/2118","targetHints":{"allow":["GET"]}}],"collection":[{"href":"https:\/\/gad.se\/en\/wp-json\/wp\/v2\/pages"}],"about":[{"href":"https:\/\/gad.se\/en\/wp-json\/wp\/v2\/types\/page"}],"author":[{"embeddable":true,"href":"https:\/\/gad.se\/en\/wp-json\/wp\/v2\/users\/1"}],"replies":[{"embeddable":true,"href":"https:\/\/gad.se\/en\/wp-json\/wp\/v2\/comments?post=2118"}],"version-history":[{"count":3,"href":"https:\/\/gad.se\/en\/wp-json\/wp\/v2\/pages\/2118\/revisions"}],"predecessor-version":[{"id":7783,"href":"https:\/\/gad.se\/en\/wp-json\/wp\/v2\/pages\/2118\/revisions\/7783"}],"wp:attachment":[{"href":"https:\/\/gad.se\/en\/wp-json\/wp\/v2\/media?parent=2118"}],"curies":[{"name":"wp","href":"https:\/\/api.w.org\/{rel}","templated":true}]}}