{"id":3,"date":"2025-05-02T07:41:33","date_gmt":"2025-05-02T07:41:33","guid":{"rendered":"https:\/\/gad.se\/?page_id=3"},"modified":"2025-06-02T17:46:48","modified_gmt":"2025-06-02T17:46:48","slug":"privacy-policy","status":"publish","type":"page","link":"https:\/\/gad.se\/en\/privacy-policy\/","title":{"rendered":"Privacy Policy"},"content":{"rendered":"<div data-elementor-type=\"wp-page\" data-elementor-id=\"3\" class=\"elementor elementor-3\" data-elementor-post-type=\"page\">\n\t\t\t\t<div class=\"elementor-element elementor-element-68893386 e-flex e-con-boxed e-con e-parent\" data-id=\"68893386\" data-element_type=\"container\" data-e-type=\"container\">\n\t\t\t\t\t<div class=\"e-con-inner\">\n\t\t\t\t<div class=\"elementor-element elementor-element-3de8e4c elementor-widget-divider--view-line elementor-widget elementor-widget-divider\" data-id=\"3de8e4c\" data-element_type=\"widget\" data-e-type=\"widget\" data-widget_type=\"divider.default\">\n\t\t\t\t\t\t\t<div class=\"elementor-divider\">\n\t\t\t<span class=\"elementor-divider-separator\">\n\t\t\t\t\t\t<\/span>\n\t\t<\/div>\n\t\t\t\t\t\t<\/div>\n\t\t\t\t<div class=\"elementor-element elementor-element-db959ac elementor-widget elementor-widget-heading\" data-id=\"db959ac\" data-element_type=\"widget\" data-e-type=\"widget\" data-widget_type=\"heading.default\">\n\t\t\t\t\t<h2 class=\"elementor-heading-title elementor-size-default\">Privacy Policy (GDPR compliant)<\/h2>\t\t\t\t<\/div>\n\t\t\t\t<div class=\"elementor-element elementor-element-46fd40ad elementor-widget elementor-widget-text-editor\" data-id=\"46fd40ad\" data-element_type=\"widget\" data-e-type=\"widget\" data-widget_type=\"text-editor.default\">\n\t\t\t\t\t\t\t\t\t<p>The personal data you provide when placing your order is used to fulfill our obligations to you as a customer. We also document certain communications with you via telephone or email to ensure we can provide the best possible service and follow up on your inquiries.\n\nThe information we store includes your name, address, email address, telephone number, and IP address. If you pay by invoice through Klarna, your date of birth will also be stored. Gotland Art &amp; Design AB uses encrypted SSL communication to ensure that your personal data is protected during purchase transactions. Credit card information is handled solely by Klarna through a secure and encrypted connection.\n\nWhen processing your personal data, we also adhere to an internal security policy designed to ensure compliance with applicable legal requirements. Your personal data is handled exclusively by Gotland Art &amp; Design AB and by the parties involved in processing your purchase. Your personal data will not be shared with unauthorized parties.\n\nWhen you accept our Terms &amp; Conditions, and thereby our Privacy Policy, your personal data will be stored with us for seven years. As a customer, you have the right to contact us at any time to request information about the personal data we have stored about you, to update your information, or to request that it be deleted.<\/p><h3>Cookies<\/h3><p>This website uses cookies. A cookie is a small text file that the website you visit requests to store on your computer. We use cookies to analyze website traffic, improve the site experience, and provide visitors with access to various features. Cookies do not harm your computer.\n\nYou can choose to disable cookies in your browser settings. Please be aware that doing so may affect certain functionalities on the website, and as a result, the site may not function properly.<\/p><h3>Anti-SPAM policy<\/h3><p>We do not participate in or support the sending of SPAM or unsolicited communications.<\/p><h3>Company Information<\/h3><p align=\"LEFT\">Aktiebolaget Gotland Art &amp; Design AB<br \/>H\u00e4stgatan 10<br \/>621 56 Visby<br \/>Org.nr: 559456-8809<\/p>\t\t\t\t\t\t\t\t<\/div>\n\t\t\t\t\t<\/div>\n\t\t\t\t<\/div>\n\t\t\t\t<\/div>","protected":false},"excerpt":{"rendered":"<p>Integritetspolicy enligt GDPR De personuppgifter du uppger n\u00e4r du g\u00f6r din best\u00e4llning anv\u00e4nder vi f\u00f6r att kunna fullf\u00f6lja v\u00e5ra \u00e5taganden mot dig som kund. Vi dokumenterar dessutom viss kommunikation som vi har med dig via telefon eller e-post, f\u00f6r att kunna ge dig b\u00e4sta service och f\u00f6lja upp dina \u00e4renden. De uppgifter som sparas \u00e4r [&hellip;]<\/p>\n","protected":false},"author":1,"featured_media":0,"parent":0,"menu_order":0,"comment_status":"closed","ping_status":"open","template":"","meta":{"_acf_changed":false,"footnotes":""},"class_list":["post-3","page","type-page","status-publish","hentry"],"acf":[],"_links":{"self":[{"href":"https:\/\/gad.se\/en\/wp-json\/wp\/v2\/pages\/3","targetHints":{"allow":["GET"]}}],"collection":[{"href":"https:\/\/gad.se\/en\/wp-json\/wp\/v2\/pages"}],"about":[{"href":"https:\/\/gad.se\/en\/wp-json\/wp\/v2\/types\/page"}],"author":[{"embeddable":true,"href":"https:\/\/gad.se\/en\/wp-json\/wp\/v2\/users\/1"}],"replies":[{"embeddable":true,"href":"https:\/\/gad.se\/en\/wp-json\/wp\/v2\/comments?post=3"}],"version-history":[{"count":0,"href":"https:\/\/gad.se\/en\/wp-json\/wp\/v2\/pages\/3\/revisions"}],"wp:attachment":[{"href":"https:\/\/gad.se\/en\/wp-json\/wp\/v2\/media?parent=3"}],"curies":[{"name":"wp","href":"https:\/\/api.w.org\/{rel}","templated":true}]}}