{"id":3262,"date":"2025-05-30T09:13:45","date_gmt":"2025-05-30T09:13:45","guid":{"rendered":"https:\/\/gad.se\/?page_id=3262"},"modified":"2025-10-14T09:47:02","modified_gmt":"2025-10-14T09:47:02","slug":"kop-och-leveransvillkor","status":"publish","type":"page","link":"https:\/\/gad.se\/en\/kop-och-leveransvillkor\/","title":{"rendered":"K\u00f6p och leveransvillkor"},"content":{"rendered":"<div data-elementor-type=\"wp-page\" data-elementor-id=\"3262\" class=\"elementor elementor-3262\" data-elementor-post-type=\"page\">\n\t\t\t\t<div class=\"elementor-element elementor-element-3896ff0 e-flex e-con-boxed e-con e-parent\" data-id=\"3896ff0\" data-element_type=\"container\" data-e-type=\"container\">\n\t\t\t\t\t<div class=\"e-con-inner\">\n\t\t\t\t<div class=\"elementor-element elementor-element-c511b69 elementor-widget-divider--view-line elementor-widget elementor-widget-divider\" data-id=\"c511b69\" data-element_type=\"widget\" data-e-type=\"widget\" data-widget_type=\"divider.default\">\n\t\t\t\t\t\t\t<div class=\"elementor-divider\">\n\t\t\t<span class=\"elementor-divider-separator\">\n\t\t\t\t\t\t<\/span>\n\t\t<\/div>\n\t\t\t\t\t\t<\/div>\n\t\t\t\t<div class=\"elementor-element elementor-element-2d465a8 elementor-widget elementor-widget-heading\" data-id=\"2d465a8\" data-element_type=\"widget\" data-e-type=\"widget\" data-widget_type=\"heading.default\">\n\t\t\t\t\t<h2 class=\"elementor-heading-title elementor-size-default\">K\u00f6p och leveransvillkor<\/h2>\t\t\t\t<\/div>\n\t\t\t\t<div class=\"elementor-element elementor-element-a2b7f2b elementor-widget elementor-widget-text-editor\" data-id=\"a2b7f2b\" data-element_type=\"widget\" data-e-type=\"widget\" data-widget_type=\"text-editor.default\">\n\t\t\t\t\t\t\t\t\t<p><strong>Terms of Purchase<\/strong><\/p>\n<p style=\"font-weight: 400;\">The seller may request payment for the item once it has been shipped from the seller to the buyer. If the buyer uses a credit or debit card for payment, the seller may reserve the purchase amount on the card at the time of order. The card will be charged on the same day the item is shipped. For invoice payments, the invoice is issued to the buyer when the item is shipped. The payment term is stated on the invoice and is at least 14 days from the date of receipt. Buyers under the age of 18 cannot pay by invoice after delivery.<\/p>\n<p><strong>Pricing<\/strong><br>All prices are listed in Swedish Krona (SEK), including VAT.<\/p>\n<p><strong>Sales<\/strong><br>Our online store currently serves customers within Sweden. If you are interested in international delivery, please contact us at info@gad.se for a shipping quote.<\/p>\n<p><strong>Order Confirmation<\/strong><br>An order confirmation for your purchase will be sent to you by email within one business day of placing your order.<\/p>\n<p><strong>Packaging<\/strong><br>We care about the environment and therefore reuse packaging materials from other suppliers whenever possible when preparing our shipments. As a result, the outer packaging may feature logos or branding from companies other than those you have ordered from. However, your item will always come in its original packaging. We hope you, like us, appreciate the effort to reduce costs \u2014 including your shipping costs \u2014 and see the value in recycling and sustainability.<\/p>\n<p><strong>Payments<\/strong><br>We offer payment by card and Klarna.&nbsp;&nbsp;<\/p>\n<p><strong>Shipping<\/strong><br>The shipping cost is 69 SEK for orders under 500 SEK from our G.A.D Details collection. Orders of 500 SEK or more are shipped free of charge.<\/p>\n<p>You are also welcome to pick up your item at our store in Visby, located at Klosterbrunnsgatan 1A, 621 56 Visby. This option is, of course, free of charge regardless of the purchase amount.<\/p>\n<p>Our furniture is always delivered free of charge with curbside delivery (to the curb or property boundary).<\/p>\n<p><strong>Shipping methods<\/strong><\/p>\n<p>Smaller items are shipped via Schenker to the nearest pickup point, while larger items and furniture are delivered on a pallet to the customer\u2019s home. The carrier will notify you prior to delivery. Indoor delivery is not included.<\/p>\n<p><strong>Delivery confirmation<br><\/strong><br>We will send you a delivery confirmation by email when the items leave our warehouse.<\/p>\n<p><strong>Right of Withdrawal<\/strong><\/p>\n<p>Alla produkter utom v\u00e5ra m\u00f6bler&nbsp;kan returneras inom 14 dagar efter att ni f\u00e5tt er leverans. G\u00e4ller ej om produktens n\u00e4rmaste skyddsf\u00f6rpackning \u00e4r bruten.<\/p>\n<p>V\u00e5ra m\u00f6bler&nbsp;kan inte returneras d\u00e5 de \u00e4r tillverkade specifikt f\u00f6r kund.<\/p>\n<p>Please note that the right of withdrawal does not apply to items from our outlet collection, as these are sold as final sale.&nbsp;<\/p>\n<p>As a customer, you always have a 14-day right of withdrawal in accordance with the Swedish Distance Contracts Act. (HOWEVER, THIS DOES NOT APPLY TO OUR FURNITURE).<\/p>\n<p>Det inneb\u00e4r att om du k\u00f6per en vara p\u00e5 Internet, har du m\u00f6jlighet att \u00e5ngra k\u00f6pet inom 14 dagar r\u00e4knat fr\u00e5n den dag du tagit emot varan. Observera att detta inte innefattar best\u00e4llningsvaror som m\u00f6bler som tillverkas direkt f\u00f6r dig. Kontakta alltid oss via e-post p\u00e5 info@gad.se innan du returnerar varan. Brevet ska inneh\u00e5lla ordernummer, eventuellt fakturanummer och vilka varor du vill returnera.<\/p>\n<p>De returnerade varorna ska vara oanv\u00e4nda och i originalf\u00f6rpackning med tillh\u00f6rande emballage. Fri retur g\u00e4ller f\u00f6r varor som skickas som paket (ej pall). En returfraktsedel \u00e4r bifogad i ditt paket. Retur f\u00e5r ej ske som postf\u00f6rskott eller efterkrav. Det g\u00e5r ocks\u00e5 bra att l\u00e4mna varan till G.A.D &nbsp;Butik &amp; Showroom i Visby p\u00e5 Klosterbrunnsgatan 1A.<\/p>\n<p>If you cancel your purchase and return an item to us, the cost of the item will be refunded to you.<br>An order delivered via Schenker and not collected within 14 days will be returned to G.A.D at your expense.<\/p>\n<p><strong>Delivery time<\/strong><br>Our furniture has a delivery time of 6\u201312 weeks, as each piece is made to order by our craftsmen.<\/p>\n<p><strong>Claims and Warranty<\/strong><br>Alla produkter har ett \u00e5rs garanti samt tre \u00e5rs reklamationsr\u00e4tt enligt konsumentk\u00f6plagen. Garantin g\u00e4ller fr\u00e5n produktens ursprungliga ink\u00f6psdatum och i Sverige. Ink\u00f6pskvittot eller orderbekr\u00e4ftelsen ska uppvisas. Om varan \u00e4r defekt eller om vi har skickat fel vara st\u00e5r vi f\u00f6r returporto. Kontakta oss snarast eller senast inom 14 dagar p\u00e5 info@gad.se om du vill g\u00f6ra en reklamation.<\/p>\n<p>Please make sure to package the item carefully, in the same way it was packaged when you received it, as you are responsible for the item during transport. The item must always be returned to G.A.D. Depending on the nature of the defect, we will either send you a replacement, carry out a repair, or refund the cost of the item.<\/p>\n<p><strong>Transport damage<\/strong><br>Om en transportskada skulle uppst\u00e5 ber vi dig att g\u00f6ra en anm\u00e4lan om skadan till v\u00e5r kundtj\u00e4nst via e-post info@gad.se. Vi f\u00f6ljer konsumentverkets riktlinjer och anm\u00e4lan ska g\u00f6ras inom sk\u00e4lig tid efter det att du m\u00e4rkt eller borde ha m\u00e4rkt felet.<\/p>\n<p><strong>Reservation<\/strong><br>We reserve the right for any inaccuracies in pricing, product information, and stock availability. We also reserve the right to correct any such inaccuracies, even after a purchase has been completed.<\/p>\n<p><strong>Privacy Policy (GDPR compliant)<\/strong><br>The personal data you provide when placing your order is used to fulfill our obligations to you as a customer. We also document certain communications with you via telephone or email in order to provide you with the best possible service and to follow up on your inquiries. The information stored includes your name, address, email, phone number, and IP address. If you pay by invoice through Klarna, your date of birth will also be stored.<\/p>\n<p>Aktiebolaget Gotland Art &amp; Design AB&nbsp;anv\u00e4nder krypterad kommunikation via SSL f\u00f6r att s\u00e4kerst\u00e4lla att dina personuppgifter skyddas vid k\u00f6p. Information om kreditkort hanteras endast av Klarna i en f\u00f6rbindelse som \u00e4r s\u00e4ker och krypterad. Vid hantering av dina personuppgifter arbetar vi \u00e4ven efter en intern s\u00e4kerhetspolicy framtagen f\u00f6r att s\u00e4kerst\u00e4lla att vi f\u00f6ljer g\u00e4llande lagkrav.<\/p>\n<p>Dina personuppgifter hanteras endast av&nbsp;Aktiebolaget Gotland Art &amp; Design AB&nbsp;och de parter som \u00e4r involverade i hanteringen av ditt k\u00f6p. Dina personuppgifter kommer inte att delas med obeh\u00f6riga.<\/p>\n<p>Once you have agreed to our terms of purchase, and thereby also our Privacy Policy, your personal data will be stored with us for seven years. As a customer, you have the right to contact us to obtain information about the personal data we have stored about you, to update it, or to have it deleted.<\/p>\n<p><strong>Cookies<\/strong><br>This website uses cookies. A cookie is a small text file that the website you visit requests to store on your computer. We use cookies to analyze website traffic, improve the site experience, and provide visitors with access to various features. Cookies do not harm your computer.\n\nYou can choose to disable cookies in your browser settings. Please be aware that doing so may affect certain functionalities on the website, and as a result, the site may not function properly.<\/p>\n<p>You can choose to disable cookies in your browser settings. Please be aware that this may affect certain functionalities of the website and may cause it to not function properly.<\/p>\n<p><strong>Anti-SPAM policy<\/strong><br>We do not participate in or support the sending of SPAM or unsolicited communications.<\/p>\n<h3>Company Information<\/h3>\n<p align=\"LEFT\">Aktiebolaget Gotland Art &amp; Design AB<br>Klosterbrunnsgatan 1A<br>621 56 Visby<br>Org.nr: 559456-8809<\/p>\n<p><!-- \/wp:paragraph --><\/p>\t\t\t\t\t\t\t\t<\/div>\n\t\t\t\t\t<\/div>\n\t\t\t\t<\/div>\n\t\t\t\t<\/div>","protected":false},"excerpt":{"rendered":"<p>K\u00f6p och leveransvillkor K\u00f6pvillkor S\u00e4ljaren kan kr\u00e4va betalning f\u00f6r varan fr\u00e5n det att den skickats fr\u00e5n s\u00e4ljaren till k\u00f6paren. Om k\u00f6paren anv\u00e4nder kredit- eller betalkort f\u00f6r betalning kan s\u00e4ljaren reservera k\u00f6peskillingen p\u00e5 kortet vid best\u00e4llning. Kortet debiteras samma dag som varan skickas. Vid betalning med faktura utf\u00e4rdas fakturan till k\u00f6paren n\u00e4r varan skickas. Betalningsfristen framg\u00e5r [&hellip;]<\/p>\n","protected":false},"author":1,"featured_media":0,"parent":0,"menu_order":0,"comment_status":"closed","ping_status":"closed","template":"","meta":{"_acf_changed":false,"footnotes":""},"class_list":["post-3262","page","type-page","status-publish","hentry"],"acf":[],"_links":{"self":[{"href":"https:\/\/gad.se\/en\/wp-json\/wp\/v2\/pages\/3262","targetHints":{"allow":["GET"]}}],"collection":[{"href":"https:\/\/gad.se\/en\/wp-json\/wp\/v2\/pages"}],"about":[{"href":"https:\/\/gad.se\/en\/wp-json\/wp\/v2\/types\/page"}],"author":[{"embeddable":true,"href":"https:\/\/gad.se\/en\/wp-json\/wp\/v2\/users\/1"}],"replies":[{"embeddable":true,"href":"https:\/\/gad.se\/en\/wp-json\/wp\/v2\/comments?post=3262"}],"version-history":[{"count":0,"href":"https:\/\/gad.se\/en\/wp-json\/wp\/v2\/pages\/3262\/revisions"}],"wp:attachment":[{"href":"https:\/\/gad.se\/en\/wp-json\/wp\/v2\/media?parent=3262"}],"curies":[{"name":"wp","href":"https:\/\/api.w.org\/{rel}","templated":true}]}}