{"id":3922,"date":"2025-06-03T06:23:21","date_gmt":"2025-06-03T06:23:21","guid":{"rendered":"https:\/\/gad.se\/?page_id=3922"},"modified":"2026-03-27T16:23:00","modified_gmt":"2026-03-27T16:23:00","slug":"solid-wood","status":"publish","type":"page","link":"https:\/\/gad.se\/en\/materialguide\/massiv-tra\/","title":{"rendered":"Solid Wood"},"content":{"rendered":"\t\t<div data-elementor-type=\"wp-page\" data-elementor-id=\"3922\" class=\"elementor elementor-3922\" data-elementor-post-type=\"page\">\n\t\t\t\t<div class=\"elementor-element elementor-element-7ed2eeb e-flex e-con-boxed e-con e-parent\" data-id=\"7ed2eeb\" data-element_type=\"container\" data-e-type=\"container\">\n\t\t\t\t\t<div class=\"e-con-inner\">\n\t\t\t\t<div class=\"elementor-element elementor-element-d6ca15d elementor-widget elementor-widget-html\" data-id=\"d6ca15d\" data-element_type=\"widget\" data-e-type=\"widget\" data-widget_type=\"html.default\">\n\t\t\t\t\t<script src=\"https:\/\/code.jquery.com\/jquery-3.6.0.min.js\"><\/script>\n<script>\nvar $ = jQuery\n$(document).ready(function(){\n    \n$('.elementor-section[link], .elementor-column[link] > .elementor-widget-wrap, .e-con[link], .e-container[link]').on('click', function(){\n    \n    var $this = $(this).hasClass('elementor-widget-wrap') ? $(this).parent() : $(this),\n    link = $this.attr('link'),\n    newtab = $this.attr('newtab'),\n    openIn = typeof newtab !== 'undefined' && newtab !== false ? '_blank' : '_self'\n    \n    window.open(link, openIn)\n})\n})\n<\/script>\n<style>\n.elementor-section[link], .elementor-column[link] > .elementor-widget-wrap, .e-con[link], .e-container[link] {\n    cursor: pointer;\n}\n<\/style>\t\t\t\t<\/div>\n\t\t\t\t<div class=\"elementor-element elementor-element-4bf5358 elementor-widget elementor-widget-woocommerce-breadcrumb\" data-id=\"4bf5358\" data-element_type=\"widget\" data-e-type=\"widget\" data-widget_type=\"woocommerce-breadcrumb.default\">\n\t\t\t\t\t<nav class=\"woocommerce-breadcrumb\" aria-label=\"Breadcrumb\">HOME<\/nav>\t\t\t\t<\/div>\n\t\t\t\t<div class=\"elementor-element elementor-element-76da788 elementor-widget elementor-widget-heading\" data-id=\"76da788\" data-element_type=\"widget\" data-e-type=\"widget\" data-widget_type=\"heading.default\">\n\t\t\t\t\t<h2 class=\"elementor-heading-title elementor-size-default\">Massivt tr\u00e4<\/h2>\t\t\t\t<\/div>\n\t\t\t\t<div class=\"elementor-element elementor-element-4e695bd elementor-widget elementor-widget-text-editor\" data-id=\"4e695bd\" data-element_type=\"widget\" data-e-type=\"widget\" data-widget_type=\"text-editor.default\">\n\t\t\t\t\t\t\t\t\t<p><span style=\"font-weight: 400;\">V\u00e5ra m\u00f6bler tillverkas fr\u00e4mst i massiv ek och bj\u00f6rk \u2013 tv\u00e5 tr\u00e4slag med starka traditioner inom nordisk m\u00f6belkultur. Eken och bj\u00f6rken vi anv\u00e4nder kommer fr\u00e5n skogar i Skandinavien och norra Europa, d\u00e4r ansvarsfullt skogsbruk \u00e4r en sj\u00e4lvklarhet. <\/span><span style=\"font-weight: 400;\">Vi anv\u00e4nder alltid tr\u00e4 av h\u00f6gsta kvalitet, klassat A\/A. Innan tillverkning sorterar vi och f\u00e4rgmatchar varje tr\u00e4bit noggrant, f\u00f6r att varje m\u00f6bel ska f\u00e5 ett harmoniskt uttryck. <\/span><span style=\"font-weight: 400;\">Eftersom vi alltid arbetar i massivt tr\u00e4 kan v\u00e5ra m\u00f6bler underh\u00e5llas och repareras \u00e4ven efter m\u00e5nga \u00e5rs anv\u00e4ndning. Det ger dem ett l\u00e5ngt liv, b\u00e5de funktionellt och estetiskt.<\/span><\/p>\t\t\t\t\t\t\t\t<\/div>\n\t\t\t\t\t<\/div>\n\t\t\t\t<\/div>\n\t\t<div class=\"elementor-element elementor-element-a082319 e-flex e-con-boxed e-con e-parent\" data-id=\"a082319\" data-element_type=\"container\" data-e-type=\"container\">\n\t\t\t\t\t<div class=\"e-con-inner\">\n\t\t<div class=\"elementor-element elementor-element-b9c8f84 e-con-full e-flex e-con e-child\" data-id=\"b9c8f84\" data-element_type=\"container\" data-e-type=\"container\" data-settings=\"{&quot;background_background&quot;:&quot;classic&quot;}\">\n\t\t\t\t<\/div>\n\t\t<div class=\"elementor-element elementor-element-bfded14 e-con-full e-flex e-con e-child\" data-id=\"bfded14\" data-element_type=\"container\" data-e-type=\"container\" data-settings=\"{&quot;background_background&quot;:&quot;classic&quot;}\">\n\t\t\t\t<div class=\"elementor-element elementor-element-e52b03c elementor-widget elementor-widget-heading\" data-id=\"e52b03c\" data-element_type=\"widget\" data-e-type=\"widget\" data-widget_type=\"heading.default\">\n\t\t\t\t\t<h2 class=\"elementor-heading-title elementor-size-default\">Bj\u00f6rk<\/h2>\t\t\t\t<\/div>\n\t\t\t\t<div class=\"elementor-element elementor-element-6571107 elementor-widget elementor-widget-text-editor\" data-id=\"6571107\" data-element_type=\"widget\" data-e-type=\"widget\" data-widget_type=\"text-editor.default\">\n\t\t\t\t\t\t\t\t\t<p>Bj\u00f6rken \u00e4r det tr\u00e4slag som traditionellt anv\u00e4nds vid m\u00f6beltillverkning. Det ljusa vackra utseendet har blivit synonymt med \u201ddet skandinaviska blonda\u201d. Bj\u00f6rken i G.A.D:s m\u00f6bler kommer fr\u00e5n Finland, d\u00e5 den kvalitet vi anv\u00e4nder \u00e4r sv\u00e5r att hitta inom Sveriges gr\u00e4nser.<\/p>\t\t\t\t\t\t\t\t<\/div>\n\t\t\t\t<\/div>\n\t\t\t\t\t<\/div>\n\t\t\t\t<\/div>\n\t\t<div class=\"elementor-element elementor-element-f7c49be e-flex e-con-boxed e-con e-parent\" data-id=\"f7c49be\" data-element_type=\"container\" data-e-type=\"container\">\n\t\t\t\t\t<div class=\"e-con-inner\">\n\t\t<div class=\"elementor-element elementor-element-fe3b4ec e-con-full e-flex e-con e-child\" data-id=\"fe3b4ec\" data-element_type=\"container\" data-e-type=\"container\" data-settings=\"{&quot;background_background&quot;:&quot;classic&quot;}\">\n\t\t\t\t<\/div>\n\t\t<div class=\"elementor-element elementor-element-56bc88b e-con-full e-flex e-con e-child\" data-id=\"56bc88b\" data-element_type=\"container\" data-e-type=\"container\" data-settings=\"{&quot;background_background&quot;:&quot;classic&quot;}\">\n\t\t\t\t<div class=\"elementor-element elementor-element-1404797 elementor-widget elementor-widget-heading\" data-id=\"1404797\" data-element_type=\"widget\" data-e-type=\"widget\" data-widget_type=\"heading.default\">\n\t\t\t\t\t<h2 class=\"elementor-heading-title elementor-size-default\">Ek<\/h2>\t\t\t\t<\/div>\n\t\t\t\t<div class=\"elementor-element elementor-element-474a0a0 elementor-widget elementor-widget-text-editor\" data-id=\"474a0a0\" data-element_type=\"widget\" data-e-type=\"widget\" data-widget_type=\"text-editor.default\">\n\t\t\t\t\t\t\t\t\t<p><span style=\"font-weight: 400;\">Den h\u00e5rda och tunga eken \u00e4r mycket vacker som m\u00f6beltr\u00e4slag. Eken \u00e4r slitstark och \u00e5ldras med v\u00e4rdighet. Den linoljade eken doftar dessutom fantastiskt gott. Eken i G.A.D:s m\u00f6bler kommer fr\u00e5n Europa, d\u00e5 den kvalitet vi anv\u00e4nder \u00e4r sv\u00e5r att hitta inom Sveriges gr\u00e4nser.<\/span><\/p>\t\t\t\t\t\t\t\t<\/div>\n\t\t\t\t<\/div>\n\t\t\t\t\t<\/div>\n\t\t\t\t<\/div>\n\t\t<div class=\"elementor-element elementor-element-2192aa6 e-flex e-con-boxed e-con e-parent\" data-id=\"2192aa6\" data-element_type=\"container\" data-e-type=\"container\">\n\t\t\t\t\t<div class=\"e-con-inner\">\n\t\t\t\t<div class=\"elementor-element elementor-element-a02e9b1 elementor-widget elementor-widget-heading\" data-id=\"a02e9b1\" data-element_type=\"widget\" data-e-type=\"widget\" data-widget_type=\"heading.default\">\n\t\t\t\t\t<h2 class=\"elementor-heading-title elementor-size-default\">Sk\u00f6tselr\u00e5d<\/h2>\t\t\t\t<\/div>\n\t\t\t\t<div class=\"elementor-element elementor-element-0d824fb elementor-widget elementor-widget-text-editor\" data-id=\"0d824fb\" data-element_type=\"widget\" data-e-type=\"widget\" data-widget_type=\"text-editor.default\">\n\t\t\t\t\t\t\t\t\t<p><span style=\"font-weight: 400;\">Massivt tr\u00e4 b\u00e4r naturens uttryck \u2013 det r\u00f6r sig, det andas, och det ber\u00e4ttar. Ljuset f\u00f6r\u00e4ndrar dess f\u00e4rg, luften p\u00e5verkar dess form. I b\u00f6rjan av sitt liv hos dig \u00e4r tr\u00e4ytan redan ytbehandlad, redo att anv\u00e4ndas \u2013 men det tar n\u00e5gra veckor f\u00f6r oljan att h\u00e4rda helt. Under denna tid \u00e4r det s\u00e4rskilt viktigt att skydda ytan mot v\u00e4tskor och fl\u00e4ckar. L\u00e5t inte fuktiga f\u00f6rem\u00e5l ligga kvar p\u00e5 bord eller b\u00e4nkar, och anv\u00e4nd alltid underl\u00e4gg till glas och varma k\u00e4rl.<\/span><\/p><p><span style=\"font-weight: 400;\">F\u00f6r att v\u00e5rda tr\u00e4 p\u00e5 djupet beh\u00f6ver du k\u00e4nna efter: k\u00e4nns ytan torr, matt eller lite ruggig? D\u00e5 \u00e4r det dags f\u00f6r efterbehandling. Vilken olja du anv\u00e4nder beror p\u00e5 tr\u00e4slaget och tidigare behandling. F\u00f6r linoljad ek \u00e4r v\u00e5r kallpressade linolja med gotl\u00e4ndskt bivax ett h\u00e5llbart val \u2013 den \u00e5terfuktar, skyddar och l\u00e5ter tr\u00e4et beh\u00e5lla sin naturliga k\u00e4nsla. Vitoljade ytor, s\u00e4rskilt i ek, m\u00e5r bra av h\u00e5rdvaxolja (t.ex. fr\u00e5n OSMO), medan bj\u00f6rk f\u00f6redrar ett l\u00e4ttare underh\u00e5llsvax.<\/span><\/p><p><span style=\"font-weight: 400;\">S\u00e5pade m\u00f6bler ska i st\u00e4llet m\u00e4ttas med naturlig s\u00e5pa. Anv\u00e4nd en mild s\u00e5pal\u00f6sning och arbeta in med svamp eller trasa i tr\u00e4ets fiberriktning. L\u00e5t torka, och slipa l\u00e4tt med ett superfint sandpapper om ytan k\u00e4nns str\u00e4v. Ju mer du anv\u00e4nder och v\u00e5rdar s\u00e5pade ytor, desto vackrare och t\u00e5ligare blir de \u2013 patinan blir en bel\u00f6ning i sig.<\/span><\/p><p><span style=\"font-weight: 400;\">Skydda m\u00f6beln fr\u00e5n direkt solljus, som kan ge oj\u00e4mn blekning, och kom ih\u00e5g: sm\u00e5 m\u00e4rken, repor eller f\u00e4rgskiftningar \u00e4r inte fel \u2013 de \u00e4r sp\u00e5r av livet och kan l\u00e4tt justeras med slipning och ny behandling.<\/span><\/p>\t\t\t\t\t\t\t\t<\/div>\n\t\t\t\t\t<\/div>\n\t\t\t\t<\/div>\n\t\t<div class=\"elementor-element elementor-element-8d1857b e-flex e-con-boxed e-con e-parent\" data-id=\"8d1857b\" data-element_type=\"container\" data-e-type=\"container\">\n\t\t\t\t\t<div class=\"e-con-inner\">\n\t\t\t\t<div class=\"elementor-element elementor-element-2eb933f elementor-widget elementor-widget-heading\" data-id=\"2eb933f\" data-element_type=\"widget\" data-e-type=\"widget\" data-widget_type=\"heading.default\">\n\t\t\t\t\t<h2 class=\"elementor-heading-title elementor-size-default\">Mer om v\u00e5ra material<\/h2>\t\t\t\t<\/div>\n\t\t\t\t\t<\/div>\n\t\t\t\t<\/div>\n\t\t<div class=\"elementor-element elementor-element-8911bcf e-flex e-con-boxed e-con e-parent\" data-id=\"8911bcf\" data-element_type=\"container\" data-e-type=\"container\">\n\t\t\t\t\t<div class=\"e-con-inner\">\n\t\t<div class=\"elementor-element elementor-element-ad199f6 e-con-full e-flex e-con e-child\" data-id=\"ad199f6\" data-element_type=\"container\" data-e-type=\"container\">\n\t\t<div class=\"elementor-element elementor-element-164ba86 e-con-full e-flex e-con e-child\" data-id=\"164ba86\" data-element_type=\"container\" data-e-type=\"container\" data-settings=\"{&quot;background_background&quot;:&quot;classic&quot;}\" link=\"https:\/\/gad.se\/materialguide\/ytbehandlingar\">\n\t\t\t\t<\/div>\n\t\t\t\t<div class=\"elementor-element elementor-element-4f4a3de elementor-widget elementor-widget-heading\" data-id=\"4f4a3de\" data-element_type=\"widget\" data-e-type=\"widget\" data-widget_type=\"heading.default\">\n\t\t\t\t\t<h2 class=\"elementor-heading-title elementor-size-default\">INFORMATION &amp; SK\u00d6TSEL<\/h2>\t\t\t\t<\/div>\n\t\t\t\t<div class=\"elementor-element elementor-element-b32af7d elementor-widget elementor-widget-heading\" data-id=\"b32af7d\" data-element_type=\"widget\" data-e-type=\"widget\" data-widget_type=\"heading.default\">\n\t\t\t\t\t<h2 class=\"elementor-heading-title elementor-size-default\">Ytbehandlingar<\/h2>\t\t\t\t<\/div>\n\t\t\t\t<\/div>\n\t\t<div class=\"elementor-element elementor-element-d796301 e-con-full e-flex e-con e-child\" data-id=\"d796301\" data-element_type=\"container\" data-e-type=\"container\">\n\t\t<div class=\"elementor-element elementor-element-001a618 e-con-full e-flex e-con e-child\" data-id=\"001a618\" data-element_type=\"container\" data-e-type=\"container\" data-settings=\"{&quot;background_background&quot;:&quot;classic&quot;}\" link=\"https:\/\/gad.se\/materialguide\/farger\">\n\t\t\t\t<\/div>\n\t\t\t\t<div class=\"elementor-element elementor-element-0d1331b elementor-widget elementor-widget-heading\" data-id=\"0d1331b\" data-element_type=\"widget\" data-e-type=\"widget\" data-widget_type=\"heading.default\">\n\t\t\t\t\t<h2 class=\"elementor-heading-title elementor-size-default\">INFORMATION &amp; SK\u00d6TSEL<\/h2>\t\t\t\t<\/div>\n\t\t\t\t<div class=\"elementor-element elementor-element-7f5a84e elementor-widget elementor-widget-heading\" data-id=\"7f5a84e\" data-element_type=\"widget\" data-e-type=\"widget\" data-widget_type=\"heading.default\">\n\t\t\t\t\t<h2 class=\"elementor-heading-title elementor-size-default\">F\u00e4rger<\/h2>\t\t\t\t<\/div>\n\t\t\t\t<\/div>\n\t\t<div class=\"elementor-element elementor-element-76ce51b e-con-full e-flex e-con e-child\" data-id=\"76ce51b\" data-element_type=\"container\" data-e-type=\"container\">\n\t\t<div class=\"elementor-element elementor-element-9488793 e-con-full e-flex e-con e-child\" data-id=\"9488793\" data-element_type=\"container\" data-e-type=\"container\" data-settings=\"{&quot;background_background&quot;:&quot;classic&quot;}\" link=\"https:\/\/gad.se\/materialguide\/tyger\">\n\t\t\t\t<\/div>\n\t\t\t\t<div class=\"elementor-element elementor-element-be56d4b elementor-widget elementor-widget-heading\" data-id=\"be56d4b\" data-element_type=\"widget\" data-e-type=\"widget\" data-widget_type=\"heading.default\">\n\t\t\t\t\t<h2 class=\"elementor-heading-title elementor-size-default\">INFORMATION &amp; SK\u00d6TSEL<\/h2>\t\t\t\t<\/div>\n\t\t\t\t<div class=\"elementor-element elementor-element-8f2bdf4 elementor-widget elementor-widget-heading\" data-id=\"8f2bdf4\" data-element_type=\"widget\" data-e-type=\"widget\" data-widget_type=\"heading.default\">\n\t\t\t\t\t<h2 class=\"elementor-heading-title elementor-size-default\">Tyger<\/h2>\t\t\t\t<\/div>\n\t\t\t\t<\/div>\n\t\t<div class=\"elementor-element elementor-element-8784dfe e-con-full e-flex e-con e-child\" data-id=\"8784dfe\" data-element_type=\"container\" data-e-type=\"container\">\n\t\t<div class=\"elementor-element elementor-element-72a72d1 e-con-full e-flex e-con e-child\" data-id=\"72a72d1\" data-element_type=\"container\" data-e-type=\"container\" data-settings=\"{&quot;background_background&quot;:&quot;classic&quot;}\" link=\"https:\/\/gad.se\/materialguide\/stenskivor\/\">\n\t\t\t\t<\/div>\n\t\t\t\t<div class=\"elementor-element elementor-element-b7d1288 elementor-widget elementor-widget-heading\" data-id=\"b7d1288\" data-element_type=\"widget\" data-e-type=\"widget\" data-widget_type=\"heading.default\">\n\t\t\t\t\t<h2 class=\"elementor-heading-title elementor-size-default\">INFORMATION &amp; SK\u00d6TSEL<\/h2>\t\t\t\t<\/div>\n\t\t\t\t<div class=\"elementor-element elementor-element-65bd294 elementor-widget elementor-widget-heading\" data-id=\"65bd294\" data-element_type=\"widget\" data-e-type=\"widget\" data-widget_type=\"heading.default\">\n\t\t\t\t\t<h2 class=\"elementor-heading-title elementor-size-default\">Kalksten<\/h2>\t\t\t\t<\/div>\n\t\t\t\t<\/div>\n\t\t\t\t\t<\/div>\n\t\t\t\t<\/div>\n\t\t\t\t<\/div>\n\t\t","protected":false},"excerpt":{"rendered":"<p>Massivt tr\u00e4 V\u00e5ra m\u00f6bler tillverkas fr\u00e4mst i massiv ek och bj\u00f6rk \u2013 tv\u00e5 tr\u00e4slag med starka traditioner inom nordisk m\u00f6belkultur. Eken och bj\u00f6rken vi anv\u00e4nder kommer fr\u00e5n skogar i Skandinavien och norra Europa, d\u00e4r ansvarsfullt skogsbruk \u00e4r en sj\u00e4lvklarhet. Vi anv\u00e4nder alltid tr\u00e4 av h\u00f6gsta kvalitet, klassat A\/A. Innan tillverkning sorterar vi och f\u00e4rgmatchar varje [&hellip;]<\/p>\n","protected":false},"author":1,"featured_media":0,"parent":434,"menu_order":0,"comment_status":"closed","ping_status":"closed","template":"","meta":{"_acf_changed":false,"footnotes":""},"class_list":["post-3922","page","type-page","status-publish","hentry"],"acf":[],"_links":{"self":[{"href":"https:\/\/gad.se\/en\/wp-json\/wp\/v2\/pages\/3922","targetHints":{"allow":["GET"]}}],"collection":[{"href":"https:\/\/gad.se\/en\/wp-json\/wp\/v2\/pages"}],"about":[{"href":"https:\/\/gad.se\/en\/wp-json\/wp\/v2\/types\/page"}],"author":[{"embeddable":true,"href":"https:\/\/gad.se\/en\/wp-json\/wp\/v2\/users\/1"}],"replies":[{"embeddable":true,"href":"https:\/\/gad.se\/en\/wp-json\/wp\/v2\/comments?post=3922"}],"version-history":[{"count":3,"href":"https:\/\/gad.se\/en\/wp-json\/wp\/v2\/pages\/3922\/revisions"}],"predecessor-version":[{"id":7858,"href":"https:\/\/gad.se\/en\/wp-json\/wp\/v2\/pages\/3922\/revisions\/7858"}],"up":[{"embeddable":true,"href":"https:\/\/gad.se\/en\/wp-json\/wp\/v2\/pages\/434"}],"wp:attachment":[{"href":"https:\/\/gad.se\/en\/wp-json\/wp\/v2\/media?parent=3922"}],"curies":[{"name":"wp","href":"https:\/\/api.w.org\/{rel}","templated":true}]}}