{"id":3976,"date":"2025-06-03T06:39:27","date_gmt":"2025-06-03T06:39:27","guid":{"rendered":"https:\/\/gad.se\/?page_id=3976"},"modified":"2025-09-22T11:19:42","modified_gmt":"2025-09-22T11:19:42","slug":"stenskivor","status":"publish","type":"page","link":"https:\/\/gad.se\/en\/materialguide\/stenskivor\/","title":{"rendered":"Stone"},"content":{"rendered":"\t\t<div data-elementor-type=\"wp-page\" data-elementor-id=\"3976\" class=\"elementor elementor-3976\" data-elementor-post-type=\"page\">\n\t\t\t\t<div class=\"elementor-element elementor-element-347b339 e-flex e-con-boxed e-con e-parent\" data-id=\"347b339\" data-element_type=\"container\" data-e-type=\"container\" data-settings=\"{&quot;background_background&quot;:&quot;classic&quot;}\">\n\t\t\t\t\t<div class=\"e-con-inner\">\n\t\t\t\t<div class=\"elementor-element elementor-element-cc84d6d elementor-widget elementor-widget-html\" data-id=\"cc84d6d\" data-element_type=\"widget\" data-e-type=\"widget\" data-widget_type=\"html.default\">\n\t\t\t\t\t<script src=\"https:\/\/code.jquery.com\/jquery-3.6.0.min.js\"><\/script>\n<script>\nvar $ = jQuery\n$(document).ready(function(){\n    \n$('.elementor-section[link], .elementor-column[link] > .elementor-widget-wrap, .e-con[link], .e-container[link]').on('click', function(){\n    \n    var $this = $(this).hasClass('elementor-widget-wrap') ? $(this).parent() : $(this),\n    link = $this.attr('link'),\n    newtab = $this.attr('newtab'),\n    openIn = typeof newtab !== 'undefined' && newtab !== false ? '_blank' : '_self'\n    \n    window.open(link, openIn)\n})\n})\n<\/script>\n<style>\n.elementor-section[link], .elementor-column[link] > .elementor-widget-wrap, .e-con[link], .e-container[link] {\n    cursor: pointer;\n}\n<\/style>\t\t\t\t<\/div>\n\t\t\t\t<div class=\"elementor-element elementor-element-c19a947 elementor-widget elementor-widget-woocommerce-breadcrumb\" data-id=\"c19a947\" data-element_type=\"widget\" data-e-type=\"widget\" data-widget_type=\"woocommerce-breadcrumb.default\">\n\t\t\t\t\t<nav class=\"woocommerce-breadcrumb\" aria-label=\"Breadcrumb\">HOME<\/nav>\t\t\t\t<\/div>\n\t\t\t\t<div class=\"elementor-element elementor-element-cfa3db8 elementor-widget elementor-widget-heading\" data-id=\"cfa3db8\" data-element_type=\"widget\" data-e-type=\"widget\" data-widget_type=\"heading.default\">\n\t\t\t\t\t<h2 class=\"elementor-heading-title elementor-size-default\">Stenskivor<\/h2>\t\t\t\t<\/div>\n\t\t\t\t<div class=\"elementor-element elementor-element-b567577 elementor-widget elementor-widget-text-editor\" data-id=\"b567577\" data-element_type=\"widget\" data-e-type=\"widget\" data-widget_type=\"text-editor.default\">\n\t\t\t\t\t\t\t\t\t<p><span style=\"font-weight: 400;\">Vi v\u00e4ljer enbart natursten som brutits i Sverige \u2013 varje skiva b\u00e4r p\u00e5 sin egen unika ber\u00e4ttelse, formad av tid och geologi.<\/span><\/p>\t\t\t\t\t\t\t\t<\/div>\n\t\t\t\t\t<\/div>\n\t\t\t\t<\/div>\n\t\t<div class=\"elementor-element elementor-element-a001c4a e-flex e-con-boxed e-con e-parent\" data-id=\"a001c4a\" data-element_type=\"container\" data-e-type=\"container\">\n\t\t\t\t\t<div class=\"e-con-inner\">\n\t\t<div class=\"elementor-element elementor-element-1a4b274 e-con-full e-flex e-con e-child\" data-id=\"1a4b274\" data-element_type=\"container\" data-e-type=\"container\" data-settings=\"{&quot;background_background&quot;:&quot;classic&quot;}\">\n\t\t\t\t<\/div>\n\t\t<div class=\"elementor-element elementor-element-c2d342f e-con-full e-flex e-con e-child\" data-id=\"c2d342f\" data-element_type=\"container\" data-e-type=\"container\" data-settings=\"{&quot;background_background&quot;:&quot;classic&quot;}\">\n\t\t\t\t<div class=\"elementor-element elementor-element-0c2807a elementor-widget elementor-widget-heading\" data-id=\"0c2807a\" data-element_type=\"widget\" data-e-type=\"widget\" data-widget_type=\"heading.default\">\n\t\t\t\t\t<h2 class=\"elementor-heading-title elementor-size-default\">Gotl\u00e4ndsk kalksten<\/h2>\t\t\t\t<\/div>\n\t\t\t\t<div class=\"elementor-element elementor-element-54db593 elementor-widget elementor-widget-text-editor\" data-id=\"54db593\" data-element_type=\"widget\" data-e-type=\"widget\" data-widget_type=\"text-editor.default\">\n\t\t\t\t\t\t\t\t\t<p><span style=\"font-weight: 400;\">Bryts i Norrvange p\u00e5 norra Gotland och bearbetas i Slite. Den \u00e4r rik p\u00e5 fossiler och sm\u00e5 naturliga h\u00e5ligheter \u2013 sp\u00e5r fr\u00e5n n\u00e4r stenen bildades f\u00f6r omkring 400 miljoner \u00e5r sedan. Vi anv\u00e4nder den med borstad yta och grovslipad kant, vilket skapar en vacker kontrast till det finsnickrade tr\u00e4et.<\/span><\/p>\t\t\t\t\t\t\t\t<\/div>\n\t\t\t\t<\/div>\n\t\t\t\t\t<\/div>\n\t\t\t\t<\/div>\n\t\t<div class=\"elementor-element elementor-element-1d81e8e e-flex e-con-boxed e-con e-parent\" data-id=\"1d81e8e\" data-element_type=\"container\" data-e-type=\"container\">\n\t\t\t\t\t<div class=\"e-con-inner\">\n\t\t<div class=\"elementor-element elementor-element-3355922 e-con-full e-flex e-con e-child\" data-id=\"3355922\" data-element_type=\"container\" data-e-type=\"container\" data-settings=\"{&quot;background_background&quot;:&quot;classic&quot;}\">\n\t\t\t\t<\/div>\n\t\t<div class=\"elementor-element elementor-element-3f905a2 e-con-full e-flex e-con e-child\" data-id=\"3f905a2\" data-element_type=\"container\" data-e-type=\"container\" data-settings=\"{&quot;background_background&quot;:&quot;classic&quot;}\">\n\t\t\t\t<div class=\"elementor-element elementor-element-7a8752e elementor-widget elementor-widget-heading\" data-id=\"7a8752e\" data-element_type=\"widget\" data-e-type=\"widget\" data-widget_type=\"heading.default\">\n\t\t\t\t\t<h2 class=\"elementor-heading-title elementor-size-default\">J\u00e4mtl\u00e4ndsk kalksten<\/h2>\t\t\t\t<\/div>\n\t\t\t\t<div class=\"elementor-element elementor-element-a5d33dc elementor-widget elementor-widget-text-editor\" data-id=\"a5d33dc\" data-element_type=\"widget\" data-e-type=\"widget\" data-widget_type=\"text-editor.default\">\n\t\t\t\t\t\t\t\t\t<p><span style=\"font-weight: 400;\">En av Europas \u00e4ldsta och h\u00e5rdaste kalkstenar, bruten i Brunflo. Den transporteras med t\u00e5g till \u00d6land d\u00e4r den s\u00e5gas och finslipas. Den har en mjukt slipad yta och en karakt\u00e4ristisk &#8221;l\u00e5gerhuggen&#8221; kant \u2013 likt reliefen p\u00e5 ett mynt.<\/span><\/p>\t\t\t\t\t\t\t\t<\/div>\n\t\t\t\t<\/div>\n\t\t\t\t\t<\/div>\n\t\t\t\t<\/div>\n\t\t<div class=\"elementor-element elementor-element-a9d784c e-flex e-con-boxed e-con e-parent\" data-id=\"a9d784c\" data-element_type=\"container\" data-e-type=\"container\">\n\t\t\t\t\t<div class=\"e-con-inner\">\n\t\t<div class=\"elementor-element elementor-element-ca49eca e-con-full e-flex e-con e-child\" data-id=\"ca49eca\" data-element_type=\"container\" data-e-type=\"container\" data-settings=\"{&quot;background_background&quot;:&quot;classic&quot;}\">\n\t\t\t\t<\/div>\n\t\t<div class=\"elementor-element elementor-element-399928b e-con-full e-flex e-con e-child\" data-id=\"399928b\" data-element_type=\"container\" data-e-type=\"container\" data-settings=\"{&quot;background_background&quot;:&quot;classic&quot;}\">\n\t\t\t\t<div class=\"elementor-element elementor-element-fcfa6c1 elementor-widget elementor-widget-heading\" data-id=\"fcfa6c1\" data-element_type=\"widget\" data-e-type=\"widget\" data-widget_type=\"heading.default\">\n\t\t\t\t\t<h2 class=\"elementor-heading-title elementor-size-default\">Svensk diabas<\/h2>\t\t\t\t<\/div>\n\t\t\t\t<div class=\"elementor-element elementor-element-ea13c25 elementor-widget elementor-widget-text-editor\" data-id=\"ea13c25\" data-element_type=\"widget\" data-e-type=\"widget\" data-widget_type=\"text-editor.default\">\n\t\t\t\t\t\t\t\t\t<p><span style=\"font-weight: 400;\">En svart, t\u00e4t bergart som uppskattas av s\u00e5v\u00e4l m\u00f6beltillverkare som skulpt\u00f6rer. Diabasen bildades ur vulkanisk magma f\u00f6r upp till 1,5 miljarder \u00e5r sedan, och bryts idag i sm\u00e5 skift i s\u00f6dra Sverige. Den polerade ytan och fasade kanten ger ett tungt, djupt intryck \u2013 b\u00e5de bokstavligt och visuellt.<\/span><\/p>\t\t\t\t\t\t\t\t<\/div>\n\t\t\t\t<\/div>\n\t\t\t\t\t<\/div>\n\t\t\t\t<\/div>\n\t\t<div class=\"elementor-element elementor-element-3ae2e69 e-flex e-con-boxed e-con e-parent\" data-id=\"3ae2e69\" data-element_type=\"container\" data-e-type=\"container\">\n\t\t\t\t\t<div class=\"e-con-inner\">\n\t\t\t\t<div class=\"elementor-element elementor-element-1b3df94 elementor-widget elementor-widget-heading\" data-id=\"1b3df94\" data-element_type=\"widget\" data-e-type=\"widget\" data-widget_type=\"heading.default\">\n\t\t\t\t\t<h2 class=\"elementor-heading-title elementor-size-default\">Sk\u00f6tselr\u00e5d<\/h2>\t\t\t\t<\/div>\n\t\t\t\t<div class=\"elementor-element elementor-element-b38d872 elementor-widget elementor-widget-text-editor\" data-id=\"b38d872\" data-element_type=\"widget\" data-e-type=\"widget\" data-widget_type=\"text-editor.default\">\n\t\t\t\t\t\t\t\t\t<p><span style=\"font-weight: 400;\">Kalksten \u00e4r som tr\u00e4 \u2013 ett naturligt material med sj\u00e4l. Den \u00e4r por\u00f6s men t\u00e5lig, k\u00e4nslig men samtidigt robust. Alla v\u00e5ra stenytor \u00e4r grundbehandlade med s\u00e5pa innan leverans f\u00f6r att klara vardagens p\u00e5frestningar, men regelbunden omsorg \u00e4r nyckeln till att stenen beh\u00e5ller sin lyster och karakt\u00e4r.<\/span><\/p><p><span style=\"font-weight: 400;\">F\u00f6r daglig sk\u00f6tsel r\u00e4cker det med att torka av med en fuktig trasa och en mild s\u00e5pal\u00f6sning \u2013 exempelvis 1 del s\u00e5pa till 8 delar vatten. Detta reng\u00f6r och bygger samtidigt upp ett naturligt skydd. Skulle en fl\u00e4ck uppst\u00e5, s\u00e4rskilt av olja, vin eller sura \u00e4mnen, \u00e4r snabb uppst\u00e4dning avg\u00f6rande. L\u00e5t inte v\u00e4tskor ligga kvar \u2013 kalksten kan suga \u00e5t sig snabbt.<\/span><\/p><p><span style=\"font-weight: 400;\">F\u00f6r envisa fl\u00e4ckar kan du prova att l\u00e5ta en s\u00e5pindr\u00e4nkt svamp ligga \u00f6ver natten, och upprepa vid behov. Fettfl\u00e4ckar kr\u00e4ver ibland ett steg till: of\u00e4rgat diskmedel eller kemiskt ren bensin kan anv\u00e4ndas f\u00f6rsiktigt, men gl\u00f6m inte att efterbehandla med s\u00e5pa igen, d\u00e5 dessa medel avfettar stenen. Skrubba inte med salt eller syror \u2013 de fr\u00e4ter p\u00e5 stenen och f\u00f6rst\u00f6r ytan. Ist\u00e4llet kan du anv\u00e4nda en mjuk borste, till exempel en nagelborste, och jobba metodiskt.<\/span><\/p><p><span style=\"font-weight: 400;\">Kom ih\u00e5g att mikroskador, repor och f\u00e4rgf\u00f6r\u00e4ndringar med tiden ger stenen sin unika karakt\u00e4r \u2013 det \u00e4r inte ett fel, utan ett uttryck f\u00f6r autenticitet.<\/span><\/p>\t\t\t\t\t\t\t\t<\/div>\n\t\t\t\t\t<\/div>\n\t\t\t\t<\/div>\n\t\t<div class=\"elementor-element elementor-element-dd49dcd e-flex e-con-boxed e-con e-parent\" data-id=\"dd49dcd\" data-element_type=\"container\" data-e-type=\"container\">\n\t\t\t\t\t<div class=\"e-con-inner\">\n\t\t\t\t<div class=\"elementor-element elementor-element-b5ed6af elementor-widget elementor-widget-heading\" data-id=\"b5ed6af\" data-element_type=\"widget\" data-e-type=\"widget\" data-widget_type=\"heading.default\">\n\t\t\t\t\t<h2 class=\"elementor-heading-title elementor-size-default\">Mer om v\u00e5ra material<\/h2>\t\t\t\t<\/div>\n\t\t\t\t\t<\/div>\n\t\t\t\t<\/div>\n\t\t<div class=\"elementor-element elementor-element-b86bdf5 e-flex e-con-boxed e-con e-parent\" data-id=\"b86bdf5\" data-element_type=\"container\" data-e-type=\"container\">\n\t\t\t\t\t<div class=\"e-con-inner\">\n\t\t<div class=\"elementor-element elementor-element-c807e5a e-con-full e-flex e-con e-child\" data-id=\"c807e5a\" data-element_type=\"container\" data-e-type=\"container\">\n\t\t<div class=\"elementor-element elementor-element-62e9082 e-con-full e-flex e-con e-child\" data-id=\"62e9082\" data-element_type=\"container\" data-e-type=\"container\" data-settings=\"{&quot;background_background&quot;:&quot;classic&quot;}\" link=\"https:\/\/gad.se\/materialguide\/ytbehandlingar\">\n\t\t\t\t<\/div>\n\t\t\t\t<div class=\"elementor-element elementor-element-cef58cc elementor-widget elementor-widget-heading\" data-id=\"cef58cc\" data-element_type=\"widget\" data-e-type=\"widget\" data-widget_type=\"heading.default\">\n\t\t\t\t\t<h2 class=\"elementor-heading-title elementor-size-default\">INFORMATION &amp; SK\u00d6TSEL<\/h2>\t\t\t\t<\/div>\n\t\t\t\t<div class=\"elementor-element elementor-element-6935298 elementor-widget elementor-widget-heading\" data-id=\"6935298\" data-element_type=\"widget\" data-e-type=\"widget\" data-widget_type=\"heading.default\">\n\t\t\t\t\t<h2 class=\"elementor-heading-title elementor-size-default\">Ytbehandlingar<\/h2>\t\t\t\t<\/div>\n\t\t\t\t<\/div>\n\t\t<div class=\"elementor-element elementor-element-d5df72e e-con-full e-flex e-con e-child\" data-id=\"d5df72e\" data-element_type=\"container\" data-e-type=\"container\">\n\t\t<div class=\"elementor-element elementor-element-45f81ff e-con-full e-flex e-con e-child\" data-id=\"45f81ff\" data-element_type=\"container\" data-e-type=\"container\" data-settings=\"{&quot;background_background&quot;:&quot;classic&quot;}\" link=\"https:\/\/gad.se\/materialguide\/farger\">\n\t\t\t\t<\/div>\n\t\t\t\t<div class=\"elementor-element elementor-element-3ba03d5 elementor-widget elementor-widget-heading\" data-id=\"3ba03d5\" data-element_type=\"widget\" data-e-type=\"widget\" data-widget_type=\"heading.default\">\n\t\t\t\t\t<h2 class=\"elementor-heading-title elementor-size-default\">INFORMATION &amp; SK\u00d6TSEL<\/h2>\t\t\t\t<\/div>\n\t\t\t\t<div class=\"elementor-element elementor-element-deb5b94 elementor-widget elementor-widget-heading\" data-id=\"deb5b94\" data-element_type=\"widget\" data-e-type=\"widget\" data-widget_type=\"heading.default\">\n\t\t\t\t\t<h2 class=\"elementor-heading-title elementor-size-default\">F\u00e4rger<\/h2>\t\t\t\t<\/div>\n\t\t\t\t<\/div>\n\t\t<div class=\"elementor-element elementor-element-165697e e-con-full e-flex e-con e-child\" data-id=\"165697e\" data-element_type=\"container\" data-e-type=\"container\">\n\t\t<div class=\"elementor-element elementor-element-771c697 e-con-full e-flex e-con e-child\" data-id=\"771c697\" data-element_type=\"container\" data-e-type=\"container\" data-settings=\"{&quot;background_background&quot;:&quot;classic&quot;}\" link=\"https:\/\/gad.se\/materialguide\/tyger\">\n\t\t\t\t<\/div>\n\t\t\t\t<div class=\"elementor-element elementor-element-ad83c99 elementor-widget elementor-widget-heading\" data-id=\"ad83c99\" data-element_type=\"widget\" data-e-type=\"widget\" data-widget_type=\"heading.default\">\n\t\t\t\t\t<h2 class=\"elementor-heading-title elementor-size-default\">INFORMATION &amp; SK\u00d6TSEL<\/h2>\t\t\t\t<\/div>\n\t\t\t\t<div class=\"elementor-element elementor-element-d550701 elementor-widget elementor-widget-heading\" data-id=\"d550701\" data-element_type=\"widget\" data-e-type=\"widget\" data-widget_type=\"heading.default\">\n\t\t\t\t\t<h2 class=\"elementor-heading-title elementor-size-default\">Tyger<\/h2>\t\t\t\t<\/div>\n\t\t\t\t<\/div>\n\t\t<div class=\"elementor-element elementor-element-d588c75 e-con-full e-flex e-con e-child\" data-id=\"d588c75\" data-element_type=\"container\" data-e-type=\"container\">\n\t\t<div class=\"elementor-element elementor-element-f7dfd7e e-con-full e-flex e-con e-child\" data-id=\"f7dfd7e\" data-element_type=\"container\" data-e-type=\"container\" data-settings=\"{&quot;background_background&quot;:&quot;classic&quot;}\" link=\"https:\/\/gad.se\/materialguide\/massiv-tra\">\n\t\t\t\t<\/div>\n\t\t\t\t<div class=\"elementor-element elementor-element-ed25b19 elementor-widget elementor-widget-heading\" data-id=\"ed25b19\" data-element_type=\"widget\" data-e-type=\"widget\" data-widget_type=\"heading.default\">\n\t\t\t\t\t<h2 class=\"elementor-heading-title elementor-size-default\">INFORMATION &amp; SK\u00d6TSEL<\/h2>\t\t\t\t<\/div>\n\t\t\t\t<div class=\"elementor-element elementor-element-2daf006 elementor-widget elementor-widget-heading\" data-id=\"2daf006\" data-element_type=\"widget\" data-e-type=\"widget\" data-widget_type=\"heading.default\">\n\t\t\t\t\t<h2 class=\"elementor-heading-title elementor-size-default\">Massivt tr\u00e4<\/h2>\t\t\t\t<\/div>\n\t\t\t\t<\/div>\n\t\t\t\t\t<\/div>\n\t\t\t\t<\/div>\n\t\t\t\t<\/div>\n\t\t","protected":false},"excerpt":{"rendered":"<p>Stenskivor Vi v\u00e4ljer enbart natursten som brutits i Sverige \u2013 varje skiva b\u00e4r p\u00e5 sin egen unika ber\u00e4ttelse, formad av tid och geologi. Gotl\u00e4ndsk kalksten Bryts i Norrvange p\u00e5 norra Gotland och bearbetas i Slite. Den \u00e4r rik p\u00e5 fossiler och sm\u00e5 naturliga h\u00e5ligheter \u2013 sp\u00e5r fr\u00e5n n\u00e4r stenen bildades f\u00f6r omkring 400 miljoner \u00e5r [&hellip;]<\/p>\n","protected":false},"author":1,"featured_media":0,"parent":434,"menu_order":0,"comment_status":"closed","ping_status":"closed","template":"","meta":{"_acf_changed":false,"footnotes":""},"class_list":["post-3976","page","type-page","status-publish","hentry"],"acf":[],"_links":{"self":[{"href":"https:\/\/gad.se\/en\/wp-json\/wp\/v2\/pages\/3976","targetHints":{"allow":["GET"]}}],"collection":[{"href":"https:\/\/gad.se\/en\/wp-json\/wp\/v2\/pages"}],"about":[{"href":"https:\/\/gad.se\/en\/wp-json\/wp\/v2\/types\/page"}],"author":[{"embeddable":true,"href":"https:\/\/gad.se\/en\/wp-json\/wp\/v2\/users\/1"}],"replies":[{"embeddable":true,"href":"https:\/\/gad.se\/en\/wp-json\/wp\/v2\/comments?post=3976"}],"version-history":[{"count":0,"href":"https:\/\/gad.se\/en\/wp-json\/wp\/v2\/pages\/3976\/revisions"}],"up":[{"embeddable":true,"href":"https:\/\/gad.se\/en\/wp-json\/wp\/v2\/pages\/434"}],"wp:attachment":[{"href":"https:\/\/gad.se\/en\/wp-json\/wp\/v2\/media?parent=3976"}],"curies":[{"name":"wp","href":"https:\/\/api.w.org\/{rel}","templated":true}]}}