{"id":399,"date":"2025-05-05T13:47:01","date_gmt":"2025-05-05T13:47:01","guid":{"rendered":"https:\/\/gad.se\/?page_id=399"},"modified":"2025-09-22T11:19:55","modified_gmt":"2025-09-22T11:19:55","slug":"om-oss","status":"publish","type":"page","link":"https:\/\/gad.se\/en\/om-oss\/","title":{"rendered":"About us"},"content":{"rendered":"<div data-elementor-type=\"wp-page\" data-elementor-id=\"399\" class=\"elementor elementor-399\" data-elementor-post-type=\"page\">\n\t\t\t\t<div class=\"elementor-element elementor-element-96ee211 e-flex e-con-boxed e-con e-parent\" data-id=\"96ee211\" data-element_type=\"container\" data-e-type=\"container\">\n\t\t\t\t\t<div class=\"e-con-inner\">\n\t\t<div class=\"elementor-element elementor-element-8bdcdbd e-con-full e-flex e-con e-child\" data-id=\"8bdcdbd\" data-element_type=\"container\" data-e-type=\"container\" data-settings=\"{&quot;background_background&quot;:&quot;classic&quot;}\">\n\t\t\t\t<\/div>\n\t\t\t\t<div class=\"elementor-element elementor-element-b551b56 elementor-widget elementor-widget-heading\" data-id=\"b551b56\" data-element_type=\"widget\" data-e-type=\"widget\" data-widget_type=\"heading.default\">\n\t\t\t\t\t<h2 class=\"elementor-heading-title elementor-size-default\">GET TO KNOW G.A.D<\/h2>\t\t\t\t<\/div>\n\t\t\t\t<div class=\"elementor-element elementor-element-8e316aa elementor-widget elementor-widget-heading\" data-id=\"8e316aa\" data-element_type=\"widget\" data-e-type=\"widget\" data-widget_type=\"heading.default\">\n\t\t\t\t\t<h2 class=\"elementor-heading-title elementor-size-default\">With a love for timeless design.<\/h2>\t\t\t\t<\/div>\n\t\t\t\t<div class=\"elementor-element elementor-element-1a1fec9 elementor-widget elementor-widget-text-editor\" data-id=\"1a1fec9\" data-element_type=\"widget\" data-e-type=\"widget\" data-widget_type=\"text-editor.default\">\n\t\t\t\t\t\t\t\t\t<p>Since 1997, G.A.D has been transforming the furniture industry by designing, crafting, and selling handmade furniture in solid wood \u2014 with a passion for timeless design. Learn more about us and our story.<\/p>\t\t\t\t\t\t\t\t<\/div>\n\t\t\t\t\t<\/div>\n\t\t\t\t<\/div>\n\t\t<div class=\"elementor-element elementor-element-0220a99 e-flex e-con-boxed e-con e-parent\" data-id=\"0220a99\" data-element_type=\"container\" data-e-type=\"container\">\n\t\t\t\t\t<div class=\"e-con-inner\">\n\t\t<div class=\"elementor-element elementor-element-f54cf6b e-con-full e-flex e-con e-child\" data-id=\"f54cf6b\" data-element_type=\"container\" data-e-type=\"container\">\n\t\t\t\t<div class=\"elementor-element elementor-element-b3b5829 elementor-widget elementor-widget-heading\" data-id=\"b3b5829\" data-element_type=\"widget\" data-e-type=\"widget\" data-widget_type=\"heading.default\">\n\t\t\t\t\t<h2 class=\"elementor-heading-title elementor-size-default\">A vision is born<\/h2>\t\t\t\t<\/div>\n\t\t\t\t<div class=\"elementor-element elementor-element-8fbbb66 elementor-widget elementor-widget-text-editor\" data-id=\"8fbbb66\" data-element_type=\"widget\" data-e-type=\"widget\" data-widget_type=\"text-editor.default\">\n\t\t\t\t\t\t\t\t\t<p data-start=\"279\" data-end=\"766\">In 1997, G.A.D was founded as a conscious reaction against the growing mass production in the furniture industry. Our founder, Kristian Eriksson \u2014 a creative and artistic designer \u2014 was searching for what he called \u2018genuine furniture\u2019: pieces of the highest quality, handcrafted from solid natural materials. When he couldn\u2019t find what he was looking for, he decided to create it himself. This marked the beginning of a journey that is still driven today by the same passion for craftsmanship and sustainability.<\/p><h3 data-start=\"768\" data-end=\"807\">\u00a0<\/h3>\t\t\t\t\t\t\t\t<\/div>\n\t\t\t\t<\/div>\n\t\t<div class=\"elementor-element elementor-element-acdc11e e-con-full e-flex e-con e-child\" data-id=\"acdc11e\" data-element_type=\"container\" data-e-type=\"container\">\n\t\t\t\t<div class=\"elementor-element elementor-element-e693a13 elementor-widget elementor-widget-image\" data-id=\"e693a13\" data-element_type=\"widget\" data-e-type=\"widget\" data-widget_type=\"image.default\">\n\t\t\t\t\t\t\t\t\t\t\t\t\t\t\t<img fetchpriority=\"high\" decoding=\"async\" width=\"800\" height=\"800\" src=\"https:\/\/gad.se\/wp-content\/uploads\/2025\/05\/DSC_0005-1024x1024.webp\" class=\"attachment-large size-large wp-image-402\" alt=\"\" srcset=\"https:\/\/gad.se\/wp-content\/uploads\/2025\/05\/DSC_0005-1024x1024.webp 1024w, https:\/\/gad.se\/wp-content\/uploads\/2025\/05\/DSC_0005-250x250.webp 250w, https:\/\/gad.se\/wp-content\/uploads\/2025\/05\/DSC_0005-100x100.webp 100w, https:\/\/gad.se\/wp-content\/uploads\/2025\/05\/DSC_0005-300x300.webp 300w, https:\/\/gad.se\/wp-content\/uploads\/2025\/05\/DSC_0005-150x150.webp 150w, https:\/\/gad.se\/wp-content\/uploads\/2025\/05\/DSC_0005-768x768.webp 768w, https:\/\/gad.se\/wp-content\/uploads\/2025\/05\/DSC_0005-1536x1536.webp 1536w, https:\/\/gad.se\/wp-content\/uploads\/2025\/05\/DSC_0005-2048x2048.webp 2048w\" sizes=\"(max-width: 800px) 100vw, 800px\" \/>\t\t\t\t\t\t\t\t\t\t\t\t\t\t\t<\/div>\n\t\t\t\t<\/div>\n\t\t\t\t\t<\/div>\n\t\t\t\t<\/div>\n\t\t<div class=\"elementor-element elementor-element-5e4a742 e-flex e-con-boxed e-con e-parent\" data-id=\"5e4a742\" data-element_type=\"container\" data-e-type=\"container\">\n\t\t\t\t\t<div class=\"e-con-inner\">\n\t\t<div class=\"elementor-element elementor-element-17da349 e-con-full e-flex e-con e-child\" data-id=\"17da349\" data-element_type=\"container\" data-e-type=\"container\">\n\t\t\t\t<div class=\"elementor-element elementor-element-7e14dc6 elementor-widget elementor-widget-heading\" data-id=\"7e14dc6\" data-element_type=\"widget\" data-e-type=\"widget\" data-widget_type=\"heading.default\">\n\t\t\t\t\t<h2 class=\"elementor-heading-title elementor-size-default\">Hemse at Heart<\/h2>\t\t\t\t<\/div>\n\t\t\t\t<div class=\"elementor-element elementor-element-258ef89 elementor-widget elementor-widget-text-editor\" data-id=\"258ef89\" data-element_type=\"widget\" data-e-type=\"widget\" data-widget_type=\"text-editor.default\">\n\t\t\t\t\t\t\t\t\t<p data-start=\"809\" data-end=\"1215\">All of our production takes place in Sweden, primarily in our own workshop in Hemse on the island of Gotland. Here, a dedicated team of skilled craftsmen transform carefully selected materials into timeless furniture. Each piece is made to order and becomes a personal project, individually numbered and signed by the responsible craftsman \u2014 a guarantee of authenticity and quality.<\/p><h3 data-start=\"768\" data-end=\"807\">\u00a0<\/h3>\t\t\t\t\t\t\t\t<\/div>\n\t\t\t\t<\/div>\n\t\t<div class=\"elementor-element elementor-element-7299865 e-con-full e-flex e-con e-child\" data-id=\"7299865\" data-element_type=\"container\" data-e-type=\"container\">\n\t\t\t\t<div class=\"elementor-element elementor-element-d557590 elementor-widget elementor-widget-image\" data-id=\"d557590\" data-element_type=\"widget\" data-e-type=\"widget\" data-widget_type=\"image.default\">\n\t\t\t\t\t\t\t\t\t\t\t\t\t\t\t<img decoding=\"async\" width=\"800\" height=\"534\" src=\"https:\/\/gad.se\/wp-content\/uploads\/2025\/05\/Nike-Emelie-Mafrids-vag-1024x683.jpg\" class=\"attachment-large size-large wp-image-400\" alt=\"\" srcset=\"https:\/\/gad.se\/wp-content\/uploads\/2025\/05\/Nike-Emelie-Mafrids-vag-1024x683.jpg 1024w, https:\/\/gad.se\/wp-content\/uploads\/2025\/05\/Nike-Emelie-Mafrids-vag-250x167.jpg 250w, https:\/\/gad.se\/wp-content\/uploads\/2025\/05\/Nike-Emelie-Mafrids-vag-300x200.jpg 300w, https:\/\/gad.se\/wp-content\/uploads\/2025\/05\/Nike-Emelie-Mafrids-vag-768x512.jpg 768w, https:\/\/gad.se\/wp-content\/uploads\/2025\/05\/Nike-Emelie-Mafrids-vag.jpg 1500w\" sizes=\"(max-width: 800px) 100vw, 800px\" \/>\t\t\t\t\t\t\t\t\t\t\t\t\t\t\t<\/div>\n\t\t\t\t<\/div>\n\t\t\t\t\t<\/div>\n\t\t\t\t<\/div>\n\t\t<div class=\"elementor-element elementor-element-05706ce e-flex e-con-boxed e-con e-parent\" data-id=\"05706ce\" data-element_type=\"container\" data-e-type=\"container\">\n\t\t\t\t\t<div class=\"e-con-inner\">\n\t\t<div class=\"elementor-element elementor-element-62ab48c e-con-full e-flex e-con e-child\" data-id=\"62ab48c\" data-element_type=\"container\" data-e-type=\"container\">\n\t\t\t\t<div class=\"elementor-element elementor-element-effd291 elementor-widget elementor-widget-heading\" data-id=\"effd291\" data-element_type=\"widget\" data-e-type=\"widget\" data-widget_type=\"heading.default\">\n\t\t\t\t\t<h2 class=\"elementor-heading-title elementor-size-default\">Natural materials with soul<\/h2>\t\t\t\t<\/div>\n\t\t\t\t<div class=\"elementor-element elementor-element-7984c7e elementor-widget elementor-widget-text-editor\" data-id=\"7984c7e\" data-element_type=\"widget\" data-e-type=\"widget\" data-widget_type=\"text-editor.default\">\n\t\t\t\t\t\t\t\t\t<p data-start=\"1240\" data-end=\"1643\">We work with local materials such as Gotland heart pine, limestone, and sheepskin. For birch and oak, we select suppliers from Sweden, Finland, and the Baltic region to ensure sustainability and quality. Our diabase is sourced from the H\u00e4gghult quarry in L\u00f6nsboda, Sk\u00e5ne \u2014 an exclusive black stone sought after by artists and furniture makers worldwide.<\/p><p data-start=\"1645\" data-end=\"1921\">We also use vegetable-tanned leather from T\u00e4rnsj\u00f6 Garveri and Elmo, as well as wool from Klippans Yllefabrik. Our steel and brass fittings are produced in Havdhem, just south of Hemse, further reinforcing our strong local roots.<\/p><h3 data-start=\"768\" data-end=\"807\">\u00a0<\/h3>\t\t\t\t\t\t\t\t<\/div>\n\t\t\t\t<\/div>\n\t\t<div class=\"elementor-element elementor-element-5fe9d59 e-con-full e-flex e-con e-child\" data-id=\"5fe9d59\" data-element_type=\"container\" data-e-type=\"container\">\n\t\t\t\t<div class=\"elementor-element elementor-element-dd3ebdf elementor-widget elementor-widget-image\" data-id=\"dd3ebdf\" data-element_type=\"widget\" data-e-type=\"widget\" data-widget_type=\"image.default\">\n\t\t\t\t\t\t\t\t\t\t\t\t\t\t\t<img decoding=\"async\" width=\"800\" height=\"600\" src=\"https:\/\/gad.se\/wp-content\/uploads\/2025\/05\/massivt-virke-1024x768.jpg\" class=\"attachment-large size-large wp-image-803\" alt=\"\" srcset=\"https:\/\/gad.se\/wp-content\/uploads\/2025\/05\/massivt-virke-1024x768.jpg 1024w, https:\/\/gad.se\/wp-content\/uploads\/2025\/05\/massivt-virke-scaled-250x188.jpg 250w, https:\/\/gad.se\/wp-content\/uploads\/2025\/05\/massivt-virke-300x225.jpg 300w, https:\/\/gad.se\/wp-content\/uploads\/2025\/05\/massivt-virke-768x576.jpg 768w, https:\/\/gad.se\/wp-content\/uploads\/2025\/05\/massivt-virke-1536x1152.jpg 1536w, https:\/\/gad.se\/wp-content\/uploads\/2025\/05\/massivt-virke-2048x1536.jpg 2048w\" sizes=\"(max-width: 800px) 100vw, 800px\" \/>\t\t\t\t\t\t\t\t\t\t\t\t\t\t\t<\/div>\n\t\t\t\t<\/div>\n\t\t\t\t\t<\/div>\n\t\t\t\t<\/div>\n\t\t<div class=\"elementor-element elementor-element-5eaa4da e-flex e-con-boxed e-con e-parent\" data-id=\"5eaa4da\" data-element_type=\"container\" data-e-type=\"container\">\n\t\t\t\t\t<div class=\"e-con-inner\">\n\t\t<div class=\"elementor-element elementor-element-0fed4aa e-con-full e-flex e-con e-child\" data-id=\"0fed4aa\" data-element_type=\"container\" data-e-type=\"container\">\n\t\t\t\t<div class=\"elementor-element elementor-element-3e6beed elementor-widget elementor-widget-heading\" data-id=\"3e6beed\" data-element_type=\"widget\" data-e-type=\"widget\" data-widget_type=\"heading.default\">\n\t\t\t\t\t<h2 class=\"elementor-heading-title elementor-size-default\">Designed to last a lifetime<\/h2>\t\t\t\t<\/div>\n\t\t\t\t<div class=\"elementor-element elementor-element-5b816cd elementor-widget elementor-widget-text-editor\" data-id=\"5b816cd\" data-element_type=\"widget\" data-e-type=\"widget\" data-widget_type=\"text-editor.default\">\n\t\t\t\t\t\t\t\t\t<p data-start=\"1945\" data-end=\"2333\">Kristian Eriksson designs all G.A.D furniture with a timeless and refined aesthetic rooted in Scandinavian tradition. He highlights the beauty of fine joinery and the natural qualities of the materials. Exposed tenon joints and dovetail joinery are an integral part of G.A.D\u2019s unique identity as a maker of furniture crafted to the highest standards.<\/p><h3 data-start=\"768\" data-end=\"807\">\u00a0<\/h3>\t\t\t\t\t\t\t\t<\/div>\n\t\t\t\t<\/div>\n\t\t<div class=\"elementor-element elementor-element-6e90b61 e-con-full e-flex e-con e-child\" data-id=\"6e90b61\" data-element_type=\"container\" data-e-type=\"container\">\n\t\t\t\t<div class=\"elementor-element elementor-element-04ec146 elementor-widget elementor-widget-image\" data-id=\"04ec146\" data-element_type=\"widget\" data-e-type=\"widget\" data-widget_type=\"image.default\">\n\t\t\t\t\t\t\t\t\t\t\t\t\t\t\t<img loading=\"lazy\" decoding=\"async\" width=\"800\" height=\"800\" src=\"https:\/\/gad.se\/wp-content\/uploads\/2025\/05\/GAD-bal-stol-Vitoljad-ek-och-svartoljad-ek-1024x1024.webp\" class=\"attachment-large size-large wp-image-2053\" alt=\"\" srcset=\"https:\/\/gad.se\/wp-content\/uploads\/2025\/05\/GAD-bal-stol-Vitoljad-ek-och-svartoljad-ek-1024x1024.webp 1024w, https:\/\/gad.se\/wp-content\/uploads\/2025\/05\/GAD-bal-stol-Vitoljad-ek-och-svartoljad-ek-scaled-250x250.webp 250w, https:\/\/gad.se\/wp-content\/uploads\/2025\/05\/GAD-bal-stol-Vitoljad-ek-och-svartoljad-ek-scaled-100x100.webp 100w, https:\/\/gad.se\/wp-content\/uploads\/2025\/05\/GAD-bal-stol-Vitoljad-ek-och-svartoljad-ek-300x300.webp 300w, https:\/\/gad.se\/wp-content\/uploads\/2025\/05\/GAD-bal-stol-Vitoljad-ek-och-svartoljad-ek-150x150.webp 150w, https:\/\/gad.se\/wp-content\/uploads\/2025\/05\/GAD-bal-stol-Vitoljad-ek-och-svartoljad-ek-768x768.webp 768w, https:\/\/gad.se\/wp-content\/uploads\/2025\/05\/GAD-bal-stol-Vitoljad-ek-och-svartoljad-ek-1536x1536.webp 1536w, https:\/\/gad.se\/wp-content\/uploads\/2025\/05\/GAD-bal-stol-Vitoljad-ek-och-svartoljad-ek-scaled.webp 1920w\" sizes=\"(max-width: 800px) 100vw, 800px\" \/>\t\t\t\t\t\t\t\t\t\t\t\t\t\t\t<\/div>\n\t\t\t\t<\/div>\n\t\t\t\t\t<\/div>\n\t\t\t\t<\/div>\n\t\t<div class=\"elementor-element elementor-element-2d189b1 e-flex e-con-boxed e-con e-parent\" data-id=\"2d189b1\" data-element_type=\"container\" data-e-type=\"container\">\n\t\t\t\t\t<div class=\"e-con-inner\">\n\t\t<div class=\"elementor-element elementor-element-d77cbfc e-con-full e-flex e-con e-child\" data-id=\"d77cbfc\" data-element_type=\"container\" data-e-type=\"container\">\n\t\t\t\t<div class=\"elementor-element elementor-element-810d18f elementor-widget elementor-widget-heading\" data-id=\"810d18f\" data-element_type=\"widget\" data-e-type=\"widget\" data-widget_type=\"heading.default\">\n\t\t\t\t\t<h2 class=\"elementor-heading-title elementor-size-default\">Sustainability at the core<\/h2>\t\t\t\t<\/div>\n\t\t\t\t<div class=\"elementor-element elementor-element-b66dabc elementor-widget elementor-widget-text-editor\" data-id=\"b66dabc\" data-element_type=\"widget\" data-e-type=\"widget\" data-widget_type=\"text-editor.default\">\n\t\t\t\t\t\t\t\t\t<p data-start=\"2359\" data-end=\"2737\">We believe in furniture that not only endures through life\u2019s journey but is also passed down from generation to generation. That\u2019s why we continue to craft honest furniture in solid materials at our workshop on Gotland. True sustainability matters to us, and we combine design with Gotland\u2019s unique character, genuine natural materials, and authentic craftsmanship.<\/p><h3 data-start=\"768\" data-end=\"807\">\u00a0<\/h3>\t\t\t\t\t\t\t\t<\/div>\n\t\t\t\t<\/div>\n\t\t<div class=\"elementor-element elementor-element-df8851d e-con-full e-flex e-con e-child\" data-id=\"df8851d\" data-element_type=\"container\" data-e-type=\"container\">\n\t\t\t\t<div class=\"elementor-element elementor-element-cea8af4 elementor-widget elementor-widget-image\" data-id=\"cea8af4\" data-element_type=\"widget\" data-e-type=\"widget\" data-widget_type=\"image.default\">\n\t\t\t\t\t\t\t\t\t\t\t\t\t\t\t<img loading=\"lazy\" decoding=\"async\" width=\"800\" height=\"600\" src=\"https:\/\/gad.se\/wp-content\/uploads\/2025\/06\/Signatur-MIKKE-1024x768.webp\" class=\"attachment-large size-large wp-image-3456\" alt=\"\" srcset=\"https:\/\/gad.se\/wp-content\/uploads\/2025\/06\/Signatur-MIKKE-1024x768.webp 1024w, https:\/\/gad.se\/wp-content\/uploads\/2025\/06\/Signatur-MIKKE-scaled-250x188.webp 250w, https:\/\/gad.se\/wp-content\/uploads\/2025\/06\/Signatur-MIKKE-300x225.webp 300w, https:\/\/gad.se\/wp-content\/uploads\/2025\/06\/Signatur-MIKKE-768x576.webp 768w, https:\/\/gad.se\/wp-content\/uploads\/2025\/06\/Signatur-MIKKE-1536x1152.webp 1536w, https:\/\/gad.se\/wp-content\/uploads\/2025\/06\/Signatur-MIKKE-scaled.webp 1920w\" sizes=\"(max-width: 800px) 100vw, 800px\" \/>\t\t\t\t\t\t\t\t\t\t\t\t\t\t\t<\/div>\n\t\t\t\t<\/div>\n\t\t\t\t\t<\/div>\n\t\t\t\t<\/div>\n\t\t<div class=\"elementor-element elementor-element-3aa8dc0 e-flex e-con-boxed elementor-invisible e-con e-parent\" data-id=\"3aa8dc0\" data-element_type=\"container\" data-e-type=\"container\" data-settings=\"{&quot;animation&quot;:&quot;fadeIn&quot;}\">\n\t\t\t\t\t<div class=\"e-con-inner\">\n\t\t<div class=\"elementor-element elementor-element-d8bf687 e-con-full e-flex e-con e-child\" data-id=\"d8bf687\" data-element_type=\"container\" data-e-type=\"container\" data-settings=\"{&quot;background_background&quot;:&quot;classic&quot;}\">\n\t\t<div class=\"elementor-element elementor-element-56f5016 e-con-full e-flex e-con e-child\" data-id=\"56f5016\" data-element_type=\"container\" data-e-type=\"container\">\n\t\t\t\t<div class=\"elementor-element elementor-element-b0ab0c7 elementor-widget elementor-widget-heading\" data-id=\"b0ab0c7\" data-element_type=\"widget\" data-e-type=\"widget\" data-widget_type=\"heading.default\">\n\t\t\t\t\t<h2 class=\"elementor-heading-title elementor-size-default\">Visit G.A.D!<\/h2>\t\t\t\t<\/div>\n\t\t\t\t<div class=\"elementor-element elementor-element-f6863c2 elementor-widget elementor-widget-text-editor\" data-id=\"f6863c2\" data-element_type=\"widget\" data-e-type=\"widget\" data-widget_type=\"text-editor.default\">\n\t\t\t\t\t\t\t\t\t<p>Would you like to talk to us about our furniture, or get help with configurations or orders? Visit us! You\u2019ll find us in Stockholm, Gothenburg, and Visby \u2014 and we also have retailers across the country.<\/p>\t\t\t\t\t\t\t\t<\/div>\n\t\t\t\t<div class=\"elementor-element elementor-element-e5a2a94 elementor-align-left elementor-widget elementor-widget-button\" data-id=\"e5a2a94\" data-element_type=\"widget\" data-e-type=\"widget\" data-widget_type=\"button.default\">\n\t\t\t\t\t\t\t\t\t\t<a class=\"elementor-button elementor-button-link elementor-size-sm elementor-animation-float\" href=\"https:\/\/gad.se\/en\/showrooms\/\">\n\t\t\t\t\t\t<span class=\"elementor-button-content-wrapper\">\n\t\t\t\t\t\t<span class=\"elementor-button-icon\">\n\t\t\t\t<svg aria-hidden=\"true\" class=\"e-font-icon-svg e-fas-arrow-right\" viewbox=\"0 0 448 512\" xmlns=\"http:\/\/www.w3.org\/2000\/svg\"><path d=\"M190.5 66.9l22.2-22.2c9.4-9.4 24.6-9.4 33.9 0L441 239c9.4 9.4 9.4 24.6 0 33.9L246.6 467.3c-9.4 9.4-24.6 9.4-33.9 0l-22.2-22.2c-9.5-9.5-9.3-25 .4-34.3L311.4 296H24c-13.3 0-24-10.7-24-24v-32c0-13.3 10.7-24 24-24h287.4L190.9 101.2c-9.8-9.3-10-24.8-.4-34.3z\"><\/path><\/svg>\t\t\t<\/span>\n\t\t\t\t\t\t\t\t\t<span class=\"elementor-button-text\">FIND A STORE<\/span>\n\t\t\t\t\t<\/span>\n\t\t\t\t\t<\/a>\n\t\t\t\t\t\t\t\t<\/div>\n\t\t\t\t<\/div>\n\t\t<div class=\"elementor-element elementor-element-53c5c28 e-con-full e-flex e-con e-child\" data-id=\"53c5c28\" data-element_type=\"container\" data-e-type=\"container\" data-settings=\"{&quot;background_background&quot;:&quot;classic&quot;}\">\n\t\t\t\t<\/div>\n\t\t\t\t<\/div>\n\t\t\t\t\t<\/div>\n\t\t\t\t<\/div>\n\t\t\t\t<\/div>","protected":false},"excerpt":{"rendered":"<p>L\u00c4R K\u00c4NNA G.A.D Med k\u00e4rlek f\u00f6r tidl\u00f6s design Sedan 1997 har G.A.D f\u00f6r\u00e4ndrat m\u00f6belbranschen genom att formge, tillverka och s\u00e4lja handtillverkade m\u00f6bler i massiv tr\u00e4 \u2013 med en f\u00f6rk\u00e4rlek f\u00f6r tidl\u00f6s design. L\u00e4s mer om oss och v\u00e5r historia. En vision f\u00f6ds \u00c5r 1997 grundades G.A.D som en medveten motreaktion mot den v\u00e4xande massproduktionen inom [&hellip;]<\/p>\n","protected":false},"author":1,"featured_media":0,"parent":0,"menu_order":0,"comment_status":"closed","ping_status":"closed","template":"","meta":{"_acf_changed":false,"footnotes":""},"class_list":["post-399","page","type-page","status-publish","hentry"],"acf":[],"_links":{"self":[{"href":"https:\/\/gad.se\/en\/wp-json\/wp\/v2\/pages\/399","targetHints":{"allow":["GET"]}}],"collection":[{"href":"https:\/\/gad.se\/en\/wp-json\/wp\/v2\/pages"}],"about":[{"href":"https:\/\/gad.se\/en\/wp-json\/wp\/v2\/types\/page"}],"author":[{"embeddable":true,"href":"https:\/\/gad.se\/en\/wp-json\/wp\/v2\/users\/1"}],"replies":[{"embeddable":true,"href":"https:\/\/gad.se\/en\/wp-json\/wp\/v2\/comments?post=399"}],"version-history":[{"count":0,"href":"https:\/\/gad.se\/en\/wp-json\/wp\/v2\/pages\/399\/revisions"}],"wp:attachment":[{"href":"https:\/\/gad.se\/en\/wp-json\/wp\/v2\/media?parent=399"}],"curies":[{"name":"wp","href":"https:\/\/api.w.org\/{rel}","templated":true}]}}