{"id":4591,"date":"2025-06-24T06:26:49","date_gmt":"2025-06-24T06:26:49","guid":{"rendered":"https:\/\/gad.se\/?page_id=4591"},"modified":"2026-04-01T08:00:18","modified_gmt":"2026-04-01T08:00:18","slug":"outlet","status":"publish","type":"page","link":"https:\/\/gad.se\/en\/outlet\/","title":{"rendered":"Outlet"},"content":{"rendered":"<div data-elementor-type=\"wp-page\" data-elementor-id=\"4591\" class=\"elementor elementor-4591\" data-elementor-post-type=\"page\">\n\t\t\t\t<div class=\"elementor-element elementor-element-30dc6d5 e-con-full e-flex e-con e-parent\" data-id=\"30dc6d5\" data-element_type=\"container\" data-e-type=\"container\">\n\t\t<div class=\"elementor-element elementor-element-bd771c1 e-con-full e-flex e-con e-child\" data-id=\"bd771c1\" data-element_type=\"container\" data-e-type=\"container\">\n\t\t\t\t<div class=\"elementor-element elementor-element-3010d57 elementor-widget elementor-widget-woocommerce-breadcrumb\" data-id=\"3010d57\" data-element_type=\"widget\" data-e-type=\"widget\" data-widget_type=\"woocommerce-breadcrumb.default\">\n\t\t\t\t\t<nav class=\"woocommerce-breadcrumb\" aria-label=\"Breadcrumb\" data-no-translation=\"\" data-trp-gettext=\"\">HOME<\/nav>\t\t\t\t<\/div>\n\t\t\t\t<div class=\"elementor-element elementor-element-d972c8a elementor-widget elementor-widget-heading\" data-id=\"d972c8a\" data-element_type=\"widget\" data-e-type=\"widget\" data-widget_type=\"heading.default\">\n\t\t\t\t\t<h2 class=\"elementor-heading-title elementor-size-default\">Outlet<\/h2>\t\t\t\t<\/div>\n\t\t\t\t<div class=\"elementor-element elementor-element-972c00f elementor-widget elementor-widget-text-editor\" data-id=\"972c00f\" data-element_type=\"widget\" data-e-type=\"widget\" data-widget_type=\"text-editor.default\">\n\t\t\t\t\t\t\t\t\t<p>Varmt v\u00e4lkomna till v\u00e5r outlet i V\u00e4stergarn i p\u00e5sk! Vi h\u00e5ller \u00f6ppet:<\/p><p><strong>Sk\u00e4rtorsdag<\/strong> 10-16<\/p><p><strong>L\u00e5ngfredag<\/strong> 10-16<\/p><p><strong>P\u00e5skafton<\/strong> 10-14<\/p><p>Fynda gotl\u00e4ndska kvalitetsm\u00f6bler och inredning till riktigt bra priser. H\u00e4r hittar du m\u00f6bler f\u00f6r hela hemmet fr\u00e5n s\u00e4ngbord till vitrinsk\u00e5p. Vi s\u00e4ljer ut prototypserier, visningsm\u00f6bler, andrasortering och utg\u00e5ngna modeller. \u00c4ven specialtillverkade unika m\u00f6bler. Transport kan ordnas. Skyltat under \u00f6ppettider p\u00e5 Toftav\u00e4gen norr om kyrkan i V\u00e4stergarn Torsdag.<\/p>\t\t\t\t\t\t\t\t<\/div>\n\t\t\t\t<div class=\"elementor-element elementor-element-326651c elementor-widget elementor-widget-google_maps\" data-id=\"326651c\" data-element_type=\"widget\" data-e-type=\"widget\" data-widget_type=\"google_maps.default\">\n\t\t\t\t\t\t\t<div class=\"elementor-custom-embed\">\n\t\t\t<iframe loading=\"lazy\"\n\t\t\t\t\tsrc=\"https:\/\/maps.google.com\/maps?q=V%C3%84STERGARN%20%C3%96VIDE%20149%2C%20622%2030%20Gotlands%20Tofta&#038;t=m&#038;z=15&#038;output=embed&#038;iwloc=near\"\n\t\t\t\t\ttitle=\"V\u00c4STERGARN \u00d6VIDE 149, 622 30 Gotlands Tofta\"\n\t\t\t\t\taria-label=\"V\u00c4STERGARN \u00d6VIDE 149, 622 30 Gotlands Tofta\"\n\t\t\t><\/iframe>\n\t\t<\/div>\n\t\t\t\t\t\t<\/div>\n\t\t\t\t<\/div>\n\t\t<div class=\"elementor-element elementor-element-2d1b61f e-con-full e-flex e-con e-child\" data-id=\"2d1b61f\" data-element_type=\"container\" data-e-type=\"container\" data-settings=\"{&quot;background_background&quot;:&quot;classic&quot;}\">\n\t\t\t\t<\/div>\n\t\t\t\t<\/div>\n\t\t<div class=\"elementor-element elementor-element-feed5d2 e-con-full e-flex e-con e-parent\" data-id=\"feed5d2\" data-element_type=\"container\" data-e-type=\"container\">\n\t\t<div class=\"elementor-element elementor-element-edfc710 e-con-full e-flex e-con e-child\" data-id=\"edfc710\" data-element_type=\"container\" data-e-type=\"container\">\n\t\t<div class=\"elementor-element elementor-element-e0fe5de e-con-full e-flex e-con e-child\" data-id=\"e0fe5de\" data-element_type=\"container\" data-e-type=\"container\" data-settings=\"{&quot;background_background&quot;:&quot;classic&quot;}\">\n\t\t\t\t<\/div>\n\t\t<div class=\"elementor-element elementor-element-970422b e-con-full e-flex e-con e-child\" data-id=\"970422b\" data-element_type=\"container\" data-e-type=\"container\" data-settings=\"{&quot;background_background&quot;:&quot;classic&quot;}\">\n\t\t\t\t<\/div>\n\t\t<div class=\"elementor-element elementor-element-46f19a7 e-con-full e-flex e-con e-child\" data-id=\"46f19a7\" data-element_type=\"container\" data-e-type=\"container\" data-settings=\"{&quot;background_background&quot;:&quot;classic&quot;}\">\n\t\t\t\t<\/div>\n\t\t\t\t<\/div>\n\t\t\t\t<\/div>\n\t\t\t\t<\/div>","protected":false},"excerpt":{"rendered":"<p>Outlet Varmt v\u00e4lkomna till v\u00e5r outlet i V\u00e4stergarn i p\u00e5sk! Vi h\u00e5ller \u00f6ppet: Sk\u00e4rtorsdag 10-16 L\u00e5ngfredag 10-16 P\u00e5skafton 10-14 Fynda gotl\u00e4ndska kvalitetsm\u00f6bler och inredning till riktigt bra priser. H\u00e4r hittar du m\u00f6bler f\u00f6r hela hemmet fr\u00e5n s\u00e4ngbord till vitrinsk\u00e5p. Vi s\u00e4ljer ut prototypserier, visningsm\u00f6bler, andrasortering och utg\u00e5ngna modeller. \u00c4ven specialtillverkade unika m\u00f6bler. Transport kan ordnas. [&hellip;]<\/p>\n","protected":false},"author":1,"featured_media":0,"parent":0,"menu_order":0,"comment_status":"closed","ping_status":"closed","template":"","meta":{"_acf_changed":false,"footnotes":""},"class_list":["post-4591","page","type-page","status-publish","hentry"],"acf":[],"_links":{"self":[{"href":"https:\/\/gad.se\/en\/wp-json\/wp\/v2\/pages\/4591","targetHints":{"allow":["GET"]}}],"collection":[{"href":"https:\/\/gad.se\/en\/wp-json\/wp\/v2\/pages"}],"about":[{"href":"https:\/\/gad.se\/en\/wp-json\/wp\/v2\/types\/page"}],"author":[{"embeddable":true,"href":"https:\/\/gad.se\/en\/wp-json\/wp\/v2\/users\/1"}],"replies":[{"embeddable":true,"href":"https:\/\/gad.se\/en\/wp-json\/wp\/v2\/comments?post=4591"}],"version-history":[{"count":12,"href":"https:\/\/gad.se\/en\/wp-json\/wp\/v2\/pages\/4591\/revisions"}],"predecessor-version":[{"id":7897,"href":"https:\/\/gad.se\/en\/wp-json\/wp\/v2\/pages\/4591\/revisions\/7897"}],"wp:attachment":[{"href":"https:\/\/gad.se\/en\/wp-json\/wp\/v2\/media?parent=4591"}],"curies":[{"name":"wp","href":"https:\/\/api.w.org\/{rel}","templated":true}]}}