{"id":5479,"date":"2025-10-23T07:23:43","date_gmt":"2025-10-23T07:23:43","guid":{"rendered":"https:\/\/gad.se\/?page_id=5479"},"modified":"2025-11-10T09:48:29","modified_gmt":"2025-11-10T09:48:29","slug":"bolagsstyrning","status":"publish","type":"page","link":"https:\/\/gad.se\/en\/investor-relations-2\/bolagsstyrning\/","title":{"rendered":"Bolagsstyrning"},"content":{"rendered":"<div data-elementor-type=\"wp-page\" data-elementor-id=\"5479\" class=\"elementor elementor-5479\" data-elementor-post-type=\"page\">\n\t\t\t\t<div class=\"elementor-element elementor-element-f45e030 e-flex e-con-boxed e-con e-parent\" data-id=\"f45e030\" data-element_type=\"container\" data-e-type=\"container\" data-settings=\"{&quot;background_background&quot;:&quot;classic&quot;}\">\n\t\t\t\t\t<div class=\"e-con-inner\">\n\t\t\t\t<div class=\"elementor-element elementor-element-7d12505 elementor-widget elementor-widget-heading\" data-id=\"7d12505\" data-element_type=\"widget\" data-e-type=\"widget\" data-widget_type=\"heading.default\">\n\t\t\t\t\t<h2 class=\"elementor-heading-title elementor-size-default\">Bolagsstyrning<\/h2>\t\t\t\t<\/div>\n\t\t\t\t\t<\/div>\n\t\t\t\t<\/div>\n\t\t<div class=\"elementor-element elementor-element-16f2183 e-flex e-con-boxed e-con e-parent\" data-id=\"16f2183\" data-element_type=\"container\" data-e-type=\"container\" data-settings=\"{&quot;background_background&quot;:&quot;classic&quot;}\">\n\t\t\t\t\t<div class=\"e-con-inner\">\n\t\t\t\t<div class=\"elementor-element elementor-element-304d7b2 elementor-nav-menu--dropdown-none elementor-widget elementor-widget-nav-menu\" data-id=\"304d7b2\" data-element_type=\"widget\" data-e-type=\"widget\" data-settings=\"{&quot;layout&quot;:&quot;horizontal&quot;,&quot;submenu_icon&quot;:{&quot;value&quot;:&quot;&lt;svg aria-hidden=\\&quot;true\\&quot; class=\\&quot;e-font-icon-svg e-fas-caret-down\\&quot; viewBox=\\&quot;0 0 320 512\\&quot; xmlns=\\&quot;http:\\\/\\\/www.w3.org\\\/2000\\\/svg\\&quot;&gt;&lt;path d=\\&quot;M31.3 192h257.3c17.8 0 26.7 21.5 14.1 34.1L174.1 354.8c-7.8 7.8-20.5 7.8-28.3 0L17.2 226.1C4.6 213.5 13.5 192 31.3 192z\\&quot;&gt;&lt;\\\/path&gt;&lt;\\\/svg&gt;&quot;,&quot;library&quot;:&quot;fa-solid&quot;}}\" data-widget_type=\"nav-menu.default\">\n\t\t\t\t\t\t\t\t<nav aria-label=\"Menu\" class=\"elementor-nav-menu--main elementor-nav-menu__container elementor-nav-menu--layout-horizontal e--pointer-underline e--animation-fade\">\n\t\t\t\t<ul id=\"menu-1-304d7b2\" class=\"elementor-nav-menu\"><li class=\"menu-item menu-item-type-post_type menu-item-object-page menu-item-5577\"><a href=\"https:\/\/gad.se\/en\/investor-relations-ipo\/\" class=\"elementor-item\">IPO<\/a><\/li>\n<li class=\"menu-item menu-item-type-post_type menu-item-object-page menu-item-5574\"><a href=\"https:\/\/gad.se\/en\/investor-relations-2\/kalender\/\" class=\"elementor-item\">Kalender<\/a><\/li>\n<li class=\"menu-item menu-item-type-post_type menu-item-object-page menu-item-6201\"><a href=\"https:\/\/gad.se\/en\/investor-relations-2\/rapporter\/\" class=\"elementor-item\">Rapporter<\/a><\/li>\n<li class=\"menu-item menu-item-type-post_type menu-item-object-page menu-item-6305\"><a href=\"https:\/\/gad.se\/en\/investor-relations-2\/pressmeddelanden\/\" class=\"elementor-item\">Pressmeddelanden<\/a><\/li>\n<li class=\"menu-item menu-item-type-post_type menu-item-object-page menu-item-has-children menu-item-5572\"><a href=\"https:\/\/gad.se\/en\/investor-relations-2\/bolagsstyrning\/\" class=\"elementor-item\">Bolagsstyrning<\/a>\n<ul class=\"sub-menu elementor-nav-menu--dropdown\">\n\t<li class=\"menu-item menu-item-type-post_type menu-item-object-page menu-item-5594\"><a href=\"https:\/\/gad.se\/en\/investor-relations-2\/bolagsstyrning\/styrelse\/\" class=\"elementor-sub-item\">Styrelse<\/a><\/li>\n\t<li class=\"menu-item menu-item-type-post_type menu-item-object-page menu-item-5595\"><a href=\"https:\/\/gad.se\/en\/investor-relations-2\/bolagsstyrning\/ledning\/\" class=\"elementor-sub-item\">Ledning<\/a><\/li>\n\t<li class=\"menu-item menu-item-type-post_type menu-item-object-page menu-item-5593\"><a href=\"https:\/\/gad.se\/en\/investor-relations-2\/bolagsstyrning\/revisor\/\" class=\"elementor-sub-item\">Revisor<\/a><\/li>\n\t<li class=\"menu-item menu-item-type-post_type menu-item-object-page menu-item-5592\"><a href=\"https:\/\/gad.se\/en\/investor-relations-2\/bolagsstyrning\/bolagsordning\/\" class=\"elementor-sub-item\">Bolagsordning<\/a><\/li>\n<\/ul>\n<\/li>\n<li class=\"menu-item menu-item-type-post_type menu-item-object-page menu-item-5571\"><a href=\"https:\/\/gad.se\/en\/investor-relations-2\/ir-kontakt\/\" class=\"elementor-item\">IR-Kontakt<\/a><\/li>\n<\/ul>\t\t\t<\/nav>\n\t\t\t\t\t\t<nav class=\"elementor-nav-menu--dropdown elementor-nav-menu__container\" aria-hidden=\"true\">\n\t\t\t\t<ul id=\"menu-2-304d7b2\" class=\"elementor-nav-menu\"><li class=\"menu-item menu-item-type-post_type menu-item-object-page menu-item-5577\"><a href=\"https:\/\/gad.se\/en\/investor-relations-ipo\/\" class=\"elementor-item\" tabindex=\"-1\">IPO<\/a><\/li>\n<li class=\"menu-item menu-item-type-post_type menu-item-object-page menu-item-5574\"><a href=\"https:\/\/gad.se\/en\/investor-relations-2\/kalender\/\" class=\"elementor-item\" tabindex=\"-1\">Kalender<\/a><\/li>\n<li class=\"menu-item menu-item-type-post_type menu-item-object-page menu-item-6201\"><a href=\"https:\/\/gad.se\/en\/investor-relations-2\/rapporter\/\" class=\"elementor-item\" tabindex=\"-1\">Rapporter<\/a><\/li>\n<li class=\"menu-item menu-item-type-post_type menu-item-object-page menu-item-6305\"><a href=\"https:\/\/gad.se\/en\/investor-relations-2\/pressmeddelanden\/\" class=\"elementor-item\" tabindex=\"-1\">Pressmeddelanden<\/a><\/li>\n<li class=\"menu-item menu-item-type-post_type menu-item-object-page menu-item-has-children menu-item-5572\"><a href=\"https:\/\/gad.se\/en\/investor-relations-2\/bolagsstyrning\/\" class=\"elementor-item\" tabindex=\"-1\">Bolagsstyrning<\/a>\n<ul class=\"sub-menu elementor-nav-menu--dropdown\">\n\t<li class=\"menu-item menu-item-type-post_type menu-item-object-page menu-item-5594\"><a href=\"https:\/\/gad.se\/en\/investor-relations-2\/bolagsstyrning\/styrelse\/\" class=\"elementor-sub-item\" tabindex=\"-1\">Styrelse<\/a><\/li>\n\t<li class=\"menu-item menu-item-type-post_type menu-item-object-page menu-item-5595\"><a href=\"https:\/\/gad.se\/en\/investor-relations-2\/bolagsstyrning\/ledning\/\" class=\"elementor-sub-item\" tabindex=\"-1\">Ledning<\/a><\/li>\n\t<li class=\"menu-item menu-item-type-post_type menu-item-object-page menu-item-5593\"><a href=\"https:\/\/gad.se\/en\/investor-relations-2\/bolagsstyrning\/revisor\/\" class=\"elementor-sub-item\" tabindex=\"-1\">Revisor<\/a><\/li>\n\t<li class=\"menu-item menu-item-type-post_type menu-item-object-page menu-item-5592\"><a href=\"https:\/\/gad.se\/en\/investor-relations-2\/bolagsstyrning\/bolagsordning\/\" class=\"elementor-sub-item\" tabindex=\"-1\">Bolagsordning<\/a><\/li>\n<\/ul>\n<\/li>\n<li class=\"menu-item menu-item-type-post_type menu-item-object-page menu-item-5571\"><a href=\"https:\/\/gad.se\/en\/investor-relations-2\/ir-kontakt\/\" class=\"elementor-item\" tabindex=\"-1\">IR-Kontakt<\/a><\/li>\n<\/ul>\t\t\t<\/nav>\n\t\t\t\t\t\t<\/div>\n\t\t\t\t\t<\/div>\n\t\t\t\t<\/div>\n\t\t<div class=\"elementor-element elementor-element-46a3968 e-flex e-con-boxed e-con e-parent\" data-id=\"46a3968\" data-element_type=\"container\" data-e-type=\"container\">\n\t\t\t\t\t<div class=\"e-con-inner\">\n\t\t<div class=\"elementor-element elementor-element-9bd60a7 e-con-full e-flex e-con e-child\" data-id=\"9bd60a7\" data-element_type=\"container\" data-e-type=\"container\">\n\t\t\t\t<\/div>\n\t\t<div class=\"elementor-element elementor-element-fbd5a66 e-con-full e-flex e-con e-child\" data-id=\"fbd5a66\" data-element_type=\"container\" data-e-type=\"container\">\n\t\t\t\t<div class=\"elementor-element elementor-element-d3375af elementor-widget elementor-widget-heading\" data-id=\"d3375af\" data-element_type=\"widget\" data-e-type=\"widget\" data-widget_type=\"heading.default\">\n\t\t\t\t\t<h2 class=\"elementor-heading-title elementor-size-default\">Bolagsstyrning inom G.A.D\n<\/h2>\t\t\t\t<\/div>\n\t\t\t\t<div class=\"elementor-element elementor-element-70ee9c6 elementor-widget elementor-widget-text-editor\" data-id=\"70ee9c6\" data-element_type=\"widget\" data-e-type=\"widget\" data-widget_type=\"text-editor.default\">\n\t\t\t\t\t\t\t\t\t<p><span style=\"font-weight: 400;\">G.A.D \u00e4r ett svensk publikt bolag som regleras av svensk lagstiftning. G.A.D omfattas \u00e4ven av Spotlights regelverk. Ut\u00f6ver Spotlights regelverk g\u00e4ller bland annat f\u00f6ljande regelverk i relevanta delar:<\/span><\/p><ul><li style=\"font-weight: 400;\" aria-level=\"1\"><span style=\"font-weight: 400;\">Aktiebolagslagen (2005:551)<\/span><\/li><li style=\"font-weight: 400;\" aria-level=\"1\"><span style=\"font-weight: 400;\">Lagen om handel med finansiella instrument<\/span><\/li><li style=\"font-weight: 400;\" aria-level=\"1\"><span style=\"font-weight: 400;\">Marknadsmissbruksf\u00f6rordningen (EU nr596\/2014)<\/span><\/li><\/ul><p><span style=\"font-weight: 400;\">Svensk kod f\u00f6r bolagsstyrning g\u00e4ller f\u00f6r alla svenska bolag vars aktier \u00e4r noterade p\u00e5 en reglerad marknad i Sverige. Spotlight \u00e4r inte en reglerad marknad och G.A.D \u00e4r d\u00e4rmed inte skyldiga att f\u00f6lja svensk kod f\u00f6r bolagsstyrning och har heller inte frivilligt f\u00f6rpliktigat sig att f\u00f6lja denna.\u00a0<\/span><\/p><p><span style=\"font-weight: 400;\">Ut\u00f6ver det f\u00f6rutn\u00e4mnda \u00e4r det Bolagets bolagsordning och dess interna riktlinjer f\u00f6r bolagsstyrning som ligger till grund f\u00f6r Bolagets bolagsstyrning. Bolagsordningen anger bland annat styrelsens s\u00e4te, verksamhetens inriktning, gr\u00e4nserna f\u00f6r aktiekapitalet samt f\u00f6ruts\u00e4ttningarna f\u00f6r deltagande vid bolagsst\u00e4mma. Best\u00e4mmelserna i bolagsordningen \u00e4r ej mer l\u00e5ngtg\u00e5ende an aktiebolagslagen vad g\u00e4ller f\u00f6r\u00e4ndring av aktie\u00e4garnas r\u00e4ttigheter. De senast antagna och registrerade bolagsordningen ing\u00e5r i detta Memorandum i sin helhet; se avsnittet \u201dBolagsordning\u201d nedan.<\/span><\/p><h2><b>Bolagsst\u00e4mma<\/b><\/h2><p><span style=\"font-weight: 400;\">Enligt aktiebolagslagen \u00e4r bolagsst\u00e4mman ett bolags h\u00f6gsta beslutsfattande organ. P\u00e5 bolagsst\u00e4mman ut\u00f6var aktie\u00e4garna sin r\u00f6str\u00e4tt i nyckelfr\u00e5gor, till exempel fastst\u00e4llande av resultat- och balansr\u00e4kningar, disposition av bolagets resultat, beviljande av ansvarsfrihet f\u00f6r styrelsens ledam\u00f6ter och verkst\u00e4llande direkt\u00f6r, val av styrelseledam\u00f6ter och revisorer samt ers\u00e4ttning till styrelse och revisorerna.<\/span><\/p><p><span style=\"font-weight: 400;\">G.A.D:s \u00e5rsst\u00e4mmor h\u00e5lls i Visby varje kalender\u00e5r. \u00c5rsst\u00e4mman m\u00e5ste h\u00e5llas inom sex m\u00e5nader efter utg\u00e5ngen av r\u00e4kenskaps\u00e5ret. Enligt bolagsordningen sker kallelse till bolagsst\u00e4mma genom annonsering i Post- och Inrikes Tidningar samt p\u00e5 Bolagets webbplats. Samtidigt som kallelse sker ska G.A.D genom annonsering i Svenska Dagbladet upplysa om att kallelse skett. F\u00f6r att erh\u00e5lla r\u00e4tten att deltaga p\u00e5 bolagsst\u00e4mma kr\u00e4vs f\u00f6ranm\u00e4lan enligt de instruktioner som f\u00f6religger vid kallelse.\u00a0<\/span><\/p><h2><b>Styrelse<\/b><\/h2><p><span style=\"font-weight: 400;\">Styrelsen \u00e4r G.A.D:s n\u00e4st h\u00f6gsta beslutsfattande organ efter bolagsst\u00e4mman. <\/span><span style=\"font-weight: 400;\">Enligt aktiebolagslagen \u00e4r styrelsen ansvarig f\u00f6r ett bolags f\u00f6rvaltning och organisation, vilket inneb\u00e4r att styrelsen \u00e4r ansvarig f\u00f6r att bland annat fastst\u00e4lla m\u00e5l och strategier, s\u00e4kerst\u00e4lla rutiner och system f\u00f6r utv\u00e4rdering av uppsatta m\u00e5l, fortl\u00f6pande utv\u00e4rdera ett bolags resultat och finansiella st\u00e4llning samt utv\u00e4rdera den operativa ledningen.<\/span> <span style=\"font-weight: 400;\">Styrelsen ansvarar ocks\u00e5 f\u00f6r att s\u00e4kerst\u00e4lla att \u00e5rsredovisningen och del\u00e5rsrapporterna uppr\u00e4ttas i r\u00e4tt tid. Dessutom utser styrelsen verkst\u00e4llande direkt\u00f6r. Fr\u00e5gor som r\u00f6r revisions- och ers\u00e4ttningsfr\u00e5gor beslutas direkt av styrelsen.\u00a0<\/span><\/p><p><span style=\"font-weight: 400;\">Styrelseledam\u00f6ter utses normalt av \u00e5rsst\u00e4mman f\u00f6r tiden intill slutet av n\u00e4sta \u00e5rsst\u00e4mma. Enligt G.A.D:s bolagsordning ska styrelsen best\u00e5 av l\u00e4gst 3 och h\u00f6gst 10 ledam\u00f6ter med l\u00e4gst 0 och h\u00f6gst 10 suppleanter. Styrelsen har, i enlighet med aktiebolagslagen, fastst\u00e4llt en skriftlig arbetsordning f\u00f6r sitt arbete. Arbetsordningen reglerar bland annat arbets- och ansvarsf\u00f6rdelningen mellan styrelsens ledam\u00f6ter, styrelsens ordf\u00f6rande och verkst\u00e4llande direkt\u00f6r. Den skriftliga arbetsordningen fastst\u00e4lls \u00e5rligen av <\/span><span style=\"font-weight: 400;\">Bolagets <\/span><span style=\"font-weight: 400;\">styrelse<\/span><span style=\"font-weight: 400;\">.\u00a0<\/span><\/p><h2><b>Verkst\u00e4llande direkt\u00f6r<\/b><\/h2><p><span style=\"font-weight: 400;\">Den verkst\u00e4llande direkt\u00f6ren \u00e4r underordnad styrelsen och ansvarar f\u00f6r G.A.D:s l\u00f6pande f\u00f6rvaltning och den dagliga driften av verksamheten. Arbetsf\u00f6rdelningen mellan styrelsen och den verkst\u00e4llande direkt\u00f6ren anges i arbetsordningen f\u00f6r styrelsen och instruktionen f\u00f6r den verkst\u00e4llande direkt\u00f6ren. Instruktionen f\u00f6r den verkst\u00e4llande direkt\u00f6ren fastst\u00e4lls \u00e5rligen av Bolagets styrelse och reglerar den verkst\u00e4llande direkt\u00f6rens arbetsuppgifter och ansvarsomr\u00e5den.<\/span><\/p><h2><b>Revision<\/b><\/h2><p><span style=\"font-weight: 400;\">G.A.D \u00e4r, i egenskap av ett publikt bolag, skyldiga att ha minst en revisor f\u00f6r granskning av Bolagets \u00e5rsredovisning och bokf\u00f6ring samt styrelsens och den verkst\u00e4llande direkt\u00f6rens f\u00f6rvaltning. Granskningen ska vara s\u00e5 ing\u00e5ende och omfattande som god revisionssed kr\u00e4ver. Gotland Art &amp; Designs revisor utses av \u00e5rsst\u00e4mman f\u00f6r perioden intill slutet av n\u00e4sta \u00e5rsst\u00e4mma. En revisor i ett svenskt aktiebolag har sitt uppdrag fr\u00e5n och rapporterar till, bolagsst\u00e4mman och f\u00e5r inte l\u00e5ta sig styras av styrelsen eller n\u00e5gon ledande befattningshavare. Revisorns rapportering till bolagsst\u00e4mman sker p\u00e5 \u00e5rsst\u00e4mman genom revisionsber\u00e4ttelsen.\u00a0<\/span><\/p>\t\t\t\t\t\t\t\t<\/div>\n\t\t\t\t<\/div>\n\t\t\t\t\t<\/div>\n\t\t\t\t<\/div>\n\t\t\t\t<\/div>","protected":false},"excerpt":{"rendered":"<p>Bolagsstyrning Bolagsstyrning inom G.A.D G.A.D \u00e4r ett svensk publikt bolag som regleras av svensk lagstiftning. G.A.D omfattas \u00e4ven av Spotlights regelverk. Ut\u00f6ver Spotlights regelverk g\u00e4ller bland annat f\u00f6ljande regelverk i relevanta delar: Aktiebolagslagen (2005:551) Lagen om handel med finansiella instrument Marknadsmissbruksf\u00f6rordningen (EU nr596\/2014) Svensk kod f\u00f6r bolagsstyrning g\u00e4ller f\u00f6r alla svenska bolag vars aktier \u00e4r [&hellip;]<\/p>\n","protected":false},"author":2,"featured_media":0,"parent":5312,"menu_order":0,"comment_status":"closed","ping_status":"closed","template":"","meta":{"_acf_changed":false,"footnotes":""},"class_list":["post-5479","page","type-page","status-publish","hentry"],"acf":[],"_links":{"self":[{"href":"https:\/\/gad.se\/en\/wp-json\/wp\/v2\/pages\/5479","targetHints":{"allow":["GET"]}}],"collection":[{"href":"https:\/\/gad.se\/en\/wp-json\/wp\/v2\/pages"}],"about":[{"href":"https:\/\/gad.se\/en\/wp-json\/wp\/v2\/types\/page"}],"author":[{"embeddable":true,"href":"https:\/\/gad.se\/en\/wp-json\/wp\/v2\/users\/2"}],"replies":[{"embeddable":true,"href":"https:\/\/gad.se\/en\/wp-json\/wp\/v2\/comments?post=5479"}],"version-history":[{"count":0,"href":"https:\/\/gad.se\/en\/wp-json\/wp\/v2\/pages\/5479\/revisions"}],"up":[{"embeddable":true,"href":"https:\/\/gad.se\/en\/wp-json\/wp\/v2\/pages\/5312"}],"wp:attachment":[{"href":"https:\/\/gad.se\/en\/wp-json\/wp\/v2\/media?parent=5479"}],"curies":[{"name":"wp","href":"https:\/\/api.w.org\/{rel}","templated":true}]}}