{"id":5578,"date":"2025-10-24T10:52:25","date_gmt":"2025-10-24T10:52:25","guid":{"rendered":"https:\/\/gad.se\/?page_id=5578"},"modified":"2025-10-28T08:32:41","modified_gmt":"2025-10-28T08:32:41","slug":"ledning","status":"publish","type":"page","link":"https:\/\/gad.se\/en\/investor-relations-2\/bolagsstyrning\/ledning\/","title":{"rendered":"Ledning"},"content":{"rendered":"<div data-elementor-type=\"wp-page\" data-elementor-id=\"5578\" class=\"elementor elementor-5578\" data-elementor-post-type=\"page\">\n\t\t\t\t<div class=\"elementor-element elementor-element-5e811ee e-flex e-con-boxed e-con e-parent\" data-id=\"5e811ee\" data-element_type=\"container\" data-e-type=\"container\" data-settings=\"{&quot;background_background&quot;:&quot;classic&quot;}\">\n\t\t\t\t\t<div class=\"e-con-inner\">\n\t\t\t\t<div class=\"elementor-element elementor-element-ca7c562 elementor-widget elementor-widget-heading\" data-id=\"ca7c562\" data-element_type=\"widget\" data-e-type=\"widget\" data-widget_type=\"heading.default\">\n\t\t\t\t\t<h2 class=\"elementor-heading-title elementor-size-default\">Ledning<\/h2>\t\t\t\t<\/div>\n\t\t\t\t\t<\/div>\n\t\t\t\t<\/div>\n\t\t<div class=\"elementor-element elementor-element-36f5653 e-flex e-con-boxed e-con e-parent\" data-id=\"36f5653\" data-element_type=\"container\" data-e-type=\"container\" data-settings=\"{&quot;background_background&quot;:&quot;classic&quot;}\">\n\t\t\t\t\t<div class=\"e-con-inner\">\n\t\t\t\t<div class=\"elementor-element elementor-element-c13e2d2 elementor-nav-menu--dropdown-none elementor-widget elementor-widget-nav-menu\" data-id=\"c13e2d2\" data-element_type=\"widget\" data-e-type=\"widget\" data-settings=\"{&quot;layout&quot;:&quot;horizontal&quot;,&quot;submenu_icon&quot;:{&quot;value&quot;:&quot;&lt;svg aria-hidden=\\&quot;true\\&quot; class=\\&quot;e-font-icon-svg e-fas-caret-down\\&quot; viewBox=\\&quot;0 0 320 512\\&quot; xmlns=\\&quot;http:\\\/\\\/www.w3.org\\\/2000\\\/svg\\&quot;&gt;&lt;path d=\\&quot;M31.3 192h257.3c17.8 0 26.7 21.5 14.1 34.1L174.1 354.8c-7.8 7.8-20.5 7.8-28.3 0L17.2 226.1C4.6 213.5 13.5 192 31.3 192z\\&quot;&gt;&lt;\\\/path&gt;&lt;\\\/svg&gt;&quot;,&quot;library&quot;:&quot;fa-solid&quot;}}\" data-widget_type=\"nav-menu.default\">\n\t\t\t\t\t\t\t\t<nav aria-label=\"Menu\" class=\"elementor-nav-menu--main elementor-nav-menu__container elementor-nav-menu--layout-horizontal e--pointer-underline e--animation-fade\">\n\t\t\t\t<ul id=\"menu-1-c13e2d2\" class=\"elementor-nav-menu\"><li class=\"menu-item menu-item-type-post_type menu-item-object-page menu-item-5577\"><a href=\"https:\/\/gad.se\/en\/investor-relations-ipo\/\" class=\"elementor-item\">IPO<\/a><\/li>\n<li class=\"menu-item menu-item-type-post_type menu-item-object-page menu-item-5574\"><a href=\"https:\/\/gad.se\/en\/investor-relations-2\/kalender\/\" class=\"elementor-item\">Kalender<\/a><\/li>\n<li class=\"menu-item menu-item-type-post_type menu-item-object-page menu-item-6201\"><a href=\"https:\/\/gad.se\/en\/investor-relations-2\/rapporter\/\" class=\"elementor-item\">Rapporter<\/a><\/li>\n<li class=\"menu-item menu-item-type-post_type menu-item-object-page menu-item-6305\"><a href=\"https:\/\/gad.se\/en\/investor-relations-2\/pressmeddelanden\/\" class=\"elementor-item\">Pressmeddelanden<\/a><\/li>\n<li class=\"menu-item menu-item-type-post_type menu-item-object-page menu-item-has-children menu-item-5572\"><a href=\"https:\/\/gad.se\/en\/investor-relations-2\/bolagsstyrning\/\" class=\"elementor-item\">Bolagsstyrning<\/a>\n<ul class=\"sub-menu elementor-nav-menu--dropdown\">\n\t<li class=\"menu-item menu-item-type-post_type menu-item-object-page menu-item-5594\"><a href=\"https:\/\/gad.se\/en\/investor-relations-2\/bolagsstyrning\/styrelse\/\" class=\"elementor-sub-item\">Styrelse<\/a><\/li>\n\t<li class=\"menu-item menu-item-type-post_type menu-item-object-page menu-item-5595\"><a href=\"https:\/\/gad.se\/en\/investor-relations-2\/bolagsstyrning\/ledning\/\" class=\"elementor-sub-item\">Ledning<\/a><\/li>\n\t<li class=\"menu-item menu-item-type-post_type menu-item-object-page menu-item-5593\"><a href=\"https:\/\/gad.se\/en\/investor-relations-2\/bolagsstyrning\/revisor\/\" class=\"elementor-sub-item\">Revisor<\/a><\/li>\n\t<li class=\"menu-item menu-item-type-post_type menu-item-object-page menu-item-5592\"><a href=\"https:\/\/gad.se\/en\/investor-relations-2\/bolagsstyrning\/bolagsordning\/\" class=\"elementor-sub-item\">Bolagsordning<\/a><\/li>\n<\/ul>\n<\/li>\n<li class=\"menu-item menu-item-type-post_type menu-item-object-page menu-item-5571\"><a href=\"https:\/\/gad.se\/en\/investor-relations-2\/ir-kontakt\/\" class=\"elementor-item\">IR-Kontakt<\/a><\/li>\n<\/ul>\t\t\t<\/nav>\n\t\t\t\t\t\t<nav class=\"elementor-nav-menu--dropdown elementor-nav-menu__container\" aria-hidden=\"true\">\n\t\t\t\t<ul id=\"menu-2-c13e2d2\" class=\"elementor-nav-menu\"><li class=\"menu-item menu-item-type-post_type menu-item-object-page menu-item-5577\"><a href=\"https:\/\/gad.se\/en\/investor-relations-ipo\/\" class=\"elementor-item\" tabindex=\"-1\">IPO<\/a><\/li>\n<li class=\"menu-item menu-item-type-post_type menu-item-object-page menu-item-5574\"><a href=\"https:\/\/gad.se\/en\/investor-relations-2\/kalender\/\" class=\"elementor-item\" tabindex=\"-1\">Kalender<\/a><\/li>\n<li class=\"menu-item menu-item-type-post_type menu-item-object-page menu-item-6201\"><a href=\"https:\/\/gad.se\/en\/investor-relations-2\/rapporter\/\" class=\"elementor-item\" tabindex=\"-1\">Rapporter<\/a><\/li>\n<li class=\"menu-item menu-item-type-post_type menu-item-object-page menu-item-6305\"><a href=\"https:\/\/gad.se\/en\/investor-relations-2\/pressmeddelanden\/\" class=\"elementor-item\" tabindex=\"-1\">Pressmeddelanden<\/a><\/li>\n<li class=\"menu-item menu-item-type-post_type menu-item-object-page menu-item-has-children menu-item-5572\"><a href=\"https:\/\/gad.se\/en\/investor-relations-2\/bolagsstyrning\/\" class=\"elementor-item\" tabindex=\"-1\">Bolagsstyrning<\/a>\n<ul class=\"sub-menu elementor-nav-menu--dropdown\">\n\t<li class=\"menu-item menu-item-type-post_type menu-item-object-page menu-item-5594\"><a href=\"https:\/\/gad.se\/en\/investor-relations-2\/bolagsstyrning\/styrelse\/\" class=\"elementor-sub-item\" tabindex=\"-1\">Styrelse<\/a><\/li>\n\t<li class=\"menu-item menu-item-type-post_type menu-item-object-page menu-item-5595\"><a href=\"https:\/\/gad.se\/en\/investor-relations-2\/bolagsstyrning\/ledning\/\" class=\"elementor-sub-item\" tabindex=\"-1\">Ledning<\/a><\/li>\n\t<li class=\"menu-item menu-item-type-post_type menu-item-object-page menu-item-5593\"><a href=\"https:\/\/gad.se\/en\/investor-relations-2\/bolagsstyrning\/revisor\/\" class=\"elementor-sub-item\" tabindex=\"-1\">Revisor<\/a><\/li>\n\t<li class=\"menu-item menu-item-type-post_type menu-item-object-page menu-item-5592\"><a href=\"https:\/\/gad.se\/en\/investor-relations-2\/bolagsstyrning\/bolagsordning\/\" class=\"elementor-sub-item\" tabindex=\"-1\">Bolagsordning<\/a><\/li>\n<\/ul>\n<\/li>\n<li class=\"menu-item menu-item-type-post_type menu-item-object-page menu-item-5571\"><a href=\"https:\/\/gad.se\/en\/investor-relations-2\/ir-kontakt\/\" class=\"elementor-item\" tabindex=\"-1\">IR-Kontakt<\/a><\/li>\n<\/ul>\t\t\t<\/nav>\n\t\t\t\t\t\t<\/div>\n\t\t\t\t\t<\/div>\n\t\t\t\t<\/div>\n\t\t<div class=\"elementor-element elementor-element-9585004 e-flex e-con-boxed e-con e-parent\" data-id=\"9585004\" data-element_type=\"container\" data-e-type=\"container\">\n\t\t\t\t\t<div class=\"e-con-inner\">\n\t\t<div class=\"elementor-element elementor-element-0d0c4da e-con-full e-flex e-con e-child\" data-id=\"0d0c4da\" data-element_type=\"container\" data-e-type=\"container\">\n\t\t<div class=\"elementor-element elementor-element-549142f e-con-full e-flex e-con e-child\" data-id=\"549142f\" data-element_type=\"container\" data-e-type=\"container\" data-settings=\"{&quot;background_background&quot;:&quot;classic&quot;}\">\n\t\t\t\t<\/div>\n\t\t<div class=\"elementor-element elementor-element-ed82007 e-con-full e-flex e-con e-child\" data-id=\"ed82007\" data-element_type=\"container\" data-e-type=\"container\">\n\t\t\t\t<div class=\"elementor-element elementor-element-cd2372e elementor-widget elementor-widget-heading\" data-id=\"cd2372e\" data-element_type=\"widget\" data-e-type=\"widget\" data-widget_type=\"heading.default\">\n\t\t\t\t\t<h2 class=\"elementor-heading-title elementor-size-default\">H\u00e5kan Nilsson<\/h2>\t\t\t\t<\/div>\n\t\t\t\t<div class=\"elementor-element elementor-element-f82eb7b elementor-widget elementor-widget-heading\" data-id=\"f82eb7b\" data-element_type=\"widget\" data-e-type=\"widget\" data-widget_type=\"heading.default\">\n\t\t\t\t\t<h2 class=\"elementor-heading-title elementor-size-default\">Verkst\u00e4llande Direkt\u00f6r och styrelseledamot sedan september 2025.\u00a0<\/h2>\t\t\t\t<\/div>\n\t\t\t\t<div class=\"elementor-element elementor-element-437e88e elementor-widget elementor-widget-text-editor\" data-id=\"437e88e\" data-element_type=\"widget\" data-e-type=\"widget\" data-widget_type=\"text-editor.default\">\n\t\t\t\t\t\t\t\t\t<p><b>Utbildning och bakgrund:<\/b><span style=\"font-weight: 400;\"> Har \u00f6ver 30 \u00e5rs erfarenhet fr\u00e5n design-, inrednings- och m\u00f6belbranschen. H\u00e5kan var VD f\u00f6r David Design AB 2011\u20132025, d\u00e4r han bland annat ansvarade f\u00f6r bolagets internationella etablering samt f\u00f6rs\u00e4ljningen till G\u00f6tessons Design Group 2020. Efter f\u00f6rv\u00e4rvet var han styrelseledamot i koncernen 2020\u20132024. H\u00e5kan har en examen i Marketing Economy fr\u00e5n Lunds universitet.\u00a0<\/span><\/p><p><b>Andra P\u00e5g\u00e5ende uppdrag:<\/b><span style=\"font-weight: 400;\"> Verkst\u00e4llande direkt\u00f6r f\u00f6r Tinydesignhouse Sverige AB. Styrelseledamot i Thesign Scandinavia AB, Tinydesignhouse Sverige AB och Suppleant i HenFri Holding AB.\u00a0<\/span><\/p><p><b>\u00c4gande \u00f6ver tio procent de senaste fem \u00e5ren<\/b><span style=\"font-weight: 400;\">: Ja,Thesign Scandinavia AB, The sign Scandinavia AB och Tinydesignhouse Sverige AB.\u00a0\u00a0\u00a0<\/span><\/p><p><b>Avslutande bolagsengagemang de senaste fem \u00e5ren: <\/b><span style=\"font-weight: 400;\">Ja, Verkst\u00e4llande direkt\u00f6r David Design\u00a0 AB och Styrelseledamot i G\u00f6tessons Design Group.<\/span><\/p><p><b>Kompetens och erfarenhet av arbete i noterade bolag: <\/b><span style=\"font-weight: 400;\">Ingen tidigare arbetserfarenhet fr\u00e5n noterade bolag.<\/span><\/p><p><b>Innehav i G.A.D (Eget och n\u00e4rst\u00e5endes innehav):<\/b><span style=\"font-weight: 400;\"> 100\u00a0000 aktier.<\/span><\/p>\t\t\t\t\t\t\t\t<\/div>\n\t\t\t\t<\/div>\n\t\t\t\t<\/div>\n\t\t<div class=\"elementor-element elementor-element-c2c108f e-con-full e-flex e-con e-child\" data-id=\"c2c108f\" data-element_type=\"container\" data-e-type=\"container\">\n\t\t<div class=\"elementor-element elementor-element-e9eba0d e-con-full e-flex e-con e-child\" data-id=\"e9eba0d\" data-element_type=\"container\" data-e-type=\"container\" data-settings=\"{&quot;background_background&quot;:&quot;classic&quot;}\">\n\t\t\t\t<\/div>\n\t\t<div class=\"elementor-element elementor-element-6eb4a08 e-con-full e-flex e-con e-child\" data-id=\"6eb4a08\" data-element_type=\"container\" data-e-type=\"container\">\n\t\t\t\t<div class=\"elementor-element elementor-element-18f3513 elementor-widget elementor-widget-heading\" data-id=\"18f3513\" data-element_type=\"widget\" data-e-type=\"widget\" data-widget_type=\"heading.default\">\n\t\t\t\t\t<h2 class=\"elementor-heading-title elementor-size-default\">Kristian Eriksson<\/h2>\t\t\t\t<\/div>\n\t\t\t\t<div class=\"elementor-element elementor-element-f175cb0 elementor-widget elementor-widget-heading\" data-id=\"f175cb0\" data-element_type=\"widget\" data-e-type=\"widget\" data-widget_type=\"heading.default\">\n\t\t\t\t\t<h2 class=\"elementor-heading-title elementor-size-default\">Grundare, styrelseledamot sedan april 1997 samt COO sedan augusti 2025. <\/h2>\t\t\t\t<\/div>\n\t\t\t\t<div class=\"elementor-element elementor-element-5b21376 elementor-widget elementor-widget-text-editor\" data-id=\"5b21376\" data-element_type=\"widget\" data-e-type=\"widget\" data-widget_type=\"text-editor.default\">\n\t\t\t\t\t\t\t\t\t<p><b>Utbildning och bakgrund:<\/b><span style=\"font-weight: 400;\"> Kristian b\u00f6rjade sin karri\u00e4r som systemman och s\u00e4ljare p\u00e5 IBM och grundade d\u00e4refter Prenax 1993 samt Teletalk 1994, som senare s\u00e5ldes till Telenor. I slutet av 1990-talet valde han att satsa p\u00e5 en mer kreativ bana och grundade G.A.D 1997, som han sedan dess har drivit och utvecklat.<\/span><\/p><p><b>Andra p\u00e5g\u00e5ende uppdrag:<\/b><span style=\"font-weight: 400;\"> Ordf\u00f6rande i G.A.D G\u00f6teborg AB och ledamot i \u00c4kta Gotland AB.\u00a0<\/span><\/p><p><b>\u00c4gande \u00f6ver tio procent de senaste fem \u00e5ren: <\/b><span style=\"font-weight: 400;\">Ja, i Bolaget \u00c4kta Gotland AB.\u00a0<\/span><\/p><p><b>Avslutande bolagsengagemang de senaste fem \u00e5ren: <\/b><span style=\"font-weight: 400;\">Ordf\u00f6rande i Gute Art &amp; Design Aktiebolag till \u00e5r 2023.\u00a0<\/span><\/p><p><b>Kompetens och erfarenhet av arbete i noterade bolag: <\/b><span style=\"font-weight: 400;\">Ingen tidigare arbetserfarenhet fr\u00e5n noterade bolag.<\/span><\/p><p><b>Innehav i G.A.D (Eget och n\u00e4rst\u00e5endes innehav) :<\/b><span style=\"font-weight: 400;\"> 3\u00a0760 000 aktier.<\/span><\/p>\t\t\t\t\t\t\t\t<\/div>\n\t\t\t\t<\/div>\n\t\t\t\t<\/div>\n\t\t\t\t\t<\/div>\n\t\t\t\t<\/div>\n\t\t\t\t<\/div>","protected":false},"excerpt":{"rendered":"<p>Ledning H\u00e5kan Nilsson Verkst\u00e4llande Direkt\u00f6r och styrelseledamot sedan september 2025.\u00a0 Utbildning och bakgrund: Har \u00f6ver 30 \u00e5rs erfarenhet fr\u00e5n design-, inrednings- och m\u00f6belbranschen. H\u00e5kan var VD f\u00f6r David Design AB 2011\u20132025, d\u00e4r han bland annat ansvarade f\u00f6r bolagets internationella etablering samt f\u00f6rs\u00e4ljningen till G\u00f6tessons Design Group 2020. Efter f\u00f6rv\u00e4rvet var han styrelseledamot i koncernen 2020\u20132024. [&hellip;]<\/p>\n","protected":false},"author":2,"featured_media":0,"parent":5479,"menu_order":0,"comment_status":"closed","ping_status":"closed","template":"","meta":{"_acf_changed":false,"footnotes":""},"class_list":["post-5578","page","type-page","status-publish","hentry"],"acf":[],"_links":{"self":[{"href":"https:\/\/gad.se\/en\/wp-json\/wp\/v2\/pages\/5578","targetHints":{"allow":["GET"]}}],"collection":[{"href":"https:\/\/gad.se\/en\/wp-json\/wp\/v2\/pages"}],"about":[{"href":"https:\/\/gad.se\/en\/wp-json\/wp\/v2\/types\/page"}],"author":[{"embeddable":true,"href":"https:\/\/gad.se\/en\/wp-json\/wp\/v2\/users\/2"}],"replies":[{"embeddable":true,"href":"https:\/\/gad.se\/en\/wp-json\/wp\/v2\/comments?post=5578"}],"version-history":[{"count":0,"href":"https:\/\/gad.se\/en\/wp-json\/wp\/v2\/pages\/5578\/revisions"}],"up":[{"embeddable":true,"href":"https:\/\/gad.se\/en\/wp-json\/wp\/v2\/pages\/5479"}],"wp:attachment":[{"href":"https:\/\/gad.se\/en\/wp-json\/wp\/v2\/media?parent=5578"}],"curies":[{"name":"wp","href":"https:\/\/api.w.org\/{rel}","templated":true}]}}