{"id":5580,"date":"2025-10-24T10:52:42","date_gmt":"2025-10-24T10:52:42","guid":{"rendered":"https:\/\/gad.se\/?page_id=5580"},"modified":"2025-11-19T10:04:11","modified_gmt":"2025-11-19T10:04:11","slug":"styrelse","status":"publish","type":"page","link":"https:\/\/gad.se\/en\/investor-relations-2\/bolagsstyrning\/styrelse\/","title":{"rendered":"Styrelse"},"content":{"rendered":"<div data-elementor-type=\"wp-page\" data-elementor-id=\"5580\" class=\"elementor elementor-5580\" data-elementor-post-type=\"page\">\n\t\t\t\t<div class=\"elementor-element elementor-element-6d28cb6 e-flex e-con-boxed e-con e-parent\" data-id=\"6d28cb6\" data-element_type=\"container\" data-e-type=\"container\" data-settings=\"{&quot;background_background&quot;:&quot;classic&quot;}\">\n\t\t\t\t\t<div class=\"e-con-inner\">\n\t\t\t\t<div class=\"elementor-element elementor-element-0cbc194 elementor-widget elementor-widget-heading\" data-id=\"0cbc194\" data-element_type=\"widget\" data-e-type=\"widget\" data-widget_type=\"heading.default\">\n\t\t\t\t\t<h2 class=\"elementor-heading-title elementor-size-default\">Styrelse<\/h2>\t\t\t\t<\/div>\n\t\t\t\t\t<\/div>\n\t\t\t\t<\/div>\n\t\t<div class=\"elementor-element elementor-element-404c49c e-flex e-con-boxed e-con e-parent\" data-id=\"404c49c\" data-element_type=\"container\" data-e-type=\"container\" data-settings=\"{&quot;background_background&quot;:&quot;classic&quot;}\">\n\t\t\t\t\t<div class=\"e-con-inner\">\n\t\t\t\t<div class=\"elementor-element elementor-element-db97e45 elementor-nav-menu--dropdown-none elementor-widget elementor-widget-nav-menu\" data-id=\"db97e45\" data-element_type=\"widget\" data-e-type=\"widget\" data-settings=\"{&quot;layout&quot;:&quot;horizontal&quot;,&quot;submenu_icon&quot;:{&quot;value&quot;:&quot;&lt;svg aria-hidden=\\&quot;true\\&quot; class=\\&quot;e-font-icon-svg e-fas-caret-down\\&quot; viewBox=\\&quot;0 0 320 512\\&quot; xmlns=\\&quot;http:\\\/\\\/www.w3.org\\\/2000\\\/svg\\&quot;&gt;&lt;path d=\\&quot;M31.3 192h257.3c17.8 0 26.7 21.5 14.1 34.1L174.1 354.8c-7.8 7.8-20.5 7.8-28.3 0L17.2 226.1C4.6 213.5 13.5 192 31.3 192z\\&quot;&gt;&lt;\\\/path&gt;&lt;\\\/svg&gt;&quot;,&quot;library&quot;:&quot;fa-solid&quot;}}\" data-widget_type=\"nav-menu.default\">\n\t\t\t\t\t\t\t\t<nav aria-label=\"Menu\" class=\"elementor-nav-menu--main elementor-nav-menu__container elementor-nav-menu--layout-horizontal e--pointer-underline e--animation-fade\">\n\t\t\t\t<ul id=\"menu-1-db97e45\" class=\"elementor-nav-menu\"><li class=\"menu-item menu-item-type-post_type menu-item-object-page menu-item-5577\"><a href=\"https:\/\/gad.se\/en\/investor-relations-ipo\/\" class=\"elementor-item\">IPO<\/a><\/li>\n<li class=\"menu-item menu-item-type-post_type menu-item-object-page menu-item-5574\"><a href=\"https:\/\/gad.se\/en\/investor-relations-2\/kalender\/\" class=\"elementor-item\">Kalender<\/a><\/li>\n<li class=\"menu-item menu-item-type-post_type menu-item-object-page menu-item-6201\"><a href=\"https:\/\/gad.se\/en\/investor-relations-2\/rapporter\/\" class=\"elementor-item\">Rapporter<\/a><\/li>\n<li class=\"menu-item menu-item-type-post_type menu-item-object-page menu-item-6305\"><a href=\"https:\/\/gad.se\/en\/investor-relations-2\/pressmeddelanden\/\" class=\"elementor-item\">Pressmeddelanden<\/a><\/li>\n<li class=\"menu-item menu-item-type-post_type menu-item-object-page menu-item-has-children menu-item-5572\"><a href=\"https:\/\/gad.se\/en\/investor-relations-2\/bolagsstyrning\/\" class=\"elementor-item\">Bolagsstyrning<\/a>\n<ul class=\"sub-menu elementor-nav-menu--dropdown\">\n\t<li class=\"menu-item menu-item-type-post_type menu-item-object-page menu-item-5594\"><a href=\"https:\/\/gad.se\/en\/investor-relations-2\/bolagsstyrning\/styrelse\/\" class=\"elementor-sub-item\">Styrelse<\/a><\/li>\n\t<li class=\"menu-item menu-item-type-post_type menu-item-object-page menu-item-5595\"><a href=\"https:\/\/gad.se\/en\/investor-relations-2\/bolagsstyrning\/ledning\/\" class=\"elementor-sub-item\">Ledning<\/a><\/li>\n\t<li class=\"menu-item menu-item-type-post_type menu-item-object-page menu-item-5593\"><a href=\"https:\/\/gad.se\/en\/investor-relations-2\/bolagsstyrning\/revisor\/\" class=\"elementor-sub-item\">Revisor<\/a><\/li>\n\t<li class=\"menu-item menu-item-type-post_type menu-item-object-page menu-item-5592\"><a href=\"https:\/\/gad.se\/en\/investor-relations-2\/bolagsstyrning\/bolagsordning\/\" class=\"elementor-sub-item\">Bolagsordning<\/a><\/li>\n<\/ul>\n<\/li>\n<li class=\"menu-item menu-item-type-post_type menu-item-object-page menu-item-5571\"><a href=\"https:\/\/gad.se\/en\/investor-relations-2\/ir-kontakt\/\" class=\"elementor-item\">IR-Kontakt<\/a><\/li>\n<\/ul>\t\t\t<\/nav>\n\t\t\t\t\t\t<nav class=\"elementor-nav-menu--dropdown elementor-nav-menu__container\" aria-hidden=\"true\">\n\t\t\t\t<ul id=\"menu-2-db97e45\" class=\"elementor-nav-menu\"><li class=\"menu-item menu-item-type-post_type menu-item-object-page menu-item-5577\"><a href=\"https:\/\/gad.se\/en\/investor-relations-ipo\/\" class=\"elementor-item\" tabindex=\"-1\">IPO<\/a><\/li>\n<li class=\"menu-item menu-item-type-post_type menu-item-object-page menu-item-5574\"><a href=\"https:\/\/gad.se\/en\/investor-relations-2\/kalender\/\" class=\"elementor-item\" tabindex=\"-1\">Kalender<\/a><\/li>\n<li class=\"menu-item menu-item-type-post_type menu-item-object-page menu-item-6201\"><a href=\"https:\/\/gad.se\/en\/investor-relations-2\/rapporter\/\" class=\"elementor-item\" tabindex=\"-1\">Rapporter<\/a><\/li>\n<li class=\"menu-item menu-item-type-post_type menu-item-object-page menu-item-6305\"><a href=\"https:\/\/gad.se\/en\/investor-relations-2\/pressmeddelanden\/\" class=\"elementor-item\" tabindex=\"-1\">Pressmeddelanden<\/a><\/li>\n<li class=\"menu-item menu-item-type-post_type menu-item-object-page menu-item-has-children menu-item-5572\"><a href=\"https:\/\/gad.se\/en\/investor-relations-2\/bolagsstyrning\/\" class=\"elementor-item\" tabindex=\"-1\">Bolagsstyrning<\/a>\n<ul class=\"sub-menu elementor-nav-menu--dropdown\">\n\t<li class=\"menu-item menu-item-type-post_type menu-item-object-page menu-item-5594\"><a href=\"https:\/\/gad.se\/en\/investor-relations-2\/bolagsstyrning\/styrelse\/\" class=\"elementor-sub-item\" tabindex=\"-1\">Styrelse<\/a><\/li>\n\t<li class=\"menu-item menu-item-type-post_type menu-item-object-page menu-item-5595\"><a href=\"https:\/\/gad.se\/en\/investor-relations-2\/bolagsstyrning\/ledning\/\" class=\"elementor-sub-item\" tabindex=\"-1\">Ledning<\/a><\/li>\n\t<li class=\"menu-item menu-item-type-post_type menu-item-object-page menu-item-5593\"><a href=\"https:\/\/gad.se\/en\/investor-relations-2\/bolagsstyrning\/revisor\/\" class=\"elementor-sub-item\" tabindex=\"-1\">Revisor<\/a><\/li>\n\t<li class=\"menu-item menu-item-type-post_type menu-item-object-page menu-item-5592\"><a href=\"https:\/\/gad.se\/en\/investor-relations-2\/bolagsstyrning\/bolagsordning\/\" class=\"elementor-sub-item\" tabindex=\"-1\">Bolagsordning<\/a><\/li>\n<\/ul>\n<\/li>\n<li class=\"menu-item menu-item-type-post_type menu-item-object-page menu-item-5571\"><a href=\"https:\/\/gad.se\/en\/investor-relations-2\/ir-kontakt\/\" class=\"elementor-item\" tabindex=\"-1\">IR-Kontakt<\/a><\/li>\n<\/ul>\t\t\t<\/nav>\n\t\t\t\t\t\t<\/div>\n\t\t\t\t\t<\/div>\n\t\t\t\t<\/div>\n\t\t<div class=\"elementor-element elementor-element-3d01a3a e-flex e-con-boxed e-con e-parent\" data-id=\"3d01a3a\" data-element_type=\"container\" data-e-type=\"container\">\n\t\t\t\t\t<div class=\"e-con-inner\">\n\t\t<div class=\"elementor-element elementor-element-9778c66 e-con-full e-flex e-con e-child\" data-id=\"9778c66\" data-element_type=\"container\" data-e-type=\"container\">\n\t\t<div class=\"elementor-element elementor-element-c748178 e-con-full e-flex e-con e-child\" data-id=\"c748178\" data-element_type=\"container\" data-e-type=\"container\" data-settings=\"{&quot;background_background&quot;:&quot;classic&quot;}\">\n\t\t\t\t<\/div>\n\t\t<div class=\"elementor-element elementor-element-3b3d851 e-con-full e-flex e-con e-child\" data-id=\"3b3d851\" data-element_type=\"container\" data-e-type=\"container\">\n\t\t\t\t<div class=\"elementor-element elementor-element-37df93d elementor-widget elementor-widget-heading\" data-id=\"37df93d\" data-element_type=\"widget\" data-e-type=\"widget\" data-widget_type=\"heading.default\">\n\t\t\t\t\t<h2 class=\"elementor-heading-title elementor-size-default\">Olof Carlstoft<\/h2>\t\t\t\t<\/div>\n\t\t\t\t<div class=\"elementor-element elementor-element-d79b458 elementor-widget elementor-widget-heading\" data-id=\"d79b458\" data-element_type=\"widget\" data-e-type=\"widget\" data-widget_type=\"heading.default\">\n\t\t\t\t\t<h2 class=\"elementor-heading-title elementor-size-default\">Styrelseordf\u00f6rande sedan oktober 2025.<\/h2>\t\t\t\t<\/div>\n\t\t\t\t<div class=\"elementor-element elementor-element-35e96e9 elementor-widget elementor-widget-text-editor\" data-id=\"35e96e9\" data-element_type=\"widget\" data-e-type=\"widget\" data-widget_type=\"text-editor.default\">\n\t\t\t\t\t\t\t\t\t<p><b>Utbildning och bakgrund:<\/b><span style=\"font-weight: 400;\"> Civilingenj\u00f6r i maskinteknik fr\u00e5n Chalmers tekniska h\u00f6gskola med kompletterande studier i juridik, marknadsf\u00f6ring och Corporate Finance. Olof har mer \u00e4n 25 \u00e5rs erfarenhet som entrepren\u00f6r, investerare och styrelseordf\u00f6rande i bolag inom teknik-, finans- och e-handelssektorn. Han driver sedan 2001 Carlstoft Holding AB och \u00e4r certifierad styrelseledamot via Styrelseakademien.<\/span><\/p><p><b>Andra p\u00e5g\u00e5ende uppdrag:<\/b><span style=\"font-weight: 400;\"> Styrelseordf\u00f6rande i TCM Online Retail AB.\u00a0<\/span><\/p><p><b>\u00c4gande \u00f6ver tio procent de senaste fem \u00e5ren:<\/b><span style=\"font-weight: 400;\"> Ja, i Carlstoft Holding AB och TCM Online Retail AB.\u00a0<\/span><\/p><p><b>Avslutade bolagsengagemang de senaste fem \u00e5ren<\/b><span style=\"font-weight: 400;\">: Geins Solutions AB,\u00a0 Geins Group AB, Wowto AB, L3F AB och 2D fab AB.<\/span><\/p><p><b>Kompetens och erfarenhet av arbete i noterade bolag:<\/b><span style=\"font-weight: 400;\"> Ingen tidigare arbetserfarenhet fr\u00e5n noterade bolag.<\/span><\/p><p><b>Innehav i G.A.D (eget och n\u00e4rst\u00e5endes innehav):<\/b><span style=\"font-weight: 400;\"> 100 000 aktier.<\/span><\/p>\t\t\t\t\t\t\t\t<\/div>\n\t\t\t\t<\/div>\n\t\t\t\t<\/div>\n\t\t<div class=\"elementor-element elementor-element-b25d8b8 e-con-full e-flex e-con e-child\" data-id=\"b25d8b8\" data-element_type=\"container\" data-e-type=\"container\">\n\t\t<div class=\"elementor-element elementor-element-7147d38 e-con-full e-flex e-con e-child\" data-id=\"7147d38\" data-element_type=\"container\" data-e-type=\"container\" data-settings=\"{&quot;background_background&quot;:&quot;classic&quot;}\">\n\t\t\t\t<\/div>\n\t\t<div class=\"elementor-element elementor-element-57f2412 e-con-full e-flex e-con e-child\" data-id=\"57f2412\" data-element_type=\"container\" data-e-type=\"container\">\n\t\t\t\t<div class=\"elementor-element elementor-element-dbbf93f elementor-widget elementor-widget-heading\" data-id=\"dbbf93f\" data-element_type=\"widget\" data-e-type=\"widget\" data-widget_type=\"heading.default\">\n\t\t\t\t\t<h2 class=\"elementor-heading-title elementor-size-default\">H\u00e5kan Nilsson<\/h2>\t\t\t\t<\/div>\n\t\t\t\t<div class=\"elementor-element elementor-element-fa877ce elementor-widget elementor-widget-heading\" data-id=\"fa877ce\" data-element_type=\"widget\" data-e-type=\"widget\" data-widget_type=\"heading.default\">\n\t\t\t\t\t<h2 class=\"elementor-heading-title elementor-size-default\">Verkst\u00e4llande Direkt\u00f6r och styrelseledamot sedan september 2025.\u00a0<\/h2>\t\t\t\t<\/div>\n\t\t\t\t<div class=\"elementor-element elementor-element-490527d elementor-widget elementor-widget-text-editor\" data-id=\"490527d\" data-element_type=\"widget\" data-e-type=\"widget\" data-widget_type=\"text-editor.default\">\n\t\t\t\t\t\t\t\t\t<p><b>Utbildning och bakgrund:<\/b><span style=\"font-weight: 400;\"> Har \u00f6ver 30 \u00e5rs erfarenhet fr\u00e5n design-, inrednings- och m\u00f6belbranschen. H\u00e5kan var VD f\u00f6r David Design AB 2011\u20132025, d\u00e4r han bland annat ansvarade f\u00f6r bolagets internationella etablering samt f\u00f6rs\u00e4ljningen till G\u00f6tessons Design Group 2020. Efter f\u00f6rv\u00e4rvet var han styrelseledamot i koncernen 2020\u20132024. H\u00e5kan har en examen i Marketing Economy fr\u00e5n Lunds universitet.&nbsp;<\/span><\/p>\n<p><b>Andra P\u00e5g\u00e5ende uppdrag:<\/b><span style=\"font-weight: 400;\"> Verkst\u00e4llande direkt\u00f6r f\u00f6r Tinydesignhouse Sverige AB. Styrelseledamot i Thesign Scandinavia AB, Tinydesignhouse Sverige AB och Suppleant i HenFri Holding AB.&nbsp;<\/span><\/p>\n<p><b>\u00c4gande \u00f6ver tio procent de senaste fem \u00e5ren<\/b><span style=\"font-weight: 400;\">: Ja, Thesign Scandinavia, The sign Scandinavia AB och Tinydesignhouse Sverige AB.&nbsp;&nbsp;&nbsp;<\/span><\/p>\n<p><b>Avslutande bolagsengagemang de senaste fem \u00e5ren: <\/b><span style=\"font-weight: 400;\">Ja, Verkst\u00e4llande direkt\u00f6r David Design&nbsp; AB och Styrelseledamot i G\u00f6tessons Design Group.<\/span><\/p>\n<p><b>Kompetens och erfarenhet av arbete i noterade bolag: <\/b><span style=\"font-weight: 400;\">Ingen tidigare arbetserfarenhet fr\u00e5n noterade bolag.<\/span><\/p>\n<p><b>Innehav i G.A.D (Eget och n\u00e4rst\u00e5endes innehav):<\/b><span style=\"font-weight: 400;\"> 100&nbsp;000 aktier.<\/span><\/p>\t\t\t\t\t\t\t\t<\/div>\n\t\t\t\t<\/div>\n\t\t\t\t<\/div>\n\t\t<div class=\"elementor-element elementor-element-8aff69f e-con-full e-flex e-con e-child\" data-id=\"8aff69f\" data-element_type=\"container\" data-e-type=\"container\">\n\t\t<div class=\"elementor-element elementor-element-1004712 e-con-full e-flex e-con e-child\" data-id=\"1004712\" data-element_type=\"container\" data-e-type=\"container\" data-settings=\"{&quot;background_background&quot;:&quot;classic&quot;}\">\n\t\t\t\t<\/div>\n\t\t<div class=\"elementor-element elementor-element-4b0fa9a e-con-full e-flex e-con e-child\" data-id=\"4b0fa9a\" data-element_type=\"container\" data-e-type=\"container\">\n\t\t\t\t<div class=\"elementor-element elementor-element-824c27b elementor-widget elementor-widget-heading\" data-id=\"824c27b\" data-element_type=\"widget\" data-e-type=\"widget\" data-widget_type=\"heading.default\">\n\t\t\t\t\t<h2 class=\"elementor-heading-title elementor-size-default\">Kristian Eriksson<\/h2>\t\t\t\t<\/div>\n\t\t\t\t<div class=\"elementor-element elementor-element-34aa203 elementor-widget elementor-widget-heading\" data-id=\"34aa203\" data-element_type=\"widget\" data-e-type=\"widget\" data-widget_type=\"heading.default\">\n\t\t\t\t\t<h2 class=\"elementor-heading-title elementor-size-default\">Grundare, styrelseledamot sedan april 1997 samt COO sedan augusti 2025. <\/h2>\t\t\t\t<\/div>\n\t\t\t\t<div class=\"elementor-element elementor-element-724c26d elementor-widget elementor-widget-text-editor\" data-id=\"724c26d\" data-element_type=\"widget\" data-e-type=\"widget\" data-widget_type=\"text-editor.default\">\n\t\t\t\t\t\t\t\t\t<p><b>Utbildning och bakgrund:<\/b><span style=\"font-weight: 400;\"> Kristian b\u00f6rjade sin karri\u00e4r som systemman och s\u00e4ljare p\u00e5 IBM och grundade d\u00e4refter Prenax 1993 samt Teletalk 1994, som senare s\u00e5ldes till Telenor. I slutet av 1990-talet valde han att satsa p\u00e5 en mer kreativ bana och grundade G.A.D 1997, som han sedan dess har drivit och utvecklat.<\/span><\/p><p><b>Andra p\u00e5g\u00e5ende uppdrag:<\/b><span style=\"font-weight: 400;\"> Ordf\u00f6rande i G.A.D G\u00f6teborg AB och ledamot i \u00c4kta Gotland AB.\u00a0<\/span><\/p><p><b>\u00c4gande \u00f6ver tio procent de senaste fem \u00e5ren: <\/b><span style=\"font-weight: 400;\">Ja, i Bolaget \u00c4kta Gotland AB.\u00a0<\/span><\/p><p><b>Avslutande bolagsengagemang de senaste fem \u00e5ren: <\/b><span style=\"font-weight: 400;\">Ordf\u00f6rande i Gute Art &amp; Design Aktiebolag till \u00e5r 2023.\u00a0<\/span><\/p><p><b>Kompetens och erfarenhet av arbete i noterade bolag: <\/b><span style=\"font-weight: 400;\">Ingen tidigare arbetserfarenhet fr\u00e5n noterade bolag.<\/span><\/p><p><b>Innehav i G.A.D (Eget och n\u00e4rst\u00e5endes innehav) :<\/b><span style=\"font-weight: 400;\"> 3\u00a0760 000 aktier.<\/span><\/p>\t\t\t\t\t\t\t\t<\/div>\n\t\t\t\t<\/div>\n\t\t\t\t<\/div>\n\t\t<div class=\"elementor-element elementor-element-c1dde37 e-con-full e-flex e-con e-child\" data-id=\"c1dde37\" data-element_type=\"container\" data-e-type=\"container\">\n\t\t<div class=\"elementor-element elementor-element-a871632 e-con-full e-flex e-con e-child\" data-id=\"a871632\" data-element_type=\"container\" data-e-type=\"container\" data-settings=\"{&quot;background_background&quot;:&quot;classic&quot;}\">\n\t\t\t\t<\/div>\n\t\t<div class=\"elementor-element elementor-element-dd4cf76 e-con-full e-flex e-con e-child\" data-id=\"dd4cf76\" data-element_type=\"container\" data-e-type=\"container\">\n\t\t\t\t<div class=\"elementor-element elementor-element-32949a8 elementor-widget elementor-widget-heading\" data-id=\"32949a8\" data-element_type=\"widget\" data-e-type=\"widget\" data-widget_type=\"heading.default\">\n\t\t\t\t\t<h2 class=\"elementor-heading-title elementor-size-default\">Per Sj\u00f6dell<\/h2>\t\t\t\t<\/div>\n\t\t\t\t<div class=\"elementor-element elementor-element-5730bf7 elementor-widget elementor-widget-heading\" data-id=\"5730bf7\" data-element_type=\"widget\" data-e-type=\"widget\" data-widget_type=\"heading.default\">\n\t\t\t\t\t<h2 class=\"elementor-heading-title elementor-size-default\">Styrelseledamot sedan oktober 2025. \n<\/h2>\t\t\t\t<\/div>\n\t\t\t\t<div class=\"elementor-element elementor-element-3ac1e44 elementor-widget elementor-widget-text-editor\" data-id=\"3ac1e44\" data-element_type=\"widget\" data-e-type=\"widget\" data-widget_type=\"text-editor.default\">\n\t\t\t\t\t\t\t\t\t<p><b>Utbildning och bakgrund:<\/b><span style=\"font-weight: 400;\"> Har en MBA-examen i f\u00f6retagsekonomi, inriktning marknadsf\u00f6ring och finans fr\u00e5n Link\u00f6pings universitet. Per har mer \u00e4n 20 \u00e5rs erfarenhet av ledande befattningar inom detaljhandel, varum\u00e4rkesutveckling och konsumentinriktad aff\u00e4rsutveckling. Han har haft centrala roller i v\u00e4lk\u00e4nda bolag s\u00e5som Hennes &amp; Mauritz , ICA , Gant och Fiskars, d\u00e4r han ansvarat f\u00f6r marknadsf\u00f6ring, varum\u00e4rkesstrategi och kommersiell utveckling. Per har \u00e4ven omfattande styrelseerfarenhet fr\u00e5n retail- och varum\u00e4rkesdrivna bolag b\u00e5de i Sverige och internationellt.<\/span><\/p><p><b>Andra P\u00e5g\u00e5ende uppdrag:<\/b><span style=\"font-weight: 400;\"> Styrelseordf\u00f6rande i IW Agency AB, Parfym Sverige AB, IW Family AB, Equestrian Stockholm AB, PSAB Holding AB, Fume AB, Parfym Sverige Holding AB och OBAYATY AB. Styrelseledamot i Spendrups Bryggeriaktiebolag, V.S VisitSwedern AB,\u00a0 IW Agency AB, Parfym Sverige AB, PostNord AB, Swedavia AB, IW Family AB, Equestrian Stockholm AB, PSAB Holding AB, Fume AB, Parfym Sverige Holding AB och OBAYATY AB.\u00a0<\/span><\/p><p><b>\u00c4gande \u00f6ver tio procent de senaste fem \u00e5ren: Nej.\u00a0\u00a0<\/b><\/p><p><b>Avslutade bolagsengagemang de senaste fem \u00e5ren:<\/b><span style=\"font-weight: 400;\"> Styrelseordf\u00f6rande i Lindex AB, Lyko Group AB och Nordic Morning Group, vice ordf\u00f6rande i Posti Group OY, marknadsdirekt\u00f6r p\u00e5 ICA AB och global marknadsdirekt\u00f6r p\u00e5 H&amp;M Hennes &amp; Mauritz AB samt VD f\u00f6r Pocket Shop AB, Gant Sverige AB och Fiskars Sweden AB. Styrelseledamot i Geins Solutions AB och Geins Group AB.\u00a0<\/span><\/p><p><b>Kompetens och erfarenhet av arbete i noterade bolag:<\/b><span style=\"font-weight: 400;\"> Gedigen erfarenhet fr\u00e5n noterade bolag genom styrelseuppdrag och ledande befattningar inom konsument-, detaljhandels- och varum\u00e4rkesdrivna verksamheter.<\/span><\/p><p><b>Innehav i G.A.D (eget och n\u00e4rst\u00e5endes innehav):<\/b><span style=\"font-weight: 400;\"> 40 000 aktier<\/span><\/p>\t\t\t\t\t\t\t\t<\/div>\n\t\t\t\t<\/div>\n\t\t\t\t<\/div>\n\t\t\t\t\t<\/div>\n\t\t\t\t<\/div>\n\t\t\t\t<\/div>","protected":false},"excerpt":{"rendered":"<p>Styrelse Olof Carlstoft Styrelseordf\u00f6rande sedan oktober 2025. Utbildning och bakgrund: Civilingenj\u00f6r i maskinteknik fr\u00e5n Chalmers tekniska h\u00f6gskola med kompletterande studier i juridik, marknadsf\u00f6ring och Corporate Finance. Olof har mer \u00e4n 25 \u00e5rs erfarenhet som entrepren\u00f6r, investerare och styrelseordf\u00f6rande i bolag inom teknik-, finans- och e-handelssektorn. Han driver sedan 2001 Carlstoft Holding AB och \u00e4r certifierad [&hellip;]<\/p>\n","protected":false},"author":2,"featured_media":0,"parent":5479,"menu_order":0,"comment_status":"closed","ping_status":"closed","template":"","meta":{"_acf_changed":false,"footnotes":""},"class_list":["post-5580","page","type-page","status-publish","hentry"],"acf":[],"_links":{"self":[{"href":"https:\/\/gad.se\/en\/wp-json\/wp\/v2\/pages\/5580","targetHints":{"allow":["GET"]}}],"collection":[{"href":"https:\/\/gad.se\/en\/wp-json\/wp\/v2\/pages"}],"about":[{"href":"https:\/\/gad.se\/en\/wp-json\/wp\/v2\/types\/page"}],"author":[{"embeddable":true,"href":"https:\/\/gad.se\/en\/wp-json\/wp\/v2\/users\/2"}],"replies":[{"embeddable":true,"href":"https:\/\/gad.se\/en\/wp-json\/wp\/v2\/comments?post=5580"}],"version-history":[{"count":0,"href":"https:\/\/gad.se\/en\/wp-json\/wp\/v2\/pages\/5580\/revisions"}],"up":[{"embeddable":true,"href":"https:\/\/gad.se\/en\/wp-json\/wp\/v2\/pages\/5479"}],"wp:attachment":[{"href":"https:\/\/gad.se\/en\/wp-json\/wp\/v2\/media?parent=5580"}],"curies":[{"name":"wp","href":"https:\/\/api.w.org\/{rel}","templated":true}]}}