{"id":1153,"date":"2025-05-19T08:21:31","date_gmt":"2025-05-19T08:21:31","guid":{"rendered":"https:\/\/gad.se\/?page_id=1153"},"modified":"2026-02-24T15:50:19","modified_gmt":"2026-02-24T15:50:19","slug":"bygg-din-egen-mobel","status":"publish","type":"page","link":"https:\/\/gad.se\/nb\/bygg-din-egen-mobel\/","title":{"rendered":"Bygg din egen m\u00f6bel"},"content":{"rendered":"<div data-elementor-type=\"wp-page\" data-elementor-id=\"1153\" class=\"elementor elementor-1153\" data-elementor-post-type=\"page\">\n\t\t\t\t<div class=\"elementor-element elementor-element-3994e82 e-con-full e-flex e-con e-parent\" data-id=\"3994e82\" data-element_type=\"container\" data-e-type=\"container\">\n\t\t<div class=\"elementor-element elementor-element-ecb426a e-con-full e-flex e-con e-child\" data-id=\"ecb426a\" data-element_type=\"container\" data-e-type=\"container\">\n\t\t<div class=\"elementor-element elementor-element-3550c0e e-con-full e-flex e-con e-child\" data-id=\"3550c0e\" data-element_type=\"container\" data-e-type=\"container\" data-settings=\"{&quot;background_background&quot;:&quot;classic&quot;}\">\n\t\t\t\t<\/div>\n\t\t<div class=\"elementor-element elementor-element-3e45c12 e-con-full e-flex e-con e-child\" data-id=\"3e45c12\" data-element_type=\"container\" data-e-type=\"container\" data-settings=\"{&quot;background_background&quot;:&quot;classic&quot;}\">\n\t\t\t\t<\/div>\n\t\t\t\t<\/div>\n\t\t\t\t<div class=\"elementor-element elementor-element-77a3165 elementor-widget elementor-widget-heading\" data-id=\"77a3165\" data-element_type=\"widget\" data-e-type=\"widget\" data-widget_type=\"heading.default\">\n\t\t\t\t\t<h2 class=\"elementor-heading-title elementor-size-default\">Konfigurera din egen m\u00f6bel<\/h2>\t\t\t\t<\/div>\n\t\t\t\t<div class=\"elementor-element elementor-element-f298da6 elementor-widget elementor-widget-text-editor\" data-id=\"f298da6\" data-element_type=\"widget\" data-e-type=\"widget\" data-widget_type=\"text-editor.default\">\n\t\t\t\t\t\t\t\t\tHos GAD str\u00e4var vi efter att skapa m\u00f6bler som \u00e4r lika personliga som de hem de f\u00e5r pryda. Med v\u00e5rt system f\u00f6r att bygga din egen m\u00f6bel f\u00e5r du m\u00f6jlighet att vara medskapare \u2013 fr\u00e5n id\u00e9 till f\u00e4rdig m\u00f6bel. Vi kombinerar klassiskt hantverk med modern flexibilitet och l\u00e5ter dig anpassa v\u00e5ra mest popul\u00e4ra m\u00f6belserier efter dina behov, din smak och din livsstil.\n\nAlla m\u00f6bler tillverkas f\u00f6r hand i v\u00e5r verkstad p\u00e5 Gotland, med naturmaterial av h\u00f6gsta kvalitet och omsorg i varje moment. Resultatet blir en m\u00f6bel som h\u00e5ller \u2013 b\u00e5de i form, funktion och k\u00e4nsla \u2013 i generationer.\t\t\t\t\t\t\t\t<\/div>\n\t\t\t\t<\/div>\n\t\t<div class=\"elementor-element elementor-element-33fa856 e-con-full e-flex e-con e-parent\" data-id=\"33fa856\" data-element_type=\"container\" data-e-type=\"container\">\n\t\t<div class=\"elementor-element elementor-element-ae7916e e-con-full e-flex e-con e-child\" data-id=\"ae7916e\" data-element_type=\"container\" data-e-type=\"container\">\n\t\t\t\t<div class=\"elementor-element elementor-element-86f5f42 elementor-widget elementor-widget-heading\" data-id=\"86f5f42\" data-element_type=\"widget\" data-e-type=\"widget\" data-widget_type=\"heading.default\">\n\t\t\t\t\t<h2 class=\"elementor-heading-title elementor-size-default\">Klinte<\/h2>\t\t\t\t<\/div>\n\t\t\t\t<div class=\"elementor-element elementor-element-8f8962a elementor-widget elementor-widget-heading\" data-id=\"8f8962a\" data-element_type=\"widget\" data-e-type=\"widget\" data-widget_type=\"heading.default\">\n\t\t\t\t\t<h2 class=\"elementor-heading-title elementor-size-default\">MODUL\u00c4RT MED ELEGANS<\/h2>\t\t\t\t<\/div>\n\t\t\t\t<div class=\"elementor-element elementor-element-781b178 elementor-widget elementor-widget-text-editor\" data-id=\"781b178\" data-element_type=\"widget\" data-e-type=\"widget\" data-widget_type=\"text-editor.default\">\n\t\t\t\t\t\t\t\t\t<p>Klinte \u00e4r v\u00e5rt mest flexibla m\u00f6belsystem, utvecklat f\u00f6r att kunna anpassas efter livet som f\u00f6r\u00e4ndras. Med ett stort utbud av moduler \u2013 fr\u00e5n vitrind\u00f6rrar och l\u00e5dinsatser till \u00f6ppna hyllplan \u2013 kan du skapa exakt den kombination du beh\u00f6ver, oavsett om du vill bygga en bokhylla, f\u00f6rvaring till matsalen eller ett helt platsbyggt system.<\/p>\t\t\t\t\t\t\t\t<\/div>\n\t\t\t\t<div class=\"elementor-element elementor-element-181b75c elementor-align-left elementor-widget elementor-widget-button\" data-id=\"181b75c\" data-element_type=\"widget\" data-e-type=\"widget\" data-widget_type=\"button.default\">\n\t\t\t\t\t\t\t\t\t\t<a class=\"elementor-button elementor-button-link elementor-size-sm elementor-animation-float\" href=\"https:\/\/config.gad.se\/SE\/Klinte\/index.html\">\n\t\t\t\t\t\t<span class=\"elementor-button-content-wrapper\">\n\t\t\t\t\t\t<span class=\"elementor-button-icon\">\n\t\t\t\t<svg aria-hidden=\"true\" class=\"e-font-icon-svg e-fas-arrow-right\" viewbox=\"0 0 448 512\" xmlns=\"http:\/\/www.w3.org\/2000\/svg\"><path d=\"M190.5 66.9l22.2-22.2c9.4-9.4 24.6-9.4 33.9 0L441 239c9.4 9.4 9.4 24.6 0 33.9L246.6 467.3c-9.4 9.4-24.6 9.4-33.9 0l-22.2-22.2c-9.5-9.5-9.3-25 .4-34.3L311.4 296H24c-13.3 0-24-10.7-24-24v-32c0-13.3 10.7-24 24-24h287.4L190.9 101.2c-9.8-9.3-10-24.8-.4-34.3z\"><\/path><\/svg>\t\t\t<\/span>\n\t\t\t\t\t\t\t\t\t<span class=\"elementor-button-text\">L\u00c4S MER<\/span>\n\t\t\t\t\t<\/span>\n\t\t\t\t\t<\/a>\n\t\t\t\t\t\t\t\t<\/div>\n\t\t\t\t<\/div>\n\t\t<div class=\"elementor-element elementor-element-594d2b8 e-con-full e-flex e-con e-child\" data-id=\"594d2b8\" data-element_type=\"container\" data-e-type=\"container\">\n\t\t<div class=\"elementor-element elementor-element-34945b8 e-con-full e-flex e-con e-child\" data-id=\"34945b8\" data-element_type=\"container\" data-e-type=\"container\" data-settings=\"{&quot;background_background&quot;:&quot;classic&quot;}\" link=\"https:\/\/gad.se\/kollektioner\/klinte\/\">\n\t\t\t\t<\/div>\n\t\t\t\t<\/div>\n\t\t\t\t<\/div>\n\t\t<div class=\"elementor-element elementor-element-9cf438f e-con-full e-flex e-con e-parent\" data-id=\"9cf438f\" data-element_type=\"container\" data-e-type=\"container\">\n\t\t<div class=\"elementor-element elementor-element-b83af7c e-con-full e-flex e-con e-child\" data-id=\"b83af7c\" data-element_type=\"container\" data-e-type=\"container\">\n\t\t\t\t<div class=\"elementor-element elementor-element-1132fd2 elementor-widget elementor-widget-heading\" data-id=\"1132fd2\" data-element_type=\"widget\" data-e-type=\"widget\" data-widget_type=\"heading.default\">\n\t\t\t\t\t<h2 class=\"elementor-heading-title elementor-size-default\">Roma<\/h2>\t\t\t\t<\/div>\n\t\t\t\t<div class=\"elementor-element elementor-element-c1edc65 elementor-widget elementor-widget-heading\" data-id=\"c1edc65\" data-element_type=\"widget\" data-e-type=\"widget\" data-widget_type=\"heading.default\">\n\t\t\t\t\t<h2 class=\"elementor-heading-title elementor-size-default\">designad f\u00f6r funktion och estetik<\/h2>\t\t\t\t<\/div>\n\t\t\t\t<div class=\"elementor-element elementor-element-1cb41e1 elementor-widget elementor-widget-text-editor\" data-id=\"1cb41e1\" data-element_type=\"widget\" data-e-type=\"widget\" data-widget_type=\"text-editor.default\">\n\t\t\t\t\t\t\t\t\tRoma \u00e4r serien f\u00f6r dig som s\u00f6ker en mer massiv k\u00e4nsla. Det \u00e4r ett system d\u00e4r varje sektion st\u00e5r starkt p\u00e5 egen hand, men ocks\u00e5 kan kombineras f\u00f6r st\u00f6rre l\u00f6sningar. V\u00e4lj mellan olika tr\u00e4slag, d\u00f6rrtyper och beslag \u2013 alltid med den gedigna k\u00e4nsla som \u00e4r k\u00e4nnetecknande f\u00f6r GAD.\t\t\t\t\t\t\t\t<\/div>\n\t\t\t\t<div class=\"elementor-element elementor-element-31752d5 elementor-align-left elementor-widget elementor-widget-button\" data-id=\"31752d5\" data-element_type=\"widget\" data-e-type=\"widget\" data-widget_type=\"button.default\">\n\t\t\t\t\t\t\t\t\t\t<a class=\"elementor-button elementor-button-link elementor-size-sm elementor-animation-float\" href=\"https:\/\/gad.se\/nb\/kollektioner\/roma\/\">\n\t\t\t\t\t\t<span class=\"elementor-button-content-wrapper\">\n\t\t\t\t\t\t<span class=\"elementor-button-icon\">\n\t\t\t\t<svg aria-hidden=\"true\" class=\"e-font-icon-svg e-fas-arrow-right\" viewbox=\"0 0 448 512\" xmlns=\"http:\/\/www.w3.org\/2000\/svg\"><path d=\"M190.5 66.9l22.2-22.2c9.4-9.4 24.6-9.4 33.9 0L441 239c9.4 9.4 9.4 24.6 0 33.9L246.6 467.3c-9.4 9.4-24.6 9.4-33.9 0l-22.2-22.2c-9.5-9.5-9.3-25 .4-34.3L311.4 296H24c-13.3 0-24-10.7-24-24v-32c0-13.3 10.7-24 24-24h287.4L190.9 101.2c-9.8-9.3-10-24.8-.4-34.3z\"><\/path><\/svg>\t\t\t<\/span>\n\t\t\t\t\t\t\t\t\t<span class=\"elementor-button-text\">L\u00c4S MER<\/span>\n\t\t\t\t\t<\/span>\n\t\t\t\t\t<\/a>\n\t\t\t\t\t\t\t\t<\/div>\n\t\t\t\t<\/div>\n\t\t<div class=\"elementor-element elementor-element-707d00d e-con-full e-flex e-con e-child\" data-id=\"707d00d\" data-element_type=\"container\" data-e-type=\"container\">\n\t\t<div class=\"elementor-element elementor-element-e2119d1 e-con-full e-flex e-con e-child\" data-id=\"e2119d1\" data-element_type=\"container\" data-e-type=\"container\" data-settings=\"{&quot;background_background&quot;:&quot;classic&quot;}\" link=\"https:\/\/gad.se\/kollektioner\/roma\/\">\n\t\t\t\t<\/div>\n\t\t\t\t<\/div>\n\t\t\t\t<\/div>\n\t\t<div class=\"elementor-element elementor-element-3828055 e-con-full e-flex e-con e-parent\" data-id=\"3828055\" data-element_type=\"container\" data-e-type=\"container\">\n\t\t<div class=\"elementor-element elementor-element-53f5196 e-con-full e-flex e-con e-child\" data-id=\"53f5196\" data-element_type=\"container\" data-e-type=\"container\">\n\t\t\t\t<div class=\"elementor-element elementor-element-d5043d7 elementor-widget elementor-widget-heading\" data-id=\"d5043d7\" data-element_type=\"widget\" data-e-type=\"widget\" data-widget_type=\"heading.default\">\n\t\t\t\t\t<h2 class=\"elementor-heading-title elementor-size-default\">H\u00f6gklint<\/h2>\t\t\t\t<\/div>\n\t\t\t\t<div class=\"elementor-element elementor-element-9d474e8 elementor-widget elementor-widget-heading\" data-id=\"9d474e8\" data-element_type=\"widget\" data-e-type=\"widget\" data-widget_type=\"heading.default\">\n\t\t\t\t\t<h2 class=\"elementor-heading-title elementor-size-default\">bokhyllan som v\u00e4xer med dig<\/h2>\t\t\t\t<\/div>\n\t\t\t\t<div class=\"elementor-element elementor-element-a016b49 elementor-widget elementor-widget-text-editor\" data-id=\"a016b49\" data-element_type=\"widget\" data-e-type=\"widget\" data-widget_type=\"text-editor.default\">\n\t\t\t\t\t\t\t\t\tH\u00f6gklint \u00e4r v\u00e5r hyllserie f\u00f6r dig som vill ha en bokhylla som b\u00e5de lyfter rummet och l\u00e5ter samlingen ta plats. B\u00f6rja litet eller bygg stort \u2013 hyllsystemet anpassas efter rummets m\u00e5tt och din vision. Med valbara sektioner, material och ytbehandlingar kan du skapa en helhetsl\u00f6sning som k\u00e4nns sj\u00e4lvklar i hemmet.\t\t\t\t\t\t\t\t<\/div>\n\t\t\t\t<div class=\"elementor-element elementor-element-c01ad88 elementor-align-left elementor-widget elementor-widget-button\" data-id=\"c01ad88\" data-element_type=\"widget\" data-e-type=\"widget\" data-widget_type=\"button.default\">\n\t\t\t\t\t\t\t\t\t\t<a class=\"elementor-button elementor-button-link elementor-size-sm elementor-animation-float\" href=\"https:\/\/gad.se\/nb\/kollektioner\/hogklint-serie\/\">\n\t\t\t\t\t\t<span class=\"elementor-button-content-wrapper\">\n\t\t\t\t\t\t<span class=\"elementor-button-icon\">\n\t\t\t\t<svg aria-hidden=\"true\" class=\"e-font-icon-svg e-fas-arrow-right\" viewbox=\"0 0 448 512\" xmlns=\"http:\/\/www.w3.org\/2000\/svg\"><path d=\"M190.5 66.9l22.2-22.2c9.4-9.4 24.6-9.4 33.9 0L441 239c9.4 9.4 9.4 24.6 0 33.9L246.6 467.3c-9.4 9.4-24.6 9.4-33.9 0l-22.2-22.2c-9.5-9.5-9.3-25 .4-34.3L311.4 296H24c-13.3 0-24-10.7-24-24v-32c0-13.3 10.7-24 24-24h287.4L190.9 101.2c-9.8-9.3-10-24.8-.4-34.3z\"><\/path><\/svg>\t\t\t<\/span>\n\t\t\t\t\t\t\t\t\t<span class=\"elementor-button-text\">L\u00c4S MER<\/span>\n\t\t\t\t\t<\/span>\n\t\t\t\t\t<\/a>\n\t\t\t\t\t\t\t\t<\/div>\n\t\t\t\t<\/div>\n\t\t<div class=\"elementor-element elementor-element-dc1cdc8 e-con-full e-flex e-con e-child\" data-id=\"dc1cdc8\" data-element_type=\"container\" data-e-type=\"container\">\n\t\t<div class=\"elementor-element elementor-element-094c9ee e-con-full e-flex e-con e-child\" data-id=\"094c9ee\" data-element_type=\"container\" data-e-type=\"container\" data-settings=\"{&quot;background_background&quot;:&quot;classic&quot;}\" link=\"https:\/\/gad.se\/kollektioner\/hogklint\/\">\n\t\t\t\t<\/div>\n\t\t\t\t<\/div>\n\t\t\t\t<\/div>\n\t\t<div class=\"elementor-element elementor-element-fd4a93a e-con-full e-flex e-con e-parent\" data-id=\"fd4a93a\" data-element_type=\"container\" data-e-type=\"container\">\n\t\t<div class=\"elementor-element elementor-element-edff7bc e-con-full e-flex e-con e-child\" data-id=\"edff7bc\" data-element_type=\"container\" data-e-type=\"container\">\n\t\t\t\t<div class=\"elementor-element elementor-element-a87d577 elementor-widget elementor-widget-heading\" data-id=\"a87d577\" data-element_type=\"widget\" data-e-type=\"widget\" data-widget_type=\"heading.default\">\n\t\t\t\t\t<h2 class=\"elementor-heading-title elementor-size-default\">Hur g\u00e5r det till?<\/h2>\t\t\t\t<\/div>\n\t\t<div class=\"elementor-element elementor-element-29daf61 e-con-full e-flex e-con e-child\" data-id=\"29daf61\" data-element_type=\"container\" data-e-type=\"container\">\n\t\t\t\t<div class=\"elementor-element elementor-element-71bd8d9 elementor-widget elementor-widget-heading\" data-id=\"71bd8d9\" data-element_type=\"widget\" data-e-type=\"widget\" data-widget_type=\"heading.default\">\n\t\t\t\t\t<h2 class=\"elementor-heading-title elementor-size-default\">1.V\u00c4LJ SERIE<\/h2>\t\t\t\t<\/div>\n\t\t\t\t<div class=\"elementor-element elementor-element-5df1f28 elementor-widget elementor-widget-text-editor\" data-id=\"5df1f28\" data-element_type=\"widget\" data-e-type=\"widget\" data-widget_type=\"text-editor.default\">\n\t\t\t\t\t\t\t\t\t<p>B\u00f6rja med att v\u00e4lja den m\u00f6belserie som b\u00e4st passar dina behov.<\/p>\t\t\t\t\t\t\t\t<\/div>\n\t\t\t\t<div class=\"elementor-element elementor-element-d613eac elementor-widget elementor-widget-heading\" data-id=\"d613eac\" data-element_type=\"widget\" data-e-type=\"widget\" data-widget_type=\"heading.default\">\n\t\t\t\t\t<h2 class=\"elementor-heading-title elementor-size-default\">2. ANPASSA DESIGNEN<\/h2>\t\t\t\t<\/div>\n\t\t\t\t<div class=\"elementor-element elementor-element-2621992 elementor-widget elementor-widget-text-editor\" data-id=\"2621992\" data-element_type=\"widget\" data-e-type=\"widget\" data-widget_type=\"text-editor.default\">\n\t\t\t\t\t\t\t\t\t<p>I v\u00e5r konfigurator skr\u00e4ddarsyr du varje detalj: m\u00e5tt, moduler, tr\u00e4slag, beslag och ytbehandling.<\/p>\t\t\t\t\t\t\t\t<\/div>\n\t\t\t\t<div class=\"elementor-element elementor-element-ed14d9a elementor-widget elementor-widget-heading\" data-id=\"ed14d9a\" data-element_type=\"widget\" data-e-type=\"widget\" data-widget_type=\"heading.default\">\n\t\t\t\t\t<h2 class=\"elementor-heading-title elementor-size-default\">3. best\u00e4ll med trygghet<\/h2>\t\t\t\t<\/div>\n\t\t\t\t<div class=\"elementor-element elementor-element-4dfdc8a elementor-widget elementor-widget-text-editor\" data-id=\"4dfdc8a\" data-element_type=\"widget\" data-e-type=\"widget\" data-widget_type=\"text-editor.default\">\n\t\t\t\t\t\t\t\t\t<p>N\u00e4r du \u00e4r n\u00f6jd med din design skickas den till v\u00e5r verkstad p\u00e5 Gotland d\u00e4r v\u00e5ra m\u00f6belsnickare bygger m\u00f6beln f\u00f6r hand.<\/p>\t\t\t\t\t\t\t\t<\/div>\n\t\t\t\t<div class=\"elementor-element elementor-element-0da57c7 elementor-widget elementor-widget-heading\" data-id=\"0da57c7\" data-element_type=\"widget\" data-e-type=\"widget\" data-widget_type=\"heading.default\">\n\t\t\t\t\t<h2 class=\"elementor-heading-title elementor-size-default\">4. LEVERANS TILL DIG<\/h2>\t\t\t\t<\/div>\n\t\t\t\t<div class=\"elementor-element elementor-element-7bc3468 elementor-widget elementor-widget-text-editor\" data-id=\"7bc3468\" data-element_type=\"widget\" data-e-type=\"widget\" data-widget_type=\"text-editor.default\">\n\t\t\t\t\t\t\t\t\t<p>N\u00e4r m\u00f6beln \u00e4r f\u00e4rdig levereras den tryggt hem till dig, redo att ta plats i ditt hem och din vardag.<\/p>\t\t\t\t\t\t\t\t<\/div>\n\t\t\t\t<\/div>\n\t\t\t\t<\/div>\n\t\t<div class=\"elementor-element elementor-element-6f1e8c0 e-con-full e-flex e-con e-child\" data-id=\"6f1e8c0\" data-element_type=\"container\" data-e-type=\"container\">\n\t\t<div class=\"elementor-element elementor-element-c6345b3 e-con-full e-flex e-con e-child\" data-id=\"c6345b3\" data-element_type=\"container\" data-e-type=\"container\" data-settings=\"{&quot;background_background&quot;:&quot;classic&quot;}\" link=\"https:\/\/gad.se\/kollektioner\/klinte\/\">\n\t\t\t\t<\/div>\n\t\t\t\t<\/div>\n\t\t\t\t<\/div>\n\t\t<div class=\"elementor-element elementor-element-70f3f11 e-con-full e-flex e-con e-parent\" data-id=\"70f3f11\" data-element_type=\"container\" data-e-type=\"container\">\n\t\t<div class=\"elementor-element elementor-element-c1325ad e-con-full e-flex e-con e-child\" data-id=\"c1325ad\" data-element_type=\"container\" data-e-type=\"container\" data-settings=\"{&quot;background_background&quot;:&quot;classic&quot;}\">\n\t\t<div class=\"elementor-element elementor-element-0074656 e-con-full e-flex e-con e-child\" data-id=\"0074656\" data-element_type=\"container\" data-e-type=\"container\">\n\t\t\t\t<div class=\"elementor-element elementor-element-1b8c05b elementor-widget elementor-widget-heading\" data-id=\"1b8c05b\" data-element_type=\"widget\" data-e-type=\"widget\" data-widget_type=\"heading.default\">\n\t\t\t\t\t<h2 class=\"elementor-heading-title elementor-size-default\">Vill du ha hj\u00e4lp att komma ig\u00e5ng?<\/h2>\t\t\t\t<\/div>\n\t\t\t\t<div class=\"elementor-element elementor-element-38f92a4 elementor-widget elementor-widget-text-editor\" data-id=\"38f92a4\" data-element_type=\"widget\" data-e-type=\"widget\" data-widget_type=\"text-editor.default\">\n\t\t\t\t\t\t\t\t\t<p>Kontakta oss eller bes\u00f6k en av v\u00e5ra \u00e5terf\u00f6rs\u00e4ljare \u2013 s\u00e5 guidar vi dig genom processen. G.A.D st\u00e5r f\u00f6r Gotl\u00e4ndskt gediget hantverk, och det g\u00e4ller i varje steg av resan.<\/p>\t\t\t\t\t\t\t\t<\/div>\n\t\t\t\t<div class=\"elementor-element elementor-element-a272570 elementor-align-left elementor-widget elementor-widget-button\" data-id=\"a272570\" data-element_type=\"widget\" data-e-type=\"widget\" data-widget_type=\"button.default\">\n\t\t\t\t\t\t\t\t\t\t<a class=\"elementor-button elementor-button-link elementor-size-sm elementor-animation-float\" href=\"mailto:info@gad.se\">\n\t\t\t\t\t\t<span class=\"elementor-button-content-wrapper\">\n\t\t\t\t\t\t\t\t\t<span class=\"elementor-button-text\">info@gad.se<\/span>\n\t\t\t\t\t<\/span>\n\t\t\t\t\t<\/a>\n\t\t\t\t\t\t\t\t<\/div>\n\t\t\t\t<\/div>\n\t\t<div class=\"elementor-element elementor-element-c8bc9ea e-con-full e-flex e-con e-child\" data-id=\"c8bc9ea\" data-element_type=\"container\" data-e-type=\"container\">\n\t\t\t\t<div class=\"elementor-element elementor-element-c9547ad elementor-widget elementor-widget-n-accordion\" data-id=\"c9547ad\" data-element_type=\"widget\" data-e-type=\"widget\" data-settings=\"{&quot;default_state&quot;:&quot;all_collapsed&quot;,&quot;n_accordion_animation_duration&quot;:{&quot;unit&quot;:&quot;ms&quot;,&quot;size&quot;:500,&quot;sizes&quot;:[]},&quot;max_items_expended&quot;:&quot;one&quot;}\" data-widget_type=\"nested-accordion.default\">\n\t\t\t\t\t\t\t<div class=\"e-n-accordion\" aria-label=\"Accordion. Open links with Enter or Space, close with Escape, and navigate with Arrow Keys\">\n\t\t\t\t\t\t<details id=\"e-n-accordion-item-2110\" class=\"e-n-accordion-item\" >\n\t\t\t\t<summary class=\"e-n-accordion-item-title\" data-accordion-index=\"1\" tabindex=\"0\" aria-expanded=\"false\" aria-controls=\"e-n-accordion-item-2110\" >\n\t\t\t\t\t<span class='e-n-accordion-item-title-header'><div class=\"e-n-accordion-item-title-text\"> Hur l\u00e5ng \u00e4r leveranstiden f\u00f6r en specialanpassad m\u00f6bel? <\/div><\/span>\n\t\t\t\t\t\t\t\t\t<\/summary>\n\t\t\t\t<div role=\"region\" aria-labelledby=\"e-n-accordion-item-2110\" class=\"elementor-element elementor-element-9aa3ae9 e-con-full e-flex e-con e-child\" data-id=\"9aa3ae9\" data-element_type=\"container\" data-e-type=\"container\">\n\t\t\t\t<div class=\"elementor-element elementor-element-c63f6d2 elementor-widget elementor-widget-text-editor\" data-id=\"c63f6d2\" data-element_type=\"widget\" data-e-type=\"widget\" data-widget_type=\"text-editor.default\">\n\t\t\t\t\t\t\t\t\t<p>Leveranstiden varierar beroende p\u00e5 omfattning och materialval, men r\u00e4kna med cirka 6\u201310 veckor fr\u00e5n best\u00e4llning till leverans.<\/p>\t\t\t\t\t\t\t\t<\/div>\n\t\t\t\t<\/div>\n\t\t\t\t\t<\/details>\n\t\t\t\t\t\t<details id=\"e-n-accordion-item-2111\" class=\"e-n-accordion-item\" >\n\t\t\t\t<summary class=\"e-n-accordion-item-title\" data-accordion-index=\"2\" tabindex=\"-1\" aria-expanded=\"false\" aria-controls=\"e-n-accordion-item-2111\" >\n\t\t\t\t\t<span class='e-n-accordion-item-title-header'><div class=\"e-n-accordion-item-title-text\"> Kan jag f\u00e5 hj\u00e4lp med designen? <\/div><\/span>\n\t\t\t\t\t\t\t\t\t<\/summary>\n\t\t\t\t<div role=\"region\" aria-labelledby=\"e-n-accordion-item-2111\" class=\"elementor-element elementor-element-5ba2bc0 e-con-full e-flex e-con e-child\" data-id=\"5ba2bc0\" data-element_type=\"container\" data-e-type=\"container\">\n\t\t\t\t<div class=\"elementor-element elementor-element-a32a767 elementor-widget elementor-widget-text-editor\" data-id=\"a32a767\" data-element_type=\"widget\" data-e-type=\"widget\" data-widget_type=\"text-editor.default\">\n\t\t\t\t\t\t\t\t\t<p>Absolut. V\u00e5r kundservice och v\u00e5ra \u00e5terf\u00f6rs\u00e4ljare hj\u00e4lper g\u00e4rna till med r\u00e5dgivning kring val av moduler, material och kombinationer.<\/p>\t\t\t\t\t\t\t\t<\/div>\n\t\t\t\t<\/div>\n\t\t\t\t\t<\/details>\n\t\t\t\t\t\t<details id=\"e-n-accordion-item-2112\" class=\"e-n-accordion-item\" >\n\t\t\t\t<summary class=\"e-n-accordion-item-title\" data-accordion-index=\"3\" tabindex=\"-1\" aria-expanded=\"false\" aria-controls=\"e-n-accordion-item-2112\" >\n\t\t\t\t\t<span class='e-n-accordion-item-title-header'><div class=\"e-n-accordion-item-title-text\"> Vilka material kan jag v\u00e4lja mellan? <\/div><\/span>\n\t\t\t\t\t\t\t\t\t<\/summary>\n\t\t\t\t<div role=\"region\" aria-labelledby=\"e-n-accordion-item-2112\" class=\"elementor-element elementor-element-42a1877 e-con-full e-flex e-con e-child\" data-id=\"42a1877\" data-element_type=\"container\" data-e-type=\"container\">\n\t\t\t\t<div class=\"elementor-element elementor-element-87f91ec elementor-widget elementor-widget-text-editor\" data-id=\"87f91ec\" data-element_type=\"widget\" data-e-type=\"widget\" data-widget_type=\"text-editor.default\">\n\t\t\t\t\t\t\t\t\t<p data-start=\"3249\" data-end=\"3399\">Vi erbjuder fr\u00e4mst massivt bj\u00f6rk, ek och valn\u00f6t. Ytbehandlingar inkluderar s\u00e5pa, olja och pigmenterad olja.<\/p>\t\t\t\t\t\t\t\t<\/div>\n\t\t\t\t<\/div>\n\t\t\t\t\t<\/details>\n\t\t\t\t\t\t<details id=\"e-n-accordion-item-2113\" class=\"e-n-accordion-item\" >\n\t\t\t\t<summary class=\"e-n-accordion-item-title\" data-accordion-index=\"4\" tabindex=\"-1\" aria-expanded=\"false\" aria-controls=\"e-n-accordion-item-2113\" >\n\t\t\t\t\t<span class='e-n-accordion-item-title-header'><div class=\"e-n-accordion-item-title-text\"> Kan m\u00f6blerna platsbyggas? <\/div><\/span>\n\t\t\t\t\t\t\t\t\t<\/summary>\n\t\t\t\t<div role=\"region\" aria-labelledby=\"e-n-accordion-item-2113\" class=\"elementor-element elementor-element-282cbbd e-con-full e-flex e-con e-child\" data-id=\"282cbbd\" data-element_type=\"container\" data-e-type=\"container\">\n\t\t\t\t<div class=\"elementor-element elementor-element-494fc7c elementor-widget elementor-widget-text-editor\" data-id=\"494fc7c\" data-element_type=\"widget\" data-e-type=\"widget\" data-widget_type=\"text-editor.default\">\n\t\t\t\t\t\t\t\t\t<p>V\u00e5ra system \u00e4r mycket flexibla och kan anpassas till m\u00e5nga olika rum och m\u00e5tt. \u00c4ven om vi inte platsbygger p\u00e5 plats, kan vi ofta ta fram l\u00f6sningar som upplevs som platsbyggda.<\/p>\t\t\t\t\t\t\t\t<\/div>\n\t\t\t\t<\/div>\n\t\t\t\t\t<\/details>\n\t\t\t\t\t\t<details id=\"e-n-accordion-item-2114\" class=\"e-n-accordion-item\" >\n\t\t\t\t<summary class=\"e-n-accordion-item-title\" data-accordion-index=\"5\" tabindex=\"-1\" aria-expanded=\"false\" aria-controls=\"e-n-accordion-item-2114\" >\n\t\t\t\t\t<span class='e-n-accordion-item-title-header'><div class=\"e-n-accordion-item-title-text\"> \u00c4r m\u00f6blerna f\u00e4rdigmonterade vid leverans? <\/div><\/span>\n\t\t\t\t\t\t\t\t\t<\/summary>\n\t\t\t\t<div role=\"region\" aria-labelledby=\"e-n-accordion-item-2114\" class=\"elementor-element elementor-element-e2d8ee1 e-con-full e-flex e-con e-child\" data-id=\"e2d8ee1\" data-element_type=\"container\" data-e-type=\"container\">\n\t\t\t\t<div class=\"elementor-element elementor-element-d004583 elementor-widget elementor-widget-text-editor\" data-id=\"d004583\" data-element_type=\"widget\" data-e-type=\"widget\" data-widget_type=\"text-editor.default\">\n\t\t\t\t\t\t\t\t\t<p>De flesta m\u00f6bler levereras monterade eller med minimal montering. Du f\u00e5r tydliga instruktioner vid behov.<\/p>\t\t\t\t\t\t\t\t<\/div>\n\t\t\t\t<\/div>\n\t\t\t\t\t<\/details>\n\t\t\t\t\t<\/div>\n\t\t\t\t\t\t<\/div>\n\t\t\t\t<\/div>\n\t\t\t\t<\/div>\n\t\t\t\t<\/div>\n\t\t\t\t<\/div>","protected":false},"excerpt":{"rendered":"<p>Konfigurera din egen m\u00f6bel Hos GAD str\u00e4var vi efter att skapa m\u00f6bler som \u00e4r lika personliga som de hem de f\u00e5r pryda. Med v\u00e5rt system f\u00f6r att bygga din egen m\u00f6bel f\u00e5r du m\u00f6jlighet att vara medskapare \u2013 fr\u00e5n id\u00e9 till f\u00e4rdig m\u00f6bel. Vi kombinerar klassiskt hantverk med modern flexibilitet och l\u00e5ter dig anpassa v\u00e5ra [&hellip;]<\/p>\n","protected":false},"author":1,"featured_media":0,"parent":0,"menu_order":0,"comment_status":"closed","ping_status":"closed","template":"","meta":{"_acf_changed":false,"footnotes":""},"class_list":["post-1153","page","type-page","status-publish","hentry"],"acf":[],"_links":{"self":[{"href":"https:\/\/gad.se\/nb\/wp-json\/wp\/v2\/pages\/1153","targetHints":{"allow":["GET"]}}],"collection":[{"href":"https:\/\/gad.se\/nb\/wp-json\/wp\/v2\/pages"}],"about":[{"href":"https:\/\/gad.se\/nb\/wp-json\/wp\/v2\/types\/page"}],"author":[{"embeddable":true,"href":"https:\/\/gad.se\/nb\/wp-json\/wp\/v2\/users\/1"}],"replies":[{"embeddable":true,"href":"https:\/\/gad.se\/nb\/wp-json\/wp\/v2\/comments?post=1153"}],"version-history":[{"count":6,"href":"https:\/\/gad.se\/nb\/wp-json\/wp\/v2\/pages\/1153\/revisions"}],"predecessor-version":[{"id":7314,"href":"https:\/\/gad.se\/nb\/wp-json\/wp\/v2\/pages\/1153\/revisions\/7314"}],"wp:attachment":[{"href":"https:\/\/gad.se\/nb\/wp-json\/wp\/v2\/media?parent=1153"}],"curies":[{"name":"wp","href":"https:\/\/api.w.org\/{rel}","templated":true}]}}