{"id":1467,"date":"2025-05-21T08:47:51","date_gmt":"2025-05-21T08:47:51","guid":{"rendered":"https:\/\/gad.se\/?page_id=1467"},"modified":"2026-03-23T07:40:30","modified_gmt":"2026-03-23T07:40:30","slug":"goteborg","status":"publish","type":"page","link":"https:\/\/gad.se\/nb\/showrooms\/goteborg\/","title":{"rendered":"G\u00f6teborg"},"content":{"rendered":"<div data-elementor-type=\"wp-page\" data-elementor-id=\"1467\" class=\"elementor elementor-1467\" data-elementor-post-type=\"page\">\n\t\t\t\t<div class=\"elementor-element elementor-element-de2adba e-con-full e-flex e-con e-parent\" data-id=\"de2adba\" data-element_type=\"container\" data-e-type=\"container\">\n\t\t<div class=\"elementor-element elementor-element-2f59280 e-con-full e-flex e-con e-child\" data-id=\"2f59280\" data-element_type=\"container\" data-e-type=\"container\">\n\t\t\t\t<div class=\"elementor-element elementor-element-e5c10a2 elementor-widget elementor-widget-woocommerce-breadcrumb\" data-id=\"e5c10a2\" data-element_type=\"widget\" data-e-type=\"widget\" data-widget_type=\"woocommerce-breadcrumb.default\">\n\t\t\t\t\t<nav class=\"woocommerce-breadcrumb\" aria-label=\"Breadcrumb\" data-no-translation=\"\" data-trp-gettext=\"\">Hjem<\/nav>\t\t\t\t<\/div>\n\t\t\t\t<div class=\"elementor-element elementor-element-ca326c0 elementor-widget elementor-widget-heading\" data-id=\"ca326c0\" data-element_type=\"widget\" data-e-type=\"widget\" data-widget_type=\"heading.default\">\n\t\t\t\t\t<h2 class=\"elementor-heading-title elementor-size-default\">G\u00f6teborg<\/h2>\t\t\t\t<\/div>\n\t\t\t\t<div class=\"elementor-element elementor-element-4b58aec elementor-widget elementor-widget-text-editor\" data-id=\"4b58aec\" data-element_type=\"widget\" data-e-type=\"widget\" data-widget_type=\"text-editor.default\">\n\t\t\t\t\t\t\t\t\t<p>V\u00e4lkommen till oss p\u00e5 G.A.D G\u00f6teborg! Du hittar v\u00e5r butik p\u00e5 Postgatan 31 i G\u00f6teborg, ett stenkast fr\u00e5n Nordstan och Gustav Adolfs Torg. Hit kan du komma f\u00f6r att se v\u00e5ra m\u00f6bler med egna \u00f6gon, eller bara prata med oss. Vill du ha hj\u00e4lp med att konfigurera m\u00f6bler eller g\u00f6ra en best\u00e4llning \u00e4r du varmt v\u00e4lkommen att komma f\u00f6rbi p\u00e5 ett spontant bes\u00f6k.<\/p><p><strong>\u00d6ppettider p\u00e5sk:<br \/><\/strong>Sk\u00e4rtorsdagen: 11-16<br \/>L\u00e5ngfredagen: St\u00e4ngt<br \/>P\u00e5skafton:\u00a0 St\u00e4ngt<br \/>P\u00e5skdagen: St\u00e4ngt\u00a0<br \/>Annandag p\u00e5sk: St\u00e4ngt<\/p><p><strong>\u00d6ppettider:<\/strong><br \/>Tisdag: 11:00\u201318:00<br \/>Onsdag: 11:00\u201318:00<br \/>Torsdag: 11:00\u201318:00<br \/>Fredag: 11:00\u201318:00<br \/>L\u00f6rdag: 11:00\u201316:00<\/p><p><strong>Kontaktuppgifter<\/strong><\/p><p>0730-98 54 19<br \/><a title=\"mailto:goteborg@gad.se \" href=\"mailto:goteborg@gad.se\">goteborg@gad.se<\/a><\/p>\t\t\t\t\t\t\t\t<\/div>\n\t\t\t\t<div class=\"elementor-element elementor-element-929ca84 e-grid-align-left elementor-shape-rounded elementor-grid-0 elementor-widget elementor-widget-social-icons\" data-id=\"929ca84\" data-element_type=\"widget\" data-e-type=\"widget\" data-widget_type=\"social-icons.default\">\n\t\t\t\t\t\t\t<div class=\"elementor-social-icons-wrapper elementor-grid\" role=\"list\">\n\t\t\t\t\t\t\t<span class=\"elementor-grid-item\" role=\"listitem\">\n\t\t\t\t\t<a class=\"elementor-icon elementor-social-icon elementor-social-icon-facebook elementor-repeater-item-fe43dae\" href=\"https:\/\/www.facebook.com\/gadbutikochshowroom\/?locale=sv_SE\" target=\"_blank\" rel=\"noopener\">\n\t\t\t\t\t\t<span class=\"elementor-screen-only\">Facebook<\/span>\n\t\t\t\t\t\t<svg aria-hidden=\"true\" class=\"e-font-icon-svg e-fab-facebook\" viewbox=\"0 0 512 512\" xmlns=\"http:\/\/www.w3.org\/2000\/svg\"><path d=\"M504 256C504 119 393 8 256 8S8 119 8 256c0 123.78 90.69 226.38 209.25 245V327.69h-63V256h63v-54.64c0-62.15 37-96.48 93.67-96.48 27.14 0 55.52 4.84 55.52 4.84v61h-31.28c-30.8 0-40.41 19.12-40.41 38.73V256h68.78l-11 71.69h-57.78V501C413.31 482.38 504 379.78 504 256z\"><\/path><\/svg>\t\t\t\t\t<\/a>\n\t\t\t\t<\/span>\n\t\t\t\t\t\t\t<span class=\"elementor-grid-item\" role=\"listitem\">\n\t\t\t\t\t<a class=\"elementor-icon elementor-social-icon elementor-social-icon-instagram elementor-repeater-item-7b06172\" href=\"https:\/\/www.instagram.com\/gadgoteborg\/\" target=\"_blank\" rel=\"noopener\">\n\t\t\t\t\t\t<span class=\"elementor-screen-only\">Instagram<\/span>\n\t\t\t\t\t\t<svg aria-hidden=\"true\" class=\"e-font-icon-svg e-fab-instagram\" viewbox=\"0 0 448 512\" xmlns=\"http:\/\/www.w3.org\/2000\/svg\"><path d=\"M224.1 141c-63.6 0-114.9 51.3-114.9 114.9s51.3 114.9 114.9 114.9S339 319.5 339 255.9 287.7 141 224.1 141zm0 189.6c-41.1 0-74.7-33.5-74.7-74.7s33.5-74.7 74.7-74.7 74.7 33.5 74.7 74.7-33.6 74.7-74.7 74.7zm146.4-194.3c0 14.9-12 26.8-26.8 26.8-14.9 0-26.8-12-26.8-26.8s12-26.8 26.8-26.8 26.8 12 26.8 26.8zm76.1 27.2c-1.7-35.9-9.9-67.7-36.2-93.9-26.2-26.2-58-34.4-93.9-36.2-37-2.1-147.9-2.1-184.9 0-35.8 1.7-67.6 9.9-93.9 36.1s-34.4 58-36.2 93.9c-2.1 37-2.1 147.9 0 184.9 1.7 35.9 9.9 67.7 36.2 93.9s58 34.4 93.9 36.2c37 2.1 147.9 2.1 184.9 0 35.9-1.7 67.7-9.9 93.9-36.2 26.2-26.2 34.4-58 36.2-93.9 2.1-37 2.1-147.8 0-184.8zM398.8 388c-7.8 19.6-22.9 34.7-42.6 42.6-29.5 11.7-99.5 9-132.1 9s-102.7 2.6-132.1-9c-19.6-7.8-34.7-22.9-42.6-42.6-11.7-29.5-9-99.5-9-132.1s-2.6-102.7 9-132.1c7.8-19.6 22.9-34.7 42.6-42.6 29.5-11.7 99.5-9 132.1-9s102.7-2.6 132.1 9c19.6 7.8 34.7 22.9 42.6 42.6 11.7 29.5 9 99.5 9 132.1s2.7 102.7-9 132.1z\"><\/path><\/svg>\t\t\t\t\t<\/a>\n\t\t\t\t<\/span>\n\t\t\t\t\t<\/div>\n\t\t\t\t\t\t<\/div>\n\t\t\t\t<\/div>\n\t\t<div class=\"elementor-element elementor-element-9159b82 e-con-full e-flex e-con e-child\" data-id=\"9159b82\" data-element_type=\"container\" data-e-type=\"container\" data-settings=\"{&quot;background_background&quot;:&quot;classic&quot;}\">\n\t\t\t\t<\/div>\n\t\t\t\t<\/div>\n\t\t\t\t<\/div>","protected":false},"excerpt":{"rendered":"<p>G\u00f6teborg V\u00e4lkommen till oss p\u00e5 G.A.D G\u00f6teborg! Du hittar v\u00e5r butik p\u00e5 Postgatan 31 i G\u00f6teborg, ett stenkast fr\u00e5n Nordstan och Gustav Adolfs Torg. Hit kan du komma f\u00f6r att se v\u00e5ra m\u00f6bler med egna \u00f6gon, eller bara prata med oss. Vill du ha hj\u00e4lp med att konfigurera m\u00f6bler eller g\u00f6ra en best\u00e4llning \u00e4r du [&hellip;]<\/p>\n","protected":false},"author":1,"featured_media":0,"parent":284,"menu_order":0,"comment_status":"closed","ping_status":"closed","template":"","meta":{"_acf_changed":false,"footnotes":""},"class_list":["post-1467","page","type-page","status-publish","hentry"],"acf":[],"_links":{"self":[{"href":"https:\/\/gad.se\/nb\/wp-json\/wp\/v2\/pages\/1467","targetHints":{"allow":["GET"]}}],"collection":[{"href":"https:\/\/gad.se\/nb\/wp-json\/wp\/v2\/pages"}],"about":[{"href":"https:\/\/gad.se\/nb\/wp-json\/wp\/v2\/types\/page"}],"author":[{"embeddable":true,"href":"https:\/\/gad.se\/nb\/wp-json\/wp\/v2\/users\/1"}],"replies":[{"embeddable":true,"href":"https:\/\/gad.se\/nb\/wp-json\/wp\/v2\/comments?post=1467"}],"version-history":[{"count":18,"href":"https:\/\/gad.se\/nb\/wp-json\/wp\/v2\/pages\/1467\/revisions"}],"predecessor-version":[{"id":7776,"href":"https:\/\/gad.se\/nb\/wp-json\/wp\/v2\/pages\/1467\/revisions\/7776"}],"up":[{"embeddable":true,"href":"https:\/\/gad.se\/nb\/wp-json\/wp\/v2\/pages\/284"}],"wp:attachment":[{"href":"https:\/\/gad.se\/nb\/wp-json\/wp\/v2\/media?parent=1467"}],"curies":[{"name":"wp","href":"https:\/\/api.w.org\/{rel}","templated":true}]}}