{"id":1526,"date":"2025-05-21T10:43:14","date_gmt":"2025-05-21T10:43:14","guid":{"rendered":"https:\/\/gad.se\/?page_id=1526"},"modified":"2026-01-20T12:31:56","modified_gmt":"2026-01-20T12:31:56","slug":"kontakt","status":"publish","type":"page","link":"https:\/\/gad.se\/nb\/kontakt\/","title":{"rendered":"Kontakt"},"content":{"rendered":"<div data-elementor-type=\"wp-page\" data-elementor-id=\"1526\" class=\"elementor elementor-1526\" data-elementor-post-type=\"page\">\n\t\t\t\t<div class=\"elementor-element elementor-element-d97cefd e-flex e-con-boxed e-con e-parent\" data-id=\"d97cefd\" data-element_type=\"container\" data-e-type=\"container\">\n\t\t\t\t\t<div class=\"e-con-inner\">\n\t\t<div class=\"elementor-element elementor-element-046703a e-con-full e-flex e-con e-child\" data-id=\"046703a\" data-element_type=\"container\" data-e-type=\"container\" data-settings=\"{&quot;background_background&quot;:&quot;classic&quot;}\">\n\t\t<div class=\"elementor-element elementor-element-466c013 e-con-full e-flex e-con e-child\" data-id=\"466c013\" data-element_type=\"container\" data-e-type=\"container\">\n\t\t\t\t<div class=\"elementor-element elementor-element-535c8c2 elementor-widget__width-initial elementor-widget-mobile__width-initial elementor-widget elementor-widget-heading\" data-id=\"535c8c2\" data-element_type=\"widget\" data-e-type=\"widget\" data-widget_type=\"heading.default\">\n\t\t\t\t\t<h2 class=\"elementor-heading-title elementor-size-default\">Beh\u00f6ver du komma i kontakt med oss?<\/h2>\t\t\t\t<\/div>\n\t\t\t\t<div class=\"elementor-element elementor-element-308d5c4 elementor-widget elementor-widget-text-editor\" data-id=\"308d5c4\" data-element_type=\"widget\" data-e-type=\"widget\" data-widget_type=\"text-editor.default\">\n\t\t\t\t\t\t\t\t\t<p>Vi finns tillg\u00e4ngliga f\u00f6r att svara p\u00e5 fr\u00e5gor, hj\u00e4lpa till med best\u00e4llningar, samt f\u00f6r att boka in m\u00f6ten och konsultationer p\u00e5 v\u00e5ra showrooms. Skicka ett mejl till oss s\u00e5 \u00e5terkommer vi snarast.<\/p>\t\t\t\t\t\t\t\t<\/div>\n\t\t\t\t<div class=\"elementor-element elementor-element-ff6d5d3 elementor-align-left elementor-mobile-align-center elementor-widget elementor-widget-button\" data-id=\"ff6d5d3\" data-element_type=\"widget\" data-e-type=\"widget\" data-widget_type=\"button.default\">\n\t\t\t\t\t\t\t\t\t\t<a class=\"elementor-button elementor-button-link elementor-size-sm elementor-animation-float\" href=\"mailto:info@gad.se\">\n\t\t\t\t\t\t<span class=\"elementor-button-content-wrapper\">\n\t\t\t\t\t\t<span class=\"elementor-button-icon\">\n\t\t\t\t<svg aria-hidden=\"true\" class=\"e-font-icon-svg e-fas-arrow-right\" viewbox=\"0 0 448 512\" xmlns=\"http:\/\/www.w3.org\/2000\/svg\"><path d=\"M190.5 66.9l22.2-22.2c9.4-9.4 24.6-9.4 33.9 0L441 239c9.4 9.4 9.4 24.6 0 33.9L246.6 467.3c-9.4 9.4-24.6 9.4-33.9 0l-22.2-22.2c-9.5-9.5-9.3-25 .4-34.3L311.4 296H24c-13.3 0-24-10.7-24-24v-32c0-13.3 10.7-24 24-24h287.4L190.9 101.2c-9.8-9.3-10-24.8-.4-34.3z\"><\/path><\/svg>\t\t\t<\/span>\n\t\t\t\t\t\t\t\t\t<span class=\"elementor-button-text\">info@gad.se<\/span>\n\t\t\t\t\t<\/span>\n\t\t\t\t\t<\/a>\n\t\t\t\t\t\t\t\t<\/div>\n\t\t\t\t<\/div>\n\t\t<div class=\"elementor-element elementor-element-4c32c50 e-con-full e-flex e-con e-child\" data-id=\"4c32c50\" data-element_type=\"container\" data-e-type=\"container\" data-settings=\"{&quot;background_background&quot;:&quot;classic&quot;}\">\n\t\t\t\t<\/div>\n\t\t\t\t<\/div>\n\t\t\t\t\t<\/div>\n\t\t\t\t<\/div>\n\t\t<div class=\"elementor-element elementor-element-5a4b91f e-flex e-con-boxed e-con e-parent\" data-id=\"5a4b91f\" data-element_type=\"container\" data-e-type=\"container\">\n\t\t\t\t\t<div class=\"e-con-inner\">\n\t\t\t\t<div class=\"elementor-element elementor-element-9299b96 elementor-widget elementor-widget-heading\" data-id=\"9299b96\" data-element_type=\"widget\" data-e-type=\"widget\" data-widget_type=\"heading.default\">\n\t\t\t\t\t<h2 class=\"elementor-heading-title elementor-size-default\">Kontakta v\u00e5ra butiker<\/h2>\t\t\t\t<\/div>\n\t\t<div class=\"elementor-element elementor-element-f9a5f3b e-con-full e-flex e-con e-child\" data-id=\"f9a5f3b\" data-element_type=\"container\" data-e-type=\"container\">\n\t\t<div class=\"elementor-element elementor-element-06208a6 e-con-full e-flex e-con e-child\" data-id=\"06208a6\" data-element_type=\"container\" data-e-type=\"container\" data-settings=\"{&quot;background_background&quot;:&quot;classic&quot;}\">\n\t\t\t\t<div class=\"elementor-element elementor-element-16844ce elementor-widget elementor-widget-heading\" data-id=\"16844ce\" data-element_type=\"widget\" data-e-type=\"widget\" data-widget_type=\"heading.default\">\n\t\t\t\t\t<h2 class=\"elementor-heading-title elementor-size-default\">Visby<\/h2>\t\t\t\t<\/div>\n\t\t\t\t<div class=\"elementor-element elementor-element-e34037e elementor-widget elementor-widget-text-editor\" data-id=\"e34037e\" data-element_type=\"widget\" data-e-type=\"widget\" data-widget_type=\"text-editor.default\">\n\t\t\t\t\t\t\t\t\t<p>Klosterbrunnsgatan 1<br \/><a title=\"0498248230\" href=\"http:\/\/0498248230\/\">0498-248230<br \/><\/a><a title=\"mailto:visby@gad.se\" href=\"mailto:visby@gad.se\">visby@gad.se<\/a><\/p><p><strong>\u00d6ppettider<\/strong><br \/>Torsdag &amp; Fredag 11.00-17.00<br \/>L\u00f6rdag 11-15<\/p>\t\t\t\t\t\t\t\t<\/div>\n\t\t\t\t<div class=\"elementor-element elementor-element-c1325a6 elementor-align-left elementor-widget elementor-widget-button\" data-id=\"c1325a6\" data-element_type=\"widget\" data-e-type=\"widget\" data-widget_type=\"button.default\">\n\t\t\t\t\t\t\t\t\t\t<a class=\"elementor-button elementor-button-link elementor-size-sm elementor-animation-float\" href=\"https:\/\/gad.se\/nb\/showrooms\/visby\/\">\n\t\t\t\t\t\t<span class=\"elementor-button-content-wrapper\">\n\t\t\t\t\t\t\t\t\t<span class=\"elementor-button-text\">L\u00c4S MER<\/span>\n\t\t\t\t\t<\/span>\n\t\t\t\t\t<\/a>\n\t\t\t\t\t\t\t\t<\/div>\n\t\t\t\t<\/div>\n\t\t<div class=\"elementor-element elementor-element-e0b1246 e-con-full e-flex e-con e-child\" data-id=\"e0b1246\" data-element_type=\"container\" data-e-type=\"container\" data-settings=\"{&quot;background_background&quot;:&quot;classic&quot;}\">\n\t\t\t\t<div class=\"elementor-element elementor-element-4f0b695 elementor-widget elementor-widget-heading\" data-id=\"4f0b695\" data-element_type=\"widget\" data-e-type=\"widget\" data-widget_type=\"heading.default\">\n\t\t\t\t\t<h2 class=\"elementor-heading-title elementor-size-default\">G\u00f6teborg<\/h2>\t\t\t\t<\/div>\n\t\t\t\t<div class=\"elementor-element elementor-element-515b61f elementor-widget elementor-widget-text-editor\" data-id=\"515b61f\" data-element_type=\"widget\" data-e-type=\"widget\" data-widget_type=\"text-editor.default\">\n\t\t\t\t\t\t\t\t\t<p>Postgatan 31<br \/>0730-98 54 19<br \/><a title=\"mailto:goteborg@gad.se \" href=\"mailto:goteborg@gad.se\">goteborg@gad.se<\/a><\/p><p><strong>\u00d6ppettider<\/strong><br \/>Tisdag-fredag 11-18<br \/>L\u00f6rdag 11-16<\/p>\t\t\t\t\t\t\t\t<\/div>\n\t\t\t\t<div class=\"elementor-element elementor-element-62b3a6f elementor-align-left elementor-widget elementor-widget-button\" data-id=\"62b3a6f\" data-element_type=\"widget\" data-e-type=\"widget\" data-widget_type=\"button.default\">\n\t\t\t\t\t\t\t\t\t\t<a class=\"elementor-button elementor-button-link elementor-size-sm elementor-animation-float\" href=\"https:\/\/gad.se\/nb\/showrooms\/goteborg\/\">\n\t\t\t\t\t\t<span class=\"elementor-button-content-wrapper\">\n\t\t\t\t\t\t\t\t\t<span class=\"elementor-button-text\">L\u00c4S MER<\/span>\n\t\t\t\t\t<\/span>\n\t\t\t\t\t<\/a>\n\t\t\t\t\t\t\t\t<\/div>\n\t\t\t\t<\/div>\n\t\t<div class=\"elementor-element elementor-element-cda4f76 e-con-full e-flex e-con e-child\" data-id=\"cda4f76\" data-element_type=\"container\" data-e-type=\"container\" data-settings=\"{&quot;background_background&quot;:&quot;classic&quot;}\">\n\t\t\t\t<div class=\"elementor-element elementor-element-8bbe8c3 elementor-widget elementor-widget-heading\" data-id=\"8bbe8c3\" data-element_type=\"widget\" data-e-type=\"widget\" data-widget_type=\"heading.default\">\n\t\t\t\t\t<h2 class=\"elementor-heading-title elementor-size-default\">Stockholm<\/h2>\t\t\t\t<\/div>\n\t\t\t\t<div class=\"elementor-element elementor-element-d2461b2 elementor-widget elementor-widget-text-editor\" data-id=\"d2461b2\" data-element_type=\"widget\" data-e-type=\"widget\" data-widget_type=\"text-editor.default\">\n\t\t\t\t\t\t\t\t\t<p>Tegn\u00e9rgatan 4<br \/><a href=\"tel:+46854548008\">08-545 480 08<\/a><br \/><a href=\"mailto:gadstockholm@gad.se\">gadstockholm@gad.se<\/a><\/p><p><strong>\u00d6ppettider<\/strong><br \/>Tisdag-fredag 11-18<br \/>L\u00f6rdag 11-16<\/p>\t\t\t\t\t\t\t\t<\/div>\n\t\t\t\t<div class=\"elementor-element elementor-element-01abacb elementor-align-left elementor-widget elementor-widget-button\" data-id=\"01abacb\" data-element_type=\"widget\" data-e-type=\"widget\" data-widget_type=\"button.default\">\n\t\t\t\t\t\t\t\t\t\t<a class=\"elementor-button elementor-button-link elementor-size-sm elementor-animation-float\" href=\"https:\/\/gad.se\/nb\/showrooms\/stockholm\/\">\n\t\t\t\t\t\t<span class=\"elementor-button-content-wrapper\">\n\t\t\t\t\t\t\t\t\t<span class=\"elementor-button-text\">L\u00c4S MER<\/span>\n\t\t\t\t\t<\/span>\n\t\t\t\t\t<\/a>\n\t\t\t\t\t\t\t\t<\/div>\n\t\t\t\t<\/div>\n\t\t\t\t<\/div>\n\t\t\t\t\t<\/div>\n\t\t\t\t<\/div>\n\t\t<div class=\"elementor-element elementor-element-9216815 e-flex e-con-boxed e-con e-parent\" data-id=\"9216815\" data-element_type=\"container\" data-e-type=\"container\">\n\t\t\t\t\t<div class=\"e-con-inner\">\n\t\t\t\t<div class=\"elementor-element elementor-element-cd4bbaf elementor-widget elementor-widget-heading\" data-id=\"cd4bbaf\" data-element_type=\"widget\" data-e-type=\"widget\" data-widget_type=\"heading.default\">\n\t\t\t\t\t<h2 class=\"elementor-heading-title elementor-size-default\">Kontakta v\u00e5ra s\u00e4ljare<\/h2>\t\t\t\t<\/div>\n\t\t<div class=\"elementor-element elementor-element-eef7396 e-con-full e-flex e-con e-child\" data-id=\"eef7396\" data-element_type=\"container\" data-e-type=\"container\">\n\t\t<div class=\"elementor-element elementor-element-2d46b01 e-con-full e-flex e-con e-child\" data-id=\"2d46b01\" data-element_type=\"container\" data-e-type=\"container\" data-settings=\"{&quot;background_background&quot;:&quot;classic&quot;}\">\n\t\t\t\t<div class=\"elementor-element elementor-element-ac669ad elementor-widget elementor-widget-heading\" data-id=\"ac669ad\" data-element_type=\"widget\" data-e-type=\"widget\" data-widget_type=\"heading.default\">\n\t\t\t\t\t<h2 class=\"elementor-heading-title elementor-size-default\">Retail Sales Manager, Sverige, Norge<\/h2>\t\t\t\t<\/div>\n\t\t\t\t<div class=\"elementor-element elementor-element-37b3376 elementor-widget elementor-widget-text-editor\" data-id=\"37b3376\" data-element_type=\"widget\" data-e-type=\"widget\" data-widget_type=\"text-editor.default\">\n\t\t\t\t\t\t\t\t\t<p style=\"font-weight: 400;\"><strong>Peter Th\u00e5str\u00f6m<\/strong><\/p><p style=\"font-weight: 400;\"><a href=\"mailto:peter@gad.se\">peter@gad.se<\/a><br \/>+46\u00a0768 07 26 35<\/p>\t\t\t\t\t\t\t\t<\/div>\n\t\t\t\t<\/div>\n\t\t<div class=\"elementor-element elementor-element-00158df e-con-full e-flex e-con e-child\" data-id=\"00158df\" data-element_type=\"container\" data-e-type=\"container\" data-settings=\"{&quot;background_background&quot;:&quot;classic&quot;}\">\n\t\t\t\t<div class=\"elementor-element elementor-element-3e2db08 elementor-widget elementor-widget-heading\" data-id=\"3e2db08\" data-element_type=\"widget\" data-e-type=\"widget\" data-widget_type=\"heading.default\">\n\t\t\t\t\t<h2 class=\"elementor-heading-title elementor-size-default\">Contract Sales, Retail Export\n<\/h2>\t\t\t\t<\/div>\n\t\t\t\t<div class=\"elementor-element elementor-element-4058b00 elementor-widget elementor-widget-text-editor\" data-id=\"4058b00\" data-element_type=\"widget\" data-e-type=\"widget\" data-widget_type=\"text-editor.default\">\n\t\t\t\t\t\t\t\t\t<h3 style=\"font-weight: 400;\"><strong>H\u00e5kan Nilsson<\/strong><\/h3><p style=\"font-weight: 400;\"><a href=\"mailto:hakan@gad.se\">hakan@gad.se<\/a><br \/>+46\u00a0707 20 29 49<\/p>\t\t\t\t\t\t\t\t<\/div>\n\t\t\t\t<\/div>\n\t\t\t\t<\/div>\n\t\t\t\t\t<\/div>\n\t\t\t\t<\/div>\n\t\t\t\t<\/div>","protected":false},"excerpt":{"rendered":"<p>Beh\u00f6ver du komma i kontakt med oss? Vi finns tillg\u00e4ngliga f\u00f6r att svara p\u00e5 fr\u00e5gor, hj\u00e4lpa till med best\u00e4llningar, samt f\u00f6r att boka in m\u00f6ten och konsultationer p\u00e5 v\u00e5ra showrooms. Skicka ett mejl till oss s\u00e5 \u00e5terkommer vi snarast. info@gad.se Kontakta v\u00e5ra butiker Visby Klosterbrunnsgatan 10498-248230visby@gad.se \u00d6ppettiderTorsdag &amp; Fredag 11.00-17.00L\u00f6rdag 11-15 L\u00c4S MER G\u00f6teborg Postgatan [&hellip;]<\/p>\n","protected":false},"author":1,"featured_media":0,"parent":0,"menu_order":0,"comment_status":"closed","ping_status":"closed","template":"","meta":{"_acf_changed":false,"footnotes":""},"class_list":["post-1526","page","type-page","status-publish","hentry"],"acf":[],"_links":{"self":[{"href":"https:\/\/gad.se\/nb\/wp-json\/wp\/v2\/pages\/1526","targetHints":{"allow":["GET"]}}],"collection":[{"href":"https:\/\/gad.se\/nb\/wp-json\/wp\/v2\/pages"}],"about":[{"href":"https:\/\/gad.se\/nb\/wp-json\/wp\/v2\/types\/page"}],"author":[{"embeddable":true,"href":"https:\/\/gad.se\/nb\/wp-json\/wp\/v2\/users\/1"}],"replies":[{"embeddable":true,"href":"https:\/\/gad.se\/nb\/wp-json\/wp\/v2\/comments?post=1526"}],"version-history":[{"count":9,"href":"https:\/\/gad.se\/nb\/wp-json\/wp\/v2\/pages\/1526\/revisions"}],"predecessor-version":[{"id":6818,"href":"https:\/\/gad.se\/nb\/wp-json\/wp\/v2\/pages\/1526\/revisions\/6818"}],"wp:attachment":[{"href":"https:\/\/gad.se\/nb\/wp-json\/wp\/v2\/media?parent=1526"}],"curies":[{"name":"wp","href":"https:\/\/api.w.org\/{rel}","templated":true}]}}