{"id":160,"date":"2025-05-02T13:20:35","date_gmt":"2025-05-02T13:20:35","guid":{"rendered":"https:\/\/gad.se\/?page_id=160"},"modified":"2025-08-04T15:58:20","modified_gmt":"2025-08-04T15:58:20","slug":"varukorg","status":"publish","type":"page","link":"https:\/\/gad.se\/nb\/varukorg\/","title":{"rendered":"Varukorg"},"content":{"rendered":"<div data-elementor-type=\"wp-page\" data-elementor-id=\"160\" class=\"elementor elementor-160\" data-elementor-post-type=\"page\">\n\t\t\t\t<div class=\"elementor-element elementor-element-c862101 e-flex e-con-boxed e-con e-parent\" data-id=\"c862101\" data-element_type=\"container\" data-e-type=\"container\">\n\t\t\t\t\t<div class=\"e-con-inner\">\n\t\t\t\t\t<\/div>\n\t\t\t\t<\/div>\n\t\t\t\t<\/div>","protected":false},"excerpt":{"rendered":"<p>Ta bort artikel Miniatyrbild Produkt Pris Antal Delsumma &times; Fole Karmstol MATERIAL: Ek (1 000,00&nbsp;&#107;&#114;) YTBEHANDLING: S\u00e5pad B\u00c4KL\u00c4DNAD: Ull F\u00e4rg: Ljusgr\u00e5 RYGGDYNA: Elmol\u00e4der (2 390,00&nbsp;&#107;&#114;) F\u00e4rg: M\u00f6rkrbun 12 840,00&nbsp;&#107;&#114; Fole Karmstol m\u00e4ngd 38 520,00&nbsp;&#107;&#114; &times; Lansa Stol MATERIAL: Ek (900,00&nbsp;&#107;&#114;) YTBEHANDLING: Svartoljad (980,00&nbsp;&#107;&#114;) B\u00c4KL\u00c4DNAD: T\u00e4rnsj\u00f6l\u00e4der (1 400,00&nbsp;&#107;&#114;) BEKL\u00c4DNAD: &nbsp; 10 730,00&nbsp;&#107;&#114; Lansa Stol m\u00e4ngd 10 [&hellip;]<\/p>\n","protected":false},"author":1,"featured_media":0,"parent":0,"menu_order":0,"comment_status":"closed","ping_status":"closed","template":"","meta":{"_acf_changed":false,"footnotes":""},"class_list":["post-160","page","type-page","status-publish","hentry"],"acf":[],"_links":{"self":[{"href":"https:\/\/gad.se\/nb\/wp-json\/wp\/v2\/pages\/160","targetHints":{"allow":["GET"]}}],"collection":[{"href":"https:\/\/gad.se\/nb\/wp-json\/wp\/v2\/pages"}],"about":[{"href":"https:\/\/gad.se\/nb\/wp-json\/wp\/v2\/types\/page"}],"author":[{"embeddable":true,"href":"https:\/\/gad.se\/nb\/wp-json\/wp\/v2\/users\/1"}],"replies":[{"embeddable":true,"href":"https:\/\/gad.se\/nb\/wp-json\/wp\/v2\/comments?post=160"}],"version-history":[{"count":0,"href":"https:\/\/gad.se\/nb\/wp-json\/wp\/v2\/pages\/160\/revisions"}],"wp:attachment":[{"href":"https:\/\/gad.se\/nb\/wp-json\/wp\/v2\/media?parent=160"}],"curies":[{"name":"wp","href":"https:\/\/api.w.org\/{rel}","templated":true}]}}