{"id":19,"date":"2025-05-02T12:31:18","date_gmt":"2025-05-02T12:31:18","guid":{"rendered":"https:\/\/gad.se\/?page_id=19"},"modified":"2025-09-22T10:56:26","modified_gmt":"2025-09-22T10:56:26","slug":"aterbetalning_returer","status":"publish","type":"page","link":"https:\/\/gad.se\/nb\/aterbetalning_returer\/","title":{"rendered":"\u00c5terbetalnings- och returpolicy"},"content":{"rendered":"<div data-elementor-type=\"wp-page\" data-elementor-id=\"19\" class=\"elementor elementor-19\" data-elementor-post-type=\"page\">\n\t\t\t\t<div class=\"elementor-element elementor-element-7f6f7f60 e-flex e-con-boxed e-con e-parent\" data-id=\"7f6f7f60\" data-element_type=\"container\" data-e-type=\"container\">\n\t\t\t\t\t<div class=\"e-con-inner\">\n\t\t\t\t<div class=\"elementor-element elementor-element-56f36b3 elementor-widget-divider--view-line elementor-widget elementor-widget-divider\" data-id=\"56f36b3\" data-element_type=\"widget\" data-e-type=\"widget\" data-widget_type=\"divider.default\">\n\t\t\t\t\t\t\t<div class=\"elementor-divider\">\n\t\t\t<span class=\"elementor-divider-separator\">\n\t\t\t\t\t\t<\/span>\n\t\t<\/div>\n\t\t\t\t\t\t<\/div>\n\t\t\t\t<div class=\"elementor-element elementor-element-776c5da elementor-widget elementor-widget-heading\" data-id=\"776c5da\" data-element_type=\"widget\" data-e-type=\"widget\" data-widget_type=\"heading.default\">\n\t\t\t\t\t<h2 class=\"elementor-heading-title elementor-size-default\">\u00c5terbetalningspolicy<\/h2>\t\t\t\t<\/div>\n\t\t\t\t<div class=\"elementor-element elementor-element-ea6d972 elementor-widget elementor-widget-text-editor\" data-id=\"ea6d972\" data-element_type=\"widget\" data-e-type=\"widget\" data-widget_type=\"text-editor.default\">\n\t\t\t\t\t\t\t\t\t<p>Alla produkter utom v\u00e5ra m\u00f6bler\u00a0kan returneras inom 14 dagar efter att ni f\u00e5tt er leverans. G\u00e4ller ej om produktens n\u00e4rmaste skyddsf\u00f6rpackning \u00e4r bruten.<\/p>\n<p>V\u00e5ra m\u00f6bler\u00a0kan inte returneras d\u00e5 de \u00e4r tillverkade specifikt f\u00f6r kund.<\/p>\n<p>\u00c5ngerr\u00e4tten g\u00e4ller inte f\u00f6r v\u00e5rt outlet sortiment.\u00a0<\/p>\n<p>Som kund har du alltid 14 dagars \u00e5ngerr\u00e4tt enligt distansavtalslagen. Det inneb\u00e4r att om du k\u00f6per en vara p\u00e5 Internet, har du m\u00f6jlighet att \u00e5ngra k\u00f6pet inom 14 dagar r\u00e4knat fr\u00e5n den dag du tagit emot varan. Observera att detta inte innefattar f\u00e4rg och tapeter fr\u00e5n Farrow &amp; Ball eller best\u00e4llningsvaror som m\u00f6bler som tillverkas direkt f\u00f6r dig. Kontakta alltid oss via e-post p\u00e5 info@gad.se innan du returnerar varan. Brevet ska inneh\u00e5lla ordernummer, eventuellt fakturanummer och vilka varor du vill returnera.<\/p>\n<p>De returnerade varorna ska vara oanv\u00e4nda och i originalf\u00f6rpackning med tillh\u00f6rande emballage. Fri retur g\u00e4ller f\u00f6r varor som skickas som paket (ej pall). En returfraktsedel \u00e4r bifogad i ditt paket. Retur f\u00e5r ej ske som postf\u00f6rskott eller efterkrav. Det g\u00e5r ocks\u00e5 bra att l\u00e4mna varan till G.A.D \u00a0Butik &amp; Showroom i Visby p\u00e5 Klosterbrunnsgatan 1A.<\/p>\n<p>Om du \u00e5ngrat ditt k\u00f6p och skickar\/l\u00e4mnar tillbaka en vara till oss \u00e5terbetalas din varukostnad av Klarna.<br \/>En best\u00e4llning som \u00e4r levererad med Schenker och ej uth\u00e4mtad inom 14 dagar returneras till G.A.D p\u00e5 din bekostnad.<\/p>\n<p><strong>Reklamationer och garanti<\/strong><br \/>Alla produkter har ett \u00e5rs garanti samt tre \u00e5rs reklamationsr\u00e4tt enligt konsumentk\u00f6plagen. Garantin g\u00e4ller fr\u00e5n produktens ursprungliga ink\u00f6psdatum och i Sverige. Ink\u00f6pskvittot eller orderbekr\u00e4ftelsen ska uppvisas. Om varan \u00e4r defekt eller om vi har skickat fel vara st\u00e5r vi f\u00f6r returporto. Kontakta oss snarast eller senast inom 14 dagar p\u00e5 shop@gad.se om du vill g\u00f6ra en reklamation.<\/p>\n<p>T\u00e4nk p\u00e5 att emballera varan v\u00e4l, p\u00e5 samma vis som n\u00e4r den anl\u00e4nde, d\u00e5 du b\u00e4r ansvaret f\u00f6r transporten. Varan ska alltid returneras till G.A.D. Beroende p\u00e5 felets typ skickar vi antingen en ny vara, utf\u00f6r en reparation eller ers\u00e4tter varukostnaden.<\/p>\n<p><strong>Transportskador<\/strong><br \/>Om en transportskada skulle uppst\u00e5 ber vi dig att g\u00f6ra en anm\u00e4lan om skadan till v\u00e5r kundtj\u00e4nst via e-post info@gad.se. Vi f\u00f6ljer konsumentverkets riktlinjer och anm\u00e4lan ska g\u00f6ras inom sk\u00e4lig tid efter det att du m\u00e4rkt eller borde ha m\u00e4rkt felet.<\/p>\n<p><strong>Reservation<\/strong><br \/>Vi reserverar oss mot eventuella felaktigheter i prisuppgifter, produktinformation och lagersaldo. Vi f\u00f6rbeh\u00e5ller oss r\u00e4tten att i efterhand, \u00e4ven efter genomf\u00f6rt k\u00f6p, korrigera de felaktiga uppgifterna.<\/p>\n<p><!-- \/wp:paragraph --><\/p>\t\t\t\t\t\t\t\t<\/div>\n\t\t\t\t\t<\/div>\n\t\t\t\t<\/div>\n\t\t\t\t<\/div>","protected":false},"excerpt":{"rendered":"<p>\u00c5terbetalningspolicy Alla produkter utom v\u00e5ra m\u00f6bler\u00a0kan returneras inom 14 dagar efter att ni f\u00e5tt er leverans. G\u00e4ller ej om produktens n\u00e4rmaste skyddsf\u00f6rpackning \u00e4r bruten. V\u00e5ra m\u00f6bler\u00a0kan inte returneras d\u00e5 de \u00e4r tillverkade specifikt f\u00f6r kund. \u00c5ngerr\u00e4tten g\u00e4ller inte f\u00f6r v\u00e5rt outlet sortiment.\u00a0 Som kund har du alltid 14 dagars \u00e5ngerr\u00e4tt enligt distansavtalslagen. Det inneb\u00e4r att [&hellip;]<\/p>\n","protected":false},"author":1,"featured_media":0,"parent":0,"menu_order":0,"comment_status":"closed","ping_status":"closed","template":"","meta":{"_acf_changed":false,"footnotes":""},"class_list":["post-19","page","type-page","status-publish","hentry"],"acf":[],"_links":{"self":[{"href":"https:\/\/gad.se\/nb\/wp-json\/wp\/v2\/pages\/19","targetHints":{"allow":["GET"]}}],"collection":[{"href":"https:\/\/gad.se\/nb\/wp-json\/wp\/v2\/pages"}],"about":[{"href":"https:\/\/gad.se\/nb\/wp-json\/wp\/v2\/types\/page"}],"author":[{"embeddable":true,"href":"https:\/\/gad.se\/nb\/wp-json\/wp\/v2\/users\/1"}],"replies":[{"embeddable":true,"href":"https:\/\/gad.se\/nb\/wp-json\/wp\/v2\/comments?post=19"}],"version-history":[{"count":0,"href":"https:\/\/gad.se\/nb\/wp-json\/wp\/v2\/pages\/19\/revisions"}],"wp:attachment":[{"href":"https:\/\/gad.se\/nb\/wp-json\/wp\/v2\/media?parent=19"}],"curies":[{"name":"wp","href":"https:\/\/api.w.org\/{rel}","templated":true}]}}