{"id":284,"date":"2025-05-05T08:13:19","date_gmt":"2025-05-05T08:13:19","guid":{"rendered":"https:\/\/gad.se\/?page_id=284"},"modified":"2026-03-10T12:47:08","modified_gmt":"2026-03-10T12:47:08","slug":"showrooms","status":"publish","type":"page","link":"https:\/\/gad.se\/nb\/showrooms\/","title":{"rendered":"Showrooms"},"content":{"rendered":"<div data-elementor-type=\"wp-page\" data-elementor-id=\"284\" class=\"elementor elementor-284\" data-elementor-post-type=\"page\">\n\t\t\t\t<div class=\"elementor-element elementor-element-9d3cb60 e-con-full e-flex e-con e-parent\" data-id=\"9d3cb60\" data-element_type=\"container\" data-e-type=\"container\">\n\t\t<div class=\"elementor-element elementor-element-34454b2 e-con-full e-flex e-con e-child\" data-id=\"34454b2\" data-element_type=\"container\" data-e-type=\"container\" data-settings=\"{&quot;background_background&quot;:&quot;classic&quot;}\">\n\t\t\t\t<\/div>\n\t\t\t\t<div class=\"elementor-element elementor-element-9fae626 elementor-widget elementor-widget-heading\" data-id=\"9fae626\" data-element_type=\"widget\" data-e-type=\"widget\" data-widget_type=\"heading.default\">\n\t\t\t\t\t<h2 class=\"elementor-heading-title elementor-size-default\">V\u00e5ra butiker &amp; showrooms<\/h2>\t\t\t\t<\/div>\n\t\t\t\t<div class=\"elementor-element elementor-element-61e332c elementor-widget elementor-widget-text-editor\" data-id=\"61e332c\" data-element_type=\"widget\" data-e-type=\"widget\" data-widget_type=\"text-editor.default\">\n\t\t\t\t\t\t\t\t\t<p>G.A.D har tre showrooms och butiker i Stockholm, G\u00f6teborg och Visby! Vi finns \u00e4ven tillg\u00e4ngliga hos utvalda \u00e5terf\u00f6rs\u00e4ljare i Sverige, Norge och Storbritannien. L\u00e4s mer om v\u00e5ra butiker eller hitta din n\u00e4rmsta \u00e5terf\u00f6rs\u00e4ljare.<\/p>\t\t\t\t\t\t\t\t<\/div>\n\t\t\t\t<\/div>\n\t\t<div class=\"elementor-element elementor-element-bb211c9 e-con-full e-flex e-con e-parent\" data-id=\"bb211c9\" data-element_type=\"container\" data-e-type=\"container\">\n\t\t<div class=\"elementor-element elementor-element-8dd6806 e-con-full e-flex e-con e-child\" data-id=\"8dd6806\" data-element_type=\"container\" data-e-type=\"container\" data-settings=\"{&quot;background_background&quot;:&quot;classic&quot;}\">\n\t\t\t\t<div class=\"elementor-element elementor-element-538c3de elementor-widget elementor-widget-heading\" data-id=\"538c3de\" data-element_type=\"widget\" data-e-type=\"widget\" data-widget_type=\"heading.default\">\n\t\t\t\t\t<h2 class=\"elementor-heading-title elementor-size-default\">\u00c5terf\u00f6rs\u00e4ljare<\/h2>\t\t\t\t<\/div>\n\t\t\t\t<div class=\"elementor-element elementor-element-2410605 elementor-widget elementor-widget-text-editor\" data-id=\"2410605\" data-element_type=\"widget\" data-e-type=\"widget\" data-widget_type=\"text-editor.default\">\n\t\t\t\t\t\t\t\t\t<p>Hitta din n\u00e4rmsta G.A.D \u00e5terf\u00f6rs\u00e4ljare. Vi finns i Sverige, Norge och England.<\/p>\t\t\t\t\t\t\t\t<\/div>\n\t\t\t\t<div class=\"elementor-element elementor-element-c3daf91 elementor-align-left elementor-widget elementor-widget-button\" data-id=\"c3daf91\" data-element_type=\"widget\" data-e-type=\"widget\" data-widget_type=\"button.default\">\n\t\t\t\t\t\t\t\t\t\t<a class=\"elementor-button elementor-button-link elementor-size-sm elementor-animation-float\" href=\"https:\/\/gad.se\/nb\/aterforsaljare\/\">\n\t\t\t\t\t\t<span class=\"elementor-button-content-wrapper\">\n\t\t\t\t\t\t\t\t\t<span class=\"elementor-button-text\">SE HELA LISTAN<\/span>\n\t\t\t\t\t<\/span>\n\t\t\t\t\t<\/a>\n\t\t\t\t\t\t\t\t<\/div>\n\t\t\t\t<\/div>\n\t\t<div class=\"elementor-element elementor-element-027af8d e-con-full e-flex e-con e-child\" data-id=\"027af8d\" data-element_type=\"container\" data-e-type=\"container\" data-settings=\"{&quot;background_background&quot;:&quot;classic&quot;}\">\n\t\t\t\t<div class=\"elementor-element elementor-element-0191d3b elementor-widget elementor-widget-heading\" data-id=\"0191d3b\" data-element_type=\"widget\" data-e-type=\"widget\" data-widget_type=\"heading.default\">\n\t\t\t\t\t<h2 class=\"elementor-heading-title elementor-size-default\">Stockholm<\/h2>\t\t\t\t<\/div>\n\t\t\t\t<div class=\"elementor-element elementor-element-9c2fd48 elementor-widget elementor-widget-text-editor\" data-id=\"9c2fd48\" data-element_type=\"widget\" data-e-type=\"widget\" data-widget_type=\"text-editor.default\">\n\t\t\t\t\t\t\t\t\t<p>Tegn\u00e9rgatan 4<br \/><a href=\"tel:+46854548008\">08-545 480 08<\/a><br \/><a href=\"mailto:gadstockholm@gad.se\">gadstockholm@gad.se<\/a><\/p><p><strong>\u00d6ppettider<\/strong><br \/>Tisdag-fredag 11-18<br \/>L\u00f6rdag 11-16<\/p>\t\t\t\t\t\t\t\t<\/div>\n\t\t\t\t<div class=\"elementor-element elementor-element-6880efe elementor-align-left elementor-widget elementor-widget-button\" data-id=\"6880efe\" data-element_type=\"widget\" data-e-type=\"widget\" data-widget_type=\"button.default\">\n\t\t\t\t\t\t\t\t\t\t<a class=\"elementor-button elementor-button-link elementor-size-sm elementor-animation-float\" href=\"https:\/\/gad.se\/nb\/showrooms\/stockholm\/\">\n\t\t\t\t\t\t<span class=\"elementor-button-content-wrapper\">\n\t\t\t\t\t\t\t\t\t<span class=\"elementor-button-text\">L\u00c4S MER<\/span>\n\t\t\t\t\t<\/span>\n\t\t\t\t\t<\/a>\n\t\t\t\t\t\t\t\t<\/div>\n\t\t\t\t<\/div>\n\t\t<div class=\"elementor-element elementor-element-8041d8e e-con-full e-flex e-con e-child\" data-id=\"8041d8e\" data-element_type=\"container\" data-e-type=\"container\" data-settings=\"{&quot;background_background&quot;:&quot;classic&quot;}\">\n\t\t\t\t<div class=\"elementor-element elementor-element-6267576 elementor-widget elementor-widget-heading\" data-id=\"6267576\" data-element_type=\"widget\" data-e-type=\"widget\" data-widget_type=\"heading.default\">\n\t\t\t\t\t<h2 class=\"elementor-heading-title elementor-size-default\">G\u00f6teborg<\/h2>\t\t\t\t<\/div>\n\t\t\t\t<div class=\"elementor-element elementor-element-1126dc4 elementor-widget elementor-widget-text-editor\" data-id=\"1126dc4\" data-element_type=\"widget\" data-e-type=\"widget\" data-widget_type=\"text-editor.default\">\n\t\t\t\t\t\t\t\t\t<p>Postgatan 31<br \/>0730-98 54 19<br \/><a title=\"mailto:goteborg@gad.se \" href=\"mailto:goteborg@gad.se\">goteborg@gad.se<\/a><\/p><p><strong>Ny\u00f6ppning! Butiken \u00f6ppnar igen som vanligt den 13\/3. V\u00e4lkommen p\u00e5 ny\u00f6ppning fr\u00e5n 11.00!<br \/><\/strong>Tisdag-fredag 11-18<br \/>L\u00f6rdag 11-16<\/p>\t\t\t\t\t\t\t\t<\/div>\n\t\t\t\t<div class=\"elementor-element elementor-element-e5bfbd2 elementor-align-left elementor-widget elementor-widget-button\" data-id=\"e5bfbd2\" data-element_type=\"widget\" data-e-type=\"widget\" data-widget_type=\"button.default\">\n\t\t\t\t\t\t\t\t\t\t<a class=\"elementor-button elementor-button-link elementor-size-sm elementor-animation-float\" href=\"https:\/\/gad.se\/nb\/showrooms\/goteborg\/\">\n\t\t\t\t\t\t<span class=\"elementor-button-content-wrapper\">\n\t\t\t\t\t\t\t\t\t<span class=\"elementor-button-text\">L\u00c4S MER<\/span>\n\t\t\t\t\t<\/span>\n\t\t\t\t\t<\/a>\n\t\t\t\t\t\t\t\t<\/div>\n\t\t\t\t<\/div>\n\t\t<div class=\"elementor-element elementor-element-134b21c e-con-full e-flex e-con e-child\" data-id=\"134b21c\" data-element_type=\"container\" data-e-type=\"container\" data-settings=\"{&quot;background_background&quot;:&quot;classic&quot;}\">\n\t\t\t\t<div class=\"elementor-element elementor-element-0bd5803 elementor-widget elementor-widget-heading\" data-id=\"0bd5803\" data-element_type=\"widget\" data-e-type=\"widget\" data-widget_type=\"heading.default\">\n\t\t\t\t\t<h2 class=\"elementor-heading-title elementor-size-default\">Visby<\/h2>\t\t\t\t<\/div>\n\t\t\t\t<div class=\"elementor-element elementor-element-56f216b elementor-widget elementor-widget-text-editor\" data-id=\"56f216b\" data-element_type=\"widget\" data-e-type=\"widget\" data-widget_type=\"text-editor.default\">\n\t\t\t\t\t\t\t\t\t<p>Klosterbrunnsgatan 1<br \/><a title=\"0498248230\" href=\"http:\/\/0498248230\/\">0498-248230<br \/><\/a><a title=\"mailto:visby@gad.se\" href=\"mailto:visby@gad.se\">visby@gad.se<\/a><\/p><p><strong>\u00d6ppettider<\/strong><br \/>Torsdag\u2013Fredag: 11.00\u201317.00<br \/>L\u00f6rdag: 11.00\u201316.00<\/p>\t\t\t\t\t\t\t\t<\/div>\n\t\t\t\t<div class=\"elementor-element elementor-element-ab43570 elementor-align-left elementor-widget elementor-widget-button\" data-id=\"ab43570\" data-element_type=\"widget\" data-e-type=\"widget\" data-widget_type=\"button.default\">\n\t\t\t\t\t\t\t\t\t\t<a class=\"elementor-button elementor-button-link elementor-size-sm elementor-animation-float\" href=\"https:\/\/gad.se\/nb\/showrooms\/visby\/\">\n\t\t\t\t\t\t<span class=\"elementor-button-content-wrapper\">\n\t\t\t\t\t\t\t\t\t<span class=\"elementor-button-text\">L\u00c4S MER<\/span>\n\t\t\t\t\t<\/span>\n\t\t\t\t\t<\/a>\n\t\t\t\t\t\t\t\t<\/div>\n\t\t\t\t<\/div>\n\t\t\t\t<\/div>\n\t\t\t\t<\/div>","protected":false},"excerpt":{"rendered":"<p>V\u00e5ra butiker &amp; showrooms G.A.D har tre showrooms och butiker i Stockholm, G\u00f6teborg och Visby! Vi finns \u00e4ven tillg\u00e4ngliga hos utvalda \u00e5terf\u00f6rs\u00e4ljare i Sverige, Norge och Storbritannien. L\u00e4s mer om v\u00e5ra butiker eller hitta din n\u00e4rmsta \u00e5terf\u00f6rs\u00e4ljare. \u00c5terf\u00f6rs\u00e4ljare Hitta din n\u00e4rmsta G.A.D \u00e5terf\u00f6rs\u00e4ljare. Vi finns i Sverige, Norge och England. SE HELA LISTAN Stockholm Tegn\u00e9rgatan [&hellip;]<\/p>\n","protected":false},"author":1,"featured_media":0,"parent":0,"menu_order":0,"comment_status":"closed","ping_status":"closed","template":"","meta":{"_acf_changed":false,"footnotes":""},"class_list":["post-284","page","type-page","status-publish","hentry"],"acf":[],"_links":{"self":[{"href":"https:\/\/gad.se\/nb\/wp-json\/wp\/v2\/pages\/284","targetHints":{"allow":["GET"]}}],"collection":[{"href":"https:\/\/gad.se\/nb\/wp-json\/wp\/v2\/pages"}],"about":[{"href":"https:\/\/gad.se\/nb\/wp-json\/wp\/v2\/types\/page"}],"author":[{"embeddable":true,"href":"https:\/\/gad.se\/nb\/wp-json\/wp\/v2\/users\/1"}],"replies":[{"embeddable":true,"href":"https:\/\/gad.se\/nb\/wp-json\/wp\/v2\/comments?post=284"}],"version-history":[{"count":15,"href":"https:\/\/gad.se\/nb\/wp-json\/wp\/v2\/pages\/284\/revisions"}],"predecessor-version":[{"id":7657,"href":"https:\/\/gad.se\/nb\/wp-json\/wp\/v2\/pages\/284\/revisions\/7657"}],"wp:attachment":[{"href":"https:\/\/gad.se\/nb\/wp-json\/wp\/v2\/media?parent=284"}],"curies":[{"name":"wp","href":"https:\/\/api.w.org\/{rel}","templated":true}]}}