{"id":3,"date":"2025-05-02T07:41:33","date_gmt":"2025-05-02T07:41:33","guid":{"rendered":"https:\/\/gad.se\/?page_id=3"},"modified":"2025-06-02T17:46:48","modified_gmt":"2025-06-02T17:46:48","slug":"privacy-policy","status":"publish","type":"page","link":"https:\/\/gad.se\/nb\/privacy-policy\/","title":{"rendered":"Privacy Policy"},"content":{"rendered":"<div data-elementor-type=\"wp-page\" data-elementor-id=\"3\" class=\"elementor elementor-3\" data-elementor-post-type=\"page\">\n\t\t\t\t<div class=\"elementor-element elementor-element-68893386 e-flex e-con-boxed e-con e-parent\" data-id=\"68893386\" data-element_type=\"container\" data-e-type=\"container\">\n\t\t\t\t\t<div class=\"e-con-inner\">\n\t\t\t\t<div class=\"elementor-element elementor-element-3de8e4c elementor-widget-divider--view-line elementor-widget elementor-widget-divider\" data-id=\"3de8e4c\" data-element_type=\"widget\" data-e-type=\"widget\" data-widget_type=\"divider.default\">\n\t\t\t\t\t\t\t<div class=\"elementor-divider\">\n\t\t\t<span class=\"elementor-divider-separator\">\n\t\t\t\t\t\t<\/span>\n\t\t<\/div>\n\t\t\t\t\t\t<\/div>\n\t\t\t\t<div class=\"elementor-element elementor-element-db959ac elementor-widget elementor-widget-heading\" data-id=\"db959ac\" data-element_type=\"widget\" data-e-type=\"widget\" data-widget_type=\"heading.default\">\n\t\t\t\t\t<h2 class=\"elementor-heading-title elementor-size-default\">Integritetspolicy enligt GDPR<\/h2>\t\t\t\t<\/div>\n\t\t\t\t<div class=\"elementor-element elementor-element-46fd40ad elementor-widget elementor-widget-text-editor\" data-id=\"46fd40ad\" data-element_type=\"widget\" data-e-type=\"widget\" data-widget_type=\"text-editor.default\">\n\t\t\t\t\t\t\t\t\t<p>De personuppgifter du uppger n\u00e4r du g\u00f6r din best\u00e4llning anv\u00e4nder vi f\u00f6r att kunna fullf\u00f6lja v\u00e5ra \u00e5taganden mot dig som kund. Vi dokumenterar dessutom viss kommunikation som vi har med dig via telefon eller e-post, f\u00f6r att kunna ge dig b\u00e4sta service och f\u00f6lja upp dina \u00e4renden. De uppgifter som sparas \u00e4r namn, adress, e-post, telefonnummer och IP-adress. Om du betalar med faktura genom Klarna sparas ditt f\u00f6delsedatum. Aktiebolaget Gotland Art &amp; Design AB anv\u00e4nder krypterad kommunikation via SSL f\u00f6r att s\u00e4kerst\u00e4lla att dina personuppgifter skyddas vid k\u00f6p. Information om kreditkort hanteras endast av Klarna i en f\u00f6rbindelse som \u00e4r s\u00e4ker och krypterad. Vid hantering av dina personuppgifter arbetar vi \u00e4ven efter en intern s\u00e4kerhetspolicy framtagen f\u00f6r att s\u00e4kerst\u00e4lla att vi f\u00f6ljer g\u00e4llande lagkrav. Dina personuppgifter hanteras endast av Aktiebolaget Gotland Art &amp; Design AB och de parter som \u00e4r involverade i hanteringen av ditt k\u00f6p. Dina personuppgifter kommer inte att delas med obeh\u00f6riga. N\u00e4r du har samtyckt med v\u00e5ra k\u00f6pvillkor, och d\u00e4rmed \u00e4ven v\u00e5r Integritetspolicy, sparas dina personuppgifter hos oss i sju \u00e5r. Du har som kund r\u00e4tt att kontakta oss f\u00f6r att f\u00e5 ut information om vilka personuppgifter vi har sparade om dig, m\u00f6jlighet att uppdatera dessa eller att f\u00e5 dem raderade.<\/p><h3>Cookie-filer<\/h3><p>Denna webbplats anv\u00e4nder &#8221;cookies&#8221;. En cookie \u00e4r en liten textfil som webbplatsen du bes\u00f6ker beg\u00e4r att spara p\u00e5 din dator. Vi anv\u00e4nder cookies f\u00f6r att analysera webbsidans bes\u00f6k och vidareutveckla webbplatsen upplevelse och f\u00f6r ge en bes\u00f6kare tillg\u00e5ng till olika funktioner. Den skadar inte din dator. Du kan v\u00e4lja att st\u00e4nga av cookies i din webbl\u00e4sare. Dessa inst\u00e4llningar kan drabba viss funktionalitet p\u00e5 webbplatsen och vi ber dig vara medveten om att detta kan medf\u00f6ra att sidan inte fungerar korrekt.<\/p><h3>Anti-SPAM policy<\/h3><p>Vi medverkar inte till att skicka SPAM eller skr\u00e4ppost.<\/p><h3>Bolagsinformation<\/h3><p align=\"LEFT\">Aktiebolaget Gotland Art &amp; Design AB<br \/>H\u00e4stgatan 10<br \/>621 56 Visby<br \/>Org.nr: 559456-8809<\/p>\t\t\t\t\t\t\t\t<\/div>\n\t\t\t\t\t<\/div>\n\t\t\t\t<\/div>\n\t\t\t\t<\/div>","protected":false},"excerpt":{"rendered":"<p>Integritetspolicy enligt GDPR De personuppgifter du uppger n\u00e4r du g\u00f6r din best\u00e4llning anv\u00e4nder vi f\u00f6r att kunna fullf\u00f6lja v\u00e5ra \u00e5taganden mot dig som kund. Vi dokumenterar dessutom viss kommunikation som vi har med dig via telefon eller e-post, f\u00f6r att kunna ge dig b\u00e4sta service och f\u00f6lja upp dina \u00e4renden. De uppgifter som sparas \u00e4r [&hellip;]<\/p>\n","protected":false},"author":1,"featured_media":0,"parent":0,"menu_order":0,"comment_status":"closed","ping_status":"open","template":"","meta":{"_acf_changed":false,"footnotes":""},"class_list":["post-3","page","type-page","status-publish","hentry"],"acf":[],"_links":{"self":[{"href":"https:\/\/gad.se\/nb\/wp-json\/wp\/v2\/pages\/3","targetHints":{"allow":["GET"]}}],"collection":[{"href":"https:\/\/gad.se\/nb\/wp-json\/wp\/v2\/pages"}],"about":[{"href":"https:\/\/gad.se\/nb\/wp-json\/wp\/v2\/types\/page"}],"author":[{"embeddable":true,"href":"https:\/\/gad.se\/nb\/wp-json\/wp\/v2\/users\/1"}],"replies":[{"embeddable":true,"href":"https:\/\/gad.se\/nb\/wp-json\/wp\/v2\/comments?post=3"}],"version-history":[{"count":0,"href":"https:\/\/gad.se\/nb\/wp-json\/wp\/v2\/pages\/3\/revisions"}],"wp:attachment":[{"href":"https:\/\/gad.se\/nb\/wp-json\/wp\/v2\/media?parent=3"}],"curies":[{"name":"wp","href":"https:\/\/api.w.org\/{rel}","templated":true}]}}