{"id":3174,"date":"2025-05-30T07:15:26","date_gmt":"2025-05-30T07:15:26","guid":{"rendered":"https:\/\/gad.se\/?page_id=3174"},"modified":"2025-09-22T11:19:27","modified_gmt":"2025-09-22T11:19:27","slug":"tyger","status":"publish","type":"page","link":"https:\/\/gad.se\/nb\/materialguide\/tyger\/","title":{"rendered":"Tyger"},"content":{"rendered":"\t\t<div data-elementor-type=\"wp-page\" data-elementor-id=\"3174\" class=\"elementor elementor-3174\" data-elementor-post-type=\"page\">\n\t\t\t\t<div class=\"elementor-element elementor-element-2e8a5ed e-flex e-con-boxed e-con e-parent\" data-id=\"2e8a5ed\" data-element_type=\"container\" data-e-type=\"container\">\n\t\t\t\t\t<div class=\"e-con-inner\">\n\t\t\t\t<div class=\"elementor-element elementor-element-ac51464 elementor-widget elementor-widget-html\" data-id=\"ac51464\" data-element_type=\"widget\" data-e-type=\"widget\" data-widget_type=\"html.default\">\n\t\t\t\t\t<script src=\"https:\/\/code.jquery.com\/jquery-3.6.0.min.js\"><\/script>\n<script>\nvar $ = jQuery\n$(document).ready(function(){\n    \n$('.elementor-section[link], .elementor-column[link] > .elementor-widget-wrap, .e-con[link], .e-container[link]').on('click', function(){\n    \n    var $this = $(this).hasClass('elementor-widget-wrap') ? $(this).parent() : $(this),\n    link = $this.attr('link'),\n    newtab = $this.attr('newtab'),\n    openIn = typeof newtab !== 'undefined' && newtab !== false ? '_blank' : '_self'\n    \n    window.open(link, openIn)\n})\n})\n<\/script>\n<style>\n.elementor-section[link], .elementor-column[link] > .elementor-widget-wrap, .e-con[link], .e-container[link] {\n    cursor: pointer;\n}\n<\/style>\t\t\t\t<\/div>\n\t\t\t\t<div class=\"elementor-element elementor-element-a0a9fe2 elementor-widget elementor-widget-woocommerce-breadcrumb\" data-id=\"a0a9fe2\" data-element_type=\"widget\" data-e-type=\"widget\" data-widget_type=\"woocommerce-breadcrumb.default\">\n\t\t\t\t\t<nav class=\"woocommerce-breadcrumb\" aria-label=\"Breadcrumb\">Hjem<\/nav>\t\t\t\t<\/div>\n\t\t\t\t<div class=\"elementor-element elementor-element-a9dd364 elementor-widget elementor-widget-heading\" data-id=\"a9dd364\" data-element_type=\"widget\" data-e-type=\"widget\" data-widget_type=\"heading.default\">\n\t\t\t\t\t<h2 class=\"elementor-heading-title elementor-size-default\">Tyger &amp; L\u00e4der<\/h2>\t\t\t\t<\/div>\n\t\t\t\t<div class=\"elementor-element elementor-element-2c290e4 elementor-widget elementor-widget-text-editor\" data-id=\"2c290e4\" data-element_type=\"widget\" data-e-type=\"widget\" data-widget_type=\"text-editor.default\">\n\t\t\t\t\t\t\t\t\t<p>Vi erbjuder ett brett utbud av standardtyger f\u00f6r v\u00e5ra m\u00f6bler, bland annat skinn fr\u00e5n T\u00e4rnsj\u00f6 och Elmo, samt vackert ull och lammskinn.<\/p>\t\t\t\t\t\t\t\t<\/div>\n\t\t\t\t\t<\/div>\n\t\t\t\t<\/div>\n\t\t<div class=\"elementor-element elementor-element-52a2a31 e-flex e-con-boxed e-con e-parent\" data-id=\"52a2a31\" data-element_type=\"container\" data-e-type=\"container\">\n\t\t\t\t\t<div class=\"e-con-inner\">\n\t\t<div class=\"elementor-element elementor-element-7d4d3f3 e-con-full e-flex e-con e-child\" data-id=\"7d4d3f3\" data-element_type=\"container\" data-e-type=\"container\">\n\t\t\t\t<div class=\"elementor-element elementor-element-7d29997 elementor-widget elementor-widget-gallery\" data-id=\"7d29997\" data-element_type=\"widget\" data-e-type=\"widget\" data-settings=\"{&quot;columns&quot;:2,&quot;aspect_ratio&quot;:&quot;1:1&quot;,&quot;gallery_layout&quot;:&quot;grid&quot;,&quot;columns_tablet&quot;:2,&quot;columns_mobile&quot;:1,&quot;gap&quot;:{&quot;unit&quot;:&quot;px&quot;,&quot;size&quot;:10,&quot;sizes&quot;:[]},&quot;gap_widescreen&quot;:{&quot;unit&quot;:&quot;px&quot;,&quot;size&quot;:&quot;&quot;,&quot;sizes&quot;:[]},&quot;gap_laptop&quot;:{&quot;unit&quot;:&quot;px&quot;,&quot;size&quot;:10,&quot;sizes&quot;:[]},&quot;gap_tablet_extra&quot;:{&quot;unit&quot;:&quot;px&quot;,&quot;size&quot;:10,&quot;sizes&quot;:[]},&quot;gap_tablet&quot;:{&quot;unit&quot;:&quot;px&quot;,&quot;size&quot;:10,&quot;sizes&quot;:[]},&quot;gap_mobile_extra&quot;:{&quot;unit&quot;:&quot;px&quot;,&quot;size&quot;:10,&quot;sizes&quot;:[]},&quot;gap_mobile&quot;:{&quot;unit&quot;:&quot;px&quot;,&quot;size&quot;:10,&quot;sizes&quot;:[]},&quot;content_hover_animation&quot;:&quot;fade-in&quot;}\" data-widget_type=\"gallery.default\">\n\t\t\t\t\t\t\t<div class=\"elementor-gallery__container\">\n\t\t\t\t\t\t\t<div class=\"e-gallery-item elementor-gallery-item elementor-animated-content\">\n\t\t\t\t\t<div class=\"e-gallery-image elementor-gallery-item__image\" data-thumbnail=\"https:\/\/gad.se\/wp-content\/uploads\/2025\/05\/Tarnsjo_congac.webp\" data-width=\"800\" data-height=\"800\" aria-label=\"\" role=\"img\" ><\/div>\n\t\t\t\t\t\t\t\t\t\t\t\t\t\t<\/div>\n\t\t\t\t\t\t\t<div class=\"e-gallery-item elementor-gallery-item elementor-animated-content\">\n\t\t\t\t\t<div class=\"e-gallery-image elementor-gallery-item__image\" data-thumbnail=\"https:\/\/gad.se\/wp-content\/uploads\/2025\/05\/Tarnsjo-natur.webp\" data-width=\"800\" data-height=\"800\" aria-label=\"\" role=\"img\" ><\/div>\n\t\t\t\t\t\t\t\t\t\t\t\t\t\t<\/div>\n\t\t\t\t\t\t\t<div class=\"e-gallery-item elementor-gallery-item elementor-animated-content\">\n\t\t\t\t\t<div class=\"e-gallery-image elementor-gallery-item__image\" data-thumbnail=\"https:\/\/gad.se\/wp-content\/uploads\/2025\/05\/Folefatolj-1024x1024.webp\" data-width=\"800\" data-height=\"800\" aria-label=\"\" role=\"img\" ><\/div>\n\t\t\t\t\t\t\t\t\t\t\t\t\t\t<\/div>\n\t\t\t\t\t\t\t<div class=\"e-gallery-item elementor-gallery-item elementor-animated-content\">\n\t\t\t\t\t<div class=\"e-gallery-image elementor-gallery-item__image\" data-thumbnail=\"https:\/\/gad.se\/wp-content\/uploads\/2025\/05\/313202361_491107402953167_6126070402069448294_n-1024x1024.webp\" data-width=\"800\" data-height=\"800\" aria-label=\"\" role=\"img\" ><\/div>\n\t\t\t\t\t\t\t\t\t\t\t\t\t\t<\/div>\n\t\t\t\t\t<\/div>\n\t\t\t\t\t<\/div>\n\t\t\t\t<\/div>\n\t\t<div class=\"elementor-element elementor-element-715fc0b e-con-full e-flex e-con e-child\" data-id=\"715fc0b\" data-element_type=\"container\" data-e-type=\"container\" data-settings=\"{&quot;background_background&quot;:&quot;classic&quot;}\">\n\t\t\t\t<div class=\"elementor-element elementor-element-f8a5f1e elementor-widget elementor-widget-heading\" data-id=\"f8a5f1e\" data-element_type=\"widget\" data-e-type=\"widget\" data-widget_type=\"heading.default\">\n\t\t\t\t\t<h2 class=\"elementor-heading-title elementor-size-default\">T\u00e4rnsj\u00f6l\u00e4der<\/h2>\t\t\t\t<\/div>\n\t\t\t\t<div class=\"elementor-element elementor-element-3a91ad6 elementor-widget elementor-widget-text-editor\" data-id=\"3a91ad6\" data-element_type=\"widget\" data-e-type=\"widget\" data-widget_type=\"text-editor.default\">\n\t\t\t\t\t\t\t\t\t<p>L\u00e4dret fr\u00e5n\u00a0<b>T\u00e4rnsj\u00f6<\/b>\u00a0\u00e4r vegetabilgarvat och vi har valt att anv\u00e4nda ett ljust of\u00e4rgat naturl\u00e4der och ett med anilin f\u00e4rgning i en r\u00f6d\/brun cognacs-ton.Det nakna l\u00e4dret l\u00e5ter hudens alla naturligheter framtr\u00e4da. Naturl\u00e4dret \u00e4r extremt mjukt och f\u00f6ljsamt men \u00e4r k\u00e4nsligt f\u00f6r fett och smuts samt kan \u00e4ndra f\u00e4rg i direkt solljus. Med tiden kommer l\u00e4dret f\u00e5 vacker patina.<\/p>\t\t\t\t\t\t\t\t<\/div>\n\t\t\t\t<\/div>\n\t\t\t\t\t<\/div>\n\t\t\t\t<\/div>\n\t\t<div class=\"elementor-element elementor-element-f2edc94 e-flex e-con-boxed e-con e-parent\" data-id=\"f2edc94\" data-element_type=\"container\" data-e-type=\"container\">\n\t\t\t\t\t<div class=\"e-con-inner\">\n\t\t<div class=\"elementor-element elementor-element-22cc65b e-con-full e-flex e-con e-child\" data-id=\"22cc65b\" data-element_type=\"container\" data-e-type=\"container\">\n\t\t\t\t<div class=\"elementor-element elementor-element-b7ad48c elementor-widget elementor-widget-gallery\" data-id=\"b7ad48c\" data-element_type=\"widget\" data-e-type=\"widget\" data-settings=\"{&quot;columns&quot;:2,&quot;aspect_ratio&quot;:&quot;1:1&quot;,&quot;gallery_layout&quot;:&quot;grid&quot;,&quot;columns_tablet&quot;:2,&quot;columns_mobile&quot;:1,&quot;gap&quot;:{&quot;unit&quot;:&quot;px&quot;,&quot;size&quot;:10,&quot;sizes&quot;:[]},&quot;gap_widescreen&quot;:{&quot;unit&quot;:&quot;px&quot;,&quot;size&quot;:&quot;&quot;,&quot;sizes&quot;:[]},&quot;gap_laptop&quot;:{&quot;unit&quot;:&quot;px&quot;,&quot;size&quot;:10,&quot;sizes&quot;:[]},&quot;gap_tablet_extra&quot;:{&quot;unit&quot;:&quot;px&quot;,&quot;size&quot;:10,&quot;sizes&quot;:[]},&quot;gap_tablet&quot;:{&quot;unit&quot;:&quot;px&quot;,&quot;size&quot;:10,&quot;sizes&quot;:[]},&quot;gap_mobile_extra&quot;:{&quot;unit&quot;:&quot;px&quot;,&quot;size&quot;:10,&quot;sizes&quot;:[]},&quot;gap_mobile&quot;:{&quot;unit&quot;:&quot;px&quot;,&quot;size&quot;:10,&quot;sizes&quot;:[]},&quot;content_hover_animation&quot;:&quot;fade-in&quot;}\" data-widget_type=\"gallery.default\">\n\t\t\t\t\t\t\t<div class=\"elementor-gallery__container\">\n\t\t\t\t\t\t\t<div class=\"e-gallery-item elementor-gallery-item elementor-animated-content\">\n\t\t\t\t\t<div class=\"e-gallery-image elementor-gallery-item__image\" data-thumbnail=\"https:\/\/gad.se\/wp-content\/uploads\/2025\/05\/Elmo-soft_morkbrun.webp\" data-width=\"800\" data-height=\"800\" aria-label=\"\" role=\"img\" ><\/div>\n\t\t\t\t\t\t\t\t\t\t\t\t\t\t<\/div>\n\t\t\t\t\t\t\t<div class=\"e-gallery-item elementor-gallery-item elementor-animated-content\">\n\t\t\t\t\t<div class=\"e-gallery-image elementor-gallery-item__image\" data-thumbnail=\"https:\/\/gad.se\/wp-content\/uploads\/2025\/05\/Elmo-soft_Svart.webp\" data-width=\"800\" data-height=\"800\" aria-label=\"\" role=\"img\" ><\/div>\n\t\t\t\t\t\t\t\t\t\t\t\t\t\t<\/div>\n\t\t\t\t\t\t\t<div class=\"e-gallery-item elementor-gallery-item elementor-animated-content\">\n\t\t\t\t\t<div class=\"e-gallery-image elementor-gallery-item__image\" data-thumbnail=\"https:\/\/gad.se\/wp-content\/uploads\/2025\/05\/g96-924x1024.jpg\" data-width=\"800\" data-height=\"887\" aria-label=\"\" role=\"img\" ><\/div>\n\t\t\t\t\t\t\t\t\t\t\t\t\t\t<\/div>\n\t\t\t\t\t\t\t<div class=\"e-gallery-item elementor-gallery-item elementor-animated-content\">\n\t\t\t\t\t<div class=\"e-gallery-image elementor-gallery-item__image\" data-thumbnail=\"https:\/\/gad.se\/wp-content\/uploads\/2025\/05\/OhLiving_GAD_4977-706x1024.jpg\" data-width=\"706\" data-height=\"1024\" aria-label=\"\" role=\"img\" ><\/div>\n\t\t\t\t\t\t\t\t\t\t\t\t\t\t<\/div>\n\t\t\t\t\t<\/div>\n\t\t\t\t\t<\/div>\n\t\t\t\t<\/div>\n\t\t<div class=\"elementor-element elementor-element-b13af84 e-con-full e-flex e-con e-child\" data-id=\"b13af84\" data-element_type=\"container\" data-e-type=\"container\" data-settings=\"{&quot;background_background&quot;:&quot;classic&quot;}\">\n\t\t\t\t<div class=\"elementor-element elementor-element-b245c76 elementor-widget elementor-widget-heading\" data-id=\"b245c76\" data-element_type=\"widget\" data-e-type=\"widget\" data-widget_type=\"heading.default\">\n\t\t\t\t\t<h2 class=\"elementor-heading-title elementor-size-default\">Elmol\u00e4der<\/h2>\t\t\t\t<\/div>\n\t\t\t\t<div class=\"elementor-element elementor-element-f85681f elementor-widget elementor-widget-text-editor\" data-id=\"f85681f\" data-element_type=\"widget\" data-e-type=\"widget\" data-widget_type=\"text-editor.default\">\n\t\t\t\t\t\t\t\t\t<p><span style=\"font-weight: 400;\">Kvalitetsskinn garvade i Sverige \u2013 kromfria, slitstarka och med ett skyddande ytskikt som g\u00f6r dem t\u00e5liga i vardagen.<\/span><\/p>\t\t\t\t\t\t\t\t<\/div>\n\t\t\t\t<\/div>\n\t\t\t\t\t<\/div>\n\t\t\t\t<\/div>\n\t\t<div class=\"elementor-element elementor-element-09d433d e-flex e-con-boxed e-con e-parent\" data-id=\"09d433d\" data-element_type=\"container\" data-e-type=\"container\">\n\t\t\t\t\t<div class=\"e-con-inner\">\n\t\t<div class=\"elementor-element elementor-element-bcdd2f4 e-con-full e-flex e-con e-child\" data-id=\"bcdd2f4\" data-element_type=\"container\" data-e-type=\"container\">\n\t\t\t\t<div class=\"elementor-element elementor-element-8e6fde7 elementor-widget elementor-widget-gallery\" data-id=\"8e6fde7\" data-element_type=\"widget\" data-e-type=\"widget\" data-settings=\"{&quot;columns&quot;:2,&quot;aspect_ratio&quot;:&quot;1:1&quot;,&quot;gallery_layout&quot;:&quot;grid&quot;,&quot;columns_tablet&quot;:2,&quot;columns_mobile&quot;:1,&quot;gap&quot;:{&quot;unit&quot;:&quot;px&quot;,&quot;size&quot;:10,&quot;sizes&quot;:[]},&quot;gap_widescreen&quot;:{&quot;unit&quot;:&quot;px&quot;,&quot;size&quot;:&quot;&quot;,&quot;sizes&quot;:[]},&quot;gap_laptop&quot;:{&quot;unit&quot;:&quot;px&quot;,&quot;size&quot;:10,&quot;sizes&quot;:[]},&quot;gap_tablet_extra&quot;:{&quot;unit&quot;:&quot;px&quot;,&quot;size&quot;:10,&quot;sizes&quot;:[]},&quot;gap_tablet&quot;:{&quot;unit&quot;:&quot;px&quot;,&quot;size&quot;:10,&quot;sizes&quot;:[]},&quot;gap_mobile_extra&quot;:{&quot;unit&quot;:&quot;px&quot;,&quot;size&quot;:10,&quot;sizes&quot;:[]},&quot;gap_mobile&quot;:{&quot;unit&quot;:&quot;px&quot;,&quot;size&quot;:10,&quot;sizes&quot;:[]},&quot;content_hover_animation&quot;:&quot;fade-in&quot;}\" data-widget_type=\"gallery.default\">\n\t\t\t\t\t\t\t<div class=\"elementor-gallery__container\">\n\t\t\t\t\t\t\t<div class=\"e-gallery-item elementor-gallery-item elementor-animated-content\">\n\t\t\t\t\t<div class=\"e-gallery-image elementor-gallery-item__image\" data-thumbnail=\"https:\/\/gad.se\/wp-content\/uploads\/2025\/05\/Merinoull-Morkgra-nr4.webp\" data-width=\"800\" data-height=\"800\" aria-label=\"\" role=\"img\" ><\/div>\n\t\t\t\t\t\t\t\t\t\t\t\t\t\t<\/div>\n\t\t\t\t\t\t\t<div class=\"e-gallery-item elementor-gallery-item elementor-animated-content\">\n\t\t\t\t\t<div class=\"e-gallery-image elementor-gallery-item__image\" data-thumbnail=\"https:\/\/gad.se\/wp-content\/uploads\/2025\/05\/Merinoull-Mellangra-nr3.webp\" data-width=\"800\" data-height=\"800\" aria-label=\"\" role=\"img\" ><\/div>\n\t\t\t\t\t\t\t\t\t\t\t\t\t\t<\/div>\n\t\t\t\t\t\t\t<div class=\"e-gallery-item elementor-gallery-item elementor-animated-content\">\n\t\t\t\t\t<div class=\"e-gallery-image elementor-gallery-item__image\" data-thumbnail=\"https:\/\/gad.se\/wp-content\/uploads\/2025\/05\/Merinoull-ljusgra-nr2.webp\" data-width=\"800\" data-height=\"800\" aria-label=\"\" role=\"img\" ><\/div>\n\t\t\t\t\t\t\t\t\t\t\t\t\t\t<\/div>\n\t\t\t\t\t\t\t<div class=\"e-gallery-item elementor-gallery-item elementor-animated-content\">\n\t\t\t\t\t<div class=\"e-gallery-image elementor-gallery-item__image\" data-thumbnail=\"https:\/\/gad.se\/wp-content\/uploads\/2025\/06\/Namnlos-1024x1024.webp\" data-width=\"800\" data-height=\"800\" aria-label=\"\" role=\"img\" ><\/div>\n\t\t\t\t\t\t\t\t\t\t\t\t\t\t<\/div>\n\t\t\t\t\t<\/div>\n\t\t\t\t\t<\/div>\n\t\t\t\t<\/div>\n\t\t<div class=\"elementor-element elementor-element-3f93ee1 e-con-full e-flex e-con e-child\" data-id=\"3f93ee1\" data-element_type=\"container\" data-e-type=\"container\" data-settings=\"{&quot;background_background&quot;:&quot;classic&quot;}\">\n\t\t\t\t<div class=\"elementor-element elementor-element-b97a2c1 elementor-widget elementor-widget-heading\" data-id=\"b97a2c1\" data-element_type=\"widget\" data-e-type=\"widget\" data-widget_type=\"heading.default\">\n\t\t\t\t\t<h2 class=\"elementor-heading-title elementor-size-default\">Ull &amp; Gotl\u00e4ndskt lammskinn<\/h2>\t\t\t\t<\/div>\n\t\t\t\t<div class=\"elementor-element elementor-element-bd91127 elementor-widget elementor-widget-text-editor\" data-id=\"bd91127\" data-element_type=\"widget\" data-e-type=\"widget\" data-widget_type=\"text-editor.default\">\n\t\t\t\t\t\t\t\t\t<p><span style=\"font-weight: 400;\">Vi anv\u00e4nder fr\u00e4mst gr\u00e5, kortklippta lammskinn fr\u00e5n gotl\u00e4ndska g\u00e5rdar. De \u00e4r s\u00e4llsynta och eftertraktade \u2013 men n\u00e4r vi f\u00e5r tag i dem matchar vi dem noggrant, som p\u00e5 v\u00e5r F\u00e5r\u00f6-b\u00e4nk d\u00e4r tv\u00e5 skinn sys ihop till en enhetlig, mjuk helhet.<\/span><\/p>\t\t\t\t\t\t\t\t<\/div>\n\t\t\t\t<\/div>\n\t\t\t\t\t<\/div>\n\t\t\t\t<\/div>\n\t\t<div class=\"elementor-element elementor-element-3a0702c e-flex e-con-boxed e-con e-parent\" data-id=\"3a0702c\" data-element_type=\"container\" data-e-type=\"container\">\n\t\t\t\t\t<div class=\"e-con-inner\">\n\t\t\t\t<div class=\"elementor-element elementor-element-0b6ed87 elementor-widget elementor-widget-heading\" data-id=\"0b6ed87\" data-element_type=\"widget\" data-e-type=\"widget\" data-widget_type=\"heading.default\">\n\t\t\t\t\t<h2 class=\"elementor-heading-title elementor-size-default\">Sk\u00f6tselr\u00e5d<\/h2>\t\t\t\t<\/div>\n\t\t\t\t<div class=\"elementor-element elementor-element-bda3111 elementor-widget elementor-widget-text-editor\" data-id=\"bda3111\" data-element_type=\"widget\" data-e-type=\"widget\" data-widget_type=\"text-editor.default\">\n\t\t\t\t\t\t\t\t\t<h2><b>SKINN<\/b><\/h2><p><span style=\"font-weight: 400;\">Skinn \u00e4r ett material som bara blir vackrare med \u00e5ren. Det \u00e4r levande, precis som tr\u00e4, och f\u00f6r\u00e4ndras med ljuset, v\u00e4rmen och anv\u00e4ndningen. Oavsett om du har ett obehandlat vegetabilgarvat T\u00e4rnsj\u00f6-skinn, ett ytskyddat Elmo-skinn eller ett fluffigt gotl\u00e4ndskt lammskinn, finns det enkla s\u00e4tt att v\u00e5rda och f\u00f6rl\u00e4nga livsl\u00e4ngden.<\/span><\/p><p><span style=\"font-weight: 400;\">T\u00e4rnsj\u00f6-skinn ska f\u00e5 leva sitt liv \u2013 det \u00e5ldras med grace och tar till sig fett, solljus och v\u00e4ta som skapar en naturlig patina. Fl\u00e4ckar kan blekna med tiden, men om du vill ge extra skydd kan du anv\u00e4nda naturligt l\u00e4derfett eller bivax. Elmo-skinn kr\u00e4ver mindre insats \u2013 bara regelbunden avtorkning med fuktig trasa, och undvik starkt solljus som kan torka ut och bleka ytan.<\/span><\/p><p><span style=\"font-weight: 400;\">Gotl\u00e4ndskt lammskinn m\u00e5r b\u00e4st av att v\u00e4dras ofta och borstas f\u00f6rsiktigt. Smuts eller spill torkas upp direkt med trasa eller papper. Kladdiga fl\u00e4ckar? L\u00e5t dem torka, borsta sedan bort f\u00f6rsiktigt. Om lockarna har lagt sig efter l\u00e5ng anv\u00e4ndning kan du spraya lite vatten och f\u00f6rsiktigt kamma och krama lite \u2013 s\u00e5 reser sig lockarna igen.<\/span><\/p><p><span style=\"font-weight: 400;\">Att v\u00e5rda skinn \u00e4r som att v\u00e5rda ett par v\u00e4lanv\u00e4nda skor eller en \u00e4lskad skinnv\u00e4ska \u2013 ju mer omsorg du ger, desto mer f\u00e5r du tillbaka i form av sk\u00f6nhet och k\u00e4nsla.<\/span><\/p><h2><b>ULL<\/b><\/h2><p><span style=\"font-weight: 400;\">Ull \u00e4r ett naturmaterial med inbyggd motst\u00e5ndskraft. Den st\u00f6ter bort smuts, reglerar fukt och h\u00e5ller sig fr\u00e4sch l\u00e4nge utan att beh\u00f6va tv\u00e4ttas. M\u00f6bler kl\u00e4dda i ulltyg eller lammskinn beh\u00f6ver d\u00e4rf\u00f6r bara minimal sk\u00f6tsel \u2013 men n\u00e4r en olycka v\u00e4l h\u00e4nder, finns det enkla s\u00e4tt att hantera det.<\/span><\/p><p><span style=\"font-weight: 400;\">F\u00f6r fl\u00e4ckar fungerar ullschampo eller galltv\u00e5l blandat med ljummet vatten utm\u00e4rkt. Dutta l\u00f6sningen p\u00e5 fl\u00e4cken med en mjuk trasa \u2013 gnugga aldrig \u2013 och sug sedan upp v\u00e4tskan. Upprepa varsamt tills fl\u00e4cken f\u00f6rsvinner. Denna metod fungerar lika bra p\u00e5 kl\u00e4dda ulltyger som p\u00e5 lammskinn.<\/span><\/p><p><span style=\"font-weight: 400;\">Ullen andas och h\u00e5ller en j\u00e4mn temperatur \u00e5ret runt. Det g\u00f6r den idealisk f\u00f6r m\u00f6bler som anv\u00e4nds dagligen. Enstaka smutsfl\u00e4ckar som inte \u00e4r fettbaserade kan ofta borstas bort torra. Och om ulltyget k\u00e4nns lite tillplattat efter l\u00e5ng anv\u00e4ndning, hj\u00e4lper det att v\u00e4dra, borsta och ibland \u00e5nga f\u00f6rsiktigt.<\/span><\/p><p><span style=\"font-weight: 400;\">T\u00e4nk p\u00e5 att mindre oj\u00e4mnheter, veck eller f\u00e4rgf\u00f6r\u00e4ndringar med tiden \u00e4r naturliga och visar att materialet lever \u2013 det \u00e4r en del av ullens charm och \u00e4kthet.<\/span><\/p>\t\t\t\t\t\t\t\t<\/div>\n\t\t\t\t\t<\/div>\n\t\t\t\t<\/div>\n\t\t<div class=\"elementor-element elementor-element-0799553 e-flex e-con-boxed e-con e-parent\" data-id=\"0799553\" data-element_type=\"container\" data-e-type=\"container\">\n\t\t\t\t\t<div class=\"e-con-inner\">\n\t\t\t\t<div class=\"elementor-element elementor-element-048b288 elementor-widget elementor-widget-heading\" data-id=\"048b288\" data-element_type=\"widget\" data-e-type=\"widget\" data-widget_type=\"heading.default\">\n\t\t\t\t\t<h2 class=\"elementor-heading-title elementor-size-default\">Mer om v\u00e5ra material<\/h2>\t\t\t\t<\/div>\n\t\t\t\t\t<\/div>\n\t\t\t\t<\/div>\n\t\t<div class=\"elementor-element elementor-element-ad8cf31 e-flex e-con-boxed e-con e-parent\" data-id=\"ad8cf31\" data-element_type=\"container\" data-e-type=\"container\">\n\t\t\t\t\t<div class=\"e-con-inner\">\n\t\t<div class=\"elementor-element elementor-element-f4b0715 e-con-full e-flex e-con e-child\" data-id=\"f4b0715\" data-element_type=\"container\" data-e-type=\"container\">\n\t\t<div class=\"elementor-element elementor-element-c9f5f32 e-con-full e-flex e-con e-child\" data-id=\"c9f5f32\" data-element_type=\"container\" data-e-type=\"container\" data-settings=\"{&quot;background_background&quot;:&quot;classic&quot;}\" link=\"https:\/\/gad.se\/materialguide\/ytbehandlingar\">\n\t\t\t\t<\/div>\n\t\t\t\t<div class=\"elementor-element elementor-element-d01babd elementor-widget elementor-widget-heading\" data-id=\"d01babd\" data-element_type=\"widget\" data-e-type=\"widget\" data-widget_type=\"heading.default\">\n\t\t\t\t\t<h2 class=\"elementor-heading-title elementor-size-default\">INFORMATION &amp; SK\u00d6TSEL<\/h2>\t\t\t\t<\/div>\n\t\t\t\t<div class=\"elementor-element elementor-element-c1dc05b elementor-widget elementor-widget-heading\" data-id=\"c1dc05b\" data-element_type=\"widget\" data-e-type=\"widget\" data-widget_type=\"heading.default\">\n\t\t\t\t\t<h2 class=\"elementor-heading-title elementor-size-default\">Ytbehandlingar<\/h2>\t\t\t\t<\/div>\n\t\t\t\t<\/div>\n\t\t<div class=\"elementor-element elementor-element-6566eee e-con-full e-flex e-con e-child\" data-id=\"6566eee\" data-element_type=\"container\" data-e-type=\"container\">\n\t\t<div class=\"elementor-element elementor-element-8cf3ba5 e-con-full e-flex e-con e-child\" data-id=\"8cf3ba5\" data-element_type=\"container\" data-e-type=\"container\" data-settings=\"{&quot;background_background&quot;:&quot;classic&quot;}\" link=\"https:\/\/gad.se\/materialguide\/farger\">\n\t\t\t\t<\/div>\n\t\t\t\t<div class=\"elementor-element elementor-element-e5ef881 elementor-widget elementor-widget-heading\" data-id=\"e5ef881\" data-element_type=\"widget\" data-e-type=\"widget\" data-widget_type=\"heading.default\">\n\t\t\t\t\t<h2 class=\"elementor-heading-title elementor-size-default\">INFORMATION &amp; SK\u00d6TSEL<\/h2>\t\t\t\t<\/div>\n\t\t\t\t<div class=\"elementor-element elementor-element-f679e33 elementor-widget elementor-widget-heading\" data-id=\"f679e33\" data-element_type=\"widget\" data-e-type=\"widget\" data-widget_type=\"heading.default\">\n\t\t\t\t\t<h2 class=\"elementor-heading-title elementor-size-default\">F\u00e4rger<\/h2>\t\t\t\t<\/div>\n\t\t\t\t<\/div>\n\t\t<div class=\"elementor-element elementor-element-9eade71 e-con-full e-flex e-con e-child\" data-id=\"9eade71\" data-element_type=\"container\" data-e-type=\"container\">\n\t\t<div class=\"elementor-element elementor-element-099c76c e-con-full e-flex e-con e-child\" data-id=\"099c76c\" data-element_type=\"container\" data-e-type=\"container\" data-settings=\"{&quot;background_background&quot;:&quot;classic&quot;}\" link=\"https:\/\/gad.se\/materialguide\/massiv-tra\">\n\t\t\t\t<\/div>\n\t\t\t\t<div class=\"elementor-element elementor-element-2725876 elementor-widget elementor-widget-heading\" data-id=\"2725876\" data-element_type=\"widget\" data-e-type=\"widget\" data-widget_type=\"heading.default\">\n\t\t\t\t\t<h2 class=\"elementor-heading-title elementor-size-default\">INFORMATION &amp; SK\u00d6TSEL<\/h2>\t\t\t\t<\/div>\n\t\t\t\t<div class=\"elementor-element elementor-element-17d2f07 elementor-widget elementor-widget-heading\" data-id=\"17d2f07\" data-element_type=\"widget\" data-e-type=\"widget\" data-widget_type=\"heading.default\">\n\t\t\t\t\t<h2 class=\"elementor-heading-title elementor-size-default\">Massivt tr\u00e4<\/h2>\t\t\t\t<\/div>\n\t\t\t\t<\/div>\n\t\t<div class=\"elementor-element elementor-element-c5bfe1e e-con-full e-flex e-con e-child\" data-id=\"c5bfe1e\" data-element_type=\"container\" data-e-type=\"container\">\n\t\t<div class=\"elementor-element elementor-element-7022bb4 e-con-full e-flex e-con e-child\" data-id=\"7022bb4\" data-element_type=\"container\" data-e-type=\"container\" data-settings=\"{&quot;background_background&quot;:&quot;classic&quot;}\" link=\"https:\/\/gad.se\/materialguide\/stenskivor\/\">\n\t\t\t\t<\/div>\n\t\t\t\t<div class=\"elementor-element elementor-element-01c5456 elementor-widget elementor-widget-heading\" data-id=\"01c5456\" data-element_type=\"widget\" data-e-type=\"widget\" data-widget_type=\"heading.default\">\n\t\t\t\t\t<h2 class=\"elementor-heading-title elementor-size-default\">INFORMATION &amp; SK\u00d6TSEL<\/h2>\t\t\t\t<\/div>\n\t\t\t\t<div class=\"elementor-element elementor-element-d88adf5 elementor-widget elementor-widget-heading\" data-id=\"d88adf5\" data-element_type=\"widget\" data-e-type=\"widget\" data-widget_type=\"heading.default\">\n\t\t\t\t\t<h2 class=\"elementor-heading-title elementor-size-default\">Kalksten<\/h2>\t\t\t\t<\/div>\n\t\t\t\t<\/div>\n\t\t\t\t\t<\/div>\n\t\t\t\t<\/div>\n\t\t\t\t<\/div>\n\t\t","protected":false},"excerpt":{"rendered":"<p>Tyger &amp; L\u00e4der Vi erbjuder ett brett utbud av standardtyger f\u00f6r v\u00e5ra m\u00f6bler, bland annat skinn fr\u00e5n T\u00e4rnsj\u00f6 och Elmo, samt vackert ull och lammskinn. T\u00e4rnsj\u00f6l\u00e4der L\u00e4dret fr\u00e5n\u00a0T\u00e4rnsj\u00f6\u00a0\u00e4r vegetabilgarvat och vi har valt att anv\u00e4nda ett ljust of\u00e4rgat naturl\u00e4der och ett med anilin f\u00e4rgning i en r\u00f6d\/brun cognacs-ton.Det nakna l\u00e4dret l\u00e5ter hudens alla naturligheter framtr\u00e4da. [&hellip;]<\/p>\n","protected":false},"author":1,"featured_media":0,"parent":434,"menu_order":0,"comment_status":"closed","ping_status":"closed","template":"","meta":{"_acf_changed":false,"footnotes":""},"class_list":["post-3174","page","type-page","status-publish","hentry"],"acf":[],"_links":{"self":[{"href":"https:\/\/gad.se\/nb\/wp-json\/wp\/v2\/pages\/3174","targetHints":{"allow":["GET"]}}],"collection":[{"href":"https:\/\/gad.se\/nb\/wp-json\/wp\/v2\/pages"}],"about":[{"href":"https:\/\/gad.se\/nb\/wp-json\/wp\/v2\/types\/page"}],"author":[{"embeddable":true,"href":"https:\/\/gad.se\/nb\/wp-json\/wp\/v2\/users\/1"}],"replies":[{"embeddable":true,"href":"https:\/\/gad.se\/nb\/wp-json\/wp\/v2\/comments?post=3174"}],"version-history":[{"count":0,"href":"https:\/\/gad.se\/nb\/wp-json\/wp\/v2\/pages\/3174\/revisions"}],"up":[{"embeddable":true,"href":"https:\/\/gad.se\/nb\/wp-json\/wp\/v2\/pages\/434"}],"wp:attachment":[{"href":"https:\/\/gad.se\/nb\/wp-json\/wp\/v2\/media?parent=3174"}],"curies":[{"name":"wp","href":"https:\/\/api.w.org\/{rel}","templated":true}]}}