{"id":3262,"date":"2025-05-30T09:13:45","date_gmt":"2025-05-30T09:13:45","guid":{"rendered":"https:\/\/gad.se\/?page_id=3262"},"modified":"2025-10-14T09:47:02","modified_gmt":"2025-10-14T09:47:02","slug":"kop-och-leveransvillkor","status":"publish","type":"page","link":"https:\/\/gad.se\/nb\/kop-och-leveransvillkor\/","title":{"rendered":"K\u00f6p och leveransvillkor"},"content":{"rendered":"<div data-elementor-type=\"wp-page\" data-elementor-id=\"3262\" class=\"elementor elementor-3262\" data-elementor-post-type=\"page\">\n\t\t\t\t<div class=\"elementor-element elementor-element-3896ff0 e-flex e-con-boxed e-con e-parent\" data-id=\"3896ff0\" data-element_type=\"container\" data-e-type=\"container\">\n\t\t\t\t\t<div class=\"e-con-inner\">\n\t\t\t\t<div class=\"elementor-element elementor-element-c511b69 elementor-widget-divider--view-line elementor-widget elementor-widget-divider\" data-id=\"c511b69\" data-element_type=\"widget\" data-e-type=\"widget\" data-widget_type=\"divider.default\">\n\t\t\t\t\t\t\t<div class=\"elementor-divider\">\n\t\t\t<span class=\"elementor-divider-separator\">\n\t\t\t\t\t\t<\/span>\n\t\t<\/div>\n\t\t\t\t\t\t<\/div>\n\t\t\t\t<div class=\"elementor-element elementor-element-2d465a8 elementor-widget elementor-widget-heading\" data-id=\"2d465a8\" data-element_type=\"widget\" data-e-type=\"widget\" data-widget_type=\"heading.default\">\n\t\t\t\t\t<h2 class=\"elementor-heading-title elementor-size-default\">K\u00f6p och leveransvillkor<\/h2>\t\t\t\t<\/div>\n\t\t\t\t<div class=\"elementor-element elementor-element-a2b7f2b elementor-widget elementor-widget-text-editor\" data-id=\"a2b7f2b\" data-element_type=\"widget\" data-e-type=\"widget\" data-widget_type=\"text-editor.default\">\n\t\t\t\t\t\t\t\t\t<p><strong>K\u00f6pvillkor<\/strong><\/p>\n<p style=\"font-weight: 400;\">S\u00e4ljaren kan kr\u00e4va betalning f\u00f6r varan fr\u00e5n det att den skickats fr\u00e5n s\u00e4ljaren till k\u00f6paren. Om k\u00f6paren anv\u00e4nder kredit- eller betalkort f\u00f6r betalning kan s\u00e4ljaren reservera k\u00f6peskillingen p\u00e5 kortet vid best\u00e4llning. Kortet debiteras samma dag som varan skickas. Vid betalning med faktura utf\u00e4rdas fakturan till k\u00f6paren n\u00e4r varan skickas. Betalningsfristen framg\u00e5r av fakturan och \u00e4r minst 14 dagar fr\u00e5n mottagandet. K\u00f6pare under 18 \u00e5r kan inte betala med efterf\u00f6ljande faktura<\/p>\n<p><strong>Priser<\/strong><br>Samtliga priser \u00e4r angivna i Svenska Kronor (SEK) inklusive moms.<\/p>\n<p><strong>F\u00f6rs\u00e4ljning<\/strong><br>Varor i butiken \u00e4r till f\u00f6rs\u00e4ljning inom Sverige. Vill du k\u00f6pa en vara och f\u00e5 den levererad utomlands kontaktar info@gad.se f\u00f6r prisuppgift.<\/p>\n<p><strong>Orderbekr\u00e4ftelse<\/strong><br>En orderbekr\u00e4ftelse p\u00e5 din best\u00e4llning skickas via e-post till dig inom en arbetsdag fr\u00e5n ordertillf\u00e4llet.<\/p>\n<p><strong>Emballage<\/strong><br>Vi vill g\u00e4rna v\u00e4rna om milj\u00f6n och \u00e5teranv\u00e4nder d\u00e4rf\u00f6r i m\u00f6jligaste m\u00e5n emballage som vi tagit emot fr\u00e5n andra leverant\u00f6rer d\u00e5 vi packar v\u00e5ra f\u00f6rs\u00e4ndelser. Det kan d\u00e4rf\u00f6r finnas logotyper mm p\u00e5 emballaget fr\u00e5n andra varum\u00e4rken \u00e4n de du best\u00e4llt. Varan kommer d\u00e4remot alltid i sin originalf\u00f6rpackning. F\u00f6rhoppningsvis tycker du som vi att det \u00e4r bra att dra ner p\u00e5 kostnader, till exempel dina fraktkostnader, och att \u00e5tervinning ligger r\u00e4tt i tiden.<\/p>\n<p><strong>Betals\u00e4tt<\/strong><br>Vi erbjuder betalningsalternativen Klarna och kortbetalning.&nbsp;&nbsp;<\/p>\n<p><strong>Frakt<\/strong><br>Fraktkostnaden \u00e4r 69 kr f\u00f6r best\u00e4llningar under 500 kr ifr\u00e5n v\u00e5rt sortiment G.A.D Details. Best\u00e4llningar f\u00f6r minst 500 kr skickas fraktfritt.<\/p>\n<p>Det g\u00e5r \u00e4ven bra att h\u00e4mta ut varan i v\u00e5r butik i Visby p\u00e5 Klosterbrunnsgatan 1A, 621 56 Visby, vilket givetvis \u00e4r gratis oavsett k\u00f6pesumma.<\/p>\n<p>V\u00e5ra m\u00f6bler skickas alltid fraktfritt till trottoar eller tomtgr\u00e4ns.<\/p>\n<p><strong>Leveranss\u00e4tt<\/strong><\/p>\n<p>Mindre varor skickas med Schenker till n\u00e4rmaste utl\u00e4mningsst\u00e4lle och st\u00f6rre varor\/m\u00f6bler skickas p\u00e5 pall hem till kunden. Transport\u00f6ren aviserar d\u00e5 innan leverans. Inb\u00e4rning ing\u00e5r ej.<\/p>\n<p><strong>Leveransbekr\u00e4ftelse<br><\/strong><br>Vi skickar en leveransbekr\u00e4ftelse till dig via e-post i samband med att varorna l\u00e4mnar oss.<\/p>\n<p><strong>\u00c5ngerr\u00e4tt<\/strong><\/p>\n<p>Alla produkter utom v\u00e5ra m\u00f6bler&nbsp;kan returneras inom 14 dagar efter att ni f\u00e5tt er leverans. G\u00e4ller ej om produktens n\u00e4rmaste skyddsf\u00f6rpackning \u00e4r bruten.<\/p>\n<p>V\u00e5ra m\u00f6bler&nbsp;kan inte returneras d\u00e5 de \u00e4r tillverkade specifikt f\u00f6r kund.<\/p>\n<p>\u00c5ngerr\u00e4tten g\u00e4ller inte f\u00f6r v\u00e5rt outlet sortiment.&nbsp;<\/p>\n<p>Som kund har du alltid 14 dagars \u00e5ngerr\u00e4tt enligt distansavtalslagen. (G\u00c4LLER DOCK EJ V\u00c5RA M\u00d6BLER).<\/p>\n<p>Det inneb\u00e4r att om du k\u00f6per en vara p\u00e5 Internet, har du m\u00f6jlighet att \u00e5ngra k\u00f6pet inom 14 dagar r\u00e4knat fr\u00e5n den dag du tagit emot varan. Observera att detta inte innefattar best\u00e4llningsvaror som m\u00f6bler som tillverkas direkt f\u00f6r dig. Kontakta alltid oss via e-post p\u00e5 info@gad.se innan du returnerar varan. Brevet ska inneh\u00e5lla ordernummer, eventuellt fakturanummer och vilka varor du vill returnera.<\/p>\n<p>De returnerade varorna ska vara oanv\u00e4nda och i originalf\u00f6rpackning med tillh\u00f6rande emballage. Fri retur g\u00e4ller f\u00f6r varor som skickas som paket (ej pall). En returfraktsedel \u00e4r bifogad i ditt paket. Retur f\u00e5r ej ske som postf\u00f6rskott eller efterkrav. Det g\u00e5r ocks\u00e5 bra att l\u00e4mna varan till G.A.D &nbsp;Butik &amp; Showroom i Visby p\u00e5 Klosterbrunnsgatan 1A.<\/p>\n<p>Om du \u00e5ngrat ditt k\u00f6p och skickar\/l\u00e4mnar tillbaka en vara till oss \u00e5terbetalas din varukostnad.<br>En best\u00e4llning som \u00e4r levererad med Schenker och ej uth\u00e4mtad inom 14 dagar returneras till G.A.D p\u00e5 din bekostnad.<\/p>\n<p><strong>Leveranstid<\/strong><br>V\u00e5ra m\u00f6bler har 6-12 veckors leveranstid eftersom dem tillverkas p\u00e5 best\u00e4llning av v\u00e5ra snickare.<\/p>\n<p><strong>Reklamationer och garanti<\/strong><br>Alla produkter har ett \u00e5rs garanti samt tre \u00e5rs reklamationsr\u00e4tt enligt konsumentk\u00f6plagen. Garantin g\u00e4ller fr\u00e5n produktens ursprungliga ink\u00f6psdatum och i Sverige. Ink\u00f6pskvittot eller orderbekr\u00e4ftelsen ska uppvisas. Om varan \u00e4r defekt eller om vi har skickat fel vara st\u00e5r vi f\u00f6r returporto. Kontakta oss snarast eller senast inom 14 dagar p\u00e5 info@gad.se om du vill g\u00f6ra en reklamation.<\/p>\n<p>T\u00e4nk p\u00e5 att emballera varan v\u00e4l, p\u00e5 samma vis som n\u00e4r den anl\u00e4nde, d\u00e5 du b\u00e4r ansvaret f\u00f6r transporten. Varan ska alltid returneras till G.A.D. Beroende p\u00e5 felets typ skickar vi antingen en ny vara, utf\u00f6r en reparation eller ers\u00e4tter varukostnaden.<\/p>\n<p><strong>Transportskador<\/strong><br>Om en transportskada skulle uppst\u00e5 ber vi dig att g\u00f6ra en anm\u00e4lan om skadan till v\u00e5r kundtj\u00e4nst via e-post info@gad.se. Vi f\u00f6ljer konsumentverkets riktlinjer och anm\u00e4lan ska g\u00f6ras inom sk\u00e4lig tid efter det att du m\u00e4rkt eller borde ha m\u00e4rkt felet.<\/p>\n<p><strong>Reservation<\/strong><br>Vi reserverar oss mot eventuella felaktigheter i prisuppgifter, produktinformation och lagersaldo. Vi f\u00f6rbeh\u00e5ller oss r\u00e4tten att i efterhand, \u00e4ven efter genomf\u00f6rt k\u00f6p, korrigera de felaktiga uppgifterna.<\/p>\n<p><strong>Integritetspolicy enligt GDPR<\/strong><br>De personuppgifter du uppger n\u00e4r du g\u00f6r din best\u00e4llning anv\u00e4nder vi f\u00f6r att kunna fullf\u00f6lja v\u00e5ra \u00e5taganden mot dig som kund. Vi dokumenterar dessutom viss kommunikation som vi har med dig via telefon eller e-post, f\u00f6r att kunna ge dig b\u00e4sta service och f\u00f6lja upp dina \u00e4renden. De uppgifter som sparas \u00e4r namn, adress, e-post, telefonnummer och IP-adress. Om du betalar med faktura genom Klarna sparas ditt f\u00f6delsedatum.<\/p>\n<p>Aktiebolaget Gotland Art &amp; Design AB&nbsp;anv\u00e4nder krypterad kommunikation via SSL f\u00f6r att s\u00e4kerst\u00e4lla att dina personuppgifter skyddas vid k\u00f6p. Information om kreditkort hanteras endast av Klarna i en f\u00f6rbindelse som \u00e4r s\u00e4ker och krypterad. Vid hantering av dina personuppgifter arbetar vi \u00e4ven efter en intern s\u00e4kerhetspolicy framtagen f\u00f6r att s\u00e4kerst\u00e4lla att vi f\u00f6ljer g\u00e4llande lagkrav.<\/p>\n<p>Dina personuppgifter hanteras endast av&nbsp;Aktiebolaget Gotland Art &amp; Design AB&nbsp;och de parter som \u00e4r involverade i hanteringen av ditt k\u00f6p. Dina personuppgifter kommer inte att delas med obeh\u00f6riga.<\/p>\n<p>N\u00e4r du har samtyckt med v\u00e5ra k\u00f6pvillkor, och d\u00e4rmed \u00e4ven v\u00e5r Integritetspolicy, sparas dina personuppgifter hos oss i sju \u00e5r. Du har som kund r\u00e4tt att kontakta oss f\u00f6r att f\u00e5 ut information om vilka personuppgifter vi har sparade om dig, m\u00f6jlighet att uppdatera dessa eller att f\u00e5 dem raderade.<\/p>\n<p><strong>Cookie-filer<\/strong><br>Denna webbplats anv\u00e4nder \u201dcookies\u201d. En cookie \u00e4r en liten textfil som webbplatsen du bes\u00f6ker beg\u00e4r att spara p\u00e5 din dator. Vi anv\u00e4nder cookies f\u00f6r att analysera webbsidans bes\u00f6k och vidareutveckla webbplatsen upplevelse och f\u00f6r ge en bes\u00f6kare tillg\u00e5ng till olika funktioner. Den skadar inte din dator.<\/p>\n<p>Du kan v\u00e4lja att st\u00e4nga av cookies i din webbl\u00e4sare. Dessa inst\u00e4llningar kan drabba viss funktionalitet p\u00e5 webbplatsen och vi ber dig vara medveten om att detta kan medf\u00f6ra att sidan inte fungerar korrekt.<\/p>\n<p><strong>Anti-SPAM policy<\/strong><br>Vi medverkar inte till att skicka SPAM eller skr\u00e4ppost.<\/p>\n<h3>Bolagsinformation<\/h3>\n<p align=\"LEFT\">Aktiebolaget Gotland Art &amp; Design AB<br>Klosterbrunnsgatan 1A<br>621 56 Visby<br>Org.nr: 559456-8809<\/p>\n<p><!-- \/wp:paragraph --><\/p>\t\t\t\t\t\t\t\t<\/div>\n\t\t\t\t\t<\/div>\n\t\t\t\t<\/div>\n\t\t\t\t<\/div>","protected":false},"excerpt":{"rendered":"<p>K\u00f6p och leveransvillkor K\u00f6pvillkor S\u00e4ljaren kan kr\u00e4va betalning f\u00f6r varan fr\u00e5n det att den skickats fr\u00e5n s\u00e4ljaren till k\u00f6paren. Om k\u00f6paren anv\u00e4nder kredit- eller betalkort f\u00f6r betalning kan s\u00e4ljaren reservera k\u00f6peskillingen p\u00e5 kortet vid best\u00e4llning. Kortet debiteras samma dag som varan skickas. Vid betalning med faktura utf\u00e4rdas fakturan till k\u00f6paren n\u00e4r varan skickas. Betalningsfristen framg\u00e5r [&hellip;]<\/p>\n","protected":false},"author":1,"featured_media":0,"parent":0,"menu_order":0,"comment_status":"closed","ping_status":"closed","template":"","meta":{"_acf_changed":false,"footnotes":""},"class_list":["post-3262","page","type-page","status-publish","hentry"],"acf":[],"_links":{"self":[{"href":"https:\/\/gad.se\/nb\/wp-json\/wp\/v2\/pages\/3262","targetHints":{"allow":["GET"]}}],"collection":[{"href":"https:\/\/gad.se\/nb\/wp-json\/wp\/v2\/pages"}],"about":[{"href":"https:\/\/gad.se\/nb\/wp-json\/wp\/v2\/types\/page"}],"author":[{"embeddable":true,"href":"https:\/\/gad.se\/nb\/wp-json\/wp\/v2\/users\/1"}],"replies":[{"embeddable":true,"href":"https:\/\/gad.se\/nb\/wp-json\/wp\/v2\/comments?post=3262"}],"version-history":[{"count":0,"href":"https:\/\/gad.se\/nb\/wp-json\/wp\/v2\/pages\/3262\/revisions"}],"wp:attachment":[{"href":"https:\/\/gad.se\/nb\/wp-json\/wp\/v2\/media?parent=3262"}],"curies":[{"name":"wp","href":"https:\/\/api.w.org\/{rel}","templated":true}]}}