{"id":434,"date":"2025-05-09T13:47:15","date_gmt":"2025-05-09T13:47:15","guid":{"rendered":"https:\/\/gad.se\/?page_id=434"},"modified":"2026-01-28T09:02:27","modified_gmt":"2026-01-28T09:02:27","slug":"materialguide","status":"publish","type":"page","link":"https:\/\/gad.se\/nb\/materialguide\/","title":{"rendered":"Materialguide"},"content":{"rendered":"\t\t<div data-elementor-type=\"wp-page\" data-elementor-id=\"434\" class=\"elementor elementor-434\" data-elementor-post-type=\"page\">\n\t\t\t\t<div class=\"elementor-element elementor-element-922c7ea e-flex e-con-boxed e-con e-parent\" data-id=\"922c7ea\" data-element_type=\"container\" data-e-type=\"container\">\n\t\t\t\t\t<div class=\"e-con-inner\">\n\t\t\t\t<div class=\"elementor-element elementor-element-e7264b6 elementor-widget elementor-widget-html\" data-id=\"e7264b6\" data-element_type=\"widget\" data-e-type=\"widget\" data-widget_type=\"html.default\">\n\t\t\t\t\t<script src=\"https:\/\/code.jquery.com\/jquery-3.6.0.min.js\"><\/script>\n<script>\nvar $ = jQuery\n$(document).ready(function(){\n    \n$('.elementor-section[link], .elementor-column[link] > .elementor-widget-wrap, .e-con[link], .e-container[link]').on('click', function(){\n    \n    var $this = $(this).hasClass('elementor-widget-wrap') ? $(this).parent() : $(this),\n    link = $this.attr('link'),\n    newtab = $this.attr('newtab'),\n    openIn = typeof newtab !== 'undefined' && newtab !== false ? '_blank' : '_self'\n    \n    window.open(link, openIn)\n})\n})\n<\/script>\n<style>\n.elementor-section[link], .elementor-column[link] > .elementor-widget-wrap, .e-con[link], .e-container[link] {\n    cursor: pointer;\n}\n<\/style>\t\t\t\t<\/div>\n\t\t\t\t<div class=\"elementor-element elementor-element-5c6a1e2 elementor-widget elementor-widget-woocommerce-breadcrumb\" data-id=\"5c6a1e2\" data-element_type=\"widget\" data-e-type=\"widget\" data-widget_type=\"woocommerce-breadcrumb.default\">\n\t\t\t\t\t<nav class=\"woocommerce-breadcrumb\" aria-label=\"Breadcrumb\">Hjem<\/nav>\t\t\t\t<\/div>\n\t\t\t\t<div class=\"elementor-element elementor-element-ab1c251 elementor-widget elementor-widget-heading\" data-id=\"ab1c251\" data-element_type=\"widget\" data-e-type=\"widget\" data-widget_type=\"heading.default\">\n\t\t\t\t\t<h2 class=\"elementor-heading-title elementor-size-default\">Materialguide<\/h2>\t\t\t\t<\/div>\n\t\t\t\t<div class=\"elementor-element elementor-element-97f2133 elementor-widget elementor-widget-text-editor\" data-id=\"97f2133\" data-element_type=\"widget\" data-e-type=\"widget\" data-widget_type=\"text-editor.default\">\n\t\t\t\t\t\t\t\t\t<p>Vi tar stolthet i v\u00e5rt finsnickeri, och allt b\u00f6rjar med materialen. I v\u00e5r materialguide kan du l\u00e4sa mer om vilka material vi anv\u00e4nder, hur vi f\u00f6rv\u00e4rvar dem, vilka ytbehandlingar vi erbjuder, samt vilka tyger, f\u00e4rger och till\u00e4gg \u2013 s\u00e5som stenskivor \u2013 vi anv\u00e4nder f\u00f6r v\u00e5ra m\u00f6bler.<\/p>\t\t\t\t\t\t\t\t<\/div>\n\t\t\t\t\t<\/div>\n\t\t\t\t<\/div>\n\t\t<div class=\"elementor-element elementor-element-09024db e-flex e-con-boxed e-con e-parent\" data-id=\"09024db\" data-element_type=\"container\" data-e-type=\"container\">\n\t\t\t\t\t<div class=\"e-con-inner\">\n\t\t<div class=\"elementor-element elementor-element-952f749 e-con-full e-flex e-con e-child\" data-id=\"952f749\" data-element_type=\"container\" data-e-type=\"container\">\n\t\t<div class=\"elementor-element elementor-element-111f1d1 e-con-full e-flex e-con e-child\" data-id=\"111f1d1\" data-element_type=\"container\" data-e-type=\"container\" data-settings=\"{&quot;background_background&quot;:&quot;classic&quot;}\" link=\"https:\/\/gad.se\/materialguide\/massiv-tra\/\">\n\t\t\t\t<\/div>\n\t\t\t\t<div class=\"elementor-element elementor-element-3561db0 elementor-widget elementor-widget-heading\" data-id=\"3561db0\" data-element_type=\"widget\" data-e-type=\"widget\" data-widget_type=\"heading.default\">\n\t\t\t\t\t<h2 class=\"elementor-heading-title elementor-size-default\">INFORMATION &amp; SK\u00d6TSEL<\/h2>\t\t\t\t<\/div>\n\t\t\t\t<div class=\"elementor-element elementor-element-f8ff52f elementor-widget elementor-widget-heading\" data-id=\"f8ff52f\" data-element_type=\"widget\" data-e-type=\"widget\" data-widget_type=\"heading.default\">\n\t\t\t\t\t<h2 class=\"elementor-heading-title elementor-size-default\">Massivt tr\u00e4<\/h2>\t\t\t\t<\/div>\n\t\t\t\t<\/div>\n\t\t<div class=\"elementor-element elementor-element-5ed5896 e-con-full e-flex e-con e-child\" data-id=\"5ed5896\" data-element_type=\"container\" data-e-type=\"container\">\n\t\t<div class=\"elementor-element elementor-element-4ed997d e-con-full e-flex e-con e-child\" data-id=\"4ed997d\" data-element_type=\"container\" data-e-type=\"container\" data-settings=\"{&quot;background_background&quot;:&quot;classic&quot;}\" link=\"https:\/\/gad.se\/materialguide\/tyger\">\n\t\t\t\t<\/div>\n\t\t\t\t<div class=\"elementor-element elementor-element-87ccaec elementor-widget elementor-widget-heading\" data-id=\"87ccaec\" data-element_type=\"widget\" data-e-type=\"widget\" data-widget_type=\"heading.default\">\n\t\t\t\t\t<h2 class=\"elementor-heading-title elementor-size-default\">INFORMATION &amp; SK\u00d6TSEL<\/h2>\t\t\t\t<\/div>\n\t\t\t\t<div class=\"elementor-element elementor-element-fdafe3d elementor-widget elementor-widget-heading\" data-id=\"fdafe3d\" data-element_type=\"widget\" data-e-type=\"widget\" data-widget_type=\"heading.default\">\n\t\t\t\t\t<h2 class=\"elementor-heading-title elementor-size-default\">Tyger<\/h2>\t\t\t\t<\/div>\n\t\t\t\t<\/div>\n\t\t<div class=\"elementor-element elementor-element-dda8fcc e-con-full e-flex e-con e-child\" data-id=\"dda8fcc\" data-element_type=\"container\" data-e-type=\"container\">\n\t\t<div class=\"elementor-element elementor-element-79129a0 e-con-full e-flex e-con e-child\" data-id=\"79129a0\" data-element_type=\"container\" data-e-type=\"container\" data-settings=\"{&quot;background_background&quot;:&quot;classic&quot;}\" link=\"https:\/\/gad.se\/materialguide\/farger\">\n\t\t\t\t<\/div>\n\t\t\t\t<div class=\"elementor-element elementor-element-0f04075 elementor-widget elementor-widget-heading\" data-id=\"0f04075\" data-element_type=\"widget\" data-e-type=\"widget\" data-widget_type=\"heading.default\">\n\t\t\t\t\t<h2 class=\"elementor-heading-title elementor-size-default\">INFORMATION &amp; SK\u00d6TSEL<\/h2>\t\t\t\t<\/div>\n\t\t\t\t<div class=\"elementor-element elementor-element-b6e8498 elementor-widget elementor-widget-heading\" data-id=\"b6e8498\" data-element_type=\"widget\" data-e-type=\"widget\" data-widget_type=\"heading.default\">\n\t\t\t\t\t<h2 class=\"elementor-heading-title elementor-size-default\">V\u00e5ra f\u00e4rger<\/h2>\t\t\t\t<\/div>\n\t\t\t\t<\/div>\n\t\t<div class=\"elementor-element elementor-element-88fbd87 e-con-full e-flex e-con e-child\" data-id=\"88fbd87\" data-element_type=\"container\" data-e-type=\"container\">\n\t\t<div class=\"elementor-element elementor-element-a80073b e-con-full e-flex e-con e-child\" data-id=\"a80073b\" data-element_type=\"container\" data-e-type=\"container\" data-settings=\"{&quot;background_background&quot;:&quot;classic&quot;}\" link=\"https:\/\/gad.se\/materialguide\/stenskivor\">\n\t\t\t\t<\/div>\n\t\t\t\t<div class=\"elementor-element elementor-element-4f00a89 elementor-widget elementor-widget-heading\" data-id=\"4f00a89\" data-element_type=\"widget\" data-e-type=\"widget\" data-widget_type=\"heading.default\">\n\t\t\t\t\t<h2 class=\"elementor-heading-title elementor-size-default\">INFORMATION &amp; SK\u00d6TSEL<\/h2>\t\t\t\t<\/div>\n\t\t\t\t<div class=\"elementor-element elementor-element-283b541 elementor-widget elementor-widget-heading\" data-id=\"283b541\" data-element_type=\"widget\" data-e-type=\"widget\" data-widget_type=\"heading.default\">\n\t\t\t\t\t<h2 class=\"elementor-heading-title elementor-size-default\">Kalksten<\/h2>\t\t\t\t<\/div>\n\t\t\t\t<\/div>\n\t\t\t\t\t<\/div>\n\t\t\t\t<\/div>\n\t\t\t\t<\/div>\n\t\t","protected":false},"excerpt":{"rendered":"<p>Materialguide Vi tar stolthet i v\u00e5rt finsnickeri, och allt b\u00f6rjar med materialen. I v\u00e5r materialguide kan du l\u00e4sa mer om vilka material vi anv\u00e4nder, hur vi f\u00f6rv\u00e4rvar dem, vilka ytbehandlingar vi erbjuder, samt vilka tyger, f\u00e4rger och till\u00e4gg \u2013 s\u00e5som stenskivor \u2013 vi anv\u00e4nder f\u00f6r v\u00e5ra m\u00f6bler. INFORMATION &amp; SK\u00d6TSEL Massivt tr\u00e4 INFORMATION &amp; SK\u00d6TSEL [&hellip;]<\/p>\n","protected":false},"author":1,"featured_media":0,"parent":0,"menu_order":0,"comment_status":"closed","ping_status":"closed","template":"","meta":{"_acf_changed":false,"footnotes":""},"class_list":["post-434","page","type-page","status-publish","hentry"],"acf":[],"_links":{"self":[{"href":"https:\/\/gad.se\/nb\/wp-json\/wp\/v2\/pages\/434","targetHints":{"allow":["GET"]}}],"collection":[{"href":"https:\/\/gad.se\/nb\/wp-json\/wp\/v2\/pages"}],"about":[{"href":"https:\/\/gad.se\/nb\/wp-json\/wp\/v2\/types\/page"}],"author":[{"embeddable":true,"href":"https:\/\/gad.se\/nb\/wp-json\/wp\/v2\/users\/1"}],"replies":[{"embeddable":true,"href":"https:\/\/gad.se\/nb\/wp-json\/wp\/v2\/comments?post=434"}],"version-history":[{"count":6,"href":"https:\/\/gad.se\/nb\/wp-json\/wp\/v2\/pages\/434\/revisions"}],"predecessor-version":[{"id":6976,"href":"https:\/\/gad.se\/nb\/wp-json\/wp\/v2\/pages\/434\/revisions\/6976"}],"wp:attachment":[{"href":"https:\/\/gad.se\/nb\/wp-json\/wp\/v2\/media?parent=434"}],"curies":[{"name":"wp","href":"https:\/\/api.w.org\/{rel}","templated":true}]}}