{"id":4714,"date":"2025-07-22T14:10:49","date_gmt":"2025-07-22T14:10:49","guid":{"rendered":"https:\/\/gad.se\/?page_id=4714"},"modified":"2026-02-23T08:19:47","modified_gmt":"2026-02-23T08:19:47","slug":"karriar","status":"publish","type":"page","link":"https:\/\/gad.se\/nb\/karriar\/","title":{"rendered":"Karri\u00e4r"},"content":{"rendered":"\t\t<div data-elementor-type=\"wp-page\" data-elementor-id=\"4714\" class=\"elementor elementor-4714\" data-elementor-post-type=\"page\">\n\t\t\t\t<div class=\"elementor-element elementor-element-625d1eb e-flex e-con-boxed e-con e-parent\" data-id=\"625d1eb\" data-element_type=\"container\" data-e-type=\"container\">\n\t\t\t\t\t<div class=\"e-con-inner\">\n\t\t\t\t<div class=\"elementor-element elementor-element-d0d0ca6 elementor-widget elementor-widget-heading\" data-id=\"d0d0ca6\" data-element_type=\"widget\" data-e-type=\"widget\" data-widget_type=\"heading.default\">\n\t\t\t\t\t<h2 class=\"elementor-heading-title elementor-size-default\">Karri\u00e4r<\/h2>\t\t\t\t<\/div>\n\t\t\t\t<div class=\"elementor-element elementor-element-a27815b elementor-widget elementor-widget-text-editor\" data-id=\"a27815b\" data-element_type=\"widget\" data-e-type=\"widget\" data-widget_type=\"text-editor.default\">\n\t\t\t\t\t\t\t\t\t<p>Vill du jobba p\u00e5 G.A.D? H\u00e4r publicerar vi lediga positioner p\u00e5 snickeriet samt v\u00e5ra butiker.<\/p>\t\t\t\t\t\t\t\t<\/div>\n\t\t<div class=\"elementor-element elementor-element-edcf328 e-con-full e-flex e-con e-child\" data-id=\"edcf328\" data-element_type=\"container\" data-e-type=\"container\" data-settings=\"{&quot;background_background&quot;:&quot;classic&quot;}\">\n\t\t\t\t<div class=\"elementor-element elementor-element-d75ac55 elementor-widget elementor-widget-html\" data-id=\"d75ac55\" data-element_type=\"widget\" data-e-type=\"widget\" data-widget_type=\"html.default\">\n\t\t\t\t\t<script>\njQuery(document).ready(function($) {\n  $('.e-n-accordion-item-title').click(function() {\n    var $this = $(this);\n    var $text = $this.find('.e-n-accordion-item-title-text');\n\n    setTimeout(function() {\n      $text.fadeOut(150, function() {\n        if ($this.attr('aria-expanded') === 'true') {\n          $text.text('Minimera');\n        } else {\n          $text.text('L\u00e4s mer...');\n        }\n        $text.fadeIn(150);\n      });\n    }, 100);\n  });\n});\n<\/script>\n\t\t\t\t<\/div>\n\t\t\t\t<div class=\"elementor-element elementor-element-bfe3662 elementor-widget elementor-widget-heading\" data-id=\"bfe3662\" data-element_type=\"widget\" data-e-type=\"widget\" data-widget_type=\"heading.default\">\n\t\t\t\t\t<h2 class=\"elementor-heading-title elementor-size-default\">G.A.D s\u00f6ker m\u00f6belsnickare\/maskinsnickare med k\u00e4nsla f\u00f6r kvalitet<\/h2>\t\t\t\t<\/div>\n\t\t\t\t<div class=\"elementor-element elementor-element-26d8654 elementor-widget elementor-widget-text-editor\" data-id=\"26d8654\" data-element_type=\"widget\" data-e-type=\"widget\" data-widget_type=\"text-editor.default\">\n\t\t\t\t\t\t\t\t\t<p>Vi p\u00e5 GAD s\u00f6ker dig som \u00e4r utbildad maskinsnickare eller m\u00f6belsnickare och som vill vara<br \/>en del av v\u00e5rt team i arbetet med att skapa m\u00f6bler av h\u00f6gsta kvalitet. Du kommer att arbeta<br \/>med b\u00e5de montering och tillverkning i v\u00e5r produktion, d\u00e4r hantverk, noggrannhet och<br \/>materialk\u00e4nsla st\u00e5r i fokus.<\/p>\t\t\t\t\t\t\t\t<\/div>\n\t\t\t\t<div class=\"elementor-element elementor-element-1fcbe5d elementor-widget elementor-widget-n-accordion\" data-id=\"1fcbe5d\" data-element_type=\"widget\" data-e-type=\"widget\" data-settings=\"{&quot;default_state&quot;:&quot;all_collapsed&quot;,&quot;max_items_expended&quot;:&quot;one&quot;,&quot;n_accordion_animation_duration&quot;:{&quot;unit&quot;:&quot;ms&quot;,&quot;size&quot;:400,&quot;sizes&quot;:[]}}\" data-widget_type=\"nested-accordion.default\">\n\t\t\t\t\t\t\t<div class=\"e-n-accordion\" aria-label=\"Accordion. Open links with Enter or Space, close with Escape, and navigate with Arrow Keys\">\n\t\t\t\t\t\t<details id=\"e-n-accordion-item-3330\" class=\"e-n-accordion-item\" >\n\t\t\t\t<summary class=\"e-n-accordion-item-title\" data-accordion-index=\"1\" tabindex=\"0\" aria-expanded=\"false\" aria-controls=\"e-n-accordion-item-3330\" >\n\t\t\t\t\t<span class='e-n-accordion-item-title-header'><div class=\"e-n-accordion-item-title-text\"> L\u00e4s mer... <\/div><\/span>\n\t\t\t\t\t\t\t\t\t<\/summary>\n\t\t\t\t<div role=\"region\" aria-labelledby=\"e-n-accordion-item-3330\" class=\"elementor-element elementor-element-96481bc e-con-full e-flex e-con e-child\" data-id=\"96481bc\" data-element_type=\"container\" data-e-type=\"container\">\n\t\t\t\t<div class=\"elementor-element elementor-element-52cb1fb elementor-widget elementor-widget-text-editor\" data-id=\"52cb1fb\" data-element_type=\"widget\" data-e-type=\"widget\" data-widget_type=\"text-editor.default\">\n\t\t\t\t\t\t\t\t\t<p><strong>Vi s\u00f6ker dig som:<\/strong><\/p><ul><li>Har erfarenhet av maskinsnickeri och\/eller m\u00f6belsnickeri<\/li><li>\u00c4r sj\u00e4lvg\u00e5ende och tar ansvar f\u00f6r ditt arbete<\/li><li>Har ett \u00f6ga f\u00f6r detaljer och en stark k\u00e4nsla f\u00f6r kvalitet<\/li><li>\u00c4r l\u00f6sningsorienterad och tycker om att hitta v\u00e4gar fram\u00e5t<\/li><li>Trivs med att arbeta b\u00e5de sj\u00e4lvst\u00e4ndigt och i team<\/li><li>Har god kommunikationsf\u00f6rm\u00e5ga och ett strukturerat arbetss\u00e4tt<\/li><\/ul><p><strong>Meriterande:<\/strong><\/p><ul><li>Erfarenhet av att arbeta med CNC-maskiner<\/li><li>Innehav av truckkort<\/li><\/ul><p><strong>Om G.A.D<\/strong><\/p><p>G.A.D (Gotland Art &amp; Design) \u00e4r ett svenskt m\u00f6belf\u00f6retag grundat p\u00e5 Gotland, med en<br \/>passion f\u00f6r form, funktion och h\u00e5llbarhet. Vi tillverkar m\u00f6bler och inredning i massivt tr\u00e4<br \/>och naturmaterial \u2013 alltid med h\u00f6gsta kvalitet, hantverk och l\u00e5ng livsl\u00e4ngd i fokus. V\u00e5ra<br \/>m\u00f6bler tillverkas med stor omsorg i v\u00e5r egen verkstad, och varje detalj f\u00e5r ta den tid som<br \/>kr\u00e4vs.<\/p><p>Vi tror p\u00e5 \u00e4kta hantverk, personligt engagemang och p\u00e5 att bygga l\u00e5ngsiktiga v\u00e4rden \u2013 b\u00e5de<br \/>i v\u00e5ra produkter och i v\u00e5rt arbetslag. Hos oss f\u00e5r du vara en del av en verksamhet som<br \/>v\u00e4rnar om b\u00e5de m\u00e4nniskan, materialet och milj\u00f6n.<\/p><p><strong>Praktisk information<\/strong><\/p><p><strong>Plats:<\/strong> Hemse<br \/><strong>Omfattning:<\/strong> Heltid<br \/><strong>Tilltr\u00e4de:<\/strong> Enligt \u00f6verenskommelse<\/p><p><strong>L\u00e5ter det intressant?<\/strong><br \/>Skicka din ans\u00f6kan till <u><a href=\"mailto:kristian@gad.se\">kristian@gad.se<\/a><\/u> eller fyll i formul\u00e4ret nedan. Urval sker l\u00f6pande.<\/p>\t\t\t\t\t\t\t\t<\/div>\n\t\t\t\t<div class=\"elementor-element elementor-element-bd5ca05 elementor-button-align-stretch elementor-widget elementor-widget-form\" data-id=\"bd5ca05\" data-element_type=\"widget\" data-e-type=\"widget\" data-settings=\"{&quot;step_next_label&quot;:&quot;N\\u00e4sta&quot;,&quot;step_previous_label&quot;:&quot;F\\u00f6reg\\u00e5ende&quot;,&quot;button_width&quot;:&quot;100&quot;,&quot;step_type&quot;:&quot;number_text&quot;,&quot;step_icon_shape&quot;:&quot;circle&quot;}\" data-widget_type=\"form.default\">\n\t\t\t\t\t\t\t<form class=\"elementor-form\" method=\"post\" name=\"Nytt formul\u00e4r\" aria-label=\"Nytt formul\u00e4r\">\n\t\t\t<input type=\"hidden\" name=\"post_id\" value=\"4714\"\/>\n\t\t\t<input type=\"hidden\" name=\"form_id\" value=\"bd5ca05\"\/>\n\t\t\t<input type=\"hidden\" name=\"referer_title\" value=\"\" \/>\n\n\t\t\t\n\t\t\t<div class=\"elementor-form-fields-wrapper elementor-labels-\">\n\t\t\t\t\t\t\t\t<div class=\"elementor-field-type-text elementor-field-group elementor-column elementor-field-group-name elementor-col-100\">\n\t\t\t\t\t\t\t\t\t\t\t\t<label for=\"form-field-name\" class=\"elementor-field-label elementor-screen-only\">\n\t\t\t\t\t\t\t\tNamn\t\t\t\t\t\t\t<\/label>\n\t\t\t\t\t\t\t\t\t\t\t\t\t\t<input size=\"1\" type=\"text\" name=\"form_fields[name]\" id=\"form-field-name\" class=\"elementor-field elementor-size-sm  elementor-field-textual\" placeholder=\"F\u00f6r- och efternamn\">\n\t\t\t\t\t\t\t\t\t\t\t<\/div>\n\t\t\t\t\t\t\t\t<div class=\"elementor-field-type-email elementor-field-group elementor-column elementor-field-group-email elementor-col-100 elementor-field-required\">\n\t\t\t\t\t\t\t\t\t\t\t\t<label for=\"form-field-email\" class=\"elementor-field-label elementor-screen-only\">\n\t\t\t\t\t\t\t\tE-post\t\t\t\t\t\t\t<\/label>\n\t\t\t\t\t\t\t\t\t\t\t\t\t\t<input size=\"1\" type=\"email\" name=\"form_fields[email]\" id=\"form-field-email\" class=\"elementor-field elementor-size-sm  elementor-field-textual\" placeholder=\"E-post\" required=\"required\">\n\t\t\t\t\t\t\t\t\t\t\t<\/div>\n\t\t\t\t\t\t\t\t<div class=\"elementor-field-type-tel elementor-field-group elementor-column elementor-field-group-field_604fd80 elementor-col-100\">\n\t\t\t\t\t\t\t\t\t\t\t\t<label for=\"form-field-field_604fd80\" class=\"elementor-field-label elementor-screen-only\">\n\t\t\t\t\t\t\t\tTelefonnummer\t\t\t\t\t\t\t<\/label>\n\t\t\t\t\t\t\t\t<input size=\"1\" type=\"tel\" name=\"form_fields[field_604fd80]\" id=\"form-field-field_604fd80\" class=\"elementor-field elementor-size-sm  elementor-field-textual\" placeholder=\"Telefonnummer\" pattern=\"[0-9()#&amp;+*-=.]+\" title=\"Only numbers and phone characters (#, -, *, etc) are accepted.\">\n\n\t\t\t\t\t\t<\/div>\n\t\t\t\t\t\t\t\t<div class=\"elementor-field-type-textarea elementor-field-group elementor-column elementor-field-group-message elementor-col-100\">\n\t\t\t\t\t\t\t\t\t\t\t\t<label for=\"form-field-message\" class=\"elementor-field-label elementor-screen-only\">\n\t\t\t\t\t\t\t\tMeddelande\t\t\t\t\t\t\t<\/label>\n\t\t\t\t\t\t<textarea class=\"elementor-field-textual elementor-field  elementor-size-sm\" name=\"form_fields[message]\" id=\"form-field-message\" rows=\"4\" placeholder=\"Vill du l\u00e4gga till n\u00e5got om dig sj\u00e4lv?\"><\/textarea>\t\t\t\t<\/div>\n\t\t\t\t\t\t\t\t<div class=\"elementor-field-type-upload elementor-field-group elementor-column elementor-field-group-field_700268e elementor-col-100\">\n\t\t\t\t\t\t\t\t\t\t\t\t<label for=\"form-field-field_700268e\" class=\"elementor-field-label elementor-screen-only\">\n\t\t\t\t\t\t\t\tLadda upp CV!\t\t\t\t\t\t\t<\/label>\n\t\t\t\t\t\t\t\t<input type=\"file\" name=\"form_fields[field_700268e][]\" id=\"form-field-field_700268e\" class=\"elementor-field elementor-size-sm  elementor-upload-field\" multiple=\"multiple\">\n\n\t\t\t\t\t\t<\/div>\n\t\t\t\t\t\t\t\t<div class=\"elementor-field-group elementor-column elementor-field-type-submit elementor-col-100 e-form__buttons\">\n\t\t\t\t\t<button class=\"elementor-button elementor-size-sm elementor-animation-float\" type=\"submit\">\n\t\t\t\t\t\t<span class=\"elementor-button-content-wrapper\">\n\t\t\t\t\t\t\t\t\t\t\t\t\t\t\t\t\t\t\t\t\t\t<span class=\"elementor-button-text\">Skicka<\/span>\n\t\t\t\t\t\t\t\t\t\t\t\t\t<\/span>\n\t\t\t\t\t<\/button>\n\t\t\t\t<\/div>\n\t\t\t<\/div>\n\t\t<\/form>\n\t\t\t\t\t\t<\/div>\n\t\t\t\t<\/div>\n\t\t\t\t\t<\/details>\n\t\t\t\t\t<\/div>\n\t\t\t\t\t\t<\/div>\n\t\t\t\t<\/div>\n\t\t\t\t\t<\/div>\n\t\t\t\t<\/div>\n\t\t\t\t<\/div>\n\t\t","protected":false},"excerpt":{"rendered":"<p>Karri\u00e4r Vill du jobba p\u00e5 G.A.D? H\u00e4r publicerar vi lediga positioner p\u00e5 snickeriet samt v\u00e5ra butiker. G.A.D s\u00f6ker m\u00f6belsnickare\/maskinsnickare med k\u00e4nsla f\u00f6r kvalitet Vi p\u00e5 GAD s\u00f6ker dig som \u00e4r utbildad maskinsnickare eller m\u00f6belsnickare och som vill varaen del av v\u00e5rt team i arbetet med att skapa m\u00f6bler av h\u00f6gsta kvalitet. Du kommer att arbetamed [&hellip;]<\/p>\n","protected":false},"author":2,"featured_media":0,"parent":0,"menu_order":0,"comment_status":"closed","ping_status":"closed","template":"","meta":{"_acf_changed":false,"footnotes":""},"class_list":["post-4714","page","type-page","status-publish","hentry"],"acf":[],"_links":{"self":[{"href":"https:\/\/gad.se\/nb\/wp-json\/wp\/v2\/pages\/4714","targetHints":{"allow":["GET"]}}],"collection":[{"href":"https:\/\/gad.se\/nb\/wp-json\/wp\/v2\/pages"}],"about":[{"href":"https:\/\/gad.se\/nb\/wp-json\/wp\/v2\/types\/page"}],"author":[{"embeddable":true,"href":"https:\/\/gad.se\/nb\/wp-json\/wp\/v2\/users\/2"}],"replies":[{"embeddable":true,"href":"https:\/\/gad.se\/nb\/wp-json\/wp\/v2\/comments?post=4714"}],"version-history":[{"count":6,"href":"https:\/\/gad.se\/nb\/wp-json\/wp\/v2\/pages\/4714\/revisions"}],"predecessor-version":[{"id":7135,"href":"https:\/\/gad.se\/nb\/wp-json\/wp\/v2\/pages\/4714\/revisions\/7135"}],"wp:attachment":[{"href":"https:\/\/gad.se\/nb\/wp-json\/wp\/v2\/media?parent=4714"}],"curies":[{"name":"wp","href":"https:\/\/api.w.org\/{rel}","templated":true}]}}