{"id":5469,"date":"2025-10-23T07:22:14","date_gmt":"2025-10-23T07:22:14","guid":{"rendered":"https:\/\/gad.se\/?page_id=5469"},"modified":"2025-11-25T10:47:47","modified_gmt":"2025-11-25T10:47:47","slug":"pressmeddelanden","status":"publish","type":"page","link":"https:\/\/gad.se\/nb\/investor-relations-2\/pressmeddelanden\/","title":{"rendered":"Pressmeddelanden"},"content":{"rendered":"<div data-elementor-type=\"wp-page\" data-elementor-id=\"5469\" class=\"elementor elementor-5469\" data-elementor-post-type=\"page\">\n\t\t\t\t<div class=\"elementor-element elementor-element-09edac1 e-flex e-con-boxed e-con e-parent\" data-id=\"09edac1\" data-element_type=\"container\" data-e-type=\"container\" data-settings=\"{&quot;background_background&quot;:&quot;classic&quot;}\">\n\t\t\t\t\t<div class=\"e-con-inner\">\n\t\t\t\t<div class=\"elementor-element elementor-element-ef24870 elementor-widget elementor-widget-heading\" data-id=\"ef24870\" data-element_type=\"widget\" data-e-type=\"widget\" data-widget_type=\"heading.default\">\n\t\t\t\t\t<h2 class=\"elementor-heading-title elementor-size-default\">Pressmeddelanden<\/h2>\t\t\t\t<\/div>\n\t\t\t\t\t<\/div>\n\t\t\t\t<\/div>\n\t\t<div class=\"elementor-element elementor-element-aa6a731 e-flex e-con-boxed e-con e-parent\" data-id=\"aa6a731\" data-element_type=\"container\" data-e-type=\"container\" data-settings=\"{&quot;background_background&quot;:&quot;classic&quot;}\">\n\t\t\t\t\t<div class=\"e-con-inner\">\n\t\t\t\t<div class=\"elementor-element elementor-element-67b8180 elementor-nav-menu--dropdown-none elementor-widget elementor-widget-nav-menu\" data-id=\"67b8180\" data-element_type=\"widget\" data-e-type=\"widget\" data-settings=\"{&quot;layout&quot;:&quot;horizontal&quot;,&quot;submenu_icon&quot;:{&quot;value&quot;:&quot;&lt;svg aria-hidden=\\&quot;true\\&quot; class=\\&quot;e-font-icon-svg e-fas-caret-down\\&quot; viewBox=\\&quot;0 0 320 512\\&quot; xmlns=\\&quot;http:\\\/\\\/www.w3.org\\\/2000\\\/svg\\&quot;&gt;&lt;path d=\\&quot;M31.3 192h257.3c17.8 0 26.7 21.5 14.1 34.1L174.1 354.8c-7.8 7.8-20.5 7.8-28.3 0L17.2 226.1C4.6 213.5 13.5 192 31.3 192z\\&quot;&gt;&lt;\\\/path&gt;&lt;\\\/svg&gt;&quot;,&quot;library&quot;:&quot;fa-solid&quot;}}\" data-widget_type=\"nav-menu.default\">\n\t\t\t\t\t\t\t\t<nav aria-label=\"Meny\" class=\"elementor-nav-menu--main elementor-nav-menu__container elementor-nav-menu--layout-horizontal e--pointer-underline e--animation-fade\">\n\t\t\t\t<ul id=\"menu-1-67b8180\" class=\"elementor-nav-menu\"><li class=\"menu-item menu-item-type-post_type menu-item-object-page menu-item-5577\"><a href=\"https:\/\/gad.se\/nb\/investor-relations-ipo\/\" class=\"elementor-item\">IPO<\/a><\/li>\n<li class=\"menu-item menu-item-type-post_type menu-item-object-page menu-item-5574\"><a href=\"https:\/\/gad.se\/nb\/investor-relations-2\/kalender\/\" class=\"elementor-item\">Kalender<\/a><\/li>\n<li class=\"menu-item menu-item-type-post_type menu-item-object-page menu-item-6201\"><a href=\"https:\/\/gad.se\/nb\/investor-relations-2\/rapporter\/\" class=\"elementor-item\">Rapporter<\/a><\/li>\n<li class=\"menu-item menu-item-type-post_type menu-item-object-page menu-item-6305\"><a href=\"https:\/\/gad.se\/nb\/investor-relations-2\/pressmeddelanden\/\" class=\"elementor-item\">Pressmeddelanden<\/a><\/li>\n<li class=\"menu-item menu-item-type-post_type menu-item-object-page menu-item-has-children menu-item-5572\"><a href=\"https:\/\/gad.se\/nb\/investor-relations-2\/bolagsstyrning\/\" class=\"elementor-item\">Bolagsstyrning<\/a>\n<ul class=\"sub-menu elementor-nav-menu--dropdown\">\n\t<li class=\"menu-item menu-item-type-post_type menu-item-object-page menu-item-5594\"><a href=\"https:\/\/gad.se\/nb\/investor-relations-2\/bolagsstyrning\/styrelse\/\" class=\"elementor-sub-item\">Styrelse<\/a><\/li>\n\t<li class=\"menu-item menu-item-type-post_type menu-item-object-page menu-item-5595\"><a href=\"https:\/\/gad.se\/nb\/investor-relations-2\/bolagsstyrning\/ledning\/\" class=\"elementor-sub-item\">Ledning<\/a><\/li>\n\t<li class=\"menu-item menu-item-type-post_type menu-item-object-page menu-item-5593\"><a href=\"https:\/\/gad.se\/nb\/investor-relations-2\/bolagsstyrning\/revisor\/\" class=\"elementor-sub-item\">Revisor<\/a><\/li>\n\t<li class=\"menu-item menu-item-type-post_type menu-item-object-page menu-item-5592\"><a href=\"https:\/\/gad.se\/nb\/investor-relations-2\/bolagsstyrning\/bolagsordning\/\" class=\"elementor-sub-item\">Bolagsordning<\/a><\/li>\n<\/ul>\n<\/li>\n<li class=\"menu-item menu-item-type-post_type menu-item-object-page menu-item-5571\"><a href=\"https:\/\/gad.se\/nb\/investor-relations-2\/ir-kontakt\/\" class=\"elementor-item\">IR-Kontakt<\/a><\/li>\n<\/ul>\t\t\t<\/nav>\n\t\t\t\t\t\t<nav class=\"elementor-nav-menu--dropdown elementor-nav-menu__container\" aria-hidden=\"true\">\n\t\t\t\t<ul id=\"menu-2-67b8180\" class=\"elementor-nav-menu\"><li class=\"menu-item menu-item-type-post_type menu-item-object-page menu-item-5577\"><a href=\"https:\/\/gad.se\/nb\/investor-relations-ipo\/\" class=\"elementor-item\" tabindex=\"-1\">IPO<\/a><\/li>\n<li class=\"menu-item menu-item-type-post_type menu-item-object-page menu-item-5574\"><a href=\"https:\/\/gad.se\/nb\/investor-relations-2\/kalender\/\" class=\"elementor-item\" tabindex=\"-1\">Kalender<\/a><\/li>\n<li class=\"menu-item menu-item-type-post_type menu-item-object-page menu-item-6201\"><a href=\"https:\/\/gad.se\/nb\/investor-relations-2\/rapporter\/\" class=\"elementor-item\" tabindex=\"-1\">Rapporter<\/a><\/li>\n<li class=\"menu-item menu-item-type-post_type menu-item-object-page menu-item-6305\"><a href=\"https:\/\/gad.se\/nb\/investor-relations-2\/pressmeddelanden\/\" class=\"elementor-item\" tabindex=\"-1\">Pressmeddelanden<\/a><\/li>\n<li class=\"menu-item menu-item-type-post_type menu-item-object-page menu-item-has-children menu-item-5572\"><a href=\"https:\/\/gad.se\/nb\/investor-relations-2\/bolagsstyrning\/\" class=\"elementor-item\" tabindex=\"-1\">Bolagsstyrning<\/a>\n<ul class=\"sub-menu elementor-nav-menu--dropdown\">\n\t<li class=\"menu-item menu-item-type-post_type menu-item-object-page menu-item-5594\"><a href=\"https:\/\/gad.se\/nb\/investor-relations-2\/bolagsstyrning\/styrelse\/\" class=\"elementor-sub-item\" tabindex=\"-1\">Styrelse<\/a><\/li>\n\t<li class=\"menu-item menu-item-type-post_type menu-item-object-page menu-item-5595\"><a href=\"https:\/\/gad.se\/nb\/investor-relations-2\/bolagsstyrning\/ledning\/\" class=\"elementor-sub-item\" tabindex=\"-1\">Ledning<\/a><\/li>\n\t<li class=\"menu-item menu-item-type-post_type menu-item-object-page menu-item-5593\"><a href=\"https:\/\/gad.se\/nb\/investor-relations-2\/bolagsstyrning\/revisor\/\" class=\"elementor-sub-item\" tabindex=\"-1\">Revisor<\/a><\/li>\n\t<li class=\"menu-item menu-item-type-post_type menu-item-object-page menu-item-5592\"><a href=\"https:\/\/gad.se\/nb\/investor-relations-2\/bolagsstyrning\/bolagsordning\/\" class=\"elementor-sub-item\" tabindex=\"-1\">Bolagsordning<\/a><\/li>\n<\/ul>\n<\/li>\n<li class=\"menu-item menu-item-type-post_type menu-item-object-page menu-item-5571\"><a href=\"https:\/\/gad.se\/nb\/investor-relations-2\/ir-kontakt\/\" class=\"elementor-item\" tabindex=\"-1\">IR-Kontakt<\/a><\/li>\n<\/ul>\t\t\t<\/nav>\n\t\t\t\t\t\t<\/div>\n\t\t\t\t\t<\/div>\n\t\t\t\t<\/div>\n\t\t<div class=\"elementor-element elementor-element-fcdc5e1 e-flex e-con-boxed e-con e-parent\" data-id=\"fcdc5e1\" data-element_type=\"container\" data-e-type=\"container\">\n\t\t\t\t\t<div class=\"e-con-inner\">\n\t\t\t\t<div class=\"elementor-element elementor-element-9bd3fcc elementor-grid-3 elementor-grid-tablet-2 elementor-grid-mobile-1 elementor-posts--thumbnail-top elementor-widget elementor-widget-posts\" data-id=\"9bd3fcc\" data-element_type=\"widget\" data-e-type=\"widget\" data-settings=\"{&quot;classic_columns&quot;:&quot;3&quot;,&quot;classic_columns_tablet&quot;:&quot;2&quot;,&quot;classic_columns_mobile&quot;:&quot;1&quot;,&quot;classic_row_gap&quot;:{&quot;unit&quot;:&quot;px&quot;,&quot;size&quot;:35,&quot;sizes&quot;:[]},&quot;classic_row_gap_widescreen&quot;:{&quot;unit&quot;:&quot;px&quot;,&quot;size&quot;:&quot;&quot;,&quot;sizes&quot;:[]},&quot;classic_row_gap_laptop&quot;:{&quot;unit&quot;:&quot;px&quot;,&quot;size&quot;:&quot;&quot;,&quot;sizes&quot;:[]},&quot;classic_row_gap_tablet_extra&quot;:{&quot;unit&quot;:&quot;px&quot;,&quot;size&quot;:&quot;&quot;,&quot;sizes&quot;:[]},&quot;classic_row_gap_tablet&quot;:{&quot;unit&quot;:&quot;px&quot;,&quot;size&quot;:&quot;&quot;,&quot;sizes&quot;:[]},&quot;classic_row_gap_mobile_extra&quot;:{&quot;unit&quot;:&quot;px&quot;,&quot;size&quot;:&quot;&quot;,&quot;sizes&quot;:[]},&quot;classic_row_gap_mobile&quot;:{&quot;unit&quot;:&quot;px&quot;,&quot;size&quot;:&quot;&quot;,&quot;sizes&quot;:[]}}\" data-widget_type=\"posts.classic\">\n\t\t\t\t<div class=\"elementor-widget-container\">\n\t\t\t\t\t\t\t<div class=\"elementor-posts-container elementor-posts elementor-posts--skin-classic elementor-grid\" role=\"list\">\n\t\t\t\t<article class=\"elementor-post elementor-grid-item post-6647 post type-post status-publish format-standard has-post-thumbnail hentry category-pressmeddelande\" role=\"listitem\">\n\t\t\t\t<a class=\"elementor-post__thumbnail__link\" href=\"https:\/\/gad.se\/nb\/g-a-d-uttagna-for-medverkan-i-skandinaviens-storsta-designevent\/\" tabindex=\"-1\" >\n\t\t\t<div class=\"elementor-post__thumbnail\"><img fetchpriority=\"high\" decoding=\"async\" width=\"800\" height=\"585\" src=\"https:\/\/gad.se\/wp-content\/uploads\/2025\/12\/9c0168c776b32380_800x800ar.webp\" class=\"attachment-full size-full wp-image-6648\" alt=\"\" srcset=\"https:\/\/gad.se\/wp-content\/uploads\/2025\/12\/9c0168c776b32380_800x800ar.webp 800w, https:\/\/gad.se\/wp-content\/uploads\/2025\/12\/9c0168c776b32380_800x800ar-250x183.webp 250w, https:\/\/gad.se\/wp-content\/uploads\/2025\/12\/9c0168c776b32380_800x800ar-300x219.webp 300w, https:\/\/gad.se\/wp-content\/uploads\/2025\/12\/9c0168c776b32380_800x800ar-768x562.webp 768w, https:\/\/gad.se\/wp-content\/uploads\/2025\/12\/9c0168c776b32380_800x800ar-16x12.webp 16w\" sizes=\"(max-width: 800px) 100vw, 800px\" \/><\/div>\n\t\t<\/a>\n\t\t\t\t<div class=\"elementor-post__text\">\n\t\t\t\t<h3 class=\"elementor-post__title\">\n\t\t\t<a href=\"https:\/\/gad.se\/nb\/g-a-d-uttagna-for-medverkan-i-skandinaviens-storsta-designevent\/\" >\n\t\t\t\tG.A.D uttagna f\u00f6r medverkan i Skandinaviens st\u00f6rsta designevent\t\t\t<\/a>\n\t\t<\/h3>\n\t\t\t\t<div class=\"elementor-post__meta-data\">\n\t\t\t\t\t<span class=\"elementor-post-date\">\n\t\t\tmars 27, 2026\t\t<\/span>\n\t\t\t\t<\/div>\n\t\t\n\t\t<a class=\"elementor-post__read-more\" href=\"https:\/\/gad.se\/nb\/g-a-d-uttagna-for-medverkan-i-skandinaviens-storsta-designevent\/\" aria-label=\"Read more about G.A.D uttagna f\u00f6r medverkan i Skandinaviens st\u00f6rsta designevent\" tabindex=\"-1\" >\n\t\t\tL\u00e4s mer\t\t<\/a>\n\n\t\t\t\t<\/div>\n\t\t\t\t<\/article>\n\t\t\t\t<article class=\"elementor-post elementor-grid-item post-6957 post type-post status-publish format-standard has-post-thumbnail hentry category-pressmeddelande\" role=\"listitem\">\n\t\t\t\t<a class=\"elementor-post__thumbnail__link\" href=\"https:\/\/gad.se\/nb\/designforetaget-g-a-d-premiarvisar-sin-forsta-produkt-for-nya-segmentet-contract-under-stockholm-design-week-3-5-februari\/\" tabindex=\"-1\" >\n\t\t\t<div class=\"elementor-post__thumbnail\"><img decoding=\"async\" width=\"800\" height=\"800\" src=\"https:\/\/gad.se\/wp-content\/uploads\/2026\/01\/861c1bd3707fa3c2_800x800ar.jpg\" class=\"attachment-full size-full wp-image-6958\" alt=\"\" srcset=\"https:\/\/gad.se\/wp-content\/uploads\/2026\/01\/861c1bd3707fa3c2_800x800ar.jpg 800w, https:\/\/gad.se\/wp-content\/uploads\/2026\/01\/861c1bd3707fa3c2_800x800ar-250x250.jpg 250w, https:\/\/gad.se\/wp-content\/uploads\/2026\/01\/861c1bd3707fa3c2_800x800ar-100x100.jpg 100w, https:\/\/gad.se\/wp-content\/uploads\/2026\/01\/861c1bd3707fa3c2_800x800ar-300x300.jpg 300w, https:\/\/gad.se\/wp-content\/uploads\/2026\/01\/861c1bd3707fa3c2_800x800ar-150x150.jpg 150w, https:\/\/gad.se\/wp-content\/uploads\/2026\/01\/861c1bd3707fa3c2_800x800ar-768x768.jpg 768w, https:\/\/gad.se\/wp-content\/uploads\/2026\/01\/861c1bd3707fa3c2_800x800ar-12x12.jpg 12w\" sizes=\"(max-width: 800px) 100vw, 800px\" \/><\/div>\n\t\t<\/a>\n\t\t\t\t<div class=\"elementor-post__text\">\n\t\t\t\t<h3 class=\"elementor-post__title\">\n\t\t\t<a href=\"https:\/\/gad.se\/nb\/designforetaget-g-a-d-premiarvisar-sin-forsta-produkt-for-nya-segmentet-contract-under-stockholm-design-week-3-5-februari\/\" >\n\t\t\t\tDesignf\u00f6retaget G.A.D premi\u00e4rvisar sin f\u00f6rsta produkt f\u00f6r nya segmentet Contract under Stockholm design Week 3-5 februari\t\t\t<\/a>\n\t\t<\/h3>\n\t\t\t\t<div class=\"elementor-post__meta-data\">\n\t\t\t\t\t<span class=\"elementor-post-date\">\n\t\t\tmars 27, 2026\t\t<\/span>\n\t\t\t\t<\/div>\n\t\t\n\t\t<a class=\"elementor-post__read-more\" href=\"https:\/\/gad.se\/nb\/designforetaget-g-a-d-premiarvisar-sin-forsta-produkt-for-nya-segmentet-contract-under-stockholm-design-week-3-5-februari\/\" aria-label=\"Read more about Designf\u00f6retaget G.A.D premi\u00e4rvisar sin f\u00f6rsta produkt f\u00f6r nya segmentet Contract under Stockholm design Week 3-5 februari\" tabindex=\"-1\" >\n\t\t\tL\u00e4s mer\t\t<\/a>\n\n\t\t\t\t<\/div>\n\t\t\t\t<\/article>\n\t\t\t\t<article class=\"elementor-post elementor-grid-item post-7130 post type-post status-publish format-standard has-post-thumbnail hentry category-pressmeddelande\" role=\"listitem\">\n\t\t\t\t<a class=\"elementor-post__thumbnail__link\" href=\"https:\/\/gad.se\/nb\/presentation-av-aktiebolaget-gotland-art-designs-bokslutskommunike-2025\/\" tabindex=\"-1\" >\n\t\t\t<div class=\"elementor-post__thumbnail\"><img decoding=\"async\" width=\"800\" height=\"452\" src=\"https:\/\/gad.se\/wp-content\/uploads\/2026\/02\/a7da3464e23cac4d_800x800ar.jpg\" class=\"attachment-full size-full wp-image-7131\" alt=\"\" srcset=\"https:\/\/gad.se\/wp-content\/uploads\/2026\/02\/a7da3464e23cac4d_800x800ar.jpg 800w, https:\/\/gad.se\/wp-content\/uploads\/2026\/02\/a7da3464e23cac4d_800x800ar-250x141.jpg 250w, https:\/\/gad.se\/wp-content\/uploads\/2026\/02\/a7da3464e23cac4d_800x800ar-300x170.jpg 300w, https:\/\/gad.se\/wp-content\/uploads\/2026\/02\/a7da3464e23cac4d_800x800ar-768x434.jpg 768w, https:\/\/gad.se\/wp-content\/uploads\/2026\/02\/a7da3464e23cac4d_800x800ar-18x10.jpg 18w\" sizes=\"(max-width: 800px) 100vw, 800px\" \/><\/div>\n\t\t<\/a>\n\t\t\t\t<div class=\"elementor-post__text\">\n\t\t\t\t<h3 class=\"elementor-post__title\">\n\t\t\t<a href=\"https:\/\/gad.se\/nb\/presentation-av-aktiebolaget-gotland-art-designs-bokslutskommunike-2025\/\" >\n\t\t\t\tPresentation av Aktiebolaget Gotland Art &#038; Designs bokslutskommunik\u00e9 2025\t\t\t<\/a>\n\t\t<\/h3>\n\t\t\t\t<div class=\"elementor-post__meta-data\">\n\t\t\t\t\t<span class=\"elementor-post-date\">\n\t\t\tmars 27, 2026\t\t<\/span>\n\t\t\t\t<\/div>\n\t\t\n\t\t<a class=\"elementor-post__read-more\" href=\"https:\/\/gad.se\/nb\/presentation-av-aktiebolaget-gotland-art-designs-bokslutskommunike-2025\/\" aria-label=\"Read more about Presentation av Aktiebolaget Gotland Art &#038; Designs bokslutskommunik\u00e9 2025\" tabindex=\"-1\" >\n\t\t\tL\u00e4s mer\t\t<\/a>\n\n\t\t\t\t<\/div>\n\t\t\t\t<\/article>\n\t\t\t\t<article class=\"elementor-post elementor-grid-item post-7338 post type-post status-publish format-standard has-post-thumbnail hentry category-pressmeddelande\" role=\"listitem\">\n\t\t\t\t<a class=\"elementor-post__thumbnail__link\" href=\"https:\/\/gad.se\/nb\/aktiebolaget-gotland-art-design-publicerar-bokslutskommunike-for-2025\/\" tabindex=\"-1\" >\n\t\t\t<div class=\"elementor-post__thumbnail\"><img loading=\"lazy\" decoding=\"async\" width=\"800\" height=\"452\" src=\"https:\/\/gad.se\/wp-content\/uploads\/2026\/02\/bd313ea0000cecb9_800x800ar.jpeg\" class=\"attachment-full size-full wp-image-7339\" alt=\"\" srcset=\"https:\/\/gad.se\/wp-content\/uploads\/2026\/02\/bd313ea0000cecb9_800x800ar.jpeg 800w, https:\/\/gad.se\/wp-content\/uploads\/2026\/02\/bd313ea0000cecb9_800x800ar-250x141.jpeg 250w, https:\/\/gad.se\/wp-content\/uploads\/2026\/02\/bd313ea0000cecb9_800x800ar-300x170.jpeg 300w, https:\/\/gad.se\/wp-content\/uploads\/2026\/02\/bd313ea0000cecb9_800x800ar-768x434.jpeg 768w, https:\/\/gad.se\/wp-content\/uploads\/2026\/02\/bd313ea0000cecb9_800x800ar-18x10.jpeg 18w\" sizes=\"(max-width: 800px) 100vw, 800px\" \/><\/div>\n\t\t<\/a>\n\t\t\t\t<div class=\"elementor-post__text\">\n\t\t\t\t<h3 class=\"elementor-post__title\">\n\t\t\t<a href=\"https:\/\/gad.se\/nb\/aktiebolaget-gotland-art-design-publicerar-bokslutskommunike-for-2025\/\" >\n\t\t\t\tAktiebolaget Gotland Art &#038; Design publicerar bokslutskommunik\u00e9 f\u00f6r 2025\t\t\t<\/a>\n\t\t<\/h3>\n\t\t\t\t<div class=\"elementor-post__meta-data\">\n\t\t\t\t\t<span class=\"elementor-post-date\">\n\t\t\tmars 27, 2026\t\t<\/span>\n\t\t\t\t<\/div>\n\t\t\n\t\t<a class=\"elementor-post__read-more\" href=\"https:\/\/gad.se\/nb\/aktiebolaget-gotland-art-design-publicerar-bokslutskommunike-for-2025\/\" aria-label=\"Read more about Aktiebolaget Gotland Art &#038; Design publicerar bokslutskommunik\u00e9 f\u00f6r 2025\" tabindex=\"-1\" >\n\t\t\tL\u00e4s mer\t\t<\/a>\n\n\t\t\t\t<\/div>\n\t\t\t\t<\/article>\n\t\t\t\t<article class=\"elementor-post elementor-grid-item post-7497 post type-post status-publish format-standard has-post-thumbnail hentry category-pressmeddelande\" role=\"listitem\">\n\t\t\t\t<a class=\"elementor-post__thumbnail__link\" href=\"https:\/\/gad.se\/nb\/g-a-d-medverkar-pa-pop-up-massa-i-slagthuset-malmo-5-mars\/\" tabindex=\"-1\" >\n\t\t\t<div class=\"elementor-post__thumbnail\"><img loading=\"lazy\" decoding=\"async\" width=\"800\" height=\"450\" src=\"https:\/\/gad.se\/wp-content\/uploads\/2026\/03\/b81e6c5d0e0fd5c4_800x800ar.png\" class=\"attachment-full size-full wp-image-7498\" alt=\"\" srcset=\"https:\/\/gad.se\/wp-content\/uploads\/2026\/03\/b81e6c5d0e0fd5c4_800x800ar.png 800w, https:\/\/gad.se\/wp-content\/uploads\/2026\/03\/b81e6c5d0e0fd5c4_800x800ar-300x169.png 300w, https:\/\/gad.se\/wp-content\/uploads\/2026\/03\/b81e6c5d0e0fd5c4_800x800ar-768x432.png 768w, https:\/\/gad.se\/wp-content\/uploads\/2026\/03\/b81e6c5d0e0fd5c4_800x800ar-18x10.png 18w, https:\/\/gad.se\/wp-content\/uploads\/2026\/03\/b81e6c5d0e0fd5c4_800x800ar-250x141.png 250w\" sizes=\"(max-width: 800px) 100vw, 800px\" \/><\/div>\n\t\t<\/a>\n\t\t\t\t<div class=\"elementor-post__text\">\n\t\t\t\t<h3 class=\"elementor-post__title\">\n\t\t\t<a href=\"https:\/\/gad.se\/nb\/g-a-d-medverkar-pa-pop-up-massa-i-slagthuset-malmo-5-mars\/\" >\n\t\t\t\tG.A.D medverkar p\u00e5 Pop-Up m\u00e4ssa i Slagthuset Malm\u00f6 5 mars\t\t\t<\/a>\n\t\t<\/h3>\n\t\t\t\t<div class=\"elementor-post__meta-data\">\n\t\t\t\t\t<span class=\"elementor-post-date\">\n\t\t\tmars 27, 2026\t\t<\/span>\n\t\t\t\t<\/div>\n\t\t\n\t\t<a class=\"elementor-post__read-more\" href=\"https:\/\/gad.se\/nb\/g-a-d-medverkar-pa-pop-up-massa-i-slagthuset-malmo-5-mars\/\" aria-label=\"Read more about G.A.D medverkar p\u00e5 Pop-Up m\u00e4ssa i Slagthuset Malm\u00f6 5 mars\" tabindex=\"-1\" >\n\t\t\tL\u00e4s mer\t\t<\/a>\n\n\t\t\t\t<\/div>\n\t\t\t\t<\/article>\n\t\t\t\t<article class=\"elementor-post elementor-grid-item post-7650 post type-post status-publish format-standard has-post-thumbnail hentry category-pressmeddelande\" role=\"listitem\">\n\t\t\t\t<a class=\"elementor-post__thumbnail__link\" href=\"https:\/\/gad.se\/nb\/g-a-d-rekryterar-butik-och-saljansvarig-goteborg\/\" tabindex=\"-1\" >\n\t\t\t<div class=\"elementor-post__thumbnail\"><img loading=\"lazy\" decoding=\"async\" width=\"800\" height=\"450\" src=\"https:\/\/gad.se\/wp-content\/uploads\/2026\/03\/a77c15d036b6109d_800x800ar.jpg\" class=\"attachment-full size-full wp-image-7651\" alt=\"\" srcset=\"https:\/\/gad.se\/wp-content\/uploads\/2026\/03\/a77c15d036b6109d_800x800ar.jpg 800w, https:\/\/gad.se\/wp-content\/uploads\/2026\/03\/a77c15d036b6109d_800x800ar-300x169.jpg 300w, https:\/\/gad.se\/wp-content\/uploads\/2026\/03\/a77c15d036b6109d_800x800ar-768x432.jpg 768w, https:\/\/gad.se\/wp-content\/uploads\/2026\/03\/a77c15d036b6109d_800x800ar-18x10.jpg 18w, https:\/\/gad.se\/wp-content\/uploads\/2026\/03\/a77c15d036b6109d_800x800ar-250x141.jpg 250w\" sizes=\"(max-width: 800px) 100vw, 800px\" \/><\/div>\n\t\t<\/a>\n\t\t\t\t<div class=\"elementor-post__text\">\n\t\t\t\t<h3 class=\"elementor-post__title\">\n\t\t\t<a href=\"https:\/\/gad.se\/nb\/g-a-d-rekryterar-butik-och-saljansvarig-goteborg\/\" >\n\t\t\t\tG.A.D rekryterar butik- och s\u00e4ljansvarig G\u00f6teborg\t\t\t<\/a>\n\t\t<\/h3>\n\t\t\t\t<div class=\"elementor-post__meta-data\">\n\t\t\t\t\t<span class=\"elementor-post-date\">\n\t\t\tmars 27, 2026\t\t<\/span>\n\t\t\t\t<\/div>\n\t\t\n\t\t<a class=\"elementor-post__read-more\" href=\"https:\/\/gad.se\/nb\/g-a-d-rekryterar-butik-och-saljansvarig-goteborg\/\" aria-label=\"Read more about G.A.D rekryterar butik- och s\u00e4ljansvarig G\u00f6teborg\" tabindex=\"-1\" >\n\t\t\tL\u00e4s mer\t\t<\/a>\n\n\t\t\t\t<\/div>\n\t\t\t\t<\/article>\n\t\t\t\t<\/div>\n\t\t\n\t\t\t\t\t\t<\/div>\n\t\t\t\t<\/div>\n\t\t\t\t\t<\/div>\n\t\t\t\t<\/div>\n\t\t\t\t<\/div>","protected":false},"excerpt":{"rendered":"<p>Pressmeddelanden<\/p>","protected":false},"author":2,"featured_media":0,"parent":5312,"menu_order":0,"comment_status":"closed","ping_status":"closed","template":"","meta":{"_acf_changed":false,"footnotes":""},"class_list":["post-5469","page","type-page","status-publish","hentry"],"acf":[],"_links":{"self":[{"href":"https:\/\/gad.se\/nb\/wp-json\/wp\/v2\/pages\/5469","targetHints":{"allow":["GET"]}}],"collection":[{"href":"https:\/\/gad.se\/nb\/wp-json\/wp\/v2\/pages"}],"about":[{"href":"https:\/\/gad.se\/nb\/wp-json\/wp\/v2\/types\/page"}],"author":[{"embeddable":true,"href":"https:\/\/gad.se\/nb\/wp-json\/wp\/v2\/users\/2"}],"replies":[{"embeddable":true,"href":"https:\/\/gad.se\/nb\/wp-json\/wp\/v2\/comments?post=5469"}],"version-history":[{"count":0,"href":"https:\/\/gad.se\/nb\/wp-json\/wp\/v2\/pages\/5469\/revisions"}],"up":[{"embeddable":true,"href":"https:\/\/gad.se\/nb\/wp-json\/wp\/v2\/pages\/5312"}],"wp:attachment":[{"href":"https:\/\/gad.se\/nb\/wp-json\/wp\/v2\/media?parent=5469"}],"curies":[{"name":"wp","href":"https:\/\/api.w.org\/{rel}","templated":true}]}}