{"id":5508,"date":"2025-10-23T13:17:39","date_gmt":"2025-10-23T13:17:39","guid":{"rendered":"https:\/\/gad.se\/?page_id=5508"},"modified":"2025-10-26T07:50:39","modified_gmt":"2025-10-26T07:50:39","slug":"investera","status":"publish","type":"page","link":"https:\/\/gad.se\/nb\/investera\/","title":{"rendered":"investera"},"content":{"rendered":"<div data-elementor-type=\"wp-page\" data-elementor-id=\"5508\" class=\"elementor elementor-5508\" data-elementor-post-type=\"page\">\n\t\t\t\t<div class=\"elementor-element elementor-element-2860d3e e-flex e-con-boxed e-con e-parent\" data-id=\"2860d3e\" data-element_type=\"container\" data-e-type=\"container\" data-settings=\"{&quot;background_background&quot;:&quot;classic&quot;}\">\n\t\t\t\t\t<div class=\"e-con-inner\">\n\t\t\t\t<div class=\"elementor-element elementor-element-51d0551 elementor-widget elementor-widget-heading\" data-id=\"51d0551\" data-element_type=\"widget\" data-e-type=\"widget\" data-widget_type=\"heading.default\">\n\t\t\t\t\t<h2 class=\"elementor-heading-title elementor-size-default\">Investera<\/h2>\t\t\t\t<\/div>\n\t\t\t\t\t<\/div>\n\t\t\t\t<\/div>\n\t\t<div class=\"elementor-element elementor-element-e255526 e-flex e-con-boxed e-con e-parent\" data-id=\"e255526\" data-element_type=\"container\" data-e-type=\"container\">\n\t\t\t\t\t<div class=\"e-con-inner\">\n\t\t\t\t<div class=\"elementor-element elementor-element-b2d63b6 elementor-widget elementor-widget-heading\" data-id=\"b2d63b6\" data-element_type=\"widget\" data-e-type=\"widget\" data-widget_type=\"heading.default\">\n\t\t\t\t\t<h2 class=\"elementor-heading-title elementor-size-default\">F\u00f6lj med i v\u00e5r resa!<\/h2>\t\t\t\t<\/div>\n\t\t\t\t<div class=\"elementor-element elementor-element-b4162a5 elementor-widget elementor-widget-text-editor\" data-id=\"b4162a5\" data-element_type=\"widget\" data-e-type=\"widget\" data-widget_type=\"text-editor.default\">\n\t\t\t\t\t\t\t\t\t<div><p>G.A.D st\u00e5r inf\u00f6r en kommande emission och vi vill ha med dig p\u00e5 t\u00e5get. Vill du ta emot information om den kommande noteringen och f\u00e5 uppdateringar p\u00e5 hur du g\u00f6r f\u00f6r att delta? Skicka ett mail direkt till oss p\u00e5 <b>hakan@gad.se <\/b>f\u00f6r att anm\u00e4la ditt intresse.<\/p><\/div>\t\t\t\t\t\t\t\t<\/div>\n\t\t\t\t<div class=\"elementor-element elementor-element-99d011c elementor-widget elementor-widget-button\" data-id=\"99d011c\" data-element_type=\"widget\" data-e-type=\"widget\" data-widget_type=\"button.default\">\n\t\t\t\t\t\t\t\t\t\t<a class=\"elementor-button elementor-button-link elementor-size-sm elementor-animation-float\" href=\"mailto:hakan@gad.se\">\n\t\t\t\t\t\t<span class=\"elementor-button-content-wrapper\">\n\t\t\t\t\t\t\t\t\t<span class=\"elementor-button-text\">ANM\u00c4L INTRESSE<\/span>\n\t\t\t\t\t<\/span>\n\t\t\t\t\t<\/a>\n\t\t\t\t\t\t\t\t<\/div>\n\t\t\t\t\t<\/div>\n\t\t\t\t<\/div>\n\t\t\t\t<\/div>","protected":false},"excerpt":{"rendered":"<p>Investera F\u00f6lj med i v\u00e5r resa! G.A.D st\u00e5r inf\u00f6r en kommande emission och vi vill ha med dig p\u00e5 t\u00e5get. Vill du ta emot information om den kommande noteringen och f\u00e5 uppdateringar p\u00e5 hur du g\u00f6r f\u00f6r att delta? Skicka ett mail direkt till oss p\u00e5 hakan@gad.se f\u00f6r att anm\u00e4la ditt intresse. ANM\u00c4L INTRESSE<\/p>","protected":false},"author":2,"featured_media":0,"parent":0,"menu_order":0,"comment_status":"closed","ping_status":"closed","template":"","meta":{"_acf_changed":false,"footnotes":""},"class_list":["post-5508","page","type-page","status-publish","hentry"],"acf":[],"_links":{"self":[{"href":"https:\/\/gad.se\/nb\/wp-json\/wp\/v2\/pages\/5508","targetHints":{"allow":["GET"]}}],"collection":[{"href":"https:\/\/gad.se\/nb\/wp-json\/wp\/v2\/pages"}],"about":[{"href":"https:\/\/gad.se\/nb\/wp-json\/wp\/v2\/types\/page"}],"author":[{"embeddable":true,"href":"https:\/\/gad.se\/nb\/wp-json\/wp\/v2\/users\/2"}],"replies":[{"embeddable":true,"href":"https:\/\/gad.se\/nb\/wp-json\/wp\/v2\/comments?post=5508"}],"version-history":[{"count":0,"href":"https:\/\/gad.se\/nb\/wp-json\/wp\/v2\/pages\/5508\/revisions"}],"wp:attachment":[{"href":"https:\/\/gad.se\/nb\/wp-json\/wp\/v2\/media?parent=5508"}],"curies":[{"name":"wp","href":"https:\/\/api.w.org\/{rel}","templated":true}]}}