{"id":5582,"date":"2025-10-24T10:53:06","date_gmt":"2025-10-24T10:53:06","guid":{"rendered":"https:\/\/gad.se\/?page_id=5582"},"modified":"2025-10-28T08:36:02","modified_gmt":"2025-10-28T08:36:02","slug":"revisor","status":"publish","type":"page","link":"https:\/\/gad.se\/nb\/investor-relations-2\/bolagsstyrning\/revisor\/","title":{"rendered":"Revisor"},"content":{"rendered":"<div data-elementor-type=\"wp-page\" data-elementor-id=\"5582\" class=\"elementor elementor-5582\" data-elementor-post-type=\"page\">\n\t\t\t\t<div class=\"elementor-element elementor-element-a9b4ac3 e-flex e-con-boxed e-con e-parent\" data-id=\"a9b4ac3\" data-element_type=\"container\" data-e-type=\"container\" data-settings=\"{&quot;background_background&quot;:&quot;classic&quot;}\">\n\t\t\t\t\t<div class=\"e-con-inner\">\n\t\t\t\t<div class=\"elementor-element elementor-element-4e22813 elementor-widget elementor-widget-heading\" data-id=\"4e22813\" data-element_type=\"widget\" data-e-type=\"widget\" data-widget_type=\"heading.default\">\n\t\t\t\t\t<h2 class=\"elementor-heading-title elementor-size-default\">Revisor<\/h2>\t\t\t\t<\/div>\n\t\t\t\t\t<\/div>\n\t\t\t\t<\/div>\n\t\t<div class=\"elementor-element elementor-element-6f2d582 e-flex e-con-boxed e-con e-parent\" data-id=\"6f2d582\" data-element_type=\"container\" data-e-type=\"container\" data-settings=\"{&quot;background_background&quot;:&quot;classic&quot;}\">\n\t\t\t\t\t<div class=\"e-con-inner\">\n\t\t\t\t<div class=\"elementor-element elementor-element-ca588f9 elementor-nav-menu--dropdown-none elementor-widget elementor-widget-nav-menu\" data-id=\"ca588f9\" data-element_type=\"widget\" data-e-type=\"widget\" data-settings=\"{&quot;layout&quot;:&quot;horizontal&quot;,&quot;submenu_icon&quot;:{&quot;value&quot;:&quot;&lt;svg aria-hidden=\\&quot;true\\&quot; class=\\&quot;e-font-icon-svg e-fas-caret-down\\&quot; viewBox=\\&quot;0 0 320 512\\&quot; xmlns=\\&quot;http:\\\/\\\/www.w3.org\\\/2000\\\/svg\\&quot;&gt;&lt;path d=\\&quot;M31.3 192h257.3c17.8 0 26.7 21.5 14.1 34.1L174.1 354.8c-7.8 7.8-20.5 7.8-28.3 0L17.2 226.1C4.6 213.5 13.5 192 31.3 192z\\&quot;&gt;&lt;\\\/path&gt;&lt;\\\/svg&gt;&quot;,&quot;library&quot;:&quot;fa-solid&quot;}}\" data-widget_type=\"nav-menu.default\">\n\t\t\t\t\t\t\t\t<nav aria-label=\"Meny\" class=\"elementor-nav-menu--main elementor-nav-menu__container elementor-nav-menu--layout-horizontal e--pointer-underline e--animation-fade\">\n\t\t\t\t<ul id=\"menu-1-ca588f9\" class=\"elementor-nav-menu\"><li class=\"menu-item menu-item-type-post_type menu-item-object-page menu-item-5577\"><a href=\"https:\/\/gad.se\/nb\/investor-relations-ipo\/\" class=\"elementor-item\">IPO<\/a><\/li>\n<li class=\"menu-item menu-item-type-post_type menu-item-object-page menu-item-5574\"><a href=\"https:\/\/gad.se\/nb\/investor-relations-2\/kalender\/\" class=\"elementor-item\">Kalender<\/a><\/li>\n<li class=\"menu-item menu-item-type-post_type menu-item-object-page menu-item-6201\"><a href=\"https:\/\/gad.se\/nb\/investor-relations-2\/rapporter\/\" class=\"elementor-item\">Rapporter<\/a><\/li>\n<li class=\"menu-item menu-item-type-post_type menu-item-object-page menu-item-6305\"><a href=\"https:\/\/gad.se\/nb\/investor-relations-2\/pressmeddelanden\/\" class=\"elementor-item\">Pressmeddelanden<\/a><\/li>\n<li class=\"menu-item menu-item-type-post_type menu-item-object-page menu-item-has-children menu-item-5572\"><a href=\"https:\/\/gad.se\/nb\/investor-relations-2\/bolagsstyrning\/\" class=\"elementor-item\">Bolagsstyrning<\/a>\n<ul class=\"sub-menu elementor-nav-menu--dropdown\">\n\t<li class=\"menu-item menu-item-type-post_type menu-item-object-page menu-item-5594\"><a href=\"https:\/\/gad.se\/nb\/investor-relations-2\/bolagsstyrning\/styrelse\/\" class=\"elementor-sub-item\">Styrelse<\/a><\/li>\n\t<li class=\"menu-item menu-item-type-post_type menu-item-object-page menu-item-5595\"><a href=\"https:\/\/gad.se\/nb\/investor-relations-2\/bolagsstyrning\/ledning\/\" class=\"elementor-sub-item\">Ledning<\/a><\/li>\n\t<li class=\"menu-item menu-item-type-post_type menu-item-object-page menu-item-5593\"><a href=\"https:\/\/gad.se\/nb\/investor-relations-2\/bolagsstyrning\/revisor\/\" class=\"elementor-sub-item\">Revisor<\/a><\/li>\n\t<li class=\"menu-item menu-item-type-post_type menu-item-object-page menu-item-5592\"><a href=\"https:\/\/gad.se\/nb\/investor-relations-2\/bolagsstyrning\/bolagsordning\/\" class=\"elementor-sub-item\">Bolagsordning<\/a><\/li>\n<\/ul>\n<\/li>\n<li class=\"menu-item menu-item-type-post_type menu-item-object-page menu-item-5571\"><a href=\"https:\/\/gad.se\/nb\/investor-relations-2\/ir-kontakt\/\" class=\"elementor-item\">IR-Kontakt<\/a><\/li>\n<\/ul>\t\t\t<\/nav>\n\t\t\t\t\t\t<nav class=\"elementor-nav-menu--dropdown elementor-nav-menu__container\" aria-hidden=\"true\">\n\t\t\t\t<ul id=\"menu-2-ca588f9\" class=\"elementor-nav-menu\"><li class=\"menu-item menu-item-type-post_type menu-item-object-page menu-item-5577\"><a href=\"https:\/\/gad.se\/nb\/investor-relations-ipo\/\" class=\"elementor-item\" tabindex=\"-1\">IPO<\/a><\/li>\n<li class=\"menu-item menu-item-type-post_type menu-item-object-page menu-item-5574\"><a href=\"https:\/\/gad.se\/nb\/investor-relations-2\/kalender\/\" class=\"elementor-item\" tabindex=\"-1\">Kalender<\/a><\/li>\n<li class=\"menu-item menu-item-type-post_type menu-item-object-page menu-item-6201\"><a href=\"https:\/\/gad.se\/nb\/investor-relations-2\/rapporter\/\" class=\"elementor-item\" tabindex=\"-1\">Rapporter<\/a><\/li>\n<li class=\"menu-item menu-item-type-post_type menu-item-object-page menu-item-6305\"><a href=\"https:\/\/gad.se\/nb\/investor-relations-2\/pressmeddelanden\/\" class=\"elementor-item\" tabindex=\"-1\">Pressmeddelanden<\/a><\/li>\n<li class=\"menu-item menu-item-type-post_type menu-item-object-page menu-item-has-children menu-item-5572\"><a href=\"https:\/\/gad.se\/nb\/investor-relations-2\/bolagsstyrning\/\" class=\"elementor-item\" tabindex=\"-1\">Bolagsstyrning<\/a>\n<ul class=\"sub-menu elementor-nav-menu--dropdown\">\n\t<li class=\"menu-item menu-item-type-post_type menu-item-object-page menu-item-5594\"><a href=\"https:\/\/gad.se\/nb\/investor-relations-2\/bolagsstyrning\/styrelse\/\" class=\"elementor-sub-item\" tabindex=\"-1\">Styrelse<\/a><\/li>\n\t<li class=\"menu-item menu-item-type-post_type menu-item-object-page menu-item-5595\"><a href=\"https:\/\/gad.se\/nb\/investor-relations-2\/bolagsstyrning\/ledning\/\" class=\"elementor-sub-item\" tabindex=\"-1\">Ledning<\/a><\/li>\n\t<li class=\"menu-item menu-item-type-post_type menu-item-object-page menu-item-5593\"><a href=\"https:\/\/gad.se\/nb\/investor-relations-2\/bolagsstyrning\/revisor\/\" class=\"elementor-sub-item\" tabindex=\"-1\">Revisor<\/a><\/li>\n\t<li class=\"menu-item menu-item-type-post_type menu-item-object-page menu-item-5592\"><a href=\"https:\/\/gad.se\/nb\/investor-relations-2\/bolagsstyrning\/bolagsordning\/\" class=\"elementor-sub-item\" tabindex=\"-1\">Bolagsordning<\/a><\/li>\n<\/ul>\n<\/li>\n<li class=\"menu-item menu-item-type-post_type menu-item-object-page menu-item-5571\"><a href=\"https:\/\/gad.se\/nb\/investor-relations-2\/ir-kontakt\/\" class=\"elementor-item\" tabindex=\"-1\">IR-Kontakt<\/a><\/li>\n<\/ul>\t\t\t<\/nav>\n\t\t\t\t\t\t<\/div>\n\t\t\t\t\t<\/div>\n\t\t\t\t<\/div>\n\t\t<div class=\"elementor-element elementor-element-64e3db8 e-flex e-con-boxed e-con e-parent\" data-id=\"64e3db8\" data-element_type=\"container\" data-e-type=\"container\">\n\t\t\t\t\t<div class=\"e-con-inner\">\n\t\t\t\t<div class=\"elementor-element elementor-element-4c7b292 elementor-widget elementor-widget-heading\" data-id=\"4c7b292\" data-element_type=\"widget\" data-e-type=\"widget\" data-widget_type=\"heading.default\">\n\t\t\t\t\t<h2 class=\"elementor-heading-title elementor-size-default\">Ola Jacobsson<\/h2>\t\t\t\t<\/div>\n\t\t\t\t<div class=\"elementor-element elementor-element-4d9f3eb elementor-widget elementor-widget-text-editor\" data-id=\"4d9f3eb\" data-element_type=\"widget\" data-e-type=\"widget\" data-widget_type=\"text-editor.default\">\n\t\t\t\t\t\t\t\t\t<p>Ola Jakobsson, redovisningsbyr\u00e5n Especto AB, \u00e4r huvudansvarig revisor i Bolaget. Ola Jakobsson \u00e4r auktoriserad revisor och medlem i FAR (branschorganisation f\u00f6r redovisningskonsulter, revisorer och r\u00e5dgivare i Sverige). Especto AB har varit Bolagets revisor sedan Aktiebolaget Gotland Art &amp; Design grundades \u00e5r 2023 och valdes senast f\u00f6r tiden intill slutet av n\u00e4sta \u00e5rsst\u00e4mma 2026. Especto AB:s bes\u00f6ksadress \u00e4r Zinkgatan 2, 602 23 Norrk\u00f6ping. Bolaget har inga revisorsuppdrag som avslutats under de senaste tv\u00e5 \u00e5ren.<\/p>\t\t\t\t\t\t\t\t<\/div>\n\t\t\t\t\t<\/div>\n\t\t\t\t<\/div>\n\t\t\t\t<\/div>","protected":false},"excerpt":{"rendered":"<p>Revisor Ola Jacobsson Ola Jakobsson, redovisningsbyr\u00e5n Especto AB, \u00e4r huvudansvarig revisor i Bolaget. Ola Jakobsson \u00e4r auktoriserad revisor och medlem i FAR (branschorganisation f\u00f6r redovisningskonsulter, revisorer och r\u00e5dgivare i Sverige). Especto AB har varit Bolagets revisor sedan Aktiebolaget Gotland Art &amp; Design grundades \u00e5r 2023 och valdes senast f\u00f6r tiden intill slutet av n\u00e4sta \u00e5rsst\u00e4mma [&hellip;]<\/p>\n","protected":false},"author":2,"featured_media":0,"parent":5479,"menu_order":0,"comment_status":"closed","ping_status":"closed","template":"","meta":{"_acf_changed":false,"footnotes":""},"class_list":["post-5582","page","type-page","status-publish","hentry"],"acf":[],"_links":{"self":[{"href":"https:\/\/gad.se\/nb\/wp-json\/wp\/v2\/pages\/5582","targetHints":{"allow":["GET"]}}],"collection":[{"href":"https:\/\/gad.se\/nb\/wp-json\/wp\/v2\/pages"}],"about":[{"href":"https:\/\/gad.se\/nb\/wp-json\/wp\/v2\/types\/page"}],"author":[{"embeddable":true,"href":"https:\/\/gad.se\/nb\/wp-json\/wp\/v2\/users\/2"}],"replies":[{"embeddable":true,"href":"https:\/\/gad.se\/nb\/wp-json\/wp\/v2\/comments?post=5582"}],"version-history":[{"count":0,"href":"https:\/\/gad.se\/nb\/wp-json\/wp\/v2\/pages\/5582\/revisions"}],"up":[{"embeddable":true,"href":"https:\/\/gad.se\/nb\/wp-json\/wp\/v2\/pages\/5479"}],"wp:attachment":[{"href":"https:\/\/gad.se\/nb\/wp-json\/wp\/v2\/media?parent=5582"}],"curies":[{"name":"wp","href":"https:\/\/api.w.org\/{rel}","templated":true}]}}