{"id":5584,"date":"2025-10-24T10:53:20","date_gmt":"2025-10-24T10:53:20","guid":{"rendered":"https:\/\/gad.se\/?page_id=5584"},"modified":"2025-11-10T09:47:49","modified_gmt":"2025-11-10T09:47:49","slug":"bolagsordning","status":"publish","type":"page","link":"https:\/\/gad.se\/nb\/investor-relations-2\/bolagsstyrning\/bolagsordning\/","title":{"rendered":"Bolagsordning"},"content":{"rendered":"<div data-elementor-type=\"wp-page\" data-elementor-id=\"5584\" class=\"elementor elementor-5584\" data-elementor-post-type=\"page\">\n\t\t\t\t<div class=\"elementor-element elementor-element-f616b69 e-flex e-con-boxed e-con e-parent\" data-id=\"f616b69\" data-element_type=\"container\" data-e-type=\"container\" data-settings=\"{&quot;background_background&quot;:&quot;classic&quot;}\">\n\t\t\t\t\t<div class=\"e-con-inner\">\n\t\t\t\t<div class=\"elementor-element elementor-element-433744d elementor-widget elementor-widget-heading\" data-id=\"433744d\" data-element_type=\"widget\" data-e-type=\"widget\" data-widget_type=\"heading.default\">\n\t\t\t\t\t<h2 class=\"elementor-heading-title elementor-size-default\">Bolagsordning<\/h2>\t\t\t\t<\/div>\n\t\t\t\t\t<\/div>\n\t\t\t\t<\/div>\n\t\t<div class=\"elementor-element elementor-element-aa83dc6 e-flex e-con-boxed e-con e-parent\" data-id=\"aa83dc6\" data-element_type=\"container\" data-e-type=\"container\" data-settings=\"{&quot;background_background&quot;:&quot;classic&quot;}\">\n\t\t\t\t\t<div class=\"e-con-inner\">\n\t\t\t\t<div class=\"elementor-element elementor-element-4e4e867 elementor-nav-menu--dropdown-none elementor-widget elementor-widget-nav-menu\" data-id=\"4e4e867\" data-element_type=\"widget\" data-e-type=\"widget\" data-settings=\"{&quot;layout&quot;:&quot;horizontal&quot;,&quot;submenu_icon&quot;:{&quot;value&quot;:&quot;&lt;svg aria-hidden=\\&quot;true\\&quot; class=\\&quot;e-font-icon-svg e-fas-caret-down\\&quot; viewBox=\\&quot;0 0 320 512\\&quot; xmlns=\\&quot;http:\\\/\\\/www.w3.org\\\/2000\\\/svg\\&quot;&gt;&lt;path d=\\&quot;M31.3 192h257.3c17.8 0 26.7 21.5 14.1 34.1L174.1 354.8c-7.8 7.8-20.5 7.8-28.3 0L17.2 226.1C4.6 213.5 13.5 192 31.3 192z\\&quot;&gt;&lt;\\\/path&gt;&lt;\\\/svg&gt;&quot;,&quot;library&quot;:&quot;fa-solid&quot;}}\" data-widget_type=\"nav-menu.default\">\n\t\t\t\t\t\t\t\t<nav aria-label=\"Meny\" class=\"elementor-nav-menu--main elementor-nav-menu__container elementor-nav-menu--layout-horizontal e--pointer-underline e--animation-fade\">\n\t\t\t\t<ul id=\"menu-1-4e4e867\" class=\"elementor-nav-menu\"><li class=\"menu-item menu-item-type-post_type menu-item-object-page menu-item-5577\"><a href=\"https:\/\/gad.se\/nb\/investor-relations-ipo\/\" class=\"elementor-item\">IPO<\/a><\/li>\n<li class=\"menu-item menu-item-type-post_type menu-item-object-page menu-item-5574\"><a href=\"https:\/\/gad.se\/nb\/investor-relations-2\/kalender\/\" class=\"elementor-item\">Kalender<\/a><\/li>\n<li class=\"menu-item menu-item-type-post_type menu-item-object-page menu-item-6201\"><a href=\"https:\/\/gad.se\/nb\/investor-relations-2\/rapporter\/\" class=\"elementor-item\">Rapporter<\/a><\/li>\n<li class=\"menu-item menu-item-type-post_type menu-item-object-page menu-item-6305\"><a href=\"https:\/\/gad.se\/nb\/investor-relations-2\/pressmeddelanden\/\" class=\"elementor-item\">Pressmeddelanden<\/a><\/li>\n<li class=\"menu-item menu-item-type-post_type menu-item-object-page menu-item-has-children menu-item-5572\"><a href=\"https:\/\/gad.se\/nb\/investor-relations-2\/bolagsstyrning\/\" class=\"elementor-item\">Bolagsstyrning<\/a>\n<ul class=\"sub-menu elementor-nav-menu--dropdown\">\n\t<li class=\"menu-item menu-item-type-post_type menu-item-object-page menu-item-5594\"><a href=\"https:\/\/gad.se\/nb\/investor-relations-2\/bolagsstyrning\/styrelse\/\" class=\"elementor-sub-item\">Styrelse<\/a><\/li>\n\t<li class=\"menu-item menu-item-type-post_type menu-item-object-page menu-item-5595\"><a href=\"https:\/\/gad.se\/nb\/investor-relations-2\/bolagsstyrning\/ledning\/\" class=\"elementor-sub-item\">Ledning<\/a><\/li>\n\t<li class=\"menu-item menu-item-type-post_type menu-item-object-page menu-item-5593\"><a href=\"https:\/\/gad.se\/nb\/investor-relations-2\/bolagsstyrning\/revisor\/\" class=\"elementor-sub-item\">Revisor<\/a><\/li>\n\t<li class=\"menu-item menu-item-type-post_type menu-item-object-page menu-item-5592\"><a href=\"https:\/\/gad.se\/nb\/investor-relations-2\/bolagsstyrning\/bolagsordning\/\" class=\"elementor-sub-item\">Bolagsordning<\/a><\/li>\n<\/ul>\n<\/li>\n<li class=\"menu-item menu-item-type-post_type menu-item-object-page menu-item-5571\"><a href=\"https:\/\/gad.se\/nb\/investor-relations-2\/ir-kontakt\/\" class=\"elementor-item\">IR-Kontakt<\/a><\/li>\n<\/ul>\t\t\t<\/nav>\n\t\t\t\t\t\t<nav class=\"elementor-nav-menu--dropdown elementor-nav-menu__container\" aria-hidden=\"true\">\n\t\t\t\t<ul id=\"menu-2-4e4e867\" class=\"elementor-nav-menu\"><li class=\"menu-item menu-item-type-post_type menu-item-object-page menu-item-5577\"><a href=\"https:\/\/gad.se\/nb\/investor-relations-ipo\/\" class=\"elementor-item\" tabindex=\"-1\">IPO<\/a><\/li>\n<li class=\"menu-item menu-item-type-post_type menu-item-object-page menu-item-5574\"><a href=\"https:\/\/gad.se\/nb\/investor-relations-2\/kalender\/\" class=\"elementor-item\" tabindex=\"-1\">Kalender<\/a><\/li>\n<li class=\"menu-item menu-item-type-post_type menu-item-object-page menu-item-6201\"><a href=\"https:\/\/gad.se\/nb\/investor-relations-2\/rapporter\/\" class=\"elementor-item\" tabindex=\"-1\">Rapporter<\/a><\/li>\n<li class=\"menu-item menu-item-type-post_type menu-item-object-page menu-item-6305\"><a href=\"https:\/\/gad.se\/nb\/investor-relations-2\/pressmeddelanden\/\" class=\"elementor-item\" tabindex=\"-1\">Pressmeddelanden<\/a><\/li>\n<li class=\"menu-item menu-item-type-post_type menu-item-object-page menu-item-has-children menu-item-5572\"><a href=\"https:\/\/gad.se\/nb\/investor-relations-2\/bolagsstyrning\/\" class=\"elementor-item\" tabindex=\"-1\">Bolagsstyrning<\/a>\n<ul class=\"sub-menu elementor-nav-menu--dropdown\">\n\t<li class=\"menu-item menu-item-type-post_type menu-item-object-page menu-item-5594\"><a href=\"https:\/\/gad.se\/nb\/investor-relations-2\/bolagsstyrning\/styrelse\/\" class=\"elementor-sub-item\" tabindex=\"-1\">Styrelse<\/a><\/li>\n\t<li class=\"menu-item menu-item-type-post_type menu-item-object-page menu-item-5595\"><a href=\"https:\/\/gad.se\/nb\/investor-relations-2\/bolagsstyrning\/ledning\/\" class=\"elementor-sub-item\" tabindex=\"-1\">Ledning<\/a><\/li>\n\t<li class=\"menu-item menu-item-type-post_type menu-item-object-page menu-item-5593\"><a href=\"https:\/\/gad.se\/nb\/investor-relations-2\/bolagsstyrning\/revisor\/\" class=\"elementor-sub-item\" tabindex=\"-1\">Revisor<\/a><\/li>\n\t<li class=\"menu-item menu-item-type-post_type menu-item-object-page menu-item-5592\"><a href=\"https:\/\/gad.se\/nb\/investor-relations-2\/bolagsstyrning\/bolagsordning\/\" class=\"elementor-sub-item\" tabindex=\"-1\">Bolagsordning<\/a><\/li>\n<\/ul>\n<\/li>\n<li class=\"menu-item menu-item-type-post_type menu-item-object-page menu-item-5571\"><a href=\"https:\/\/gad.se\/nb\/investor-relations-2\/ir-kontakt\/\" class=\"elementor-item\" tabindex=\"-1\">IR-Kontakt<\/a><\/li>\n<\/ul>\t\t\t<\/nav>\n\t\t\t\t\t\t<\/div>\n\t\t\t\t\t<\/div>\n\t\t\t\t<\/div>\n\t\t<div class=\"elementor-element elementor-element-d09591c e-flex e-con-boxed e-con e-parent\" data-id=\"d09591c\" data-element_type=\"container\" data-e-type=\"container\">\n\t\t\t\t\t<div class=\"e-con-inner\">\n\t\t<div class=\"elementor-element elementor-element-bbe1b6b e-con-full e-flex e-con e-child\" data-id=\"bbe1b6b\" data-element_type=\"container\" data-e-type=\"container\">\n\t\t\t\t<div class=\"elementor-element elementor-element-c41f2e7 elementor-widget elementor-widget-text-editor\" data-id=\"c41f2e7\" data-element_type=\"widget\" data-e-type=\"widget\" data-widget_type=\"text-editor.default\">\n\t\t\t\t\t\t\t\t\t<p><strong>\u00a7 1 Firma<\/strong><br \/>Bolagets firma (namn) \u00e4r Aktiebolaget Gotland Art &amp; Design (publ.)<\/p><p><strong>\u00a7 2 Styrelsens s\u00e4te<\/strong><br \/>Styrelsen har sitt s\u00e4te i Gotlands kommun.<\/p><p><strong>\u00a7 3 Verksamhet<\/strong><br \/>Bolaget skall bedriva tillverkning av m\u00f6bler samt d\u00e4rmed f\u00f6renlig verksamhet.<\/p><p><strong>\u00a7 4 Aktiekapital<\/strong><br \/>Aktiekapitalet ska vara l\u00e4gst 500 000 och h\u00f6gst 2 000 000 sek.<\/p><p><strong>\u00a7 5 Antal aktier<\/strong><br \/>Antal aktier ska vara l\u00e4gst 4 000 000 och h\u00f6gst 16 000 000.<\/p><p><strong>\u00a7 6 Styrelse<\/strong><br \/>Styrelsen ska best\u00e5 av l\u00e4gst 3 och h\u00f6gst 10 ledam\u00f6ter med l\u00e4gst 0 och h\u00f6gst 10 suppleanter. Styrelseledam\u00f6terna och styrelsesuppleanterna v\u00e4ljs \u00e5rligen p\u00e5 \u00e5rsst\u00e4mma f\u00f6r tiden intill slutet av n\u00e4sta \u00e5rsst\u00e4mma.<\/p><p><strong>\u00a7 7 Revisorer<\/strong><br \/>Bolaget ska ha en auktoriserad revisor med eller utan revisorssuppleant.<\/p><p><strong>\u00a7 8 Kallelse<\/strong><br \/>Kallelse sker genom Post och Inrikes Tidningar samt Svenska DagbladetDagens Industri inom den tid som anges i aktiebolagslagen.<\/p><p><strong>\u00a7 9 \u00c4renden p\u00e5 \u00e5rsst\u00e4mma<\/strong><br \/>P\u00e5 \u00e5rsst\u00e4mman ska f\u00f6ljande \u00e4renden behandlas.<\/p><ol><li>Val av ordf\u00f6rande.<\/li><li>Uppr\u00e4ttande och godk\u00e4nnande av r\u00f6stl\u00e4ngd.<\/li><li>Val av en eller tv\u00e5 justeringsm\u00e4n.<\/li><li>Pr\u00f6vande av om st\u00e4mman blivit beh\u00f6rigen sammankallad.<\/li><li>Godk\u00e4nnande av dagordning.<\/li><li>Framl\u00e4ggande av \u00e5rsredovisningen och revisionsber\u00e4ttelsen.<\/li><li>Beslut om f\u00f6ljande<br \/>&#8211; Fastst\u00e4llande av resultatr\u00e4kningen och balansr\u00e4kningen<br \/>&#8211; Disposition av aktiebolagets vinst eller f\u00f6rlust enligt den fastst\u00e4llda balansr\u00e4kningen.<br \/>&#8211; Ansvarsfrihet \u00e5t styrelseledam\u00f6terna och verkst\u00e4llande direkt\u00f6ren n\u00e4r s\u00e5dan f\u00f6rekommer.<\/li><li>Fastst\u00e4llande av arvoden till styrelsen och i vissa fall revisorerna.<\/li><li>Val till styrelsen och i vissa fall av revisorer.<\/li><li>Annat \u00e4rende, som ska tas upp p\u00e5 st\u00e4mman enligt aktiebolagslagen (2005:551)<br \/>eller bolagsordningen.<\/li><\/ol><p><strong><br \/>\u00a7 10 \u00a7 9. F\u00f6ranm\u00e4lan<\/strong><br \/>R\u00e4tt att delta i bolagsst\u00e4mma har aktie\u00e4gare som uttagits i aktieboken p\u00e5 s\u00e4tt som f\u00f6reskrivs i 7 kap. 28 \u00a7 tredje stycket aktiebolagslagen (2005:551) och som anm\u00e4lt sitt deltagande till bolaget senast den dag som anges i kallelsen till st\u00e4mman. Denna dag f\u00e5r inte vara s\u00f6ndag, annan allm\u00e4n helgdag, l\u00f6rdag, midsommarafton, julafton eller ny\u00e5rsafton och inte infalla tidigare \u00e4n femte vardagen f\u00f6re st\u00e4mman.<\/p><p><strong>\u00a7 11. Fullmaktsinsamling samt postr\u00f6stning<\/strong><br \/>Styrelsen f\u00e5r samla in fullmakter p\u00e5 bolagets bekostnad enligt det f\u00f6rfarande som anges i 7 kap. 4 \u00a7 andra stycket aktiebolagslagen (2005:551).<\/p><p>Styrelsen f\u00e5r inf\u00f6r en bolagsst\u00e4mma besluta att aktie\u00e4garna ska kunna ut\u00f6va sin r\u00f6str\u00e4tt per post f\u00f6re bolagsst\u00e4mman.<\/p><p><strong>\u00a7 12 R\u00e4kenskaps\u00e5r<\/strong><br \/>R\u00e4kenskaps\u00e5r \u00e4r 1 januari \u2013 31 december<\/p><p><strong>\u00a7 13. Avst\u00e4mningsf\u00f6rbeh\u00e5ll<\/strong><br \/>Bolagets aktier ska vara registrerade i ett avst\u00e4mningsregister enligt lagen (1998:1479) om v\u00e4rdepapperscentraler och kontof\u00f6ring av finansiella instrument.<\/p>\t\t\t\t\t\t\t\t<\/div>\n\t\t\t\t<\/div>\n\t\t\t\t\t<\/div>\n\t\t\t\t<\/div>\n\t\t\t\t<\/div>","protected":false},"excerpt":{"rendered":"<p>Bolagsordning \u00a7 1 FirmaBolagets firma (namn) \u00e4r Aktiebolaget Gotland Art &amp; Design (publ.) \u00a7 2 Styrelsens s\u00e4teStyrelsen har sitt s\u00e4te i Gotlands kommun. \u00a7 3 VerksamhetBolaget skall bedriva tillverkning av m\u00f6bler samt d\u00e4rmed f\u00f6renlig verksamhet. \u00a7 4 AktiekapitalAktiekapitalet ska vara l\u00e4gst 500 000 och h\u00f6gst 2 000 000 sek. \u00a7 5 Antal aktierAntal aktier ska [&hellip;]<\/p>\n","protected":false},"author":2,"featured_media":0,"parent":5479,"menu_order":0,"comment_status":"closed","ping_status":"closed","template":"","meta":{"_acf_changed":false,"footnotes":""},"class_list":["post-5584","page","type-page","status-publish","hentry"],"acf":[],"_links":{"self":[{"href":"https:\/\/gad.se\/nb\/wp-json\/wp\/v2\/pages\/5584","targetHints":{"allow":["GET"]}}],"collection":[{"href":"https:\/\/gad.se\/nb\/wp-json\/wp\/v2\/pages"}],"about":[{"href":"https:\/\/gad.se\/nb\/wp-json\/wp\/v2\/types\/page"}],"author":[{"embeddable":true,"href":"https:\/\/gad.se\/nb\/wp-json\/wp\/v2\/users\/2"}],"replies":[{"embeddable":true,"href":"https:\/\/gad.se\/nb\/wp-json\/wp\/v2\/comments?post=5584"}],"version-history":[{"count":0,"href":"https:\/\/gad.se\/nb\/wp-json\/wp\/v2\/pages\/5584\/revisions"}],"up":[{"embeddable":true,"href":"https:\/\/gad.se\/nb\/wp-json\/wp\/v2\/pages\/5479"}],"wp:attachment":[{"href":"https:\/\/gad.se\/nb\/wp-json\/wp\/v2\/media?parent=5584"}],"curies":[{"name":"wp","href":"https:\/\/api.w.org\/{rel}","templated":true}]}}