{"id":1195,"date":"2025-05-19T11:45:08","date_gmt":"2025-05-19T11:45:08","guid":{"rendered":"https:\/\/gad.se\/?post_type=product&#038;p=1195"},"modified":"2026-02-27T15:54:31","modified_gmt":"2026-02-27T15:54:31","slug":"hogklint","status":"publish","type":"product","link":"https:\/\/gad.se\/nb\/hogklint\/","title":{"rendered":"H\u00f6gklint"},"content":{"rendered":"<p>Hogklint \u00e4r ett byggbart hyllsystem i massiv tr\u00e4konstruktion \u2013 lika flexibelt som det \u00e4r formstarkt. Anpassa h\u00f6jd, bredd, antal sektioner och hyllplan helt efter ditt utrymme och din stil. En bokhylla som v\u00e4xer med dig \u2013 bokstavligt talat.<br \/>\nN\u00e4r du best\u00e4ller en H\u00f6gklint g\u00f6r du det genom v\u00e5r konfigurator. Vi kan hj\u00e4lpa dig med detta i v\u00e5ra butiker, eller \u00f6ver telefon. H\u00f6gklint levereras omonterad, men \u00e4r enkel att montera ihop p\u00e5 egen hand.<\/p>","protected":false},"excerpt":{"rendered":"<p>Hogklint \u00e4r ett byggbart hyllsystem i massiv tr\u00e4konstruktion \u2013 lika flexibelt som det \u00e4r formstarkt. Anpassa h\u00f6jd, bredd, antal sektioner och hyllplan helt efter ditt utrymme och din stil. En bokhylla som v\u00e4xer med dig \u2013 bokstavligt talat. N\u00e4r du best\u00e4ller en H\u00f6gklint g\u00f6r du det genom v\u00e5r konfigurator. Vi kan hj\u00e4lpa dig med detta [&hellip;]<\/p>\n","protected":false},"featured_media":7444,"comment_status":"open","ping_status":"closed","template":"","meta":{"_acf_changed":false},"product_brand":[126],"product_cat":[60],"product_tag":[88],"class_list":{"0":"post-1195","1":"product","2":"type-product","3":"status-publish","4":"has-post-thumbnail","6":"product_brand-g-a-d","7":"product_cat-bokhyllor","8":"product_tag-hogklint","10":"first","11":"instock","12":"taxable","13":"shipping-taxable","14":"product-type-simple"},"acf":[],"wcpa_form_fields":null,"_links":{"self":[{"href":"https:\/\/gad.se\/nb\/wp-json\/wp\/v2\/product\/1195","targetHints":{"allow":["GET"]}}],"collection":[{"href":"https:\/\/gad.se\/nb\/wp-json\/wp\/v2\/product"}],"about":[{"href":"https:\/\/gad.se\/nb\/wp-json\/wp\/v2\/types\/product"}],"replies":[{"embeddable":true,"href":"https:\/\/gad.se\/nb\/wp-json\/wp\/v2\/comments?post=1195"}],"wp:featuredmedia":[{"embeddable":true,"href":"https:\/\/gad.se\/nb\/wp-json\/wp\/v2\/media\/7444"}],"wp:attachment":[{"href":"https:\/\/gad.se\/nb\/wp-json\/wp\/v2\/media?parent=1195"}],"wp:term":[{"taxonomy":"product_brand","embeddable":true,"href":"https:\/\/gad.se\/nb\/wp-json\/wp\/v2\/product_brand?post=1195"},{"taxonomy":"product_cat","embeddable":true,"href":"https:\/\/gad.se\/nb\/wp-json\/wp\/v2\/product_cat?post=1195"},{"taxonomy":"product_tag","embeddable":true,"href":"https:\/\/gad.se\/nb\/wp-json\/wp\/v2\/product_tag?post=1195"}],"curies":[{"name":"wp","href":"https:\/\/api.w.org\/{rel}","templated":true}]}}