{"id":1196,"date":"2025-05-19T11:45:51","date_gmt":"2025-05-19T11:45:51","guid":{"rendered":"https:\/\/gad.se\/?post_type=product&#038;p=1196"},"modified":"2026-02-27T15:55:24","modified_gmt":"2026-02-27T15:55:24","slug":"roma-forvaringssystem","status":"publish","type":"product","link":"https:\/\/gad.se\/nb\/roma-forvaringssystem\/","title":{"rendered":"Roma F\u00f6rvaringssystem"},"content":{"rendered":"<p>Roma \u00e4r ett flexibelt f\u00f6rvaringssystem som kan skr\u00e4ddarsys efter dina behov \u2013 oavsett om det handlar om en hel v\u00e4gg, ett sideboard eller ett vitrinsk\u00e5p. Kombinera sektioner, d\u00f6rrar, l\u00e5dor och hyllor i olika material och ytbehandlingar, och skapa en l\u00f6sning som \u00e4r helt din egen.<\/p>","protected":false},"excerpt":{"rendered":"<p>Roma \u00e4r ett flexibelt f\u00f6rvaringssystem som kan skr\u00e4ddarsys efter dina behov \u2013 oavsett om det handlar om en hel v\u00e4gg, ett sideboard eller ett vitrinsk\u00e5p. Kombinera sektioner, d\u00f6rrar, l\u00e5dor och hyllor i olika material och ytbehandlingar, och skapa en l\u00f6sning som \u00e4r helt din egen.<\/p>","protected":false},"featured_media":1036,"comment_status":"open","ping_status":"closed","template":"","meta":{"_acf_changed":false},"product_brand":[126],"product_cat":[61],"product_tag":[87],"class_list":{"0":"post-1196","1":"product","2":"type-product","3":"status-publish","4":"has-post-thumbnail","6":"product_brand-g-a-d","7":"product_cat-forvaring","8":"product_tag-roma","10":"first","11":"instock","12":"taxable","13":"shipping-taxable","14":"product-type-simple"},"acf":[],"wcpa_form_fields":null,"_links":{"self":[{"href":"https:\/\/gad.se\/nb\/wp-json\/wp\/v2\/product\/1196","targetHints":{"allow":["GET"]}}],"collection":[{"href":"https:\/\/gad.se\/nb\/wp-json\/wp\/v2\/product"}],"about":[{"href":"https:\/\/gad.se\/nb\/wp-json\/wp\/v2\/types\/product"}],"replies":[{"embeddable":true,"href":"https:\/\/gad.se\/nb\/wp-json\/wp\/v2\/comments?post=1196"}],"wp:featuredmedia":[{"embeddable":true,"href":"https:\/\/gad.se\/nb\/wp-json\/wp\/v2\/media\/1036"}],"wp:attachment":[{"href":"https:\/\/gad.se\/nb\/wp-json\/wp\/v2\/media?parent=1196"}],"wp:term":[{"taxonomy":"product_brand","embeddable":true,"href":"https:\/\/gad.se\/nb\/wp-json\/wp\/v2\/product_brand?post=1196"},{"taxonomy":"product_cat","embeddable":true,"href":"https:\/\/gad.se\/nb\/wp-json\/wp\/v2\/product_cat?post=1196"},{"taxonomy":"product_tag","embeddable":true,"href":"https:\/\/gad.se\/nb\/wp-json\/wp\/v2\/product_tag?post=1196"}],"curies":[{"name":"wp","href":"https:\/\/api.w.org\/{rel}","templated":true}]}}