{"id":1507,"date":"2025-05-21T10:06:59","date_gmt":"2025-05-21T10:06:59","guid":{"rendered":"https:\/\/gad.se\/?post_type=product&#038;p=1507"},"modified":"2026-02-20T10:18:33","modified_gmt":"2026-02-20T10:18:33","slug":"gothem-tresitssoffa","status":"publish","type":"product","link":"https:\/\/gad.se\/nb\/gothem-tresitssoffa\/","title":{"rendered":"Gothem Tresitssoffa"},"content":{"rendered":"<p>Gothem 3-sitssoffa \u00e4r en gener\u00f6s sittm\u00f6bel med ett uttryck som f\u00f6renar v\u00e4rme, precision och arkitektonisk l\u00e4tthet. Med sin \u00f6ppna design, stoppade komfort och genomt\u00e4nkta detaljer \u00e4r det en soffa som passar lika bra i vardagsrum som i offentlig milj\u00f6 d\u00e4r hantverk och estetik f\u00e5r ta plats.<\/p>","protected":false},"excerpt":{"rendered":"<p>Gothem 3-sitssoffa \u00e4r en gener\u00f6s sittm\u00f6bel med ett uttryck som f\u00f6renar v\u00e4rme, precision och arkitektonisk l\u00e4tthet. Med sin \u00f6ppna design, stoppade komfort och genomt\u00e4nkta detaljer \u00e4r det en soffa som passar lika bra i vardagsrum som i offentlig milj\u00f6 d\u00e4r hantverk och estetik f\u00e5r ta plats.<\/p>","protected":false},"featured_media":1490,"comment_status":"open","ping_status":"closed","template":"","meta":{"_acf_changed":false},"product_brand":[126],"product_cat":[69,46],"product_tag":[81],"class_list":{"0":"post-1507","1":"product","2":"type-product","3":"status-publish","4":"has-post-thumbnail","6":"product_brand-g-a-d","7":"product_cat-soffor","8":"product_cat-sittmobler","9":"product_tag-gothem-tresits","10":"wcpa_has_options","12":"first","13":"instock","14":"taxable","15":"shipping-taxable","16":"purchasable","17":"product-type-simple"},"acf":[],"wcpa_form_fields":{"wcpaData":{"product":{"product_price":43900,"price_html":"<span class=\"woocommerce-Price-amount amount\"><bdi>43 900&nbsp;<span class=\"woocommerce-Price-currencySymbol\">&#107;&#114;<\/span><\/bdi><\/span>","original_product_price":43900,"price_including_tax":43900,"price_excluding_tax":35120,"product_id":{"parent":1507,"variation":false},"is_variable":false,"stock_status":"instock","stock_quantity":null,"parent_sku":"","product_attributes":[],"custom_fields":[],"is_taxable":true,"product_name":"Gothem Tresitssoffa","hasImage":false},"fields":{"sec_3683dde258a661":{"extra":{"key":"sec_3683dde258a661","section_id":"sec_3683dde258a661","name":"Default","status":1,"cl_rule":"show","enableCl":false,"relations":[],"toggle":true,"title_tag":"h3","show_title":false,"showPrice":"default","form_id":3881,"form_rules":{"exclude_from_discount":false,"fee_label":"Fee","disp_hide_options_price":true,"disp_show_section_price":false,"disp_show_field_price":false,"layout_option":"standard","pric_use_as_fee":false,"process_fee_as":"woo_fee"},"layout_option":"standard"},"fields":[[{"active":true,"col":6,"relations":false,"cl_rule":"show","enableCl":false,"price":"","enablePrice":true,"className":"","label_position":"default","desc_position":"default","type":"select","required":true,"elementId":"select_4683dde258a688","label":"MATERIAL","name":"select_4683dde258a688","values":[{"label":"Bj\u00f6rk","value":"Option - 1","selected":false,"tempId":"aco_204","pimage":"","pthumb":"","pimage_id":"","gt_translate_keys":["label"]},{"label":"Ek","value":"Option - 2","selected":false,"tempId":"aco_205","price":"300","gt_translate_keys":["label"]}],"dropdown_type":"basic","error":false,"priceOptions":"different_for_all","pricingType":"fixed","enable_product_image":true,"gt_translate_keys":["label"],"price_dependency":false,"cl_dependency":["image-group_6683dde258a69f","image-group_10683dde258a6a9"],"value":""}],[{"label":"YTBEHANDLING","active":true,"required":false,"elementId":"image-group_6683dde258a69f","name":"image-group_6683dde258a69f","label_position":"default","desc_position":"default","enablePrice":false,"className":"","enableCl":true,"relations":[{"operator":false,"rules":[{"operator":"AND","rules":{"cl_field":"select_4683dde258a688","cl_relation":"is","cl_val":"Option - 2"}}]}],"layOut":"inline","disp_size_img":{"width":"35","height":"35"},"img_preview":true,"img_preview_disable_mobile":false,"enable_popup":"no","disp_type":"square","img_selection_type":"outline","multiple":false,"values":[{"label":"Linoljad","value":"Option - 1","selected":false,"image":"https:\/\/gad.se\/wp-content\/uploads\/2025\/05\/Ek_linolja.jpg","thumb":"https:\/\/gad.se\/wp-content\/uploads\/2025\/05\/Ek_linolja-150x150.jpg","tempId":"aco_43","image_id":941,"price":"","thumb_src":"https:\/\/gad.se\/wp-content\/uploads\/2025\/05\/Ek_linolja-100x100.jpg","gt_translate_keys":["label"]},{"label":"Vitoljad","value":"Option - 2","selected":false,"image":"https:\/\/gad.se\/wp-content\/uploads\/2025\/05\/Ek_vitolja.jpg","thumb":"https:\/\/gad.se\/wp-content\/uploads\/2025\/05\/Ek_vitolja-150x150.jpg","tempId":"aco_44","image_id":945,"price":"","thumb_src":"https:\/\/gad.se\/wp-content\/uploads\/2025\/05\/Ek_vitolja-100x100.jpg","gt_translate_keys":["label"]},{"label":"S\u00e5pad","value":"Option - 3","selected":false,"image":"https:\/\/gad.se\/wp-content\/uploads\/2025\/05\/Ek_sapa.jpg","thumb":"https:\/\/gad.se\/wp-content\/uploads\/2025\/05\/Ek_sapa-150x150.jpg","tempId":"aco_1519","image_id":943,"thumb_src":"https:\/\/gad.se\/wp-content\/uploads\/2025\/05\/Ek_sapa-100x100.jpg","gt_translate_keys":["label"]}],"priceOptions":"different_for_all","pricingType":"fixed","price":"","cl_rule":"show","col":6,"type":"image-group","error":false,"tooltip":"","hideImageIn_cart":true,"hideImageIn_order":true,"hideImageIn_email":true,"gt_translate_keys":["label","tooltip"],"price_dependency":false,"cl_dependency":false,"value":""}],[{"label":"YTBEHANDLING","active":true,"required":false,"elementId":"image-group_10683dde258a6a9","name":"image-group_10683dde258a6a9","label_position":"default","desc_position":"default","enablePrice":false,"className":"","enableCl":true,"relations":[{"operator":false,"rules":[{"operator":"AND","rules":{"cl_field":"select_4683dde258a688","cl_relation":"is","cl_val":"Option - 1"}}]}],"layOut":"inline","disp_size_img":{"width":"35","height":"35"},"img_preview":true,"img_preview_disable_mobile":false,"enable_popup":"no","disp_type":"square","img_selection_type":"outline","multiple":false,"values":[{"label":"Vitoljad","value":"Option - 2","selected":false,"image":"https:\/\/gad.se\/wp-content\/uploads\/2025\/05\/Bjork_vitoljad.jpg","thumb":"https:\/\/gad.se\/wp-content\/uploads\/2025\/05\/Bjork_vitoljad-150x150.jpg","tempId":"aco_44","image_id":932,"price":"","thumb_src":"https:\/\/gad.se\/wp-content\/uploads\/2025\/05\/Bjork_vitoljad-100x100.jpg","gt_translate_keys":["label"]},{"label":"S\u00e5pad","value":"Option - 3","selected":false,"image":"https:\/\/gad.se\/wp-content\/uploads\/2025\/05\/Bjork_sapa.jpg","thumb":"https:\/\/gad.se\/wp-content\/uploads\/2025\/05\/Bjork_sapa-150x150.jpg","tempId":"aco_548","image_id":933,"price":"","thumb_src":"https:\/\/gad.se\/wp-content\/uploads\/2025\/05\/Bjork_sapa-100x100.jpg","gt_translate_keys":["label"]}],"priceOptions":"different_for_all","pricingType":"fixed","price":"","cl_rule":"show","col":6,"type":"image-group","error":false,"hideImageIn_cart":true,"hideImageIn_order":true,"hideImageIn_email":true,"gt_translate_keys":["label"],"price_dependency":false,"cl_dependency":false,"value":""}],[{"active":true,"col":6,"relations":false,"cl_rule":"show","enableCl":false,"price":"","enablePrice":true,"className":"","label_position":"default","desc_position":"default","type":"select","required":false,"elementId":"select_5683dde258a6c1","label":"BEKL\u00c4DNAD","name":"select_5683dde258a6c1","values":[{"label":"Ull","value":"Option - 1","selected":false,"tempId":"aco_2330","price":"6000","gt_translate_keys":["label"]},{"label":"Elmol\u00e4der","value":"Option - 2","selected":false,"tempId":"aco_2331","price":"20000","gt_translate_keys":["label"]},{"label":"T\u00e4rnsj\u00f6l\u00e4der","value":"Option - 3","selected":false,"tempId":"aco_2332","price":"38400","gt_translate_keys":["label"]},{"label":"Eget tyg","value":"Option - 4","selected":false,"tempId":"aco_9491","price":"0","gt_translate_keys":["label"]}],"dropdown_type":"basic","error":false,"priceOptions":"different_for_all","pricingType":"fixed","gt_translate_keys":["label"],"price_dependency":false,"cl_dependency":["image-group_10683dde258a6ca","image-group_5683dde258a6d2","image-group_2683dde258a6db"],"value":""}],[{"label":"BEKL\u00c4DNAD","active":true,"required":false,"elementId":"image-group_10683dde258a6ca","tooltip":"","name":"image-group_10683dde258a6ca","label_position":"default","desc_position":"default","enablePrice":true,"className":"","enableCl":true,"relations":[{"operator":false,"rules":[{"operator":"AND","rules":{"cl_field":"select_5683dde258a6c1","cl_relation":"is","cl_val":"Option - 3"}}]}],"layOut":"inline","disp_size_img":{"width":"35","height":"35"},"img_preview":true,"img_preview_disable_mobile":false,"enable_popup":"no","disp_type":"square","img_selection_type":"outline","multiple":false,"values":[{"label":"Natur","value":"Option - 1","selected":false,"image":"https:\/\/gad.se\/wp-content\/uploads\/2025\/05\/Tarnsjo-natur.jpg","thumb":"https:\/\/gad.se\/wp-content\/uploads\/2025\/05\/Tarnsjo-natur-150x150.jpg","tempId":"aco_43","image_id":2143,"price":"","thumb_src":"https:\/\/gad.se\/wp-content\/uploads\/2025\/05\/Tarnsjo-natur-100x100.webp","gt_translate_keys":["label"]},{"label":"Cognac","value":"Option - 2","selected":false,"image":"https:\/\/gad.se\/wp-content\/uploads\/2025\/05\/Tarnsjo_congac.jpg","thumb":"https:\/\/gad.se\/wp-content\/uploads\/2025\/05\/Tarnsjo_congac-150x150.jpg","tempId":"aco_44","image_id":2142,"price":"","thumb_src":"https:\/\/gad.se\/wp-content\/uploads\/2025\/05\/Tarnsjo_congac-100x100.webp","gt_translate_keys":["label"]}],"priceOptions":"different_for_all","pricingType":"fixed","price":"","cl_rule":"show","col":6,"type":"image-group","error":false,"hideImageIn_cart":true,"hideImageIn_order":true,"hideImageIn_email":true,"gt_translate_keys":["label","tooltip"],"price_dependency":false,"cl_dependency":false,"value":""}],[{"label":"BEKL\u00c4DNAD","active":true,"required":false,"elementId":"image-group_5683dde258a6d2","tooltip":"","name":"image-group_5683dde258a6d2","label_position":"default","desc_position":"default","enablePrice":true,"className":"","enableCl":true,"relations":[{"operator":false,"rules":[{"operator":"AND","rules":{"cl_field":"select_5683dde258a6c1","cl_relation":"is","cl_val":"Option - 2"}}]}],"layOut":"inline","disp_size_img":{"width":"35","height":"35"},"img_preview":true,"img_preview_disable_mobile":false,"enable_popup":"no","disp_type":"square","img_selection_type":"outline","multiple":false,"values":[{"label":"Svart","value":"Option - 3","selected":false,"image":"https:\/\/gad.se\/wp-content\/uploads\/2025\/05\/Elmo-soft_Svart.jpg","thumb":"https:\/\/gad.se\/wp-content\/uploads\/2025\/05\/Elmo-soft_Svart-150x150.jpg","tempId":"aco_1519","image_id":2129,"thumb_src":"https:\/\/gad.se\/wp-content\/uploads\/2025\/05\/Elmo-soft_Svart-100x100.webp","gt_translate_keys":["label"]},{"label":"M\u00f6rkrbun","value":"Option - 4","selected":false,"image":"https:\/\/gad.se\/wp-content\/uploads\/2025\/05\/Elmo-soft_morkbrun.jpg","thumb":"https:\/\/gad.se\/wp-content\/uploads\/2025\/05\/Elmo-soft_morkbrun-150x150.jpg","tempId":"aco_548","image_id":2128,"price":"980","thumb_src":"https:\/\/gad.se\/wp-content\/uploads\/2025\/05\/Elmo-soft_morkbrun-100x100.webp","gt_translate_keys":["label"]}],"priceOptions":"different_for_all","pricingType":"fixed","price":"","cl_rule":"show","col":6,"type":"image-group","error":false,"hideImageIn_cart":true,"hideImageIn_order":true,"hideImageIn_email":true,"gt_translate_keys":["label","tooltip"],"price_dependency":false,"cl_dependency":false,"value":""}],[{"label":"BEKL\u00c4DNAD","active":true,"required":false,"elementId":"image-group_2683dde258a6db","tooltip":"","name":"image-group_2683dde258a6db","label_position":"default","desc_position":"default","enablePrice":true,"className":"","enableCl":true,"relations":[{"operator":false,"rules":[{"operator":"AND","rules":{"cl_field":"select_5683dde258a6c1","cl_relation":"is","cl_val":"Option - 1"}}]}],"layOut":"inline","disp_size_img":{"width":"35","height":"35"},"img_preview":true,"img_preview_disable_mobile":false,"enable_popup":"no","disp_type":"square","img_selection_type":"outline","multiple":false,"values":[{"label":"Ljusgr\u00e5","value":"Option - 1","selected":false,"image":"https:\/\/gad.se\/wp-content\/uploads\/2025\/05\/Merinoull-ljusgra-nr2.jpg","thumb":"https:\/\/gad.se\/wp-content\/uploads\/2025\/05\/Merinoull-ljusgra-nr2-150x150.jpg","tempId":"aco_1533","image_id":2130,"price":"980","thumb_src":"https:\/\/gad.se\/wp-content\/uploads\/2025\/05\/Merinoull-ljusgra-nr2-100x100.webp","gt_translate_keys":["label"]},{"label":"Mellangr\u00e5","value":"Option - 2","selected":false,"image":"https:\/\/gad.se\/wp-content\/uploads\/2025\/05\/Merinoull-Mellangra-nr3.jpg","thumb":"https:\/\/gad.se\/wp-content\/uploads\/2025\/05\/Merinoull-Mellangra-nr3-150x150.jpg","tempId":"aco_3658","image_id":2131,"thumb_src":"https:\/\/gad.se\/wp-content\/uploads\/2025\/05\/Merinoull-Mellangra-nr3-100x100.webp","gt_translate_keys":["label"]},{"label":"M\u00f6rkgr\u00e5","value":"Option - 3","selected":false,"image":"https:\/\/gad.se\/wp-content\/uploads\/2025\/05\/Merinoull-Morkgra-nr4.jpg","thumb":"https:\/\/gad.se\/wp-content\/uploads\/2025\/05\/Merinoull-Morkgra-nr4-150x150.jpg","tempId":"aco_3672","image_id":2132,"thumb_src":"https:\/\/gad.se\/wp-content\/uploads\/2025\/05\/Merinoull-Morkgra-nr4-100x100.webp","gt_translate_keys":["label"]}],"priceOptions":"different_for_all","pricingType":"fixed","price":"","cl_rule":"show","col":6,"type":"image-group","error":false,"hideImageIn_cart":true,"hideImageIn_order":true,"hideImageIn_email":true,"gt_translate_keys":["label","tooltip"],"price_dependency":false,"cl_dependency":false,"value":""}]]}},"config":{"price_override":"","enable_recaptcha":false,"bind_quantity":false,"quantity_bind_formula":false,"disp_summ_show_option_price":false,"disp_summ_show_product_price":false,"disp_summ_show_total_price":true,"disp_summ_show_fee":false,"disp_summ_show_discount":false,"summary_title":"","options_total_label":"Tillval","total_label":"Total","options_product_label":"Grundpris","fee_label":"Fee","discount_label":"Rabatt","has_price":true,"has_quantity_formula":false},"mc_unit":1,"tax_rate":1,"tax_rate_real":0.25,"discount":{"percentage":0,"fixed":0},"design":{"conf":{"LabelPosition":"above","DescPosition":"above","UploadField":"custom_1","QuantityFieldStyle":"default"},"css":{"LeftLabelWidth":"120px"}},"formulas":[],"lookuptables":[],"clones":false,"cartKey":false}},"_links":{"self":[{"href":"https:\/\/gad.se\/nb\/wp-json\/wp\/v2\/product\/1507","targetHints":{"allow":["GET"]}}],"collection":[{"href":"https:\/\/gad.se\/nb\/wp-json\/wp\/v2\/product"}],"about":[{"href":"https:\/\/gad.se\/nb\/wp-json\/wp\/v2\/types\/product"}],"replies":[{"embeddable":true,"href":"https:\/\/gad.se\/nb\/wp-json\/wp\/v2\/comments?post=1507"}],"wp:featuredmedia":[{"embeddable":true,"href":"https:\/\/gad.se\/nb\/wp-json\/wp\/v2\/media\/1490"}],"wp:attachment":[{"href":"https:\/\/gad.se\/nb\/wp-json\/wp\/v2\/media?parent=1507"}],"wp:term":[{"taxonomy":"product_brand","embeddable":true,"href":"https:\/\/gad.se\/nb\/wp-json\/wp\/v2\/product_brand?post=1507"},{"taxonomy":"product_cat","embeddable":true,"href":"https:\/\/gad.se\/nb\/wp-json\/wp\/v2\/product_cat?post=1507"},{"taxonomy":"product_tag","embeddable":true,"href":"https:\/\/gad.se\/nb\/wp-json\/wp\/v2\/product_tag?post=1507"}],"curies":[{"name":"wp","href":"https:\/\/api.w.org\/{rel}","templated":true}]}}