{"id":1508,"date":"2025-05-21T10:22:44","date_gmt":"2025-05-21T10:22:44","guid":{"rendered":"https:\/\/gad.se\/?post_type=product&#038;p=1508"},"modified":"2026-03-02T14:35:49","modified_gmt":"2026-03-02T14:35:49","slug":"gothem-fatolj","status":"publish","type":"product","link":"https:\/\/gad.se\/nb\/gothem-fatolj\/","title":{"rendered":"Gothem F\u00e5t\u00f6lj"},"content":{"rendered":"<p>Gothem f\u00e5t\u00f6lj med l\u00e5g rygg \u00e4r en avskalad och stilren vilstol som f\u00f6rmedlar b\u00e5de v\u00e4rme och n\u00e4rvaro. Med en n\u00e4tt silhuett och gedigna materialval \u00e4r den ett m\u00f6te mellan traditionellt hantverk och skandinavisk modernism. En f\u00e5t\u00f6lj som lyfter vilket rum som helst \u2013 utan att ta \u00f6ver.<\/p>","protected":false},"excerpt":{"rendered":"<p>Gothem f\u00e5t\u00f6lj med l\u00e5g rygg \u00e4r en avskalad och stilren vilstol som f\u00f6rmedlar b\u00e5de v\u00e4rme och n\u00e4rvaro. Med en n\u00e4tt silhuett och gedigna materialval \u00e4r den ett m\u00f6te mellan traditionellt hantverk och skandinavisk modernism. En f\u00e5t\u00f6lj som lyfter vilket rum som helst \u2013 utan att ta \u00f6ver.<\/p>","protected":false},"featured_media":7501,"comment_status":"open","ping_status":"closed","template":"","meta":{"_acf_changed":false},"product_brand":[126],"product_cat":[46,26],"product_tag":[80],"class_list":{"0":"post-1508","1":"product","2":"type-product","3":"status-publish","4":"has-post-thumbnail","6":"product_brand-g-a-d","7":"product_cat-sittmobler","8":"product_cat-fatoljer","9":"product_tag-gothem-fatolj","10":"wcpa_has_options","12":"first","13":"instock","14":"taxable","15":"shipping-taxable","16":"purchasable","17":"product-type-simple"},"acf":[],"wcpa_form_fields":{"wcpaData":{"product":{"product_price":25700,"price_html":"<span class=\"woocommerce-Price-amount amount\"><bdi>25 700&nbsp;<span class=\"woocommerce-Price-currencySymbol\">&#107;&#114;<\/span><\/bdi><\/span>","original_product_price":25700,"price_including_tax":25700,"price_excluding_tax":20560,"product_id":{"parent":1508,"variation":false},"is_variable":false,"stock_status":"instock","stock_quantity":null,"parent_sku":"","product_attributes":[],"custom_fields":[],"is_taxable":true,"product_name":"Gothem F\u00e5t\u00f6lj","hasImage":false},"fields":{"sec_8683ddcbad78ff":{"extra":{"key":"sec_8683ddcbad78ff","section_id":"sec_8683ddcbad78ff","name":"Default","status":1,"cl_rule":"show","enableCl":false,"relations":[],"toggle":true,"title_tag":"h3","show_title":false,"showPrice":"default","form_id":3878,"form_rules":{"exclude_from_discount":false,"fee_label":"Fee","disp_hide_options_price":true,"disp_show_section_price":false,"disp_show_field_price":false,"layout_option":"standard","pric_use_as_fee":false,"process_fee_as":"woo_fee"},"layout_option":"standard"},"fields":[[{"active":true,"col":6,"relations":false,"cl_rule":"show","enableCl":false,"price":"","enablePrice":true,"className":"","label_position":"default","desc_position":"default","type":"select","required":true,"elementId":"select_1683ddcbad791c","label":"MATERIAL","name":"select_1683ddcbad791c","values":[{"label":"Bj\u00f6rk","value":"Option - 1","selected":false,"tempId":"aco_204","pimage":"","pthumb":"","pimage_id":"","gt_translate_keys":["label"]},{"label":"Ek","value":"Option - 2","selected":false,"tempId":"aco_205","price":"200","gt_translate_keys":["label"]}],"dropdown_type":"basic","error":false,"priceOptions":"different_for_all","pricingType":"fixed","enable_product_image":true,"gt_translate_keys":["label"],"price_dependency":false,"cl_dependency":["image-group_5683ddcbad7925","image-group_0683ddcbad792b","select_4683ddcbad793a","select-4445275837"],"value":""}],[{"label":"YTBEHANDLING","active":true,"required":false,"elementId":"image-group_5683ddcbad7925","name":"image-group_5683ddcbad7925","label_position":"default","desc_position":"default","enablePrice":false,"className":"","enableCl":true,"relations":[{"operator":false,"rules":[{"operator":"AND","rules":{"cl_field":"select_1683ddcbad791c","cl_relation":"is","cl_val":"Option - 2"}}]}],"layOut":"inline","disp_size_img":{"width":"35","height":"35"},"img_preview":true,"img_preview_disable_mobile":false,"enable_popup":"no","disp_type":"square","img_selection_type":"outline","multiple":false,"values":[{"label":"Linoljad","value":"Option - 1","selected":false,"image":"https:\/\/gad.se\/wp-content\/uploads\/2025\/05\/Ek_linolja.jpg","thumb":"https:\/\/gad.se\/wp-content\/uploads\/2025\/05\/Ek_linolja-150x150.jpg","tempId":"aco_43","image_id":941,"price":"","thumb_src":"https:\/\/gad.se\/wp-content\/uploads\/2025\/05\/Ek_linolja-100x100.jpg","gt_translate_keys":["label"]},{"label":"Vitoljad","value":"Option - 2","selected":false,"image":"https:\/\/gad.se\/wp-content\/uploads\/2025\/05\/Ek_vitolja.jpg","thumb":"https:\/\/gad.se\/wp-content\/uploads\/2025\/05\/Ek_vitolja-150x150.jpg","tempId":"aco_44","image_id":945,"price":"","thumb_src":"https:\/\/gad.se\/wp-content\/uploads\/2025\/05\/Ek_vitolja-100x100.jpg","gt_translate_keys":["label"]},{"label":"S\u00e5pad","value":"Option - 3","selected":false,"image":"https:\/\/gad.se\/wp-content\/uploads\/2025\/05\/Ek_sapa.jpg","thumb":"https:\/\/gad.se\/wp-content\/uploads\/2025\/05\/Ek_sapa-150x150.jpg","tempId":"aco_1519","image_id":943,"thumb_src":"https:\/\/gad.se\/wp-content\/uploads\/2025\/05\/Ek_sapa-100x100.jpg","gt_translate_keys":["label"]}],"priceOptions":"different_for_all","pricingType":"fixed","price":"","cl_rule":"show","col":6,"type":"image-group","error":false,"tooltip":"","hideImageIn_cart":true,"hideImageIn_order":true,"hideImageIn_email":true,"gt_translate_keys":["label","tooltip"],"price_dependency":false,"cl_dependency":false,"value":""}],[{"label":"YTBEHANDLING","active":true,"required":false,"elementId":"image-group_0683ddcbad792b","name":"image-group_0683ddcbad792b","label_position":"default","desc_position":"default","enablePrice":false,"className":"","enableCl":true,"relations":[{"operator":false,"rules":[{"operator":"AND","rules":{"cl_field":"select_1683ddcbad791c","cl_relation":"is","cl_val":"Option - 1"}}]}],"layOut":"inline","disp_size_img":{"width":"35","height":"35"},"img_preview":true,"img_preview_disable_mobile":false,"enable_popup":"no","disp_type":"square","img_selection_type":"outline","multiple":false,"values":[{"label":"Vitoljad","value":"Option - 2","selected":false,"image":"https:\/\/gad.se\/wp-content\/uploads\/2025\/05\/Bjork_vitoljad.jpg","thumb":"https:\/\/gad.se\/wp-content\/uploads\/2025\/05\/Bjork_vitoljad-150x150.jpg","tempId":"aco_44","image_id":932,"price":"","thumb_src":"https:\/\/gad.se\/wp-content\/uploads\/2025\/05\/Bjork_vitoljad-100x100.jpg","gt_translate_keys":["label"]},{"label":"S\u00e5pad","value":"Option - 3","selected":false,"image":"https:\/\/gad.se\/wp-content\/uploads\/2025\/05\/Bjork_sapa.jpg","thumb":"https:\/\/gad.se\/wp-content\/uploads\/2025\/05\/Bjork_sapa-150x150.jpg","tempId":"aco_548","image_id":933,"price":"","thumb_src":"https:\/\/gad.se\/wp-content\/uploads\/2025\/05\/Bjork_sapa-100x100.jpg","gt_translate_keys":["label"]}],"priceOptions":"different_for_all","pricingType":"fixed","price":"","cl_rule":"show","col":6,"type":"image-group","error":false,"hideImageIn_cart":true,"hideImageIn_order":true,"hideImageIn_email":true,"gt_translate_keys":["label"],"price_dependency":false,"cl_dependency":false,"value":""}],[{"active":true,"col":6,"relations":[{"operator":false,"rules":[{"operator":"AND","rules":{"cl_field":"select_1683ddcbad791c","cl_relation":"is","cl_val":"Option - 1"}}]}],"cl_rule":"show","enableCl":true,"price":"","enablePrice":true,"className":"","label_position":"default","desc_position":"default","type":"select","required":false,"elementId":"select_4683ddcbad793a","label":"BEKL\u00c4DNAD b","name":"select_4683ddcbad793a","values":[{"label":"Ulltyg","value":"Option - 1","selected":false,"tempId":"aco_2330","price":"3200","gt_translate_keys":["label"]},{"label":"Elmol\u00e4der","value":"Option - 2","selected":false,"tempId":"aco_2331","price":"11200","gt_translate_keys":["label"]},{"label":"T\u00e4rnsj\u00f6l\u00e4der","value":"Option - 3","selected":false,"tempId":"aco_2332","price":"20100","gt_translate_keys":["label"]},{"label":"Eget tyg","value":"Option - 4","selected":false,"tempId":"aco_9491","price":"0","gt_translate_keys":["label"]}],"dropdown_type":"basic","error":false,"priceOptions":"different_for_all","pricingType":"fixed","gt_translate_keys":["label"],"price_dependency":false,"cl_dependency":["image-group_7683ddcbad793f","image-group_6683ddcbad7944","image-group_5683ddcbad7949"],"value":""}],[{"label":"BEKL\u00c4DNAD e","active":true,"required":false,"elementId":"select-4445275837","dropdown_type":"basic","name":"select-4445275837","label_position":"default","desc_position":"default","enablePrice":true,"className":"","enableCl":true,"relations":[{"operator":false,"rules":[{"operator":"AND","rules":{"cl_field":"select_1683ddcbad791c","cl_relation":"is","cl_val":"Option - 2"}}]}],"values":[{"label":"Ulltyg","value":"Option - 1","selected":false,"tempId":"aco_2330","price":"3300","gt_translate_keys":["label"]},{"label":"Elmol\u00e4der","value":"Option - 2","selected":false,"tempId":"aco_2331","price":"11300","gt_translate_keys":["label"]},{"label":"T\u00e4rnsj\u00f6l\u00e4der","value":"Option - 3","selected":false,"tempId":"aco_2332","price":"20200","gt_translate_keys":["label"]},{"label":"Eget tyg","value":"Option - 4","selected":false,"tempId":"aco_9491","price":"0","gt_translate_keys":["label"]}],"priceOptions":"different_for_all","pricingType":"fixed","price":"","cl_rule":"show","col":6,"type":"select","error":false,"gt_translate_keys":["label"],"price_dependency":false,"cl_dependency":["image-group_7683ddcbad793f","image-group_6683ddcbad7944","image-group_5683ddcbad7949"],"value":""}],[{"label":"BEKL\u00c4DNAD","active":true,"required":false,"elementId":"image-group_7683ddcbad793f","tooltip":"","name":"image-group_7683ddcbad793f","label_position":"default","desc_position":"default","enablePrice":false,"className":"","enableCl":true,"relations":[{"operator":"or","rules":[{"operator":"AND","rules":{"cl_field":"select_4683ddcbad793a","cl_relation":"is","cl_val":"Option - 3"}}]},{"operator":false,"rules":[{"operator":"AND","rules":{"cl_field":"select-4445275837","cl_relation":"is","cl_val":"Option - 3"}}]}],"layOut":"inline","disp_size_img":{"width":"35","height":"35"},"img_preview":true,"img_preview_disable_mobile":false,"enable_popup":"no","disp_type":"square","img_selection_type":"outline","multiple":false,"values":[{"label":"Natur","value":"Option - 1","selected":false,"image":"https:\/\/gad.se\/wp-content\/uploads\/2025\/05\/Tarnsjo-natur.jpg","thumb":"https:\/\/gad.se\/wp-content\/uploads\/2025\/05\/Tarnsjo-natur-150x150.jpg","tempId":"aco_43","image_id":2143,"price":"","thumb_src":"https:\/\/gad.se\/wp-content\/uploads\/2025\/05\/Tarnsjo-natur-100x100.webp","gt_translate_keys":["label"]},{"label":"Cognac","value":"Option - 2","selected":false,"image":"https:\/\/gad.se\/wp-content\/uploads\/2025\/05\/Tarnsjo_congac.jpg","thumb":"https:\/\/gad.se\/wp-content\/uploads\/2025\/05\/Tarnsjo_congac-150x150.jpg","tempId":"aco_44","image_id":2142,"price":"","thumb_src":"https:\/\/gad.se\/wp-content\/uploads\/2025\/05\/Tarnsjo_congac-100x100.webp","gt_translate_keys":["label"]}],"priceOptions":"different_for_all","pricingType":"fixed","price":"","cl_rule":"show","col":6,"type":"image-group","error":false,"hideImageIn_cart":true,"hideImageIn_order":true,"hideImageIn_email":true,"gt_translate_keys":["label","tooltip"],"price_dependency":false,"cl_dependency":false,"value":""}],[{"label":"BEKL\u00c4DNAD","active":true,"required":false,"elementId":"image-group_6683ddcbad7944","tooltip":"","name":"image-group_6683ddcbad7944","label_position":"default","desc_position":"default","enablePrice":false,"className":"","enableCl":true,"relations":[{"operator":"or","rules":[{"operator":"AND","rules":{"cl_field":"select_4683ddcbad793a","cl_relation":"is","cl_val":"Option - 2"}}]},{"operator":false,"rules":[{"operator":"AND","rules":{"cl_field":"select-4445275837","cl_relation":"is","cl_val":"Option - 2"}}]}],"layOut":"inline","disp_size_img":{"width":"35","height":"35"},"img_preview":true,"img_preview_disable_mobile":false,"enable_popup":"no","disp_type":"square","img_selection_type":"outline","multiple":false,"values":[{"label":"Svart","value":"Option - 3","selected":false,"image":"https:\/\/gad.se\/wp-content\/uploads\/2025\/05\/Elmo-soft_Svart.jpg","thumb":"https:\/\/gad.se\/wp-content\/uploads\/2025\/05\/Elmo-soft_Svart-150x150.jpg","tempId":"aco_1519","image_id":2129,"thumb_src":"https:\/\/gad.se\/wp-content\/uploads\/2025\/05\/Elmo-soft_Svart-100x100.webp","gt_translate_keys":["label"]},{"label":"M\u00f6rkrbun","value":"Option - 4","selected":false,"image":"https:\/\/gad.se\/wp-content\/uploads\/2025\/05\/Elmo-soft_morkbrun.jpg","thumb":"https:\/\/gad.se\/wp-content\/uploads\/2025\/05\/Elmo-soft_morkbrun-150x150.jpg","tempId":"aco_548","image_id":2128,"price":"","thumb_src":"https:\/\/gad.se\/wp-content\/uploads\/2025\/05\/Elmo-soft_morkbrun-100x100.webp","gt_translate_keys":["label"]}],"priceOptions":"different_for_all","pricingType":"fixed","price":"","cl_rule":"show","col":6,"type":"image-group","error":false,"hideImageIn_cart":true,"hideImageIn_order":true,"hideImageIn_email":true,"gt_translate_keys":["label","tooltip"],"price_dependency":false,"cl_dependency":false,"value":""}],[{"label":"BEKL\u00c4DNAD","active":true,"required":false,"elementId":"image-group_5683ddcbad7949","tooltip":"","name":"image-group_5683ddcbad7949","label_position":"default","desc_position":"default","enablePrice":false,"className":"","enableCl":true,"relations":[{"operator":"or","rules":[{"operator":"AND","rules":{"cl_field":"select_4683ddcbad793a","cl_relation":"is","cl_val":"Option - 1"}}]},{"operator":false,"rules":[{"operator":"AND","rules":{"cl_field":"select-4445275837","cl_relation":"is","cl_val":"Option - 1"}}]}],"layOut":"inline","disp_size_img":{"width":"35","height":"35"},"img_preview":true,"img_preview_disable_mobile":false,"enable_popup":"no","disp_type":"square","img_selection_type":"outline","multiple":false,"values":[{"label":"Ljusgr\u00e5","value":"Option - 1","selected":false,"image":"https:\/\/gad.se\/wp-content\/uploads\/2025\/05\/Merinoull-ljusgra-nr2.jpg","thumb":"https:\/\/gad.se\/wp-content\/uploads\/2025\/05\/Merinoull-ljusgra-nr2-150x150.jpg","tempId":"aco_1533","image_id":2130,"price":"980","thumb_src":"https:\/\/gad.se\/wp-content\/uploads\/2025\/05\/Merinoull-ljusgra-nr2-100x100.webp","gt_translate_keys":["label"]},{"label":"Mellangr\u00e5","value":"Option - 2","selected":false,"image":"https:\/\/gad.se\/wp-content\/uploads\/2025\/05\/Merinoull-Mellangra-nr3.jpg","thumb":"https:\/\/gad.se\/wp-content\/uploads\/2025\/05\/Merinoull-Mellangra-nr3-150x150.jpg","tempId":"aco_3658","image_id":2131,"thumb_src":"https:\/\/gad.se\/wp-content\/uploads\/2025\/05\/Merinoull-Mellangra-nr3-100x100.webp","gt_translate_keys":["label"]},{"label":"M\u00f6rkgr\u00e5","value":"Option - 3","selected":false,"image":"https:\/\/gad.se\/wp-content\/uploads\/2025\/05\/Merinoull-Morkgra-nr4.jpg","thumb":"https:\/\/gad.se\/wp-content\/uploads\/2025\/05\/Merinoull-Morkgra-nr4-150x150.jpg","tempId":"aco_3672","image_id":2132,"thumb_src":"https:\/\/gad.se\/wp-content\/uploads\/2025\/05\/Merinoull-Morkgra-nr4-100x100.webp","gt_translate_keys":["label"]}],"priceOptions":"different_for_all","pricingType":"fixed","price":"","cl_rule":"show","col":6,"type":"image-group","error":false,"hideImageIn_cart":true,"hideImageIn_order":true,"hideImageIn_email":true,"gt_translate_keys":["label","tooltip"],"price_dependency":false,"cl_dependency":false,"value":""}],[{"active":true,"col":6,"relations":false,"cl_rule":"show","enableCl":false,"price":"3150","enablePrice":true,"className":"","label_position":"default","desc_position":"default","type":"checkbox","required":false,"elementId":"checkbox_6483217544","label":"L\u00e4gg till ryggkudde i lammskinn?","name":"checkbox_6483217544","value":"","check_value":"Ja!","checkUi":"","error":false,"pricingType":"fixed","gt_translate_keys":["label","value","check_value"],"price_dependency":false,"cl_dependency":false}],[{"active":true,"col":6,"relations":[],"cl_rule":"show","enableCl":false,"price":"","enablePrice":true,"className":"","label_position":"default","desc_position":"default","type":"select","required":false,"elementId":"select_7925981936","label":"Gothem fotpall","name":"select_7925981936","values":[{"label":"Utan fotpall","value":"Option - 2","selected":false,"tempId":"aco_2066","gt_translate_keys":["label"]},{"label":"Med fotpall","value":"Option - 1","selected":false,"tempId":"aco_2065","price":"8350","gt_translate_keys":["label"]}],"dropdown_type":"basic","error":false,"priceOptions":"different_for_all","pricingType":"fixed","gt_translate_keys":["label"],"price_dependency":false,"cl_dependency":["select-8056992122"],"value":""}],[{"label":"BEKL\u00c4DNAD","active":true,"required":false,"elementId":"select-8056992122","dropdown_type":"basic","name":"select-8056992122","label_position":"default","desc_position":"default","enablePrice":true,"className":"","enableCl":true,"relations":[{"operator":false,"rules":[{"operator":"AND","rules":{"cl_field":"select_7925981936","cl_relation":"is","cl_val":"Option - 1"}}]}],"values":[{"label":"Ulltyg","value":"Option - 1","selected":false,"tempId":"aco_2330","price":"1100","gt_translate_keys":["label"]},{"label":"Elmol\u00e4der","value":"Option - 2","selected":false,"tempId":"aco_2331","price":"4250","gt_translate_keys":["label"]},{"label":"T\u00e4rnsj\u00f6l\u00e4der","value":"Option - 3","selected":false,"tempId":"aco_2332","price":"7400","gt_translate_keys":["label"]},{"label":"Utan bekl\u00e4dnad","value":"Option - 5","selected":false,"tempId":"aco_1702","price":"0","gt_translate_keys":["label"]}],"priceOptions":"different_for_all","pricingType":"fixed","price":"","cl_rule":"show","col":6,"type":"select","error":false,"gt_translate_keys":["label"],"price_dependency":false,"cl_dependency":false,"value":""}]]}},"config":{"price_override":"","enable_recaptcha":false,"bind_quantity":false,"quantity_bind_formula":false,"disp_summ_show_option_price":false,"disp_summ_show_product_price":false,"disp_summ_show_total_price":true,"disp_summ_show_fee":false,"disp_summ_show_discount":false,"summary_title":"","options_total_label":"Tillval","total_label":"Total","options_product_label":"Grundpris","fee_label":"Fee","discount_label":"Rabatt","has_price":true,"has_quantity_formula":false},"mc_unit":1,"tax_rate":1,"tax_rate_real":0.25,"discount":{"percentage":0,"fixed":0},"design":{"conf":{"LabelPosition":"above","DescPosition":"above","UploadField":"custom_1","QuantityFieldStyle":"default"},"css":{"LeftLabelWidth":"120px"}},"formulas":[],"lookuptables":[],"clones":false,"cartKey":false}},"_links":{"self":[{"href":"https:\/\/gad.se\/nb\/wp-json\/wp\/v2\/product\/1508","targetHints":{"allow":["GET"]}}],"collection":[{"href":"https:\/\/gad.se\/nb\/wp-json\/wp\/v2\/product"}],"about":[{"href":"https:\/\/gad.se\/nb\/wp-json\/wp\/v2\/types\/product"}],"replies":[{"embeddable":true,"href":"https:\/\/gad.se\/nb\/wp-json\/wp\/v2\/comments?post=1508"}],"wp:featuredmedia":[{"embeddable":true,"href":"https:\/\/gad.se\/nb\/wp-json\/wp\/v2\/media\/7501"}],"wp:attachment":[{"href":"https:\/\/gad.se\/nb\/wp-json\/wp\/v2\/media?parent=1508"}],"wp:term":[{"taxonomy":"product_brand","embeddable":true,"href":"https:\/\/gad.se\/nb\/wp-json\/wp\/v2\/product_brand?post=1508"},{"taxonomy":"product_cat","embeddable":true,"href":"https:\/\/gad.se\/nb\/wp-json\/wp\/v2\/product_cat?post=1508"},{"taxonomy":"product_tag","embeddable":true,"href":"https:\/\/gad.se\/nb\/wp-json\/wp\/v2\/product_tag?post=1508"}],"curies":[{"name":"wp","href":"https:\/\/api.w.org\/{rel}","templated":true}]}}