{"id":1513,"date":"2025-05-21T10:28:03","date_gmt":"2025-05-21T10:28:03","guid":{"rendered":"https:\/\/gad.se\/?post_type=product&#038;p=1513"},"modified":"2026-02-27T15:15:39","modified_gmt":"2026-02-27T15:15:39","slug":"gothem-fotpall","status":"publish","type":"product","link":"https:\/\/gad.se\/nb\/gothem-fotpall\/","title":{"rendered":"Gothem Fotpall"},"content":{"rendered":"<p>Gothem \u00e4r en elegant och funktionell fotpall med samma omsorgsfulla materialval och hantverk som k\u00e4nnetecknar hela G.A.D:s kollektion. Den \u00e4r formgiven f\u00f6r att komplettera exempelvis f\u00e5t\u00f6ljer och soffor, men fungerar lika bra som extra sittplats eller avst\u00e4llningsyta.<\/p>","protected":false},"excerpt":{"rendered":"<p>Gothem \u00e4r en elegant och funktionell fotpall med samma omsorgsfulla materialval och hantverk som k\u00e4nnetecknar hela G.A.D:s kollektion. Den \u00e4r formgiven f\u00f6r att komplettera exempelvis f\u00e5t\u00f6ljer och soffor, men fungerar lika bra som extra sittplats eller avst\u00e4llningsyta.<\/p>","protected":false},"featured_media":7416,"comment_status":"open","ping_status":"closed","template":"","meta":{"_acf_changed":false},"product_brand":[126],"product_cat":[46,67],"product_tag":[100],"class_list":{"0":"post-1513","1":"product","2":"type-product","3":"status-publish","4":"has-post-thumbnail","6":"product_brand-g-a-d","7":"product_cat-sittmobler","8":"product_cat-pallar","9":"product_tag-gothem-fotpall","10":"wcpa_has_options","12":"first","13":"instock","14":"taxable","15":"shipping-taxable","16":"purchasable","17":"product-type-simple"},"acf":[],"wcpa_form_fields":{"wcpaData":{"product":{"product_price":8350,"price_html":"<span class=\"woocommerce-Price-amount amount\"><bdi>8 350&nbsp;<span class=\"woocommerce-Price-currencySymbol\">&#107;&#114;<\/span><\/bdi><\/span>","original_product_price":8350,"price_including_tax":8350,"price_excluding_tax":6680,"product_id":{"parent":1513,"variation":false},"is_variable":false,"stock_status":"instock","stock_quantity":null,"parent_sku":"","product_attributes":[],"custom_fields":[],"is_taxable":true,"product_name":"Gothem Fotpall","hasImage":false},"fields":{"sec_4683dde7fe636b":{"extra":{"key":"sec_4683dde7fe636b","section_id":"sec_4683dde7fe636b","name":"Default","status":1,"cl_rule":"show","enableCl":false,"relations":[],"toggle":true,"title_tag":"h3","show_title":false,"showPrice":"default","form_id":3883,"form_rules":{"exclude_from_discount":false,"fee_label":"Fee","disp_hide_options_price":true,"disp_show_section_price":false,"disp_show_field_price":false,"layout_option":"standard","pric_use_as_fee":false,"process_fee_as":"woo_fee"},"layout_option":"standard"},"fields":[[{"active":true,"col":6,"relations":false,"cl_rule":"show","enableCl":false,"price":"","enablePrice":true,"className":"","label_position":"default","desc_position":"default","type":"select","required":true,"elementId":"select_3683dde7fe638d","label":"MATERIAL","name":"select_3683dde7fe638d","values":[{"label":"Bj\u00f6rk","value":"Option - 1","selected":false,"tempId":"aco_204","pimage":"","pthumb":"","pimage_id":"","gt_translate_keys":["label"]},{"label":"Ek","value":"Option - 2","selected":false,"tempId":"aco_205","price":"","gt_translate_keys":["label"]}],"dropdown_type":"basic","error":false,"priceOptions":"different_for_all","pricingType":"fixed","enable_product_image":true,"gt_translate_keys":["label"],"price_dependency":false,"cl_dependency":["image-group_4683dde7fe6396","image-group_1683dde7fe639c"],"value":""}],[{"label":"YTBEHANDLING","active":true,"required":false,"elementId":"image-group_4683dde7fe6396","name":"image-group_4683dde7fe6396","label_position":"default","desc_position":"default","enablePrice":false,"className":"","enableCl":true,"relations":[{"operator":false,"rules":[{"operator":"AND","rules":{"cl_field":"select_3683dde7fe638d","cl_relation":"is","cl_val":"Option - 2"}}]}],"layOut":"inline","disp_size_img":{"width":"35","height":"35"},"img_preview":true,"img_preview_disable_mobile":false,"enable_popup":"no","disp_type":"square","img_selection_type":"outline","multiple":false,"values":[{"label":"Linoljad","value":"Option - 1","selected":false,"image":"https:\/\/gad.se\/wp-content\/uploads\/2025\/05\/Ek_linolja.jpg","thumb":"https:\/\/gad.se\/wp-content\/uploads\/2025\/05\/Ek_linolja-150x150.jpg","tempId":"aco_43","image_id":941,"price":"","thumb_src":"https:\/\/gad.se\/wp-content\/uploads\/2025\/05\/Ek_linolja-100x100.jpg","gt_translate_keys":["label"]},{"label":"Vitoljad","value":"Option - 2","selected":false,"image":"https:\/\/gad.se\/wp-content\/uploads\/2025\/05\/Ek_vitolja.jpg","thumb":"https:\/\/gad.se\/wp-content\/uploads\/2025\/05\/Ek_vitolja-150x150.jpg","tempId":"aco_44","image_id":945,"price":"","thumb_src":"https:\/\/gad.se\/wp-content\/uploads\/2025\/05\/Ek_vitolja-100x100.jpg","gt_translate_keys":["label"]},{"label":"S\u00e5pad","value":"Option - 3","selected":false,"image":"https:\/\/gad.se\/wp-content\/uploads\/2025\/05\/Ek_sapa.jpg","thumb":"https:\/\/gad.se\/wp-content\/uploads\/2025\/05\/Ek_sapa-150x150.jpg","tempId":"aco_1519","image_id":943,"thumb_src":"https:\/\/gad.se\/wp-content\/uploads\/2025\/05\/Ek_sapa-100x100.jpg","gt_translate_keys":["label"]}],"priceOptions":"different_for_all","pricingType":"fixed","price":"","cl_rule":"show","col":6,"type":"image-group","error":false,"tooltip":"","hideImageIn_cart":true,"hideImageIn_order":true,"hideImageIn_email":true,"gt_translate_keys":["label","tooltip"],"price_dependency":false,"cl_dependency":false,"value":""}],[{"label":"YTBEHANDLING","active":true,"required":false,"elementId":"image-group_1683dde7fe639c","name":"image-group_1683dde7fe639c","label_position":"default","desc_position":"default","enablePrice":false,"className":"","enableCl":true,"relations":[{"operator":false,"rules":[{"operator":"AND","rules":{"cl_field":"select_3683dde7fe638d","cl_relation":"is","cl_val":"Option - 1"}}]}],"layOut":"inline","disp_size_img":{"width":"35","height":"35"},"img_preview":true,"img_preview_disable_mobile":false,"enable_popup":"no","disp_type":"square","img_selection_type":"outline","multiple":false,"values":[{"label":"Vitoljad","value":"Option - 2","selected":false,"image":"https:\/\/gad.se\/wp-content\/uploads\/2025\/05\/Bjork_vitoljad.jpg","thumb":"https:\/\/gad.se\/wp-content\/uploads\/2025\/05\/Bjork_vitoljad-150x150.jpg","tempId":"aco_44","image_id":932,"price":"","thumb_src":"https:\/\/gad.se\/wp-content\/uploads\/2025\/05\/Bjork_vitoljad-100x100.jpg","gt_translate_keys":["label"]},{"label":"S\u00e5pad","value":"Option - 3","selected":false,"image":"https:\/\/gad.se\/wp-content\/uploads\/2025\/05\/Bjork_sapa.jpg","thumb":"https:\/\/gad.se\/wp-content\/uploads\/2025\/05\/Bjork_sapa-150x150.jpg","tempId":"aco_548","image_id":933,"price":"","thumb_src":"https:\/\/gad.se\/wp-content\/uploads\/2025\/05\/Bjork_sapa-100x100.jpg","gt_translate_keys":["label"]}],"priceOptions":"different_for_all","pricingType":"fixed","price":"","cl_rule":"show","col":6,"type":"image-group","error":false,"hideImageIn_cart":true,"hideImageIn_order":true,"hideImageIn_email":true,"gt_translate_keys":["label"],"price_dependency":false,"cl_dependency":false,"value":""}],[{"active":true,"col":6,"relations":false,"cl_rule":"show","enableCl":false,"price":"","enablePrice":true,"className":"","label_position":"default","desc_position":"default","type":"select","required":false,"elementId":"select_4683dde7fe63aa","label":"BEKL\u00c4DNAD","name":"select_4683dde7fe63aa","values":[{"label":"Ull","value":"Option - 1","selected":false,"tempId":"aco_2330","price":"1100","gt_translate_keys":["label"]},{"label":"Elmol\u00e4der","value":"Option - 2","selected":false,"tempId":"aco_2331","price":"4250","gt_translate_keys":["label"]},{"label":"T\u00e4rnsj\u00f6l\u00e4der","value":"Option - 3","selected":false,"tempId":"aco_2332","price":"7400","gt_translate_keys":["label"]},{"label":"Eget tyg","value":"Option - 4","selected":false,"tempId":"aco_9491","price":"0","gt_translate_keys":["label"]}],"dropdown_type":"basic","error":false,"priceOptions":"different_for_all","pricingType":"fixed","gt_translate_keys":["label"],"price_dependency":false,"cl_dependency":["image-group_2683dde7fe63af","image-group_9683dde7fe63b4","image-group_4683dde7fe63b8"],"value":""}],[{"label":"BEKL\u00c4DNAD","active":true,"required":false,"elementId":"image-group_2683dde7fe63af","tooltip":"","name":"image-group_2683dde7fe63af","label_position":"default","desc_position":"default","enablePrice":true,"className":"","enableCl":true,"relations":[{"operator":false,"rules":[{"operator":"AND","rules":{"cl_field":"select_4683dde7fe63aa","cl_relation":"is","cl_val":"Option - 3"}}]}],"layOut":"inline","disp_size_img":{"width":"35","height":"35"},"img_preview":true,"img_preview_disable_mobile":false,"enable_popup":"no","disp_type":"square","img_selection_type":"outline","multiple":false,"values":[{"label":"Natur","value":"Option - 1","selected":false,"image":"https:\/\/gad.se\/wp-content\/uploads\/2025\/05\/Tarnsjo-natur.jpg","thumb":"https:\/\/gad.se\/wp-content\/uploads\/2025\/05\/Tarnsjo-natur-150x150.jpg","tempId":"aco_43","image_id":2143,"price":"","thumb_src":"https:\/\/gad.se\/wp-content\/uploads\/2025\/05\/Tarnsjo-natur-100x100.webp","gt_translate_keys":["label"]},{"label":"Cognac","value":"Option - 2","selected":false,"image":"https:\/\/gad.se\/wp-content\/uploads\/2025\/05\/Tarnsjo_congac.jpg","thumb":"https:\/\/gad.se\/wp-content\/uploads\/2025\/05\/Tarnsjo_congac-150x150.jpg","tempId":"aco_44","image_id":2142,"price":"","thumb_src":"https:\/\/gad.se\/wp-content\/uploads\/2025\/05\/Tarnsjo_congac-100x100.webp","gt_translate_keys":["label"]}],"priceOptions":"different_for_all","pricingType":"fixed","price":"","cl_rule":"show","col":6,"type":"image-group","error":false,"hideImageIn_cart":true,"hideImageIn_order":true,"hideImageIn_email":true,"gt_translate_keys":["label","tooltip"],"price_dependency":false,"cl_dependency":false,"value":""}],[{"label":"BEKL\u00c4DNAD","active":true,"required":false,"elementId":"image-group_9683dde7fe63b4","tooltip":"","name":"image-group_9683dde7fe63b4","label_position":"default","desc_position":"default","enablePrice":true,"className":"","enableCl":true,"relations":[{"operator":false,"rules":[{"operator":"AND","rules":{"cl_field":"select_4683dde7fe63aa","cl_relation":"is","cl_val":"Option - 2"}}]}],"layOut":"inline","disp_size_img":{"width":"35","height":"35"},"img_preview":true,"img_preview_disable_mobile":false,"enable_popup":"no","disp_type":"square","img_selection_type":"outline","multiple":false,"values":[{"label":"Svart","value":"Option - 3","selected":false,"image":"https:\/\/gad.se\/wp-content\/uploads\/2025\/05\/Elmo-soft_Svart.jpg","thumb":"https:\/\/gad.se\/wp-content\/uploads\/2025\/05\/Elmo-soft_Svart-150x150.jpg","tempId":"aco_1519","image_id":2129,"thumb_src":"https:\/\/gad.se\/wp-content\/uploads\/2025\/05\/Elmo-soft_Svart-100x100.webp","gt_translate_keys":["label"]},{"label":"M\u00f6rkrbun","value":"Option - 4","selected":false,"image":"https:\/\/gad.se\/wp-content\/uploads\/2025\/05\/Elmo-soft_morkbrun.jpg","thumb":"https:\/\/gad.se\/wp-content\/uploads\/2025\/05\/Elmo-soft_morkbrun-150x150.jpg","tempId":"aco_548","image_id":2128,"price":"980","thumb_src":"https:\/\/gad.se\/wp-content\/uploads\/2025\/05\/Elmo-soft_morkbrun-100x100.webp","gt_translate_keys":["label"]}],"priceOptions":"different_for_all","pricingType":"fixed","price":"","cl_rule":"show","col":6,"type":"image-group","error":false,"hideImageIn_cart":true,"hideImageIn_order":true,"hideImageIn_email":true,"gt_translate_keys":["label","tooltip"],"price_dependency":false,"cl_dependency":false,"value":""}],[{"label":"BEKL\u00c4DNAD","active":true,"required":false,"elementId":"image-group_4683dde7fe63b8","tooltip":"","name":"image-group_4683dde7fe63b8","label_position":"default","desc_position":"default","enablePrice":true,"className":"","enableCl":true,"relations":[{"operator":false,"rules":[{"operator":"AND","rules":{"cl_field":"select_4683dde7fe63aa","cl_relation":"is","cl_val":"Option - 1"}}]}],"layOut":"inline","disp_size_img":{"width":"35","height":"35"},"img_preview":true,"img_preview_disable_mobile":false,"enable_popup":"no","disp_type":"square","img_selection_type":"outline","multiple":false,"values":[{"label":"Ljusgr\u00e5","value":"Option - 1","selected":false,"image":"https:\/\/gad.se\/wp-content\/uploads\/2025\/05\/Merinoull-ljusgra-nr2.jpg","thumb":"https:\/\/gad.se\/wp-content\/uploads\/2025\/05\/Merinoull-ljusgra-nr2-150x150.jpg","tempId":"aco_1533","image_id":2130,"price":"980","thumb_src":"https:\/\/gad.se\/wp-content\/uploads\/2025\/05\/Merinoull-ljusgra-nr2-100x100.webp","gt_translate_keys":["label"]},{"label":"Mellangr\u00e5","value":"Option - 2","selected":false,"image":"https:\/\/gad.se\/wp-content\/uploads\/2025\/05\/Merinoull-Mellangra-nr3.jpg","thumb":"https:\/\/gad.se\/wp-content\/uploads\/2025\/05\/Merinoull-Mellangra-nr3-150x150.jpg","tempId":"aco_3658","image_id":2131,"thumb_src":"https:\/\/gad.se\/wp-content\/uploads\/2025\/05\/Merinoull-Mellangra-nr3-100x100.webp","gt_translate_keys":["label"]},{"label":"M\u00f6rkgr\u00e5","value":"Option - 3","selected":false,"image":"https:\/\/gad.se\/wp-content\/uploads\/2025\/05\/Merinoull-Morkgra-nr4.jpg","thumb":"https:\/\/gad.se\/wp-content\/uploads\/2025\/05\/Merinoull-Morkgra-nr4-150x150.jpg","tempId":"aco_3672","image_id":2132,"thumb_src":"https:\/\/gad.se\/wp-content\/uploads\/2025\/05\/Merinoull-Morkgra-nr4-100x100.webp","gt_translate_keys":["label"]}],"priceOptions":"different_for_all","pricingType":"fixed","price":"","cl_rule":"show","col":6,"type":"image-group","error":false,"hideImageIn_cart":true,"hideImageIn_order":true,"hideImageIn_email":true,"gt_translate_keys":["label","tooltip"],"price_dependency":false,"cl_dependency":false,"value":""}]]}},"config":{"price_override":"","enable_recaptcha":false,"bind_quantity":false,"quantity_bind_formula":false,"disp_summ_show_option_price":false,"disp_summ_show_product_price":false,"disp_summ_show_total_price":true,"disp_summ_show_fee":false,"disp_summ_show_discount":false,"summary_title":"","options_total_label":"Tillval","total_label":"Total","options_product_label":"Grundpris","fee_label":"Fee","discount_label":"Rabatt","has_price":true,"has_quantity_formula":false},"mc_unit":1,"tax_rate":1,"tax_rate_real":0.25,"discount":{"percentage":0,"fixed":0},"design":{"conf":{"LabelPosition":"above","DescPosition":"above","UploadField":"custom_1","QuantityFieldStyle":"default"},"css":{"LeftLabelWidth":"120px"}},"formulas":[],"lookuptables":[],"clones":false,"cartKey":false}},"_links":{"self":[{"href":"https:\/\/gad.se\/nb\/wp-json\/wp\/v2\/product\/1513","targetHints":{"allow":["GET"]}}],"collection":[{"href":"https:\/\/gad.se\/nb\/wp-json\/wp\/v2\/product"}],"about":[{"href":"https:\/\/gad.se\/nb\/wp-json\/wp\/v2\/types\/product"}],"replies":[{"embeddable":true,"href":"https:\/\/gad.se\/nb\/wp-json\/wp\/v2\/comments?post=1513"}],"wp:featuredmedia":[{"embeddable":true,"href":"https:\/\/gad.se\/nb\/wp-json\/wp\/v2\/media\/7416"}],"wp:attachment":[{"href":"https:\/\/gad.se\/nb\/wp-json\/wp\/v2\/media?parent=1513"}],"wp:term":[{"taxonomy":"product_brand","embeddable":true,"href":"https:\/\/gad.se\/nb\/wp-json\/wp\/v2\/product_brand?post=1513"},{"taxonomy":"product_cat","embeddable":true,"href":"https:\/\/gad.se\/nb\/wp-json\/wp\/v2\/product_cat?post=1513"},{"taxonomy":"product_tag","embeddable":true,"href":"https:\/\/gad.se\/nb\/wp-json\/wp\/v2\/product_tag?post=1513"}],"curies":[{"name":"wp","href":"https:\/\/api.w.org\/{rel}","templated":true}]}}