{"id":1517,"date":"2025-05-21T10:41:30","date_gmt":"2025-05-21T10:41:30","guid":{"rendered":"https:\/\/gad.se\/?post_type=product&#038;p=1517"},"modified":"2026-02-27T15:11:07","modified_gmt":"2026-02-27T15:11:07","slug":"wisby-sideboard","status":"publish","type":"product","link":"https:\/\/gad.se\/nb\/wisby-sideboard\/","title":{"rendered":"Wisby Sideboard"},"content":{"rendered":"<p>Wisby \u00e4r en kraftfull m\u00f6bel med arkitektonisk n\u00e4rvaro \u2013 en sk\u00e4nk d\u00e4r varje linje, fog och yta \u00e4r genomt\u00e4nkt. Med sin solida k\u00e4nsla och eleganta proportioner passar den lika bra i matsal som i hall eller vardagsrum. En praktisk f\u00f6rvaringsm\u00f6bel som samtidigt b\u00e4r p\u00e5 ett visuellt lugn.<\/p>","protected":false},"excerpt":{"rendered":"<p>Wisby \u00e4r en kraftfull m\u00f6bel med arkitektonisk n\u00e4rvaro \u2013 en sk\u00e4nk d\u00e4r varje linje, fog och yta \u00e4r genomt\u00e4nkt. Med sin solida k\u00e4nsla och eleganta proportioner passar den lika bra i matsal som i hall eller vardagsrum. En praktisk f\u00f6rvaringsm\u00f6bel som samtidigt b\u00e4r p\u00e5 ett visuellt lugn.<\/p>","protected":false},"featured_media":7413,"comment_status":"open","ping_status":"closed","template":"","meta":{"_acf_changed":false},"product_brand":[126],"product_cat":[72,61],"product_tag":[102],"class_list":{"0":"post-1517","1":"product","2":"type-product","3":"status-publish","4":"has-post-thumbnail","6":"product_brand-g-a-d","7":"product_cat-sideboards","8":"product_cat-forvaring","9":"product_tag-wisby","10":"wcpa_has_options","12":"first","13":"instock","14":"taxable","15":"shipping-taxable","16":"purchasable","17":"product-type-simple"},"acf":[],"wcpa_form_fields":{"wcpaData":{"product":{"product_price":87500,"price_html":"<span class=\"woocommerce-Price-amount amount\"><bdi>87 500&nbsp;<span class=\"woocommerce-Price-currencySymbol\">&#107;&#114;<\/span><\/bdi><\/span>","original_product_price":87500,"price_including_tax":87500,"price_excluding_tax":70000,"product_id":{"parent":1517,"variation":false},"is_variable":false,"stock_status":"instock","stock_quantity":null,"parent_sku":"","product_attributes":[],"custom_fields":[],"is_taxable":true,"product_name":"Wisby Sideboard","hasImage":false},"fields":{"sec_36839a60c9e483":{"extra":{"key":"sec_36839a60c9e483","section_id":"sec_36839a60c9e483","name":"Default","status":1,"cl_rule":"show","enableCl":false,"relations":[],"toggle":true,"title_tag":"h3","show_title":false,"showPrice":"default","form_id":3306,"form_rules":{"exclude_from_discount":false,"fee_label":"Fee","disp_hide_options_price":true,"disp_show_section_price":false,"disp_show_field_price":false,"layout_option":"standard","pric_use_as_fee":false,"process_fee_as":"woo_fee"},"layout_option":"standard"},"fields":[[{"active":true,"col":6,"relations":[{"operator":false,"rules":[{"operator":false,"rules":{"cl_field":"select_56839a60c9e4a6","cl_relation":"is","cl_val":"Option - 3"}}]}],"cl_rule":"show","enableCl":false,"price":"","enablePrice":true,"className":"","label_position":"default","desc_position":"default","type":"select","required":true,"elementId":"select_56839a60c9e4a6","label":"MATERIAL","name":"select_56839a60c9e4a6","values":[{"label":"Bj\u00f6rk","value":"Option - 2","selected":false,"tempId":"aco_204","pimage":"","pthumb":"","pimage_id":"","gt_translate_keys":["label"]},{"label":"Ek","value":"Option - 3","selected":false,"tempId":"aco_205","price":"5000","gt_translate_keys":["label"]}],"dropdown_type":"basic","error":false,"priceOptions":"different_for_all","pricingType":"fixed","enable_product_image":true,"gt_translate_keys":["label"],"price_dependency":false,"cl_dependency":["image-group_86839a60c9e4af","image-group_56839a60c9e4b5","select-1344891143","select-2992641551"],"value":""}],[{"label":"YTBEHANDLING","active":true,"required":false,"elementId":"image-group_86839a60c9e4af","name":"image-group_86839a60c9e4af","label_position":"default","desc_position":"default","enablePrice":true,"className":"","enableCl":true,"relations":[{"operator":false,"rules":[{"operator":"AND","rules":{"cl_field":"select_56839a60c9e4a6","cl_relation":"is","cl_val":"Option - 3"}}]}],"layOut":"inline","disp_size_img":{"width":"35","height":"35"},"img_preview":true,"img_preview_disable_mobile":false,"enable_popup":"no","disp_type":"square","img_selection_type":"outline","multiple":false,"values":[{"label":"Linoljad","value":"Option - 1","selected":false,"image":"https:\/\/gad.se\/wp-content\/uploads\/2025\/05\/Ek_linolja.jpg","thumb":"https:\/\/gad.se\/wp-content\/uploads\/2025\/05\/Ek_linolja-150x150.jpg","tempId":"aco_43","image_id":941,"price":"","thumb_src":"https:\/\/gad.se\/wp-content\/uploads\/2025\/05\/Ek_linolja-100x100.jpg","gt_translate_keys":["label"]},{"label":"Vitoljad","value":"Option - 2","selected":false,"image":"https:\/\/gad.se\/wp-content\/uploads\/2025\/05\/Ek_vitolja.jpg","thumb":"https:\/\/gad.se\/wp-content\/uploads\/2025\/05\/Ek_vitolja-150x150.jpg","tempId":"aco_44","image_id":945,"price":"","thumb_src":"https:\/\/gad.se\/wp-content\/uploads\/2025\/05\/Ek_vitolja-100x100.jpg","gt_translate_keys":["label"]},{"label":"S\u00e5pad","value":"Option - 3","selected":false,"image":"https:\/\/gad.se\/wp-content\/uploads\/2025\/05\/Ek_sapa.jpg","thumb":"https:\/\/gad.se\/wp-content\/uploads\/2025\/05\/Ek_sapa-150x150.jpg","tempId":"aco_1519","image_id":943,"thumb_src":"https:\/\/gad.se\/wp-content\/uploads\/2025\/05\/Ek_sapa-100x100.jpg","gt_translate_keys":["label"]},{"label":"Svartoljad","value":"Option - 5","selected":false,"image":"https:\/\/gad.se\/wp-content\/uploads\/2025\/05\/Ek_svartolja.jpg","thumb":"https:\/\/gad.se\/wp-content\/uploads\/2025\/05\/Ek_svartolja-150x150.jpg","tempId":"aco_1533","image_id":944,"price":"4750","thumb_src":"https:\/\/gad.se\/wp-content\/uploads\/2025\/05\/Ek_svartolja-100x100.jpg","gt_translate_keys":["label"]},{"label":"M\u00f6rkbetsad","value":"Option - 4","selected":false,"image":"https:\/\/gad.se\/wp-content\/uploads\/2025\/05\/Ek_morkbets.jpg","thumb":"https:\/\/gad.se\/wp-content\/uploads\/2025\/05\/Ek_morkbets-150x150.jpg","tempId":"aco_548","image_id":942,"price":"4750","thumb_src":"https:\/\/gad.se\/wp-content\/uploads\/2025\/05\/Ek_morkbets-100x100.jpg","gt_translate_keys":["label"]}],"priceOptions":"different_for_all","pricingType":"fixed","price":"","cl_rule":"show","col":6,"type":"image-group","error":false,"tooltip":"","hideImageIn_cart":true,"hideImageIn_order":true,"hideImageIn_email":true,"gt_translate_keys":["label","tooltip"],"price_dependency":false,"cl_dependency":false,"value":""}],[{"label":"YTBEHANDLING","active":true,"required":false,"elementId":"image-group_56839a60c9e4b5","name":"image-group_56839a60c9e4b5","label_position":"default","desc_position":"default","enablePrice":true,"className":"","enableCl":true,"relations":[{"operator":false,"rules":[{"operator":"AND","rules":{"cl_field":"select_56839a60c9e4a6","cl_relation":"is","cl_val":"Option - 2"}}]}],"layOut":"inline","disp_size_img":{"width":"35","height":"35"},"img_preview":true,"img_preview_disable_mobile":false,"enable_popup":"no","disp_type":"square","img_selection_type":"outline","multiple":false,"values":[{"label":"Vitoljad","value":"Option - 2","selected":false,"image":"https:\/\/gad.se\/wp-content\/uploads\/2025\/05\/Bjork_vitoljad.jpg","thumb":"https:\/\/gad.se\/wp-content\/uploads\/2025\/05\/Bjork_vitoljad-150x150.jpg","tempId":"aco_44","image_id":932,"price":"","thumb_src":"https:\/\/gad.se\/wp-content\/uploads\/2025\/05\/Bjork_vitoljad-100x100.jpg","gt_translate_keys":["label"]}],"priceOptions":"different_for_all","pricingType":"fixed","price":"","cl_rule":"show","col":6,"type":"image-group","error":false,"hideImageIn_cart":true,"hideImageIn_order":true,"hideImageIn_email":true,"gt_translate_keys":["label"],"price_dependency":false,"cl_dependency":false,"value":""}],[{"label":"SPEGLAR","active":true,"required":true,"elementId":"select-8789364736","dropdown_type":"basic","name":"select-8789364736","label_position":"default","desc_position":"default","enablePrice":false,"className":"","enableCl":false,"relations":[],"enable_product_image":true,"values":[{"label":"Frostat glas","value":"Option - 2","selected":false,"tempId":"aco_204","pimage":"","pthumb":"","pimage_id":"","gt_translate_keys":["label"]},{"label":"Tr\u00e4","value":"Option - 3","selected":false,"tempId":"aco_205","price":"5400","gt_translate_keys":["label"]}],"priceOptions":"different_for_all","pricingType":"fixed","price":"","cl_rule":"show","col":6,"type":"select","error":false,"gt_translate_keys":["label"],"price_dependency":false,"cl_dependency":false,"value":""}],[{"label":"V\u00c4LJ SKIVA","active":true,"required":false,"elementId":"image-group_26839a60c9e4be","name":"image-group_26839a60c9e4be","label_position":"default","desc_position":"default","enablePrice":true,"className":"","enableCl":false,"relations":[{"operator":false,"rules":[{"operator":"AND","rules":{"cl_field":"select_06839a60c9e4b9","cl_relation":"is","cl_val":"Option - 1"}}]}],"layOut":"inline","disp_size_img":{"width":"35","height":"35"},"img_preview":true,"img_preview_disable_mobile":false,"enable_popup":"no","disp_type":"square","img_selection_type":"outline","multiple":false,"values":[{"label":"Kalksten","value":"Option - 3","selected":false,"image":"https:\/\/gad.se\/wp-content\/uploads\/2025\/05\/Slite-sten-utan-snackor.jpg","thumb":"https:\/\/gad.se\/wp-content\/uploads\/2025\/05\/Slite-sten-utan-snackor-150x150.jpg","tempId":"aco_548","image_id":955,"price":"","thumb_src":"https:\/\/gad.se\/wp-content\/uploads\/2025\/05\/Slite-sten-utan-snackor-100x100.jpg","gt_translate_keys":["label"]},{"label":"Diabas","value":"Option - 2","selected":false,"image":"https:\/\/gad.se\/wp-content\/uploads\/2025\/05\/Diabas.jpg","thumb":"https:\/\/gad.se\/wp-content\/uploads\/2025\/05\/Diabas-150x150.jpg","tempId":"aco_44","image_id":2144,"price":"6400","thumb_src":"https:\/\/gad.se\/wp-content\/uploads\/2025\/05\/Diabas-100x100.webp","gt_translate_keys":["label"]}],"priceOptions":"different_for_all","pricingType":"fixed","price":"","cl_rule":"show","col":6,"type":"image-group","error":false,"hideImageIn_cart":true,"hideImageIn_order":true,"hideImageIn_email":true,"gt_translate_keys":["label"],"price_dependency":false,"cl_dependency":false,"value":""}],[{"label":"Hyllplan","active":true,"required":false,"elementId":"select-1344891143","dropdown_type":"basic","name":"select-1344891143","label_position":"default","desc_position":"default","enablePrice":true,"className":"","enableCl":true,"relations":[{"operator":false,"rules":[{"operator":"AND","rules":{"cl_field":"select_56839a60c9e4a6","cl_relation":"is","cl_val":"Option - 2"}}]}],"enable_product_image":true,"values":[{"label":"2st","value":"Option - 2","selected":false,"tempId":"aco_204","pimage":"","pthumb":"","pimage_id":"","price":"","gt_translate_keys":["label"]},{"label":"4st","value":"Option - 3","selected":false,"tempId":"aco_205","price":"2100","gt_translate_keys":["label"]}],"priceOptions":"different_for_all","pricingType":"fixed","price":"","cl_rule":"show","col":6,"type":"select","error":false,"gt_translate_keys":["label"],"price_dependency":false,"cl_dependency":false,"value":""}],[{"label":"Hyllplan","active":true,"required":false,"elementId":"select-2992641551","dropdown_type":"basic","name":"select-2992641551","label_position":"default","desc_position":"default","enablePrice":true,"className":"","enableCl":true,"relations":[{"operator":false,"rules":[{"operator":"AND","rules":{"cl_field":"select_56839a60c9e4a6","cl_relation":"is","cl_val":"Option - 3"}}]}],"enable_product_image":true,"values":[{"label":"2st","value":"Option - 2","selected":false,"tempId":"aco_204","pimage":"","pthumb":"","pimage_id":"","price":"","gt_translate_keys":["label"]},{"label":"4st","value":"Option - 3","selected":false,"tempId":"aco_205","price":"3200","gt_translate_keys":["label"]}],"priceOptions":"different_for_all","pricingType":"fixed","price":"","cl_rule":"show","col":6,"type":"select","error":false,"gt_translate_keys":["label"],"price_dependency":false,"cl_dependency":false,"value":""}]]}},"config":{"price_override":"","enable_recaptcha":false,"bind_quantity":false,"quantity_bind_formula":false,"disp_summ_show_option_price":false,"disp_summ_show_product_price":false,"disp_summ_show_total_price":true,"disp_summ_show_fee":false,"disp_summ_show_discount":false,"summary_title":"","options_total_label":"Tillval","total_label":"Total","options_product_label":"Grundpris","fee_label":"Fee","discount_label":"Rabatt","has_price":true,"has_quantity_formula":false},"mc_unit":1,"tax_rate":1,"tax_rate_real":0.25,"discount":{"percentage":0,"fixed":0},"design":{"conf":{"LabelPosition":"above","DescPosition":"above","UploadField":"custom_1","QuantityFieldStyle":"default"},"css":{"LeftLabelWidth":"120px"}},"formulas":[],"lookuptables":[],"clones":false,"cartKey":false}},"_links":{"self":[{"href":"https:\/\/gad.se\/nb\/wp-json\/wp\/v2\/product\/1517","targetHints":{"allow":["GET"]}}],"collection":[{"href":"https:\/\/gad.se\/nb\/wp-json\/wp\/v2\/product"}],"about":[{"href":"https:\/\/gad.se\/nb\/wp-json\/wp\/v2\/types\/product"}],"replies":[{"embeddable":true,"href":"https:\/\/gad.se\/nb\/wp-json\/wp\/v2\/comments?post=1517"}],"wp:featuredmedia":[{"embeddable":true,"href":"https:\/\/gad.se\/nb\/wp-json\/wp\/v2\/media\/7413"}],"wp:attachment":[{"href":"https:\/\/gad.se\/nb\/wp-json\/wp\/v2\/media?parent=1517"}],"wp:term":[{"taxonomy":"product_brand","embeddable":true,"href":"https:\/\/gad.se\/nb\/wp-json\/wp\/v2\/product_brand?post=1517"},{"taxonomy":"product_cat","embeddable":true,"href":"https:\/\/gad.se\/nb\/wp-json\/wp\/v2\/product_cat?post=1517"},{"taxonomy":"product_tag","embeddable":true,"href":"https:\/\/gad.se\/nb\/wp-json\/wp\/v2\/product_tag?post=1517"}],"curies":[{"name":"wp","href":"https:\/\/api.w.org\/{rel}","templated":true}]}}