{"id":1628,"date":"2025-05-22T10:28:40","date_gmt":"2025-05-22T10:28:40","guid":{"rendered":"https:\/\/gad.se\/?post_type=product&#038;p=1628"},"modified":"2026-03-10T17:27:14","modified_gmt":"2026-03-10T17:27:14","slug":"furillen-soffbord-runt","status":"publish","type":"product","link":"https:\/\/gad.se\/nb\/furillen-soffbord-runt\/","title":{"rendered":"Furillen Soffbord Runt"},"content":{"rendered":"<p>Furillen \u00e4r ett modernt och skulpturalt soffbord som st\u00e5r stadigt p\u00e5 egna ben \u2013 bokstavligen. Tillverkat i massivt tr\u00e4 och rostfritt, borstat st\u00e5l, kombinerar det tidl\u00f6s kvalitet med ett samtida uttryck. Finns i flera former, tr\u00e4slag och storlekar, vilket g\u00f6r det till en m\u00e5ngsidig m\u00f6bel som fungerar i de flesta inredningar.<\/p>","protected":false},"excerpt":{"rendered":"<p>Furillen \u00e4r ett modernt och skulpturalt soffbord som st\u00e5r stadigt p\u00e5 egna ben \u2013 bokstavligen. Tillverkat i massivt tr\u00e4 och rostfritt, borstat st\u00e5l, kombinerar det tidl\u00f6s kvalitet med ett samtida uttryck. Finns i flera former, tr\u00e4slag och storlekar, vilket g\u00f6r det till en m\u00e5ngsidig m\u00f6bel som fungerar i de flesta inredningar.<\/p>","protected":false},"featured_media":7409,"comment_status":"open","ping_status":"closed","template":"","meta":{"_acf_changed":false},"product_brand":[126],"product_cat":[34,63],"product_tag":[105],"class_list":{"0":"post-1628","1":"product","2":"type-product","3":"status-publish","4":"has-post-thumbnail","6":"product_brand-g-a-d","7":"product_cat-bord","8":"product_cat-soffbord","9":"product_tag-furillen-runt","10":"wcpa_has_options","12":"first","13":"instock","14":"taxable","15":"shipping-taxable","16":"purchasable","17":"product-type-simple"},"acf":[],"wcpa_form_fields":{"wcpaData":{"product":{"product_price":16900,"price_html":"<span class=\"woocommerce-Price-amount amount\"><bdi>16 900&nbsp;<span class=\"woocommerce-Price-currencySymbol\">&#107;&#114;<\/span><\/bdi><\/span>","original_product_price":16900,"price_including_tax":16900,"price_excluding_tax":13520,"product_id":{"parent":1628,"variation":false},"is_variable":false,"stock_status":"instock","stock_quantity":null,"parent_sku":"","product_attributes":[],"custom_fields":[],"is_taxable":true,"product_name":"Furillen Soffbord Runt","hasImage":false},"fields":{"sec_56839a79788693":{"extra":{"key":"sec_56839a79788693","section_id":"sec_56839a79788693","name":"Default","status":1,"cl_rule":"show","enableCl":false,"relations":[],"toggle":true,"title_tag":"h3","show_title":false,"showPrice":"default","form_id":3309,"form_rules":{"exclude_from_discount":false,"fee_label":"Fee","disp_hide_options_price":true,"disp_show_section_price":false,"disp_show_field_price":false,"layout_option":"standard","pric_use_as_fee":false,"process_fee_as":"woo_fee"},"layout_option":"standard"},"fields":[[{"active":true,"col":6,"relations":false,"cl_rule":"show","enableCl":false,"price":"","enablePrice":false,"className":"","label_position":"default","desc_position":"default","type":"select","required":false,"elementId":"select_9262011430","label":"STORLEK","name":"select_9262011430","values":[{"label":"60 cm","value":"Option - 1","selected":false,"tempId":"aco_1535","gt_translate_keys":["label"]},{"label":"90 cm","value":"Option - 2","selected":false,"tempId":"aco_1536","gt_translate_keys":["label"]}],"dropdown_type":"basic","error":false,"gt_translate_keys":["label"],"price_dependency":false,"cl_dependency":["select_96839a797886ae","select-7382982236","select_26839a797886c6","select-1362873254"],"value":""}],[{"active":true,"col":6,"relations":[{"operator":false,"rules":[{"operator":false,"rules":{"cl_field":"select_9262011430","cl_relation":"is","cl_val":"Option - 1"}}]}],"cl_rule":"show","enableCl":true,"price":"","enablePrice":true,"className":"","label_position":"default","desc_position":"default","type":"select","required":true,"elementId":"select_96839a797886ae","label":"MATERIAL","name":"select_96839a797886ae","values":[{"label":"Valn\u00f6t","value":"Option - 1","selected":false,"tempId":"aco_252","price":"4000","gt_translate_keys":["label"]},{"label":"Bj\u00f6rk","value":"Option - 2","selected":false,"tempId":"aco_204","pimage":"","pthumb":"","pimage_id":"","gt_translate_keys":["label"]},{"label":"Ek","value":"Option - 3","selected":false,"tempId":"aco_205","price":"2000","gt_translate_keys":["label"]}],"dropdown_type":"basic","error":false,"priceOptions":"different_for_all","pricingType":"fixed","enable_product_image":true,"gt_translate_keys":["label"],"price_dependency":false,"cl_dependency":["image-group_86839a797886b7","image-group_76839a797886bd","image-group_56839a797886c2"],"value":""}],[{"label":"MATERIAL","active":true,"required":true,"elementId":"select-7382982236","dropdown_type":"basic","name":"select-7382982236","label_position":"default","desc_position":"default","enablePrice":true,"className":"","enableCl":true,"relations":[{"operator":false,"rules":[{"operator":false,"rules":{"cl_field":"select_9262011430","cl_relation":"is","cl_val":"Option - 2"}}]}],"enable_product_image":true,"values":[{"label":"Valn\u00f6t","value":"Option - 1","selected":false,"tempId":"aco_252","price":"7900","gt_translate_keys":["label"]},{"label":"Bj\u00f6rk","value":"Option - 2","selected":false,"tempId":"aco_204","pimage":"","pthumb":"","pimage_id":"","price":"2000","gt_translate_keys":["label"]},{"label":"Ek","value":"Option - 3","selected":false,"tempId":"aco_205","price":"3600","gt_translate_keys":["label"]}],"priceOptions":"different_for_all","pricingType":"fixed","price":"","cl_rule":"show","col":6,"type":"select","error":false,"gt_translate_keys":["label"],"price_dependency":false,"cl_dependency":["image-group_86839a797886b7","image-group_76839a797886bd","image-group_56839a797886c2"],"value":""}],[{"label":"YTBEHANDLING","active":true,"required":false,"elementId":"image-group_86839a797886b7","name":"image-group_86839a797886b7","label_position":"default","desc_position":"default","enablePrice":true,"className":"","enableCl":true,"relations":[{"operator":false,"rules":[{"operator":"or","rules":{"cl_field":"select_96839a797886ae","cl_relation":"is","cl_val":"Option - 1"}},{"operator":"AND","rules":{"cl_field":"select-7382982236","cl_relation":"is","cl_val":"Option - 1"}}]}],"layOut":"inline","disp_size_img":{"width":"35","height":"35"},"img_preview":true,"img_preview_disable_mobile":false,"enable_popup":"no","disp_type":"square","img_selection_type":"outline","multiple":false,"values":[{"label":"Linoljad valn\u00f6t","value":"Option - 1","selected":false,"image":"https:\/\/gad.se\/wp-content\/uploads\/2025\/05\/Ek_linolja.jpg","thumb":"https:\/\/gad.se\/wp-content\/uploads\/2025\/05\/Ek_linolja-150x150.jpg","tempId":"aco_43","image_id":941,"price":"","thumb_src":"https:\/\/gad.se\/wp-content\/uploads\/2025\/05\/Ek_linolja-100x100.jpg","gt_translate_keys":["label"]}],"priceOptions":"different_for_all","pricingType":"fixed","price":"","cl_rule":"show","col":6,"type":"image-group","error":false,"tooltip":"","hideImageIn_cart":true,"hideImageIn_order":true,"hideImageIn_email":true,"gt_translate_keys":["label","tooltip"],"price_dependency":false,"cl_dependency":false,"value":""}],[{"label":"YTBEHANDLING","active":true,"required":false,"elementId":"image-group_76839a797886bd","tooltip":"","name":"image-group_76839a797886bd","label_position":"default","desc_position":"default","enablePrice":true,"className":"","enableCl":true,"relations":[{"operator":false,"rules":[{"operator":"or","rules":{"cl_field":"select_96839a797886ae","cl_relation":"is","cl_val":"Option - 3"}},{"operator":"AND","rules":{"cl_field":"select-7382982236","cl_relation":"is","cl_val":"Option - 3"}}]}],"layOut":"inline","disp_size_img":{"width":"35","height":"35"},"img_preview":true,"img_preview_disable_mobile":false,"enable_popup":"no","disp_type":"square","img_selection_type":"outline","multiple":false,"values":[{"label":"Linoljad","value":"Option - 1","selected":false,"image":"https:\/\/gad.se\/wp-content\/uploads\/2025\/05\/Ek_linolja.jpg","thumb":"https:\/\/gad.se\/wp-content\/uploads\/2025\/05\/Ek_linolja-150x150.jpg","tempId":"aco_43","image_id":941,"price":"","thumb_src":"https:\/\/gad.se\/wp-content\/uploads\/2025\/05\/Ek_linolja-100x100.jpg","gt_translate_keys":["label"]},{"label":"Vitoljad","value":"Option - 2","selected":false,"image":"https:\/\/gad.se\/wp-content\/uploads\/2025\/05\/Ek_vitolja.jpg","thumb":"https:\/\/gad.se\/wp-content\/uploads\/2025\/05\/Ek_vitolja-150x150.jpg","tempId":"aco_44","image_id":945,"price":"","thumb_src":"https:\/\/gad.se\/wp-content\/uploads\/2025\/05\/Ek_vitolja-100x100.jpg","gt_translate_keys":["label"]},{"label":"S\u00e5pad","value":"Option - 3","selected":false,"image":"https:\/\/gad.se\/wp-content\/uploads\/2025\/05\/Ek_sapa.jpg","thumb":"https:\/\/gad.se\/wp-content\/uploads\/2025\/05\/Ek_sapa-150x150.jpg","tempId":"aco_1519","image_id":943,"thumb_src":"https:\/\/gad.se\/wp-content\/uploads\/2025\/05\/Ek_sapa-100x100.jpg","gt_translate_keys":["label"]}],"priceOptions":"different_for_all","pricingType":"fixed","price":"","cl_rule":"show","col":6,"type":"image-group","error":false,"hideImageIn_cart":true,"hideImageIn_order":true,"hideImageIn_email":true,"gt_translate_keys":["label","tooltip"],"price_dependency":false,"cl_dependency":false,"value":""}],[{"label":"YTBEHANDLING","active":true,"required":false,"elementId":"image-group_56839a797886c2","name":"image-group_56839a797886c2","label_position":"default","desc_position":"default","enablePrice":true,"className":"","enableCl":true,"relations":[{"operator":false,"rules":[{"operator":"and","rules":{"cl_field":"select_96839a797886ae","cl_relation":"is","cl_val":"Option - 2"}},{"operator":"AND","rules":{"cl_field":"select-7382982236","cl_relation":"is","cl_val":"Option - 2"}}]}],"layOut":"inline","disp_size_img":{"width":"30","height":"30"},"img_preview":true,"img_preview_disable_mobile":false,"enable_popup":"no","disp_type":"square","img_selection_type":"outline","multiple":false,"values":[{"label":"Vitoljad","value":"Option - 2","selected":false,"image":"https:\/\/gad.se\/wp-content\/uploads\/2025\/05\/Bjork_vitoljad.jpg","thumb":"https:\/\/gad.se\/wp-content\/uploads\/2025\/05\/Bjork_vitoljad-150x150.jpg","tempId":"aco_44","image_id":932,"price":"","thumb_src":"https:\/\/gad.se\/wp-content\/uploads\/2025\/05\/Bjork_vitoljad-100x100.jpg","gt_translate_keys":["label"]},{"label":"S\u00e5pad","value":"Option - 1","selected":false,"image":"https:\/\/gad.se\/wp-content\/uploads\/2025\/05\/Bjork_sapa.jpg","thumb":"https:\/\/gad.se\/wp-content\/uploads\/2025\/05\/Bjork_sapa-150x150.jpg","tempId":"aco_399","image_id":933,"thumb_src":"https:\/\/gad.se\/wp-content\/uploads\/2025\/05\/Bjork_sapa-100x100.jpg","gt_translate_keys":["label"]}],"priceOptions":"different_for_all","pricingType":"fixed","price":"","cl_rule":"show","col":6,"type":"image-group","error":false,"hideImageIn_cart":true,"hideImageIn_order":true,"hideImageIn_email":true,"gt_translate_keys":["label"],"price_dependency":false,"cl_dependency":false,"value":""}],[{"active":true,"col":6,"relations":[{"operator":false,"rules":[{"operator":"AND","rules":{"cl_field":"select_9262011430","cl_relation":"is","cl_val":"Option - 1"}}]}],"cl_rule":"show","enableCl":true,"price":"","enablePrice":true,"className":"","label_position":"default","desc_position":"default","type":"select","required":false,"elementId":"select_26839a797886c6","label":"GLASHYLLA","name":"select_26839a797886c6","values":[{"label":"Utan hylla","value":"Option - 2","selected":false,"tempId":"aco_830","gt_translate_keys":["label"]},{"label":"Klarglas","value":"Option - 1","selected":false,"tempId":"aco_829","price":"2550","gt_translate_keys":["label"]},{"label":"Frostat glas","value":"Option - 3","selected":false,"tempId":"aco_1141","price":"2550","gt_translate_keys":["label"]}],"dropdown_type":"basic","error":false,"priceOptions":"different_for_all","pricingType":"fixed","gt_translate_keys":["label"],"price_dependency":false,"cl_dependency":false,"value":""}],[{"label":"GLASHYLLA","active":true,"required":false,"elementId":"select-1362873254","dropdown_type":"basic","name":"select-1362873254","label_position":"default","desc_position":"default","enablePrice":true,"className":"","enableCl":true,"relations":[{"operator":false,"rules":[{"operator":"AND","rules":{"cl_field":"select_9262011430","cl_relation":"is","cl_val":"Option - 2"}}]}],"values":[{"label":"Utan hylla","value":"Option - 2","selected":false,"tempId":"aco_830","gt_translate_keys":["label"]},{"label":"Klarglas","value":"Option - 1","selected":false,"tempId":"aco_829","price":"2780","gt_translate_keys":["label"]},{"label":"Frostat glas","value":"Option - 3","selected":false,"tempId":"aco_1141","price":"2980","gt_translate_keys":["label"]}],"priceOptions":"different_for_all","pricingType":"fixed","price":"","cl_rule":"show","col":6,"type":"select","error":false,"gt_translate_keys":["label"],"price_dependency":false,"cl_dependency":false,"value":""}],[{"label":"H\u00f6jd","active":true,"required":false,"elementId":"select-1597723337","dropdown_type":"basic","name":"select-1597723337","label_position":"default","desc_position":"default","enablePrice":true,"className":"","enableCl":false,"relations":[],"values":[{"label":"45 cm","value":"Option - 1","selected":false,"tempId":"aco_829","price":"","gt_translate_keys":["label"]},{"label":"53cm","value":"Option - 2","selected":false,"tempId":"aco_830","price":"450","gt_translate_keys":["label"]}],"priceOptions":"different_for_all","pricingType":"fixed","price":"","cl_rule":"show","col":6,"type":"select","error":false,"gt_translate_keys":["label"],"price_dependency":false,"cl_dependency":false,"value":""}]]}},"config":{"price_override":"","enable_recaptcha":false,"bind_quantity":false,"quantity_bind_formula":false,"disp_summ_show_option_price":false,"disp_summ_show_product_price":false,"disp_summ_show_total_price":true,"disp_summ_show_fee":false,"disp_summ_show_discount":false,"summary_title":"","options_total_label":"Tillval","total_label":"Total","options_product_label":"Grundpris","fee_label":"Fee","discount_label":"Rabatt","has_price":true,"has_quantity_formula":false},"mc_unit":1,"tax_rate":1,"tax_rate_real":0.25,"discount":{"percentage":0,"fixed":0},"design":{"conf":{"LabelPosition":"above","DescPosition":"above","UploadField":"custom_1","QuantityFieldStyle":"default"},"css":{"LeftLabelWidth":"120px"}},"formulas":[],"lookuptables":[],"clones":false,"cartKey":false}},"_links":{"self":[{"href":"https:\/\/gad.se\/nb\/wp-json\/wp\/v2\/product\/1628","targetHints":{"allow":["GET"]}}],"collection":[{"href":"https:\/\/gad.se\/nb\/wp-json\/wp\/v2\/product"}],"about":[{"href":"https:\/\/gad.se\/nb\/wp-json\/wp\/v2\/types\/product"}],"replies":[{"embeddable":true,"href":"https:\/\/gad.se\/nb\/wp-json\/wp\/v2\/comments?post=1628"}],"wp:featuredmedia":[{"embeddable":true,"href":"https:\/\/gad.se\/nb\/wp-json\/wp\/v2\/media\/7409"}],"wp:attachment":[{"href":"https:\/\/gad.se\/nb\/wp-json\/wp\/v2\/media?parent=1628"}],"wp:term":[{"taxonomy":"product_brand","embeddable":true,"href":"https:\/\/gad.se\/nb\/wp-json\/wp\/v2\/product_brand?post=1628"},{"taxonomy":"product_cat","embeddable":true,"href":"https:\/\/gad.se\/nb\/wp-json\/wp\/v2\/product_cat?post=1628"},{"taxonomy":"product_tag","embeddable":true,"href":"https:\/\/gad.se\/nb\/wp-json\/wp\/v2\/product_tag?post=1628"}],"curies":[{"name":"wp","href":"https:\/\/api.w.org\/{rel}","templated":true}]}}