{"id":465,"date":"2025-05-13T07:57:58","date_gmt":"2025-05-13T07:57:58","guid":{"rendered":"https:\/\/gad.se\/?post_type=product&#038;p=465"},"modified":"2026-03-01T11:55:52","modified_gmt":"2026-03-01T11:55:52","slug":"ardre-avlastningsbord","status":"publish","type":"product","link":"https:\/\/gad.se\/nb\/ardre-avlastningsbord\/","title":{"rendered":"Ardre Avlastningsbord"},"content":{"rendered":"<p>Ardre \u00e4r ett avlastningsbord med tydlig n\u00e4rvaro och f\u00f6rfinad enkelhet \u2013 ett konstverk i form av funktion. Med sin v\u00e4lbalanserade form och precisa hantverk \u00e4r det lika vackert i entr\u00e9n som i vardagsrummet.<br \/>\nM\u00e5tt<br \/>\nL\u00e4ngd: 122<br \/>\nDjup: 35<br \/>\nH\u00f6jd:\u00a09<\/p>","protected":false},"excerpt":{"rendered":"<p>Ardre \u00e4r ett avlastningsbord med tydlig n\u00e4rvaro och f\u00f6rfinad enkelhet \u2013 ett konstverk i form av funktion. Med sin v\u00e4lbalanserade form och precisa hantverk \u00e4r det lika vackert i entr\u00e9n som i vardagsrummet. M\u00e5tt L\u00e4ngd: 122 Djup: 35 H\u00f6jd:\u00a09<\/p>","protected":false},"featured_media":7480,"comment_status":"open","ping_status":"closed","template":"","meta":{"_acf_changed":false},"product_brand":[126],"product_cat":[66,34],"product_tag":[94],"class_list":{"0":"post-465","1":"product","2":"type-product","3":"status-publish","4":"has-post-thumbnail","6":"product_brand-g-a-d","7":"product_cat-avstallningsbord","8":"product_cat-bord","9":"product_tag-ardre-avstallning","10":"wcpa_has_options","12":"first","13":"instock","14":"taxable","15":"shipping-taxable","16":"purchasable","17":"product-type-simple"},"acf":[],"wcpa_form_fields":{"wcpaData":{"product":{"product_price":26900,"price_html":"<span class=\"woocommerce-Price-amount amount\"><bdi>26 900&nbsp;<span class=\"woocommerce-Price-currencySymbol\">&#107;&#114;<\/span><\/bdi><\/span>","original_product_price":26900,"price_including_tax":26900,"price_excluding_tax":21520,"product_id":{"parent":465,"variation":false},"is_variable":false,"stock_status":"instock","stock_quantity":null,"parent_sku":"","product_attributes":[],"custom_fields":[],"is_taxable":true,"product_name":"Ardre Avlastningsbord","hasImage":false},"fields":{"sec_268399e91af1ec":{"extra":{"key":"sec_268399e91af1ec","section_id":"sec_268399e91af1ec","name":"Default","status":1,"cl_rule":"show","enableCl":false,"relations":[],"toggle":true,"title_tag":"h3","show_title":false,"showPrice":"default","form_id":3297,"form_rules":{"exclude_from_discount":false,"fee_label":"Fee","disp_hide_options_price":true,"disp_show_section_price":false,"disp_show_field_price":false,"layout_option":"standard","pric_use_as_fee":false,"process_fee_as":"woo_fee"},"layout_option":"standard"},"fields":[[{"active":true,"col":6,"relations":[{"operator":false,"rules":[{"operator":"and","rules":{"cl_field":"select_1068399e91af20a","cl_relation":"is","cl_val":"Option - 2"}},{"operator":"AND","rules":{"cl_field":"select_1068399e91af20a","cl_relation":"is","cl_val":"Option - 3"}}]}],"cl_rule":"show","enableCl":false,"price":"","enablePrice":true,"className":"","label_position":"default","desc_position":"default","type":"select","required":true,"elementId":"select_1068399e91af20a","label":"MATERIAL","name":"select_1068399e91af20a","values":[{"label":"Bj\u00f6rk","value":"Option - 2","selected":false,"tempId":"aco_204","pimage":"","pthumb":"","pimage_id":"","gt_translate_keys":["label"]},{"label":"T\u00e4tvuxen furu","value":"Option - 1","selected":false,"tempId":"aco_465","price":"3000","gt_translate_keys":["label"]},{"label":"Ek","value":"Option - 3","selected":false,"tempId":"aco_205","price":"4800","gt_translate_keys":["label"]}],"dropdown_type":"basic","error":false,"priceOptions":"different_for_all","pricingType":"fixed","enable_product_image":true,"gt_translate_keys":["label"],"price_dependency":false,"cl_dependency":["content_4630151042","image-group_168399e91af212","image-group-6936921744","image-group_968399e91af21c","image-group-7006944540","image-group_668399e91af217","image-group-8412874795","image-group-4079824240"],"value":""}],[{"active":true,"col":6,"relations":[{"operator":false,"rules":[{"operator":"AND","rules":{"cl_field":"select_1068399e91af20a","cl_relation":"is","cl_val":"Option - 1"}}]}],"cl_rule":"show","enableCl":true,"price":"","enablePrice":false,"className":"","label_position":"default","desc_position":"default","type":"content","required":false,"elementId":"content_4630151042","label":"Skiva i furu","name":"content_4630151042","contentType":"rich","value":"<p>Virkets \u00e5dring ger ett vackert och levande material med mycket \u201dnaturlig tr\u00e4k\u00e4nsla\u201d.<\/p>\n<p>I snickeriet ytbehandlar vi ytorna p\u00e5 Ardre avlastningsbord omsorgsfullt i flera lager med mellanslipningar f\u00f6r hand. Ytbehandlingen g\u00f6rs med vitpigmenterad s\u00e5pa som ger en ljus, t\u00e5lig och l\u00e4ttsk\u00f6tt bordsskiva, en bordsskiva som med tiden gr\u00e5nar och f\u00e5r en n\u00e4stan antik patina.<\/p>","hideFieldIn_cart":true,"error":false,"hideFieldIn_order":true,"gt_translate_keys":["label","value"],"price_dependency":false,"cl_dependency":false}],[{"label":"YTBEHANDLING","active":true,"required":false,"elementId":"image-group_168399e91af212","name":"image-group_168399e91af212","label_position":"default","desc_position":"default","enablePrice":true,"className":"","enableCl":true,"relations":[{"operator":false,"rules":[{"operator":"AND","rules":{"cl_field":"select_1068399e91af20a","cl_relation":"is","cl_val":"Option - 3"}}]}],"layOut":"inline","disp_size_img":{"width":"35","height":"35"},"img_preview":true,"img_preview_disable_mobile":false,"enable_popup":"no","disp_type":"square","img_selection_type":"outline","multiple":false,"values":[{"label":"Linoljad","value":"Option - 1","selected":false,"image":"https:\/\/gad.se\/wp-content\/uploads\/2025\/05\/Ek_linolja.jpg","thumb":"https:\/\/gad.se\/wp-content\/uploads\/2025\/05\/Ek_linolja-150x150.jpg","tempId":"aco_43","image_id":941,"price":"","thumb_src":"https:\/\/gad.se\/wp-content\/uploads\/2025\/05\/Ek_linolja-100x100.jpg","gt_translate_keys":["label"]},{"label":"Vitoljad","value":"Option - 2","selected":false,"image":"https:\/\/gad.se\/wp-content\/uploads\/2025\/05\/Ek_vitolja.jpg","thumb":"https:\/\/gad.se\/wp-content\/uploads\/2025\/05\/Ek_vitolja-150x150.jpg","tempId":"aco_44","image_id":945,"price":"","thumb_src":"https:\/\/gad.se\/wp-content\/uploads\/2025\/05\/Ek_vitolja-100x100.jpg","gt_translate_keys":["label"]},{"label":"S\u00e5pad","value":"Option - 3","selected":false,"image":"https:\/\/gad.se\/wp-content\/uploads\/2025\/05\/Ek_sapa.jpg","thumb":"https:\/\/gad.se\/wp-content\/uploads\/2025\/05\/Ek_sapa-150x150.jpg","tempId":"aco_1519","image_id":943,"thumb_src":"https:\/\/gad.se\/wp-content\/uploads\/2025\/05\/Ek_sapa-100x100.jpg","gt_translate_keys":["label"]},{"label":"Svartoljad","value":"Option - 5","selected":false,"image":"https:\/\/gad.se\/wp-content\/uploads\/2025\/05\/Ek_svartolja.jpg","thumb":"https:\/\/gad.se\/wp-content\/uploads\/2025\/05\/Ek_svartolja-150x150.jpg","tempId":"aco_1533","image_id":944,"price":"2450","thumb_src":"https:\/\/gad.se\/wp-content\/uploads\/2025\/05\/Ek_svartolja-100x100.jpg","gt_translate_keys":["label"]},{"label":"M\u00f6rkbetsad","value":"Option - 4","selected":false,"image":"https:\/\/gad.se\/wp-content\/uploads\/2025\/05\/Ek_morkbets.jpg","thumb":"https:\/\/gad.se\/wp-content\/uploads\/2025\/05\/Ek_morkbets-150x150.jpg","tempId":"aco_548","image_id":942,"price":"2450","thumb_src":"https:\/\/gad.se\/wp-content\/uploads\/2025\/05\/Ek_morkbets-100x100.jpg","gt_translate_keys":["label"]}],"priceOptions":"different_for_all","pricingType":"fixed","price":"","cl_rule":"show","col":6,"type":"image-group","error":false,"tooltip":"","hideImageIn_cart":true,"hideImageIn_order":true,"hideImageIn_email":true,"gt_translate_keys":["label","tooltip"],"price_dependency":false,"cl_dependency":false,"value":""}],[{"label":"YTBEHANDLING","active":true,"required":false,"elementId":"image-group-6936921744","name":"image-group-6936921744","label_position":"default","desc_position":"default","enablePrice":true,"className":"","enableCl":true,"relations":[{"operator":false,"rules":[{"operator":"AND","rules":{"cl_field":"select_1068399e91af20a","cl_relation":"is","cl_val":"Option - 2"}}]}],"layOut":"inline","disp_size_img":{"width":"35","height":"35"},"img_preview":true,"img_preview_disable_mobile":false,"enable_popup":"no","disp_type":"square","img_selection_type":"outline","multiple":false,"values":[{"label":"Vitoljad","value":"Option - 2","selected":false,"image":"https:\/\/gad.se\/wp-content\/uploads\/2025\/05\/Bjork_vitoljad.jpg","thumb":"https:\/\/gad.se\/wp-content\/uploads\/2025\/05\/Bjork_vitoljad-150x150.jpg","tempId":"aco_44","image_id":932,"price":"","thumb_src":"https:\/\/gad.se\/wp-content\/uploads\/2025\/05\/Bjork_vitoljad-100x100.jpg","gt_translate_keys":["label"]},{"label":"S\u00e5pad","value":"Option - 3","selected":false,"image":"https:\/\/gad.se\/wp-content\/uploads\/2025\/05\/Bjork_sapa.jpg","thumb":"https:\/\/gad.se\/wp-content\/uploads\/2025\/05\/Bjork_sapa-150x150.jpg","tempId":"aco_548","image_id":933,"price":"","thumb_src":"https:\/\/gad.se\/wp-content\/uploads\/2025\/05\/Bjork_sapa-100x100.jpg","gt_translate_keys":["label"]},{"label":"M\u00e5lad","value":"Option - 4","selected":false,"image":"https:\/\/gad.se\/wp-content\/uploads\/2025\/06\/Namnlos-2.webp","thumb":"https:\/\/gad.se\/wp-content\/uploads\/2025\/06\/Namnlos-2-150x150.webp","tempId":"aco_1155","image_id":4644,"price":"2450","thumb_src":"https:\/\/gad.se\/wp-content\/uploads\/2025\/06\/Namnlos-2-100x100.webp","gt_translate_keys":["label"]}],"priceOptions":"different_for_all","pricingType":"fixed","price":"","cl_rule":"show","col":6,"type":"image-group","error":false,"gt_translate_keys":["label"],"price_dependency":false,"cl_dependency":["image-group_968399e91af21c"],"value":""}],[{"label":"M\u00c5LAT UNDERREDE","active":true,"required":false,"elementId":"image-group_968399e91af21c","name":"image-group_968399e91af21c","label_position":"default","desc_position":"default","enablePrice":true,"className":"","enableCl":true,"relations":[{"operator":false,"rules":[{"operator":"or","rules":{"cl_field":"select_1068399e91af20a","cl_relation":"is","cl_val":"Option - 1"}},{"operator":"AND","rules":{"cl_field":"image-group-6936921744","cl_relation":"is","cl_val":"Option - 4"}}]}],"layOut":"inline","disp_size_img":{"width":"35","height":"35"},"img_preview":true,"img_preview_disable_mobile":false,"enable_popup":"no","disp_type":"square","img_selection_type":"outline","multiple":false,"values":[{"label":"Vit","value":"Option - 1","selected":false,"image":"https:\/\/gad.se\/wp-content\/uploads\/2025\/05\/Standardkulor_vit.jpg","thumb":"https:\/\/gad.se\/wp-content\/uploads\/2025\/05\/Standardkulor_vit-150x150.jpg","tempId":"aco_43","image_id":2141,"price":"","thumb_src":"https:\/\/gad.se\/wp-content\/uploads\/2025\/05\/Standardkulor_vit-100x100.webp","gt_translate_keys":["label"]},{"label":"Svart","value":"Option - 3","selected":false,"image":"https:\/\/gad.se\/wp-content\/uploads\/2025\/05\/Standardkulor_svart.jpg","thumb":"https:\/\/gad.se\/wp-content\/uploads\/2025\/05\/Standardkulor_svart-150x150.jpg","tempId":"aco_548","image_id":2140,"price":"","thumb_src":"https:\/\/gad.se\/wp-content\/uploads\/2025\/05\/Standardkulor_svart-100x100.webp","gt_translate_keys":["label"]},{"label":"R\u00f6d","value":"Option - 4","selected":false,"image":"https:\/\/gad.se\/wp-content\/uploads\/2025\/05\/Standardkulor_rod.jpg","thumb":"https:\/\/gad.se\/wp-content\/uploads\/2025\/05\/Standardkulor_rod-150x150.jpg","tempId":"aco_1155","image_id":2139,"price":"","thumb_src":"https:\/\/gad.se\/wp-content\/uploads\/2025\/05\/Standardkulor_rod-100x100.webp","gt_translate_keys":["label"]},{"label":"Ljusgr\u00e5","value":"Option - 2","selected":false,"image":"https:\/\/gad.se\/wp-content\/uploads\/2025\/05\/Standardkulor_ljusgra.jpg","thumb":"https:\/\/gad.se\/wp-content\/uploads\/2025\/05\/Standardkulor_ljusgra-150x150.jpg","tempId":"aco_44","image_id":2137,"price":"","thumb_src":"https:\/\/gad.se\/wp-content\/uploads\/2025\/05\/Standardkulor_ljusgra-100x100.webp","gt_translate_keys":["label"]},{"label":"Gr\u00f6n","value":"Option - 6","selected":false,"image":"https:\/\/gad.se\/wp-content\/uploads\/2025\/05\/Standardkulor_gron.jpg","thumb":"https:\/\/gad.se\/wp-content\/uploads\/2025\/05\/Standardkulor_gron-150x150.jpg","tempId":"aco_406","image_id":2136,"thumb_src":"https:\/\/gad.se\/wp-content\/uploads\/2025\/05\/Standardkulor_gron-100x100.webp","gt_translate_keys":["label"]},{"label":"Bl\u00e5","value":"Option - 7","selected":false,"image":"https:\/\/gad.se\/wp-content\/uploads\/2025\/05\/Standardkulor_bla.jpg","thumb":"https:\/\/gad.se\/wp-content\/uploads\/2025\/05\/Standardkulor_bla-150x150.jpg","tempId":"aco_433","image_id":2134,"thumb_src":"https:\/\/gad.se\/wp-content\/uploads\/2025\/05\/Standardkulor_bla-100x100.webp","gt_translate_keys":["label"]},{"label":"Bl\u00e5gr\u00f6n","value":"Option - 8","selected":false,"image":"https:\/\/gad.se\/wp-content\/uploads\/2025\/05\/Standardkulor_bla-gron.jpg","thumb":"https:\/\/gad.se\/wp-content\/uploads\/2025\/05\/Standardkulor_bla-gron-150x150.jpg","tempId":"aco_460","image_id":2133,"thumb_src":"https:\/\/gad.se\/wp-content\/uploads\/2025\/05\/Standardkulor_bla-gron-100x100.webp","gt_translate_keys":["label"]},{"label":"Gr\u00e5bl\u00e5","value":"Option - 9","selected":false,"image":"https:\/\/gad.se\/wp-content\/uploads\/2025\/05\/Standardkulor_gra-bla.jpg","thumb":"https:\/\/gad.se\/wp-content\/uploads\/2025\/05\/Standardkulor_gra-bla-150x150.jpg","tempId":"aco_2406","image_id":2135,"thumb_src":"https:\/\/gad.se\/wp-content\/uploads\/2025\/05\/Standardkulor_gra-bla-100x100.jpg","gt_translate_keys":["label"]},{"label":"Mellangr\u00e5","value":"Option - 5","selected":false,"image":"https:\/\/gad.se\/wp-content\/uploads\/2025\/05\/Standardkulor_mellangra.jpg","thumb":"https:\/\/gad.se\/wp-content\/uploads\/2025\/05\/Standardkulor_mellangra-150x150.jpg","tempId":"aco_366","image_id":2138,"thumb_src":"https:\/\/gad.se\/wp-content\/uploads\/2025\/05\/Standardkulor_mellangra-100x100.webp","gt_translate_keys":["label"]}],"priceOptions":"different_for_all","pricingType":"fixed","price":"","cl_rule":"show","col":6,"type":"image-group","error":false,"hideImageIn_cart":true,"hideImageIn_order":true,"hideImageIn_email":true,"gt_translate_keys":["label"],"price_dependency":false,"cl_dependency":false,"value":""}],[{"label":"TOPPSKIVA","active":true,"required":false,"elementId":"image-group-7006944540","description":"","name":"image-group-7006944540","label_position":"default","desc_position":"default","enablePrice":true,"className":"","enableCl":true,"relations":[{"operator":false,"rules":[{"operator":false,"rules":{"cl_field":"select_1068399e91af20a","cl_relation":"is","cl_val":"Option - 2"}}]}],"layOut":"inline","disp_size_img":{"width":"35","height":"35"},"img_preview":true,"img_preview_disable_mobile":false,"enable_popup":"no","disp_type":"square","img_selection_type":"outline","multiple":false,"values":[{"label":"Bj\u00f6rk","value":"Option - 1","selected":false,"image":"https:\/\/gad.se\/wp-content\/uploads\/2025\/05\/Bjork_linolja.jpg","thumb":"https:\/\/gad.se\/wp-content\/uploads\/2025\/05\/Bjork_linolja-150x150.jpg","tempId":"aco_43","image_id":934,"price":"","thumb_src":"https:\/\/gad.se\/wp-content\/uploads\/2025\/05\/Bjork_linolja-100x100.jpg","gt_translate_keys":["label"]},{"label":"Kalksten","value":"Option - 2","selected":false,"image":"https:\/\/gad.se\/wp-content\/uploads\/2025\/05\/Burgsviks-sten.jpg","thumb":"https:\/\/gad.se\/wp-content\/uploads\/2025\/05\/Burgsviks-sten-150x150.jpg","tempId":"aco_44","image_id":2145,"price":"5000","thumb_src":"https:\/\/gad.se\/wp-content\/uploads\/2025\/05\/Burgsviks-sten-100x100.webp","gt_translate_keys":["label"]},{"label":"Diabas","value":"Option - 3","selected":false,"image":"https:\/\/gad.se\/wp-content\/uploads\/2025\/05\/Diabas.jpg","thumb":"https:\/\/gad.se\/wp-content\/uploads\/2025\/05\/Diabas-150x150.jpg","tempId":"aco_548","image_id":2144,"price":"11800","thumb_src":"https:\/\/gad.se\/wp-content\/uploads\/2025\/05\/Diabas-100x100.webp","gt_translate_keys":["label"]}],"priceOptions":"different_for_all","pricingType":"fixed","price":"","cl_rule":"show","col":6,"type":"image-group","error":false,"gt_translate_keys":["label","description"],"price_dependency":false,"cl_dependency":false,"value":""}],[{"label":"TOPPSKIVA","active":true,"required":false,"elementId":"image-group_668399e91af217","name":"image-group_668399e91af217","label_position":"default","desc_position":"default","enablePrice":true,"className":"","enableCl":true,"relations":[{"operator":false,"rules":[{"operator":false,"rules":{"cl_field":"select_1068399e91af20a","cl_relation":"is","cl_val":"Option - 3"}}]}],"layOut":"inline","disp_size_img":{"width":"35","height":"35"},"img_preview":true,"img_preview_disable_mobile":false,"enable_popup":"no","disp_type":"square","img_selection_type":"outline","multiple":false,"values":[{"label":"Ek","value":"Option - 1","selected":false,"image":"https:\/\/gad.se\/wp-content\/uploads\/2025\/05\/Ek_vitolja.jpg","thumb":"https:\/\/gad.se\/wp-content\/uploads\/2025\/05\/Ek_vitolja-150x150.jpg","tempId":"aco_43","image_id":945,"price":"","thumb_src":"https:\/\/gad.se\/wp-content\/uploads\/2025\/05\/Ek_vitolja-100x100.jpg","gt_translate_keys":["label"]},{"label":"Kalksten","value":"Option - 2","selected":false,"image":"https:\/\/gad.se\/wp-content\/uploads\/2025\/05\/Burgsviks-sten.jpg","thumb":"https:\/\/gad.se\/wp-content\/uploads\/2025\/05\/Burgsviks-sten-150x150.jpg","tempId":"aco_44","image_id":2145,"price":"3200","thumb_src":"https:\/\/gad.se\/wp-content\/uploads\/2025\/05\/Burgsviks-sten-100x100.webp","gt_translate_keys":["label"]},{"label":"Diabas","value":"Option - 3","selected":false,"image":"https:\/\/gad.se\/wp-content\/uploads\/2025\/05\/Diabas.jpg","thumb":"https:\/\/gad.se\/wp-content\/uploads\/2025\/05\/Diabas-150x150.jpg","tempId":"aco_548","image_id":2144,"price":"5200","thumb_src":"https:\/\/gad.se\/wp-content\/uploads\/2025\/05\/Diabas-100x100.webp","gt_translate_keys":["label"]}],"priceOptions":"different_for_all","pricingType":"fixed","price":"","cl_rule":"show","col":6,"type":"image-group","error":false,"hideImageIn_cart":true,"hideImageIn_order":true,"hideImageIn_email":true,"description":"","gt_translate_keys":["label","description"],"price_dependency":false,"cl_dependency":false,"value":""}],[{"label":"NEDRE SKIVA","active":true,"required":false,"elementId":"image-group-8412874795","description":"","name":"image-group-8412874795","label_position":"default","desc_position":"default","enablePrice":true,"className":"","enableCl":true,"relations":[{"operator":false,"rules":[{"operator":false,"rules":{"cl_field":"select_1068399e91af20a","cl_relation":"is","cl_val":"Option - 2"}}]}],"layOut":"inline","disp_size_img":{"width":"35","height":"35"},"img_preview":true,"img_preview_disable_mobile":false,"enable_popup":"no","disp_type":"square","img_selection_type":"outline","multiple":false,"values":[{"label":"Bj\u00f6rk","value":"Option - 1","selected":false,"image":"https:\/\/gad.se\/wp-content\/uploads\/2025\/05\/Bjork_linolja.jpg","thumb":"https:\/\/gad.se\/wp-content\/uploads\/2025\/05\/Bjork_linolja-150x150.jpg","tempId":"aco_43","image_id":934,"price":"","thumb_src":"https:\/\/gad.se\/wp-content\/uploads\/2025\/05\/Bjork_linolja-100x100.jpg","gt_translate_keys":["label"]},{"label":"Kalksten","value":"Option - 2","selected":false,"image":"https:\/\/gad.se\/wp-content\/uploads\/2025\/05\/Burgsviks-sten.jpg","thumb":"https:\/\/gad.se\/wp-content\/uploads\/2025\/05\/Burgsviks-sten-150x150.jpg","tempId":"aco_44","image_id":2145,"price":"3000","thumb_src":"https:\/\/gad.se\/wp-content\/uploads\/2025\/05\/Burgsviks-sten-100x100.webp","gt_translate_keys":["label"]}],"priceOptions":"different_for_all","pricingType":"fixed","price":"","cl_rule":"show","col":6,"type":"image-group","error":false,"gt_translate_keys":["label","description"],"price_dependency":false,"cl_dependency":false,"value":""}],[{"label":"NEDRE SKIVA","active":true,"required":false,"elementId":"image-group-4079824240","description":"","name":"image-group-4079824240","label_position":"default","desc_position":"default","enablePrice":true,"className":"","enableCl":true,"relations":[{"operator":false,"rules":[{"operator":false,"rules":{"cl_field":"select_1068399e91af20a","cl_relation":"is","cl_val":"Option - 3"}}]}],"layOut":"inline","disp_size_img":{"width":"35","height":"35"},"img_preview":true,"img_preview_disable_mobile":false,"enable_popup":"no","disp_type":"square","img_selection_type":"outline","multiple":false,"values":[{"label":"Ek","value":"Option - 1","selected":false,"image":"https:\/\/gad.se\/wp-content\/uploads\/2025\/05\/Ek_vitolja.jpg","thumb":"https:\/\/gad.se\/wp-content\/uploads\/2025\/05\/Ek_vitolja-150x150.jpg","tempId":"aco_43","image_id":945,"price":"","thumb_src":"https:\/\/gad.se\/wp-content\/uploads\/2025\/05\/Ek_vitolja-100x100.jpg","gt_translate_keys":["label"]},{"label":"Kalksten","value":"Option - 2","selected":false,"image":"https:\/\/gad.se\/wp-content\/uploads\/2025\/05\/Burgsviks-sten.jpg","thumb":"https:\/\/gad.se\/wp-content\/uploads\/2025\/05\/Burgsviks-sten-150x150.jpg","tempId":"aco_44","image_id":2145,"price":"2000","thumb_src":"https:\/\/gad.se\/wp-content\/uploads\/2025\/05\/Burgsviks-sten-100x100.webp","gt_translate_keys":["label"]}],"priceOptions":"different_for_all","pricingType":"fixed","price":"","cl_rule":"show","col":6,"type":"image-group","error":false,"gt_translate_keys":["label","description"],"price_dependency":false,"cl_dependency":false,"value":""}]]}},"config":{"price_override":"","enable_recaptcha":false,"bind_quantity":false,"quantity_bind_formula":false,"disp_summ_show_option_price":false,"disp_summ_show_product_price":false,"disp_summ_show_total_price":true,"disp_summ_show_fee":false,"disp_summ_show_discount":false,"summary_title":"","options_total_label":"Tillval","total_label":"Total","options_product_label":"Grundpris","fee_label":"Fee","discount_label":"Rabatt","has_price":true,"has_quantity_formula":false},"mc_unit":1,"tax_rate":1,"tax_rate_real":0.25,"discount":{"percentage":0,"fixed":0},"design":{"conf":{"LabelPosition":"above","DescPosition":"above","UploadField":"custom_1","QuantityFieldStyle":"default"},"css":{"LeftLabelWidth":"120px"}},"formulas":[],"lookuptables":[],"clones":false,"cartKey":false}},"_links":{"self":[{"href":"https:\/\/gad.se\/nb\/wp-json\/wp\/v2\/product\/465","targetHints":{"allow":["GET"]}}],"collection":[{"href":"https:\/\/gad.se\/nb\/wp-json\/wp\/v2\/product"}],"about":[{"href":"https:\/\/gad.se\/nb\/wp-json\/wp\/v2\/types\/product"}],"replies":[{"embeddable":true,"href":"https:\/\/gad.se\/nb\/wp-json\/wp\/v2\/comments?post=465"}],"wp:featuredmedia":[{"embeddable":true,"href":"https:\/\/gad.se\/nb\/wp-json\/wp\/v2\/media\/7480"}],"wp:attachment":[{"href":"https:\/\/gad.se\/nb\/wp-json\/wp\/v2\/media?parent=465"}],"wp:term":[{"taxonomy":"product_brand","embeddable":true,"href":"https:\/\/gad.se\/nb\/wp-json\/wp\/v2\/product_brand?post=465"},{"taxonomy":"product_cat","embeddable":true,"href":"https:\/\/gad.se\/nb\/wp-json\/wp\/v2\/product_cat?post=465"},{"taxonomy":"product_tag","embeddable":true,"href":"https:\/\/gad.se\/nb\/wp-json\/wp\/v2\/product_tag?post=465"}],"curies":[{"name":"wp","href":"https:\/\/api.w.org\/{rel}","templated":true}]}}