{"id":471,"date":"2025-05-13T08:00:58","date_gmt":"2025-05-13T08:00:58","guid":{"rendered":"https:\/\/gad.se\/?post_type=product&#038;p=471"},"modified":"2026-03-01T11:51:04","modified_gmt":"2026-03-01T11:51:04","slug":"mafrids-matbord","status":"publish","type":"product","link":"https:\/\/gad.se\/nb\/mafrids-matbord\/","title":{"rendered":"Mafrids Matbord"},"content":{"rendered":"<p>Mafrids \u00e4r G.A.D:s signaturbord \u2013 ett ikoniskt matbord som kombinerar gediget hantverk med stilren elegans och genomt\u00e4nkt funktion. Det \u00e4r ett bord som b\u00e5de b\u00e4r och f\u00f6rh\u00f6jer rummet, oavsett om det anv\u00e4nds till vardagens m\u00e5ltider eller f\u00f6r stora middagsbjudningar.<\/p>","protected":false},"excerpt":{"rendered":"<p>Mafrids \u00e4r G.A.D:s signaturbord \u2013 ett ikoniskt matbord som kombinerar gediget hantverk med stilren elegans och genomt\u00e4nkt funktion. Det \u00e4r ett bord som b\u00e5de b\u00e4r och f\u00f6rh\u00f6jer rummet, oavsett om det anv\u00e4nds till vardagens m\u00e5ltider eller f\u00f6r stora middagsbjudningar.<\/p>","protected":false},"featured_media":7477,"comment_status":"open","ping_status":"closed","template":"","meta":{"_acf_changed":false},"product_brand":[126],"product_cat":[34,64],"product_tag":[92],"class_list":{"0":"post-471","1":"product","2":"type-product","3":"status-publish","4":"has-post-thumbnail","6":"product_brand-g-a-d","7":"product_cat-bord","8":"product_cat-matbord","9":"product_tag-mafrids","10":"wcpa_has_options","12":"first","13":"instock","14":"taxable","15":"shipping-taxable","16":"purchasable","17":"product-type-simple"},"acf":[],"wcpa_form_fields":{"wcpaData":{"product":{"product_price":27200,"price_html":"<span class=\"woocommerce-Price-amount amount\"><bdi>27 200&nbsp;<span class=\"woocommerce-Price-currencySymbol\">&#107;&#114;<\/span><\/bdi><\/span>","original_product_price":27200,"price_including_tax":27200,"price_excluding_tax":21760,"product_id":{"parent":471,"variation":false},"is_variable":false,"stock_status":"instock","stock_quantity":null,"parent_sku":"","product_attributes":[],"custom_fields":[],"is_taxable":true,"product_name":"Mafrids Matbord","hasImage":false},"fields":{"sec_16839994c2f2e3":{"extra":{"key":"sec_16839994c2f2e3","section_id":"sec_16839994c2f2e3","name":"Default","status":1,"cl_rule":"show","enableCl":false,"relations":[],"toggle":true,"title_tag":"h3","show_title":false,"showPrice":"default","form_id":3285,"form_rules":{"exclude_from_discount":false,"fee_label":"Fee","disp_hide_options_price":true,"disp_show_section_price":false,"disp_show_field_price":false,"layout_option":"standard","pric_use_as_fee":false,"process_fee_as":"woo_fee"},"layout_option":"standard"},"fields":[[{"label":"MATERIAL","active":true,"required":true,"elementId":"select-5288669653","dropdown_type":"basic","name":"select-5288669653","label_position":"default","desc_position":"default","enablePrice":true,"className":"","enableCl":false,"relations":false,"enable_product_image":true,"values":[{"label":"Bj\u00f6rk","value":"Option - 1","selected":false,"tempId":"aco_204","pimage":"","pthumb":"","pimage_id":"","gt_translate_keys":["label"]},{"label":"Ek","value":"Option - 2","selected":false,"tempId":"aco_205","price":"9700","gt_translate_keys":["label"]}],"priceOptions":"different_for_all","pricingType":"fixed","price":"","cl_rule":"show","col":6,"type":"select","error":false,"gt_translate_keys":["label"],"price_dependency":false,"cl_dependency":["select_36839994c2f2ff","select-9612912734","image-group_46839994c2f307","image-group_56839994c2f30d"],"value":""}],[{"active":true,"col":6,"relations":[{"operator":false,"rules":[{"operator":"AND","rules":{"cl_field":"select-5288669653","cl_relation":"is","cl_val":"Option - 1"}}]}],"cl_rule":"show","enableCl":true,"price":"","enablePrice":true,"className":"","label_position":"default","desc_position":"default","type":"select","required":true,"elementId":"select_36839994c2f2ff","label":"STORLEK","name":"select_36839994c2f2ff","values":[{"label":"170x82","value":"Option - 1","selected":false,"tempId":"aco_204","pimage":"","pthumb":"","pimage_id":"","gt_translate_keys":["label"]},{"label":"170x92","value":"Option - 2","selected":false,"tempId":"aco_205","price":"1200","gt_translate_keys":["label"]},{"label":"225x82","value":"Option - 3","selected":false,"tempId":"aco_861","price":"4550","gt_translate_keys":["label"]},{"label":"225x92","value":"Option - 4","selected":false,"tempId":"aco_925","price":"5600","gt_translate_keys":["label"]},{"label":"270x82","value":"Option - 5","selected":false,"tempId":"aco_989","price":"11000","gt_translate_keys":["label"]},{"label":"270x92","value":"Option - 6","selected":false,"tempId":"aco_1053","price":"12100","gt_translate_keys":["label"]}],"dropdown_type":"basic","error":false,"priceOptions":"different_for_all","pricingType":"fixed","enable_product_image":true,"gt_translate_keys":["label"],"price_dependency":false,"cl_dependency":["select-4414713153","select-4414713153","select-4414713153","select-4414713153"],"value":""}],[{"label":"STORLEK","active":true,"required":true,"elementId":"select-9612912734","dropdown_type":"basic","name":"select-9612912734","label_position":"default","desc_position":"default","enablePrice":true,"className":"","enableCl":true,"relations":[{"operator":false,"rules":[{"operator":"AND","rules":{"cl_field":"select-5288669653","cl_relation":"is","cl_val":"Option - 2"}}]}],"enable_product_image":true,"values":[{"label":"170x82","value":"Option - 1","selected":false,"tempId":"aco_204","pimage":"","pthumb":"","pimage_id":"","gt_translate_keys":["label"]},{"label":"170x92","value":"Option - 2","selected":false,"tempId":"aco_205","price":"1400","gt_translate_keys":["label"]},{"label":"225x82","value":"Option - 3","selected":false,"tempId":"aco_861","price":"6700","gt_translate_keys":["label"]},{"label":"225x92","value":"Option - 4","selected":false,"tempId":"aco_925","price":"7700","gt_translate_keys":["label"]},{"label":"270x82","value":"Option - 5","selected":false,"tempId":"aco_989","price":"14600","gt_translate_keys":["label"]},{"label":"270x92","value":"Option - 6","selected":false,"tempId":"aco_1053","price":"15800","gt_translate_keys":["label"]}],"priceOptions":"different_for_all","pricingType":"fixed","price":"","cl_rule":"show","col":6,"type":"select","error":false,"gt_translate_keys":["label"],"price_dependency":false,"cl_dependency":["select-0008224395","select-0008224395","select-0008224395","select-0008224395"],"value":""}],[{"label":"YTBEHANDLING","active":true,"required":false,"elementId":"image-group_46839994c2f307","name":"image-group_46839994c2f307","label_position":"default","desc_position":"default","enablePrice":true,"className":"","enableCl":true,"relations":[{"operator":false,"rules":[{"operator":"AND","rules":{"cl_field":"select-5288669653","cl_relation":"is","cl_val":"Option - 2"}}]}],"layOut":"inline","disp_size_img":{"width":"35","height":"35"},"img_preview":true,"img_preview_disable_mobile":false,"enable_popup":"no","disp_type":"square","img_selection_type":"outline","multiple":false,"values":[{"label":"Linoljad","value":"Option - 1","selected":false,"image":"https:\/\/gad.se\/wp-content\/uploads\/2025\/05\/Ek_linolja.jpg","thumb":"https:\/\/gad.se\/wp-content\/uploads\/2025\/05\/Ek_linolja-150x150.jpg","tempId":"aco_43","image_id":941,"price":"","thumb_src":"https:\/\/gad.se\/wp-content\/uploads\/2025\/05\/Ek_linolja-100x100.jpg","gt_translate_keys":["label"]},{"label":"Vitoljad","value":"Option - 2","selected":false,"image":"https:\/\/gad.se\/wp-content\/uploads\/2025\/05\/Ek_vitolja.jpg","thumb":"https:\/\/gad.se\/wp-content\/uploads\/2025\/05\/Ek_vitolja-150x150.jpg","tempId":"aco_44","image_id":945,"price":"","thumb_src":"https:\/\/gad.se\/wp-content\/uploads\/2025\/05\/Ek_vitolja-100x100.jpg","gt_translate_keys":["label"]},{"label":"S\u00e5pad","value":"Option - 3","selected":false,"image":"https:\/\/gad.se\/wp-content\/uploads\/2025\/05\/Ek_sapa.jpg","thumb":"https:\/\/gad.se\/wp-content\/uploads\/2025\/05\/Ek_sapa-150x150.jpg","tempId":"aco_1519","image_id":943,"thumb_src":"https:\/\/gad.se\/wp-content\/uploads\/2025\/05\/Ek_sapa-100x100.jpg","gt_translate_keys":["label"]}],"priceOptions":"different_for_all","pricingType":"fixed","price":"","cl_rule":"show","col":6,"type":"image-group","error":false,"tooltip":"","hideImageIn_cart":true,"hideImageIn_order":true,"hideImageIn_email":true,"gt_translate_keys":["label","tooltip"],"price_dependency":false,"cl_dependency":false,"value":""}],[{"label":"YTBEHANDLING","active":true,"required":false,"elementId":"image-group_56839994c2f30d","name":"image-group_56839994c2f30d","label_position":"default","desc_position":"default","enablePrice":true,"className":"","enableCl":true,"relations":[{"operator":false,"rules":[{"operator":"AND","rules":{"cl_field":"select-5288669653","cl_relation":"is","cl_val":"Option - 1"}}]}],"layOut":"inline","disp_size_img":{"width":"35","height":"35"},"img_preview":true,"img_preview_disable_mobile":false,"enable_popup":"no","disp_type":"square","img_selection_type":"outline","multiple":false,"values":[{"label":"Vitoljad","value":"Option - 2","selected":false,"image":"https:\/\/gad.se\/wp-content\/uploads\/2025\/05\/Bjork_vitoljad.jpg","thumb":"https:\/\/gad.se\/wp-content\/uploads\/2025\/05\/Bjork_vitoljad-150x150.jpg","tempId":"aco_44","image_id":932,"price":"","thumb_src":"https:\/\/gad.se\/wp-content\/uploads\/2025\/05\/Bjork_vitoljad-100x100.jpg","gt_translate_keys":["label"]},{"label":"S\u00e5pad","value":"Option - 3","selected":false,"image":"https:\/\/gad.se\/wp-content\/uploads\/2025\/05\/Bjork_sapa.jpg","thumb":"https:\/\/gad.se\/wp-content\/uploads\/2025\/05\/Bjork_sapa-150x150.jpg","tempId":"aco_548","image_id":933,"price":"","thumb_src":"https:\/\/gad.se\/wp-content\/uploads\/2025\/05\/Bjork_sapa-100x100.jpg","gt_translate_keys":["label"]}],"priceOptions":"different_for_all","pricingType":"fixed","price":"","cl_rule":"show","col":6,"type":"image-group","error":false,"gt_translate_keys":["label"],"price_dependency":false,"cl_dependency":false,"value":""}],[{"label":"F\u00d6RL\u00c4NGNINGSSKIVOR 50CM","active":true,"required":false,"elementId":"select-4414713153","dropdown_type":"basic","name":"select-4414713153","label_position":"default","desc_position":"default","enablePrice":true,"className":"","enableCl":true,"relations":[{"operator":false,"rules":[{"operator":"or","rules":{"cl_field":"select_36839994c2f2ff","cl_relation":"is","cl_val":"Option - 1"}},{"operator":"or","rules":{"cl_field":"select_36839994c2f2ff","cl_relation":"is","cl_val":"Option - 2"}},{"operator":"or","rules":{"cl_field":"select_36839994c2f2ff","cl_relation":"is","cl_val":"Option - 3"}},{"operator":false,"rules":{"cl_field":"select_36839994c2f2ff","cl_relation":"is","cl_val":"Option - 4"}}]}],"enable_product_image":true,"values":[{"label":"V\u00e4lj material ","value":"Option - 3","selected":false,"tempId":"aco_14114","gt_translate_keys":["label"]},{"label":"Bj\u00f6rk 1st","value":"Option - 1","selected":false,"tempId":"aco_204","pimage":"","pthumb":"","pimage_id":"","price":"6900","gt_translate_keys":["label"]},{"label":"Bj\u00f6rk 2st","value":"Option - 4","selected":false,"tempId":"aco_184","price":"13800","gt_translate_keys":["label"]}],"priceOptions":"different_for_all","pricingType":"fixed","price":"","cl_rule":"show","col":6,"type":"select","error":false,"description":"","gt_translate_keys":["label","description"],"price_dependency":false,"cl_dependency":false,"value":""}],[{"label":"F\u00d6RL\u00c4NGNINGSSKIVOR 50CM","active":true,"required":false,"elementId":"select-0008224395","dropdown_type":"basic","description":"","name":"select-0008224395","label_position":"default","desc_position":"default","enablePrice":true,"className":"","enableCl":true,"relations":[{"operator":false,"rules":[{"operator":"or","rules":{"cl_field":"select-9612912734","cl_relation":"is","cl_val":"Option - 1"}},{"operator":"or","rules":{"cl_field":"select-9612912734","cl_relation":"is","cl_val":"Option - 2"}},{"operator":"or","rules":{"cl_field":"select-9612912734","cl_relation":"is","cl_val":"Option - 3"}},{"operator":false,"rules":{"cl_field":"select-9612912734","cl_relation":"is","cl_val":"Option - 4"}}]}],"enable_product_image":true,"values":[{"label":"V\u00e4lj material ","value":"Option - 3","selected":false,"tempId":"aco_14114","gt_translate_keys":["label"]},{"label":"Ek 1st","value":"Option - 2","selected":false,"tempId":"aco_205","price":"9500","gt_translate_keys":["label"]},{"label":"Ek 2st","value":"Option - 5","selected":false,"tempId":"aco_194","price":"19000","gt_translate_keys":["label"]}],"priceOptions":"different_for_all","pricingType":"fixed","price":"","cl_rule":"show","col":6,"type":"select","error":false,"gt_translate_keys":["label","description"],"price_dependency":false,"cl_dependency":false,"value":""}]]}},"config":{"price_override":"","enable_recaptcha":false,"bind_quantity":false,"quantity_bind_formula":false,"disp_summ_show_option_price":false,"disp_summ_show_product_price":false,"disp_summ_show_total_price":true,"disp_summ_show_fee":false,"disp_summ_show_discount":false,"summary_title":"","options_total_label":"Tillval","total_label":"Total","options_product_label":"Grundpris","fee_label":"Fee","discount_label":"Rabatt","has_price":true,"has_quantity_formula":false},"mc_unit":1,"tax_rate":1,"tax_rate_real":0.25,"discount":{"percentage":0,"fixed":0},"design":{"conf":{"LabelPosition":"above","DescPosition":"above","UploadField":"custom_1","QuantityFieldStyle":"default"},"css":{"LeftLabelWidth":"120px"}},"formulas":[],"lookuptables":[],"clones":false,"cartKey":false}},"_links":{"self":[{"href":"https:\/\/gad.se\/nb\/wp-json\/wp\/v2\/product\/471","targetHints":{"allow":["GET"]}}],"collection":[{"href":"https:\/\/gad.se\/nb\/wp-json\/wp\/v2\/product"}],"about":[{"href":"https:\/\/gad.se\/nb\/wp-json\/wp\/v2\/types\/product"}],"replies":[{"embeddable":true,"href":"https:\/\/gad.se\/nb\/wp-json\/wp\/v2\/comments?post=471"}],"wp:featuredmedia":[{"embeddable":true,"href":"https:\/\/gad.se\/nb\/wp-json\/wp\/v2\/media\/7477"}],"wp:attachment":[{"href":"https:\/\/gad.se\/nb\/wp-json\/wp\/v2\/media?parent=471"}],"wp:term":[{"taxonomy":"product_brand","embeddable":true,"href":"https:\/\/gad.se\/nb\/wp-json\/wp\/v2\/product_brand?post=471"},{"taxonomy":"product_cat","embeddable":true,"href":"https:\/\/gad.se\/nb\/wp-json\/wp\/v2\/product_cat?post=471"},{"taxonomy":"product_tag","embeddable":true,"href":"https:\/\/gad.se\/nb\/wp-json\/wp\/v2\/product_tag?post=471"}],"curies":[{"name":"wp","href":"https:\/\/api.w.org\/{rel}","templated":true}]}}