{"id":638,"date":"2025-05-14T06:34:50","date_gmt":"2025-05-14T06:34:50","guid":{"rendered":"https:\/\/gad.se\/?post_type=product&#038;p=638"},"modified":"2026-03-01T11:47:28","modified_gmt":"2026-03-01T11:47:28","slug":"burs-matbord","status":"publish","type":"product","link":"https:\/\/gad.se\/nb\/burs-matbord\/","title":{"rendered":"Burs Matbord"},"content":{"rendered":"<p>Utforska det eleganta\u00a0Burs Matbord i ek &#8211; bord i ek fr\u00e5n G.A.D, som harmoniserar sk\u00f6nhet och funktion. Detta fantastiska stycke \u00e4r centralt i vilket k\u00f6k, matsal eller vardagsrum som helst, tack vare sitt sofistikerade och flytande formspr\u00e5k.<\/p>\n<p>Bordsskivan \u00e4r delikat tunn, och de n\u00e4tta benen av st\u00e5l kl\u00e4dda i tr\u00e4 skapar ett stabilt och vackert flytande intryck.\u00a0Burs\u00a0finns i b\u00e5de runda och rektangul\u00e4ra former, med ben som kan monteras antingen n\u00e4ra kanten eller l\u00e4ngre in f\u00f6r att maximera sittplatser.<\/p>\n<p>Som en hyllning till traditionellt hantverk tillverkas varje\u00a0Burs Matbord\u00a0f\u00f6r hand i Sverige av massiv ek eller bj\u00f6rk, signerat av en m\u00f6belsnickare f\u00f6r den personliga touchen. De anv\u00e4nda materialen ger m\u00f6beln h\u00e5llbarhet och m\u00f6jlighet till enkel underh\u00e5ll och renovering.<\/p>\n<p>Finns i flera m\u00e5tt: Rund 100 cm eller 120 cm i diameter, eller rektangul\u00e4rt 82 x 225 cm, h\u00f6jd: 74 cm. Specialbest\u00e4llningar i andra m\u00e5tt \u00e4r m\u00f6jliga, kontakta G.A.D f\u00f6r mer information.<\/p>\n<p>Materialvalet inkluderar oljad massiv ek eller vitoljad bj\u00f6rk, ytterligare ytbehandlingsalternativ kan erbjudas.<\/p>","protected":false},"excerpt":{"rendered":"<p>Utforska det eleganta\u00a0<strong>Burs Matbord i ek &#8211; bord i ek fr\u00e5n G.A.D<\/strong>, som harmoniserar sk\u00f6nhet och funktion. Detta fantastiska stycke \u00e4r centralt i vilket k\u00f6k, matsal eller vardagsrum som helst, tack vare sitt sofistikerade och flytande formspr\u00e5k.<\/p>","protected":false},"featured_media":7425,"comment_status":"open","ping_status":"closed","template":"","meta":{"_acf_changed":false},"product_brand":[126],"product_cat":[34,64],"product_tag":[41],"class_list":{"0":"post-638","1":"product","2":"type-product","3":"status-publish","4":"has-post-thumbnail","6":"product_brand-g-a-d","7":"product_cat-bord","8":"product_cat-matbord","9":"product_tag-burs-matbord","10":"wcpa_has_options","12":"first","13":"instock","14":"taxable","15":"shipping-taxable","16":"purchasable","17":"product-type-simple"},"acf":[],"wcpa_form_fields":{"wcpaData":{"product":{"product_price":27900,"price_html":"<span class=\"woocommerce-Price-amount amount\"><bdi>27 900&nbsp;<span class=\"woocommerce-Price-currencySymbol\">&#107;&#114;<\/span><\/bdi><\/span>","original_product_price":27900,"price_including_tax":27900,"price_excluding_tax":22320,"product_id":{"parent":638,"variation":false},"is_variable":false,"stock_status":"instock","stock_quantity":null,"parent_sku":"","product_attributes":[],"custom_fields":[],"is_taxable":true,"product_name":"Burs Matbord","hasImage":false},"fields":{"sec_5683999f329071":{"extra":{"key":"sec_5683999f329071","section_id":"sec_5683999f329071","name":"Default","status":1,"cl_rule":"show","enableCl":false,"relations":[],"toggle":true,"title_tag":"h3","show_title":false,"showPrice":"default","form_id":3286,"form_rules":{"exclude_from_discount":false,"fee_label":"Fee","disp_hide_options_price":true,"disp_show_section_price":false,"disp_show_field_price":false,"layout_option":"standard","pric_use_as_fee":false,"process_fee_as":"woo_fee"},"layout_option":"standard"},"fields":[[{"label":"MATERIAL","active":true,"required":true,"elementId":"select_2683999f329096","dropdown_type":"basic","name":"select_2683999f329096","label_position":"default","desc_position":"default","enablePrice":true,"className":"","enableCl":false,"relations":false,"enable_product_image":true,"values":[{"label":"Bj\u00f6rk","value":"Option - 1","selected":false,"tempId":"aco_204","pimage":"","pthumb":"","pimage_id":"","gt_translate_keys":["label"]},{"label":"Ek","value":"Option - 2","selected":false,"tempId":"aco_205","price":"3100","gt_translate_keys":["label"]}],"priceOptions":"different_for_all","pricingType":"fixed","price":"","cl_rule":"show","col":6,"type":"select","error":false,"gt_translate_keys":["label"],"price_dependency":false,"cl_dependency":["select_10683999f32908f","select-3039315079","image-group_2683999f32909c","image-group_6683999f3290a2"],"value":""}],[{"active":true,"col":6,"relations":[{"operator":false,"rules":[{"operator":"AND","rules":{"cl_field":"select_2683999f329096","cl_relation":"is","cl_val":"Option - 1"}}]}],"cl_rule":"show","enableCl":true,"price":"","enablePrice":true,"className":"","label_position":"default","desc_position":"default","type":"select","required":true,"elementId":"select_10683999f32908f","label":"STORLEK","name":"select_10683999f32908f","values":[{"label":"Rund (100 cm)","value":"Option - 1","selected":false,"tempId":"aco_204","pimage":"","pthumb":"","pimage_id":"","price":"","gt_translate_keys":["label"]},{"label":"Rund (120 cm)","value":"Option - 2","selected":false,"tempId":"aco_205","price":"1900","gt_translate_keys":["label"]},{"label":"Rund (140cm)","value":"Option - 3","selected":false,"tempId":"aco_14394","price":"9700","gt_translate_keys":["label"]},{"label":"Rektangul\u00e4rt  (170x82)","value":"Option - 4","selected":false,"tempId":"aco_861","price":"4800","gt_translate_keys":["label"]},{"label":"Rektangul\u00e4rt (225x82cm)","value":"Option - 5","selected":false,"tempId":"aco_14611","price":"7800","gt_translate_keys":["label"]}],"dropdown_type":"basic","error":false,"priceOptions":"different_for_all","pricingType":"fixed","enable_product_image":true,"gt_translate_keys":["label"],"price_dependency":false,"cl_dependency":false,"value":""}],[{"label":"STORLEK","active":true,"required":true,"elementId":"select-3039315079","dropdown_type":"basic","name":"select-3039315079","label_position":"default","desc_position":"default","enablePrice":true,"className":"","enableCl":true,"relations":[{"operator":false,"rules":[{"operator":"AND","rules":{"cl_field":"select_2683999f329096","cl_relation":"is","cl_val":"Option - 2"}}]}],"enable_product_image":true,"values":[{"label":"Rund (100 cm)","value":"Option - 1","selected":false,"tempId":"aco_204","pimage":"","pthumb":"","pimage_id":"","price":"1500","gt_translate_keys":["label"]},{"label":"Rund (120 cm)","value":"Option - 2","selected":false,"tempId":"aco_205","price":"6700","gt_translate_keys":["label"]},{"label":"Rund (140cm)","value":"Option - 3","selected":false,"tempId":"aco_14394","price":"12900","gt_translate_keys":["label"]},{"label":"Rektangul\u00e4rt  (170x82)","value":"Option - 4","selected":false,"tempId":"aco_861","price":"4800","gt_translate_keys":["label"]},{"label":"Rektangul\u00e4rt (225x82cm)","value":"Option - 5","selected":false,"tempId":"aco_14611","price":"10700","gt_translate_keys":["label"]}],"priceOptions":"different_for_all","pricingType":"fixed","price":"","cl_rule":"show","col":6,"type":"select","error":false,"gt_translate_keys":["label"],"price_dependency":false,"cl_dependency":false,"value":""}],[{"label":"YTBEHANDLING","active":true,"required":false,"elementId":"image-group_2683999f32909c","name":"image-group_2683999f32909c","label_position":"default","desc_position":"default","enablePrice":false,"className":"","enableCl":true,"relations":[{"operator":false,"rules":[{"operator":"AND","rules":{"cl_field":"select_2683999f329096","cl_relation":"is","cl_val":"Option - 2"}}]}],"layOut":"inline","disp_size_img":{"width":"35","height":"35"},"img_preview":true,"img_preview_disable_mobile":false,"enable_popup":"no","disp_type":"square","img_selection_type":"outline","multiple":false,"values":[{"label":"Linoljad","value":"Option - 1","selected":false,"image":"https:\/\/gad.se\/wp-content\/uploads\/2025\/05\/Ek_linolja.jpg","thumb":"https:\/\/gad.se\/wp-content\/uploads\/2025\/05\/Ek_linolja-150x150.jpg","tempId":"aco_43","image_id":941,"price":"","thumb_src":"https:\/\/gad.se\/wp-content\/uploads\/2025\/05\/Ek_linolja-100x100.jpg","gt_translate_keys":["label"]},{"label":"Vitoljad","value":"Option - 2","selected":false,"image":"https:\/\/gad.se\/wp-content\/uploads\/2025\/05\/Ek_vitolja.jpg","thumb":"https:\/\/gad.se\/wp-content\/uploads\/2025\/05\/Ek_vitolja-150x150.jpg","tempId":"aco_44","image_id":945,"price":"","thumb_src":"https:\/\/gad.se\/wp-content\/uploads\/2025\/05\/Ek_vitolja-100x100.jpg","gt_translate_keys":["label"]},{"label":"S\u00e5pad","value":"Option - 3","selected":false,"image":"https:\/\/gad.se\/wp-content\/uploads\/2025\/05\/Ek_sapa.jpg","thumb":"https:\/\/gad.se\/wp-content\/uploads\/2025\/05\/Ek_sapa-150x150.jpg","tempId":"aco_1519","image_id":943,"thumb_src":"https:\/\/gad.se\/wp-content\/uploads\/2025\/05\/Ek_sapa-100x100.jpg","gt_translate_keys":["label"]}],"priceOptions":"different_for_all","pricingType":"fixed","price":"","cl_rule":"show","col":6,"type":"image-group","error":false,"tooltip":"","gt_translate_keys":["label","tooltip"],"price_dependency":false,"cl_dependency":false,"value":""}],[{"label":"YTBEHANDLING","active":true,"required":false,"elementId":"image-group_6683999f3290a2","name":"image-group_6683999f3290a2","label_position":"default","desc_position":"default","enablePrice":false,"className":"","enableCl":true,"relations":[{"operator":false,"rules":[{"operator":"AND","rules":{"cl_field":"select_2683999f329096","cl_relation":"is","cl_val":"Option - 1"}}]}],"layOut":"inline","disp_size_img":{"width":"35","height":"35"},"img_preview":true,"img_preview_disable_mobile":false,"enable_popup":"no","disp_type":"square","img_selection_type":"outline","multiple":false,"values":[{"label":"Vitoljad","value":"Option - 2","selected":false,"image":"https:\/\/gad.se\/wp-content\/uploads\/2025\/05\/Bjork_vitoljad.jpg","thumb":"https:\/\/gad.se\/wp-content\/uploads\/2025\/05\/Bjork_vitoljad-150x150.jpg","tempId":"aco_44","image_id":932,"price":"","thumb_src":"https:\/\/gad.se\/wp-content\/uploads\/2025\/05\/Bjork_vitoljad-100x100.jpg","gt_translate_keys":["label"]},{"label":"S\u00e5pad","value":"Option - 3","selected":false,"image":"https:\/\/gad.se\/wp-content\/uploads\/2025\/05\/Bjork_sapa.jpg","thumb":"https:\/\/gad.se\/wp-content\/uploads\/2025\/05\/Bjork_sapa-150x150.jpg","tempId":"aco_548","image_id":933,"price":"","thumb_src":"https:\/\/gad.se\/wp-content\/uploads\/2025\/05\/Bjork_sapa-100x100.jpg","gt_translate_keys":["label"]}],"priceOptions":"different_for_all","pricingType":"fixed","price":"","cl_rule":"show","col":6,"type":"image-group","error":false,"gt_translate_keys":["label"],"price_dependency":false,"cl_dependency":false,"value":""}]]}},"config":{"price_override":"","enable_recaptcha":false,"bind_quantity":false,"quantity_bind_formula":false,"disp_summ_show_option_price":false,"disp_summ_show_product_price":false,"disp_summ_show_total_price":true,"disp_summ_show_fee":false,"disp_summ_show_discount":false,"summary_title":"","options_total_label":"Tillval","total_label":"Total","options_product_label":"Grundpris","fee_label":"Fee","discount_label":"Rabatt","has_price":true,"has_quantity_formula":false},"mc_unit":1,"tax_rate":1,"tax_rate_real":0.25,"discount":{"percentage":0,"fixed":0},"design":{"conf":{"LabelPosition":"above","DescPosition":"above","UploadField":"custom_1","QuantityFieldStyle":"default"},"css":{"LeftLabelWidth":"120px"}},"formulas":[],"lookuptables":[],"clones":false,"cartKey":false}},"_links":{"self":[{"href":"https:\/\/gad.se\/nb\/wp-json\/wp\/v2\/product\/638","targetHints":{"allow":["GET"]}}],"collection":[{"href":"https:\/\/gad.se\/nb\/wp-json\/wp\/v2\/product"}],"about":[{"href":"https:\/\/gad.se\/nb\/wp-json\/wp\/v2\/types\/product"}],"replies":[{"embeddable":true,"href":"https:\/\/gad.se\/nb\/wp-json\/wp\/v2\/comments?post=638"}],"wp:featuredmedia":[{"embeddable":true,"href":"https:\/\/gad.se\/nb\/wp-json\/wp\/v2\/media\/7425"}],"wp:attachment":[{"href":"https:\/\/gad.se\/nb\/wp-json\/wp\/v2\/media?parent=638"}],"wp:term":[{"taxonomy":"product_brand","embeddable":true,"href":"https:\/\/gad.se\/nb\/wp-json\/wp\/v2\/product_brand?post=638"},{"taxonomy":"product_cat","embeddable":true,"href":"https:\/\/gad.se\/nb\/wp-json\/wp\/v2\/product_cat?post=638"},{"taxonomy":"product_tag","embeddable":true,"href":"https:\/\/gad.se\/nb\/wp-json\/wp\/v2\/product_tag?post=638"}],"curies":[{"name":"wp","href":"https:\/\/api.w.org\/{rel}","templated":true}]}}