{"id":655,"date":"2025-05-14T07:03:38","date_gmt":"2025-05-14T07:03:38","guid":{"rendered":"https:\/\/gad.se\/?post_type=product&#038;p=655"},"modified":"2026-03-01T11:35:43","modified_gmt":"2026-03-01T11:35:43","slug":"blase-ellips","status":"publish","type":"product","link":"https:\/\/gad.se\/nb\/blase-ellips\/","title":{"rendered":"Bl\u00e4se Ellips"},"content":{"rendered":"<p>Bl\u00e4se \u00e4r en serie samtida soffbord som levereras med eller utan en nedre hylla och med G.A.D:s karakteristiska flytande toppskiva i sten. Basen \u00e4r gjord f\u00f6r hand i bj\u00f6rk eller ek i v\u00e5rt snickeri i Hemse. Alla m\u00f6ten \u00e4r planslipade och m\u00f6beln signerad av ansvarig snickare efter godk\u00e4nnande.<\/p>","protected":false},"excerpt":{"rendered":"<p>L\u00e4ngd 160 cm<br \/>\nBredd 50 cm<br \/>\nH\u00f6jd 50 cm<\/p>","protected":false},"featured_media":7471,"comment_status":"open","ping_status":"closed","template":"","meta":{"_acf_changed":false},"product_brand":[126],"product_cat":[34,63],"product_tag":[43],"class_list":{"0":"post-655","1":"product","2":"type-product","3":"status-publish","4":"has-post-thumbnail","6":"product_brand-g-a-d","7":"product_cat-bord","8":"product_cat-soffbord","9":"product_tag-blase-ellips","10":"wcpa_has_options","12":"first","13":"instock","14":"taxable","15":"shipping-taxable","16":"purchasable","17":"product-type-simple"},"acf":[],"wcpa_form_fields":{"wcpaData":{"product":{"product_price":19900,"price_html":"<span class=\"woocommerce-Price-amount amount\"><bdi>19 900&nbsp;<span class=\"woocommerce-Price-currencySymbol\">&#107;&#114;<\/span><\/bdi><\/span>","original_product_price":19900,"price_including_tax":19900,"price_excluding_tax":15920,"product_id":{"parent":655,"variation":false},"is_variable":false,"stock_status":"instock","stock_quantity":null,"parent_sku":"","product_attributes":[],"custom_fields":[],"is_taxable":true,"product_name":"Bl\u00e4se Ellips","hasImage":false},"fields":{"sec_068470af4b68c2":{"extra":{"key":"sec_068470af4b68c2","section_id":"sec_068470af4b68c2","name":"Default","status":1,"cl_rule":"show","enableCl":false,"relations":[],"toggle":true,"title_tag":"h3","show_title":false,"showPrice":"default","form_id":4327,"form_rules":{"exclude_from_discount":false,"fee_label":"Fee","disp_hide_options_price":true,"disp_show_section_price":false,"disp_show_field_price":false,"layout_option":"standard","pric_use_as_fee":false,"process_fee_as":"woo_fee"},"layout_option":"standard"},"fields":[[{"active":true,"col":6,"relations":false,"cl_rule":"show","enableCl":false,"price":"","enablePrice":true,"className":"","label_position":"default","desc_position":"default","type":"select","required":true,"elementId":"select_268470af4b690a","label":"MATERIAL","name":"select_268470af4b690a","values":[{"label":"Bj\u00f6rk","value":"Option - 1","selected":false,"tempId":"aco_204","pimage":"","pthumb":"","pimage_id":"","gt_translate_keys":["label"]},{"label":"Ek","value":"Option - 2","selected":false,"tempId":"aco_205","price":"1600","gt_translate_keys":["label"]}],"dropdown_type":"basic","error":false,"priceOptions":"different_for_all","pricingType":"fixed","enable_product_image":true,"gt_translate_keys":["label"],"price_dependency":false,"cl_dependency":["image-group_1068470af4b692f","image-group_468470af4b6939","select_368470af4b6951","select-3170763186","image-group_068470af4b6962","image-group_468470af4b6972"],"value":""}],[{"label":"YTBEHANDLING","active":true,"required":true,"elementId":"image-group_1068470af4b692f","name":"image-group_1068470af4b692f","label_position":"default","desc_position":"default","enablePrice":true,"className":"","enableCl":true,"relations":[{"operator":false,"rules":[{"operator":"AND","rules":{"cl_field":"select_268470af4b690a","cl_relation":"is","cl_val":"Option - 2"}}]}],"layOut":"inline","disp_size_img":{"width":"30","height":"30"},"img_preview":true,"img_preview_disable_mobile":false,"enable_popup":"no","disp_type":"square","img_selection_type":"outline","multiple":false,"values":[{"label":"Obehandlad","value":"Option - 6","selected":false,"image":"https:\/\/gad.se\/wp-content\/plugins\/woo-custom-product-addons-pro\/assets\/images\/default-image.jpg","thumb":"https:\/\/gad.se\/wp-content\/plugins\/woo-custom-product-addons-pro\/assets\/images\/default-image.jpg","tempId":"aco_509","thumb_src":"https:\/\/gad.se\/wp-content\/plugins\/woo-custom-product-addons-pro\/assets\/images\/default-image.jpg","gt_translate_keys":["label"]},{"label":"Linoljad","value":"Option - 1","selected":false,"image":"https:\/\/gad.se\/wp-content\/uploads\/2025\/05\/Ek_linolja.jpg","thumb":"https:\/\/gad.se\/wp-content\/uploads\/2025\/05\/Ek_linolja-150x150.jpg","tempId":"aco_43","image_id":941,"price":"","thumb_src":"https:\/\/gad.se\/wp-content\/uploads\/2025\/05\/Ek_linolja-100x100.jpg","gt_translate_keys":["label"]},{"label":"Vitoljad","value":"Option - 2","selected":false,"image":"https:\/\/gad.se\/wp-content\/uploads\/2025\/05\/Ek_vitolja.jpg","thumb":"https:\/\/gad.se\/wp-content\/uploads\/2025\/05\/Ek_vitolja-150x150.jpg","tempId":"aco_44","image_id":945,"price":"","thumb_src":"https:\/\/gad.se\/wp-content\/uploads\/2025\/05\/Ek_vitolja-100x100.jpg","gt_translate_keys":["label"]},{"label":"S\u00e5pad","value":"Option - 3","selected":false,"image":"https:\/\/gad.se\/wp-content\/uploads\/2025\/05\/Ek_sapa.jpg","thumb":"https:\/\/gad.se\/wp-content\/uploads\/2025\/05\/Ek_sapa-150x150.jpg","tempId":"aco_1519","image_id":943,"price":"","thumb_src":"https:\/\/gad.se\/wp-content\/uploads\/2025\/05\/Ek_sapa-100x100.jpg","gt_translate_keys":["label"]},{"label":"Svartoljad","value":"Option - 5","selected":false,"image":"https:\/\/gad.se\/wp-content\/uploads\/2025\/05\/Ek_svartolja.jpg","thumb":"https:\/\/gad.se\/wp-content\/uploads\/2025\/05\/Ek_svartolja-150x150.jpg","tempId":"aco_1533","image_id":944,"price":"1700","thumb_src":"https:\/\/gad.se\/wp-content\/uploads\/2025\/05\/Ek_svartolja-100x100.jpg","gt_translate_keys":["label"]},{"label":"M\u00f6rkbetsad","value":"Option - 4","selected":false,"image":"https:\/\/gad.se\/wp-content\/uploads\/2025\/05\/Ek_morkbets.jpg","thumb":"https:\/\/gad.se\/wp-content\/uploads\/2025\/05\/Ek_morkbets-150x150.jpg","tempId":"aco_548","image_id":942,"price":"1700","thumb_src":"https:\/\/gad.se\/wp-content\/uploads\/2025\/05\/Ek_morkbets-100x100.jpg","gt_translate_keys":["label"]}],"priceOptions":"different_for_all","pricingType":"fixed","price":"","cl_rule":"show","col":6,"type":"image-group","error":false,"tooltip":"","hideImageIn_cart":true,"hideImageIn_order":true,"hideImageIn_email":true,"gt_translate_keys":["label","tooltip"],"price_dependency":false,"cl_dependency":false,"value":""}],[{"label":"YTBEHANDLING","active":true,"required":true,"elementId":"image-group_468470af4b6939","name":"image-group_468470af4b6939","label_position":"default","desc_position":"default","enablePrice":true,"className":"","enableCl":true,"relations":[{"operator":false,"rules":[{"operator":"AND","rules":{"cl_field":"select_268470af4b690a","cl_relation":"is","cl_val":"Option - 1"}}]}],"layOut":"inline","disp_size_img":{"width":"30","height":"30"},"img_preview":true,"img_preview_disable_mobile":false,"enable_popup":"no","disp_type":"square","img_selection_type":"outline","multiple":false,"values":[{"label":"Vitoljad","value":"Option - 2","selected":false,"image":"https:\/\/gad.se\/wp-content\/uploads\/2025\/05\/Bjork_vitoljad.jpg","thumb":"https:\/\/gad.se\/wp-content\/uploads\/2025\/05\/Bjork_vitoljad-150x150.jpg","tempId":"aco_44","image_id":932,"price":"","thumb_src":"https:\/\/gad.se\/wp-content\/uploads\/2025\/05\/Bjork_vitoljad-100x100.jpg","gt_translate_keys":["label"]},{"label":"S\u00e5pad","value":"Option - 3","selected":false,"image":"https:\/\/gad.se\/wp-content\/uploads\/2025\/05\/Bjork_sapa.jpg","thumb":"https:\/\/gad.se\/wp-content\/uploads\/2025\/05\/Bjork_sapa-150x150.jpg","tempId":"aco_548","image_id":933,"price":"","thumb_src":"https:\/\/gad.se\/wp-content\/uploads\/2025\/05\/Bjork_sapa-100x100.jpg","gt_translate_keys":["label"]},{"label":"M\u00e5lad","value":"Option - 4","selected":false,"image":"https:\/\/gad.se\/wp-content\/uploads\/2025\/06\/Namnlos-2.webp","thumb":"https:\/\/gad.se\/wp-content\/uploads\/2025\/06\/Namnlos-2-150x150.webp","tempId":"aco_1155","image_id":4644,"price":"1700","thumb_src":"https:\/\/gad.se\/wp-content\/uploads\/2025\/06\/Namnlos-2-100x100.webp","gt_translate_keys":["label"]}],"priceOptions":"different_for_all","pricingType":"fixed","price":"","cl_rule":"show","col":6,"type":"image-group","error":false,"hideImageIn_cart":true,"hideImageIn_order":true,"hideImageIn_email":true,"gt_translate_keys":["label"],"price_dependency":false,"cl_dependency":["image-group_1068470af4b6943"],"value":""}],[{"label":"F\u00c4RG","active":true,"required":false,"elementId":"image-group_1068470af4b6943","name":"image-group_1068470af4b6943","label_position":"default","desc_position":"default","enablePrice":false,"className":"","enableCl":true,"relations":[{"operator":false,"rules":[{"operator":"AND","rules":{"cl_field":"image-group_468470af4b6939","cl_relation":"is","cl_val":"Option - 4"}}]}],"layOut":"inline","disp_size_img":{"width":"30","height":"30"},"img_preview":true,"img_preview_disable_mobile":false,"enable_popup":"no","disp_type":"square","img_selection_type":"outline","multiple":false,"values":[{"label":"Vit","value":"Option - 1","selected":false,"image":"https:\/\/gad.se\/wp-content\/uploads\/2025\/05\/Standardkulor_vit.jpg","thumb":"https:\/\/gad.se\/wp-content\/uploads\/2025\/05\/Standardkulor_vit-150x150.jpg","tempId":"aco_43","image_id":2141,"price":"","thumb_src":"https:\/\/gad.se\/wp-content\/uploads\/2025\/05\/Standardkulor_vit-100x100.webp","gt_translate_keys":["label"]},{"label":"Svart","value":"Option - 3","selected":false,"image":"https:\/\/gad.se\/wp-content\/uploads\/2025\/05\/Standardkulor_svart.jpg","thumb":"https:\/\/gad.se\/wp-content\/uploads\/2025\/05\/Standardkulor_svart-150x150.jpg","tempId":"aco_548","image_id":2140,"price":"","thumb_src":"https:\/\/gad.se\/wp-content\/uploads\/2025\/05\/Standardkulor_svart-100x100.webp","gt_translate_keys":["label"]},{"label":"R\u00f6d","value":"Option - 4","selected":false,"image":"https:\/\/gad.se\/wp-content\/uploads\/2025\/05\/Standardkulor_rod.jpg","thumb":"https:\/\/gad.se\/wp-content\/uploads\/2025\/05\/Standardkulor_rod-150x150.jpg","tempId":"aco_1155","image_id":2139,"price":"","thumb_src":"https:\/\/gad.se\/wp-content\/uploads\/2025\/05\/Standardkulor_rod-100x100.webp","gt_translate_keys":["label"]},{"label":"Ljusgr\u00e5","value":"Option - 2","selected":false,"image":"https:\/\/gad.se\/wp-content\/uploads\/2025\/05\/Standardkulor_ljusgra.jpg","thumb":"https:\/\/gad.se\/wp-content\/uploads\/2025\/05\/Standardkulor_ljusgra-150x150.jpg","tempId":"aco_44","image_id":2137,"price":"","thumb_src":"https:\/\/gad.se\/wp-content\/uploads\/2025\/05\/Standardkulor_ljusgra-100x100.webp","gt_translate_keys":["label"]},{"label":"Gr\u00f6n","value":"Option - 6","selected":false,"image":"https:\/\/gad.se\/wp-content\/uploads\/2025\/05\/Standardkulor_gron.jpg","thumb":"https:\/\/gad.se\/wp-content\/uploads\/2025\/05\/Standardkulor_gron-150x150.jpg","tempId":"aco_406","image_id":2136,"thumb_src":"https:\/\/gad.se\/wp-content\/uploads\/2025\/05\/Standardkulor_gron-100x100.webp","gt_translate_keys":["label"]},{"label":"Bl\u00e5","value":"Option - 7","selected":false,"image":"https:\/\/gad.se\/wp-content\/uploads\/2025\/05\/Standardkulor_bla.jpg","thumb":"https:\/\/gad.se\/wp-content\/uploads\/2025\/05\/Standardkulor_bla-150x150.jpg","tempId":"aco_433","image_id":2134,"thumb_src":"https:\/\/gad.se\/wp-content\/uploads\/2025\/05\/Standardkulor_bla-100x100.webp","gt_translate_keys":["label"]},{"label":"Bl\u00e5gr\u00f6n","value":"Option - 8","selected":false,"image":"https:\/\/gad.se\/wp-content\/uploads\/2025\/05\/Standardkulor_bla-gron.jpg","thumb":"https:\/\/gad.se\/wp-content\/uploads\/2025\/05\/Standardkulor_bla-gron-150x150.jpg","tempId":"aco_460","image_id":2133,"thumb_src":"https:\/\/gad.se\/wp-content\/uploads\/2025\/05\/Standardkulor_bla-gron-100x100.webp","gt_translate_keys":["label"]},{"label":"Gr\u00e5bl\u00e5","value":"Option - 9","selected":false,"image":"https:\/\/gad.se\/wp-content\/uploads\/2025\/05\/Standardkulor_gra-bla.jpg","thumb":"https:\/\/gad.se\/wp-content\/uploads\/2025\/05\/Standardkulor_gra-bla-150x150.jpg","tempId":"aco_2406","image_id":2135,"thumb_src":"https:\/\/gad.se\/wp-content\/uploads\/2025\/05\/Standardkulor_gra-bla-100x100.jpg","gt_translate_keys":["label"]},{"label":"Mellangr\u00e5","value":"Option - 5","selected":false,"image":"https:\/\/gad.se\/wp-content\/uploads\/2025\/05\/Standardkulor_mellangra.jpg","thumb":"https:\/\/gad.se\/wp-content\/uploads\/2025\/05\/Standardkulor_mellangra-150x150.jpg","tempId":"aco_366","image_id":2138,"thumb_src":"https:\/\/gad.se\/wp-content\/uploads\/2025\/05\/Standardkulor_mellangra-100x100.webp","gt_translate_keys":["label"]}],"priceOptions":"different_for_all","pricingType":"fixed","price":"","cl_rule":"show","col":6,"type":"image-group","error":false,"hideImageIn_cart":true,"hideImageIn_order":true,"hideImageIn_email":true,"gt_translate_keys":["label"],"price_dependency":false,"cl_dependency":false,"value":""}],[{"label":"HYLLA","active":true,"required":false,"elementId":"select_368470af4b6951","dropdown_type":"basic","name":"select_368470af4b6951","label_position":"default","desc_position":"default","enablePrice":true,"className":"","enableCl":true,"relations":[{"operator":false,"rules":[{"operator":"AND","rules":{"cl_field":"select_268470af4b690a","cl_relation":"is","cl_val":"Option - 1"}}]}],"values":[{"label":"Utan hylla","value":"Option - 1","selected":false,"tempId":"aco_106","price":"0","gt_translate_keys":["label"]},{"label":"En hylla","value":"Option - 2","selected":false,"tempId":"aco_107","price":"2450","gt_translate_keys":["label"]},{"label":"Tv\u00e5 hyllor","value":"Option - 3","selected":false,"tempId":"aco_108","price":"4900","gt_translate_keys":["label"]}],"price":"","cl_rule":"show","col":6,"type":"select","error":false,"priceOptions":"different_for_all","pricingType":"fixed","gt_translate_keys":["label"],"price_dependency":false,"cl_dependency":false,"value":""}],[{"label":"HYLLA","active":true,"required":false,"elementId":"select-3170763186","dropdown_type":"basic","name":"select-3170763186","label_position":"default","desc_position":"default","enablePrice":true,"className":"","enableCl":true,"relations":[{"operator":false,"rules":[{"operator":"AND","rules":{"cl_field":"select_268470af4b690a","cl_relation":"is","cl_val":"Option - 2"}}]}],"values":[{"label":"Utan hylla","value":"Option - 1","selected":false,"tempId":"aco_106","price":"0","gt_translate_keys":["label"]},{"label":"En hylla","value":"Option - 2","selected":false,"tempId":"aco_107","price":"2850","gt_translate_keys":["label"]},{"label":"Tv\u00e5 hyllor","value":"Option - 3","selected":false,"tempId":"aco_108","price":"5700","gt_translate_keys":["label"]}],"priceOptions":"different_for_all","pricingType":"fixed","price":"","cl_rule":"show","col":6,"type":"select","error":false,"gt_translate_keys":["label"],"price_dependency":false,"cl_dependency":false,"value":""}],[{"active":true,"col":6,"relations":[{"operator":false,"rules":[{"operator":false,"rules":{"cl_field":"select_268470af4b690a","cl_relation":"is","cl_val":"Option - 1"}}]}],"cl_rule":"show","enableCl":true,"price":"","enablePrice":true,"className":"","label_position":"default","desc_position":"default","type":"image-group","required":true,"elementId":"image-group_068470af4b6962","label":"TOPPSKIVA","name":"image-group_068470af4b6962","enable_popup":"no","multiple":false,"layOut":"inline","img_selection_type":"outline","disp_type":"square","values":[{"label":"Bj\u00f6rk","value":"Option - 3","selected":false,"image":"https:\/\/gad.se\/wp-content\/uploads\/2025\/05\/Bjork_linolja.jpg","thumb":"https:\/\/gad.se\/wp-content\/uploads\/2025\/05\/Bjork_linolja-150x150.jpg","tempId":"aco_634","image_id":934,"thumb_src":"https:\/\/gad.se\/wp-content\/uploads\/2025\/05\/Bjork_linolja-100x100.jpg","gt_translate_keys":["label"]},{"label":"Kalksten","value":"Option - 1","selected":false,"image":"https:\/\/gad.se\/wp-content\/uploads\/2025\/05\/Slite-sten-utan-snackor.jpg","thumb":"https:\/\/gad.se\/wp-content\/uploads\/2025\/05\/Slite-sten-utan-snackor-150x150.jpg","tempId":"aco_1434","image_id":955,"price":"10000","thumb_src":"https:\/\/gad.se\/wp-content\/uploads\/2025\/05\/Slite-sten-utan-snackor-100x100.jpg","gt_translate_keys":["label"]}],"disp_size_img":{"width":"35","height":"35"},"error":false,"img_preview":true,"img_preview_disable_mobile":true,"priceOptions":"different_for_all","pricingType":"fixed","max_options":"","show_selected_option":false,"hideImageIn_cart":true,"hideImageIn_order":true,"hideImageIn_email":true,"gt_translate_keys":["label"],"price_dependency":false,"cl_dependency":false,"value":""}],[{"label":"TOPPSKIVA","active":true,"required":true,"elementId":"image-group_468470af4b6972","name":"image-group_468470af4b6972","label_position":"default","desc_position":"default","enablePrice":true,"className":"","enableCl":true,"relations":[{"operator":false,"rules":[{"operator":false,"rules":{"cl_field":"select_268470af4b690a","cl_relation":"is","cl_val":"Option - 2"}}]}],"max_options":"","layOut":"inline","show_selected_option":false,"disp_size_img":{"width":"35","height":"35"},"img_preview":true,"img_preview_disable_mobile":true,"enable_popup":"no","disp_type":"square","img_selection_type":"outline","multiple":false,"values":[{"label":"Ek","value":"Option - 3","selected":false,"image":"https:\/\/gad.se\/wp-content\/uploads\/2025\/05\/Ek_linolja.jpg","thumb":"https:\/\/gad.se\/wp-content\/uploads\/2025\/05\/Ek_linolja-150x150.jpg","tempId":"aco_634","image_id":941,"thumb_src":"https:\/\/gad.se\/wp-content\/uploads\/2025\/05\/Ek_linolja-100x100.jpg","gt_translate_keys":["label"]},{"label":"Kalksten","value":"Option - 1","selected":false,"image":"https:\/\/gad.se\/wp-content\/uploads\/2025\/05\/Slite-sten-utan-snackor.jpg","thumb":"https:\/\/gad.se\/wp-content\/uploads\/2025\/05\/Slite-sten-utan-snackor-150x150.jpg","tempId":"aco_1434","image_id":955,"price":"13400","thumb_src":"https:\/\/gad.se\/wp-content\/uploads\/2025\/05\/Slite-sten-utan-snackor-100x100.jpg","gt_translate_keys":["label"]}],"priceOptions":"different_for_all","pricingType":"fixed","price":"","cl_rule":"show","col":6,"type":"image-group","error":false,"hideImageIn_cart":true,"hideImageIn_order":true,"hideImageIn_email":true,"gt_translate_keys":["label"],"price_dependency":false,"cl_dependency":false,"value":""}]]}},"config":{"price_override":"","enable_recaptcha":false,"bind_quantity":false,"quantity_bind_formula":false,"disp_summ_show_option_price":false,"disp_summ_show_product_price":false,"disp_summ_show_total_price":true,"disp_summ_show_fee":false,"disp_summ_show_discount":false,"summary_title":"","options_total_label":"Tillval","total_label":"Total","options_product_label":"Grundpris","fee_label":"Fee","discount_label":"Rabatt","has_price":true,"has_quantity_formula":false},"mc_unit":1,"tax_rate":1,"tax_rate_real":0.25,"discount":{"percentage":0,"fixed":0},"design":{"conf":{"LabelPosition":"above","DescPosition":"above","UploadField":"custom_1","QuantityFieldStyle":"default"},"css":{"LeftLabelWidth":"120px"}},"formulas":[],"lookuptables":[],"clones":false,"cartKey":false}},"_links":{"self":[{"href":"https:\/\/gad.se\/nb\/wp-json\/wp\/v2\/product\/655","targetHints":{"allow":["GET"]}}],"collection":[{"href":"https:\/\/gad.se\/nb\/wp-json\/wp\/v2\/product"}],"about":[{"href":"https:\/\/gad.se\/nb\/wp-json\/wp\/v2\/types\/product"}],"replies":[{"embeddable":true,"href":"https:\/\/gad.se\/nb\/wp-json\/wp\/v2\/comments?post=655"}],"wp:featuredmedia":[{"embeddable":true,"href":"https:\/\/gad.se\/nb\/wp-json\/wp\/v2\/media\/7471"}],"wp:attachment":[{"href":"https:\/\/gad.se\/nb\/wp-json\/wp\/v2\/media?parent=655"}],"wp:term":[{"taxonomy":"product_brand","embeddable":true,"href":"https:\/\/gad.se\/nb\/wp-json\/wp\/v2\/product_brand?post=655"},{"taxonomy":"product_cat","embeddable":true,"href":"https:\/\/gad.se\/nb\/wp-json\/wp\/v2\/product_cat?post=655"},{"taxonomy":"product_tag","embeddable":true,"href":"https:\/\/gad.se\/nb\/wp-json\/wp\/v2\/product_tag?post=655"}],"curies":[{"name":"wp","href":"https:\/\/api.w.org\/{rel}","templated":true}]}}