{"id":697,"date":"2025-05-14T08:55:19","date_gmt":"2025-05-14T08:55:19","guid":{"rendered":"https:\/\/gad.se\/?post_type=product&#038;p=697"},"modified":"2026-03-01T11:21:07","modified_gmt":"2026-03-01T11:21:07","slug":"endre-pall","status":"publish","type":"product","link":"https:\/\/gad.se\/nb\/endre-pall\/","title":{"rendered":"Endre Pall"},"content":{"rendered":"<p>Endre \u00e4r en funktionell och bekv\u00e4m pall. Den l\u00e5ga modellen har normal sitth\u00f6jd och passar \u00f6verallt. Den \u00e4r enkel att flytta och fungerar utm\u00e4rkt som extraplats vid matbordet, eller varf\u00f6r inte som fotpall vid. soffan.<\/p>\n<p>V\u00e4lj sits i ulltyg, l\u00e4der eller lammskinn.<\/p>\n<p>Endre tillverkas av ek eller bj\u00f6rk och signeras av ansvarig snickare innan den l\u00e4mnar snickeriet.<\/p>\n<p>Underredet kan mot till\u00e4gg f\u00e5s m\u00e5lat i n\u00e5gon av v\u00e5ra standardf\u00e4rger eller valfri kul\u00f6r (som du i s\u00e5 fall anger med f\u00e4rgkod). Oavsett standardf\u00e4rg eller valfri kul\u00f6r, uppge ditt val\u00a0i kommentarsf\u00e4ltet n\u00e4r du g\u00f6r din best\u00e4llning.<\/p>","protected":false},"excerpt":{"rendered":"<p>Endre \u00e4r en funktionell och bekv\u00e4m pall. Den l\u00e5ga modellen har normal sitth\u00f6jd och passar \u00f6verallt. Den \u00e4r enkel att flytta och fungerar utm\u00e4rkt som extraplats vid matbordet, eller varf\u00f6r inte som fotpall vid. soffan.<\/p>\n<p>V\u00e4lj sits i ulltyg, l\u00e4der eller lammskinn.<\/p>","protected":false},"featured_media":7467,"comment_status":"open","ping_status":"closed","template":"","meta":{"_acf_changed":false},"product_brand":[126],"product_cat":[67,46],"product_tag":[47],"class_list":{"0":"post-697","1":"product","2":"type-product","3":"status-publish","4":"has-post-thumbnail","6":"product_brand-g-a-d","7":"product_cat-pallar","8":"product_cat-sittmobler","9":"product_tag-endre-pall","10":"wcpa_has_options","12":"first","13":"instock","14":"taxable","15":"shipping-taxable","16":"purchasable","17":"product-type-simple"},"acf":[],"wcpa_form_fields":{"wcpaData":{"product":{"product_price":5450,"price_html":"<span class=\"woocommerce-Price-amount amount\"><bdi>5 450&nbsp;<span class=\"woocommerce-Price-currencySymbol\">&#107;&#114;<\/span><\/bdi><\/span>","original_product_price":5450,"price_including_tax":5450,"price_excluding_tax":4360,"product_id":{"parent":697,"variation":false},"is_variable":false,"stock_status":"instock","stock_quantity":null,"parent_sku":"","product_attributes":[],"custom_fields":[],"is_taxable":true,"product_name":"Endre Pall","hasImage":false},"fields":{"sec_568399bc9993e0":{"extra":{"key":"sec_568399bc9993e0","section_id":"sec_568399bc9993e0","name":"Default","status":1,"cl_rule":"show","enableCl":false,"relations":[],"toggle":true,"title_tag":"h3","show_title":false,"showPrice":"default","form_id":3289,"form_rules":{"exclude_from_discount":false,"fee_label":"Fee","disp_hide_options_price":true,"disp_show_section_price":false,"disp_show_field_price":false,"layout_option":"standard","pric_use_as_fee":false,"process_fee_as":"woo_fee"},"layout_option":"standard"},"fields":[[{"active":true,"col":6,"relations":false,"cl_rule":"show","enableCl":false,"price":"","enablePrice":true,"className":"","label_position":"default","desc_position":"default","type":"select","required":true,"elementId":"select_968399bc9993fe","label":"MATERIAL","name":"select_968399bc9993fe","values":[{"label":"Bj\u00f6rk","value":"Option - 1","selected":false,"tempId":"aco_204","pimage":"","pthumb":"","pimage_id":"","gt_translate_keys":["label"]},{"label":"Ek","value":"Option - 2","selected":false,"tempId":"aco_205","price":"400","gt_translate_keys":["label"]}],"dropdown_type":"basic","error":false,"priceOptions":"different_for_all","pricingType":"fixed","enable_product_image":true,"gt_translate_keys":["label"],"price_dependency":false,"cl_dependency":["image-group_868399bc999406","image-group_068399bc99940c","select_968399bc999419","select-3011222272"],"value":""}],[{"label":"YTBEHANDLING","active":true,"required":false,"elementId":"image-group_868399bc999406","name":"image-group_868399bc999406","label_position":"default","desc_position":"default","enablePrice":true,"className":"","enableCl":true,"relations":[{"operator":false,"rules":[{"operator":"AND","rules":{"cl_field":"select_968399bc9993fe","cl_relation":"is","cl_val":"Option - 2"}}]}],"layOut":"inline","disp_size_img":{"width":"35","height":"35"},"img_preview":true,"img_preview_disable_mobile":false,"enable_popup":"no","disp_type":"square","img_selection_type":"outline","multiple":false,"values":[{"label":"Linoljad","value":"Option - 1","selected":false,"image":"https:\/\/gad.se\/wp-content\/uploads\/2025\/05\/Ek_linolja.jpg","thumb":"https:\/\/gad.se\/wp-content\/uploads\/2025\/05\/Ek_linolja-150x150.jpg","tempId":"aco_43","image_id":941,"price":"","thumb_src":"https:\/\/gad.se\/wp-content\/uploads\/2025\/05\/Ek_linolja-100x100.jpg","gt_translate_keys":["label"]},{"label":"Vitoljad","value":"Option - 2","selected":false,"image":"https:\/\/gad.se\/wp-content\/uploads\/2025\/05\/Ek_vitolja.jpg","thumb":"https:\/\/gad.se\/wp-content\/uploads\/2025\/05\/Ek_vitolja-150x150.jpg","tempId":"aco_44","image_id":945,"price":"","thumb_src":"https:\/\/gad.se\/wp-content\/uploads\/2025\/05\/Ek_vitolja-100x100.jpg","gt_translate_keys":["label"]},{"label":"S\u00e5pad","value":"Option - 3","selected":false,"image":"https:\/\/gad.se\/wp-content\/uploads\/2025\/05\/Ek_sapa.jpg","thumb":"https:\/\/gad.se\/wp-content\/uploads\/2025\/05\/Ek_sapa-150x150.jpg","tempId":"aco_1519","image_id":943,"thumb_src":"https:\/\/gad.se\/wp-content\/uploads\/2025\/05\/Ek_sapa-100x100.jpg","gt_translate_keys":["label"]},{"label":"Svartoljad","value":"Option - 5","selected":false,"image":"https:\/\/gad.se\/wp-content\/uploads\/2025\/05\/Ek_svartolja.jpg","thumb":"https:\/\/gad.se\/wp-content\/uploads\/2025\/05\/Ek_svartolja-150x150.jpg","tempId":"aco_1533","image_id":944,"price":"990","thumb_src":"https:\/\/gad.se\/wp-content\/uploads\/2025\/05\/Ek_svartolja-100x100.jpg","gt_translate_keys":["label"]},{"label":"M\u00f6rkbetsad","value":"Option - 4","selected":false,"image":"https:\/\/gad.se\/wp-content\/uploads\/2025\/05\/Ek_morkbets.jpg","thumb":"https:\/\/gad.se\/wp-content\/uploads\/2025\/05\/Ek_morkbets-150x150.jpg","tempId":"aco_548","image_id":942,"price":"990","thumb_src":"https:\/\/gad.se\/wp-content\/uploads\/2025\/05\/Ek_morkbets-100x100.jpg","gt_translate_keys":["label"]}],"priceOptions":"different_for_all","pricingType":"fixed","price":"","cl_rule":"show","col":6,"type":"image-group","error":false,"tooltip":"","hideImageIn_cart":true,"hideImageIn_order":true,"hideImageIn_email":true,"gt_translate_keys":["label","tooltip"],"price_dependency":false,"cl_dependency":false,"value":""}],[{"label":"YTBEHANDLING","active":true,"required":false,"elementId":"image-group_068399bc99940c","name":"image-group_068399bc99940c","label_position":"default","desc_position":"default","enablePrice":true,"className":"","enableCl":true,"relations":[{"operator":false,"rules":[{"operator":"AND","rules":{"cl_field":"select_968399bc9993fe","cl_relation":"is","cl_val":"Option - 1"}}]}],"layOut":"inline","disp_size_img":{"width":"35","height":"35"},"img_preview":true,"img_preview_disable_mobile":false,"enable_popup":"no","disp_type":"square","img_selection_type":"outline","multiple":false,"values":[{"label":"Vitoljad","value":"Option - 2","selected":false,"image":"https:\/\/gad.se\/wp-content\/uploads\/2025\/05\/Bjork_vitoljad.jpg","thumb":"https:\/\/gad.se\/wp-content\/uploads\/2025\/05\/Bjork_vitoljad-150x150.jpg","tempId":"aco_44","image_id":932,"price":"","thumb_src":"https:\/\/gad.se\/wp-content\/uploads\/2025\/05\/Bjork_vitoljad-100x100.jpg","gt_translate_keys":["label"]},{"label":"S\u00e5pad","value":"Option - 3","selected":false,"image":"https:\/\/gad.se\/wp-content\/uploads\/2025\/05\/Bjork_sapa.jpg","thumb":"https:\/\/gad.se\/wp-content\/uploads\/2025\/05\/Bjork_sapa-150x150.jpg","tempId":"aco_548","image_id":933,"price":"","thumb_src":"https:\/\/gad.se\/wp-content\/uploads\/2025\/05\/Bjork_sapa-100x100.jpg","gt_translate_keys":["label"]},{"label":"M\u00e5lad","value":"Option - 4","selected":false,"image":"https:\/\/gad.se\/wp-content\/uploads\/2025\/06\/Namnlos-2.webp","thumb":"https:\/\/gad.se\/wp-content\/uploads\/2025\/06\/Namnlos-2-150x150.webp","tempId":"aco_1155","image_id":4644,"price":"990","thumb_src":"https:\/\/gad.se\/wp-content\/uploads\/2025\/06\/Namnlos-2-100x100.webp","gt_translate_keys":["label"]}],"priceOptions":"different_for_all","pricingType":"fixed","price":"","cl_rule":"show","col":6,"type":"image-group","error":false,"hideImageIn_cart":true,"hideImageIn_order":true,"hideImageIn_email":true,"gt_translate_keys":["label"],"price_dependency":false,"cl_dependency":["image-group_768399bc999411"],"value":""}],[{"label":"F\u00c4RG","active":true,"required":false,"elementId":"image-group_768399bc999411","name":"image-group_768399bc999411","label_position":"default","desc_position":"default","enablePrice":true,"className":"","enableCl":true,"relations":[{"operator":false,"rules":[{"operator":"AND","rules":{"cl_field":"image-group_068399bc99940c","cl_relation":"is","cl_val":"Option - 4"}}]}],"layOut":"inline","disp_size_img":{"width":"35","height":"35"},"img_preview":true,"img_preview_disable_mobile":false,"enable_popup":"no","disp_type":"square","img_selection_type":"outline","multiple":false,"values":[{"label":"Vit","value":"Option - 1","selected":false,"image":"https:\/\/gad.se\/wp-content\/uploads\/2025\/05\/Standardkulor_vit.jpg","thumb":"https:\/\/gad.se\/wp-content\/uploads\/2025\/05\/Standardkulor_vit-150x150.jpg","tempId":"aco_43","image_id":2141,"price":"","thumb_src":"https:\/\/gad.se\/wp-content\/uploads\/2025\/05\/Standardkulor_vit-100x100.webp","gt_translate_keys":["label"]},{"label":"Svart","value":"Option - 3","selected":false,"image":"https:\/\/gad.se\/wp-content\/uploads\/2025\/05\/Standardkulor_svart.jpg","thumb":"https:\/\/gad.se\/wp-content\/uploads\/2025\/05\/Standardkulor_svart-150x150.jpg","tempId":"aco_548","image_id":2140,"price":"","thumb_src":"https:\/\/gad.se\/wp-content\/uploads\/2025\/05\/Standardkulor_svart-100x100.webp","gt_translate_keys":["label"]},{"label":"R\u00f6d","value":"Option - 4","selected":false,"image":"https:\/\/gad.se\/wp-content\/uploads\/2025\/05\/Standardkulor_rod.jpg","thumb":"https:\/\/gad.se\/wp-content\/uploads\/2025\/05\/Standardkulor_rod-150x150.jpg","tempId":"aco_1155","image_id":2139,"price":"","thumb_src":"https:\/\/gad.se\/wp-content\/uploads\/2025\/05\/Standardkulor_rod-100x100.webp","gt_translate_keys":["label"]},{"label":"Ljusgr\u00e5","value":"Option - 2","selected":false,"image":"https:\/\/gad.se\/wp-content\/uploads\/2025\/05\/Standardkulor_ljusgra.jpg","thumb":"https:\/\/gad.se\/wp-content\/uploads\/2025\/05\/Standardkulor_ljusgra-150x150.jpg","tempId":"aco_44","image_id":2137,"price":"","thumb_src":"https:\/\/gad.se\/wp-content\/uploads\/2025\/05\/Standardkulor_ljusgra-100x100.webp","gt_translate_keys":["label"]},{"label":"Gr\u00f6n","value":"Option - 6","selected":false,"image":"https:\/\/gad.se\/wp-content\/uploads\/2025\/05\/Standardkulor_gron.jpg","thumb":"https:\/\/gad.se\/wp-content\/uploads\/2025\/05\/Standardkulor_gron-150x150.jpg","tempId":"aco_406","image_id":2136,"thumb_src":"https:\/\/gad.se\/wp-content\/uploads\/2025\/05\/Standardkulor_gron-100x100.webp","gt_translate_keys":["label"]},{"label":"Bl\u00e5","value":"Option - 7","selected":false,"image":"https:\/\/gad.se\/wp-content\/uploads\/2025\/05\/Standardkulor_bla.jpg","thumb":"https:\/\/gad.se\/wp-content\/uploads\/2025\/05\/Standardkulor_bla-150x150.jpg","tempId":"aco_433","image_id":2134,"thumb_src":"https:\/\/gad.se\/wp-content\/uploads\/2025\/05\/Standardkulor_bla-100x100.webp","gt_translate_keys":["label"]},{"label":"Bl\u00e5gr\u00f6n","value":"Option - 8","selected":false,"image":"https:\/\/gad.se\/wp-content\/uploads\/2025\/05\/Standardkulor_bla-gron.jpg","thumb":"https:\/\/gad.se\/wp-content\/uploads\/2025\/05\/Standardkulor_bla-gron-150x150.jpg","tempId":"aco_460","image_id":2133,"thumb_src":"https:\/\/gad.se\/wp-content\/uploads\/2025\/05\/Standardkulor_bla-gron-100x100.webp","gt_translate_keys":["label"]},{"label":"Gr\u00e5bl\u00e5","value":"Option - 9","selected":false,"image":"https:\/\/gad.se\/wp-content\/uploads\/2025\/05\/Standardkulor_gra-bla.jpg","thumb":"https:\/\/gad.se\/wp-content\/uploads\/2025\/05\/Standardkulor_gra-bla-150x150.jpg","tempId":"aco_2406","image_id":2135,"thumb_src":"https:\/\/gad.se\/wp-content\/uploads\/2025\/05\/Standardkulor_gra-bla-100x100.jpg","gt_translate_keys":["label"]},{"label":"Mellangr\u00e5","value":"Option - 5","selected":false,"image":"https:\/\/gad.se\/wp-content\/uploads\/2025\/05\/Standardkulor_mellangra.jpg","thumb":"https:\/\/gad.se\/wp-content\/uploads\/2025\/05\/Standardkulor_mellangra-150x150.jpg","tempId":"aco_366","image_id":2138,"thumb_src":"https:\/\/gad.se\/wp-content\/uploads\/2025\/05\/Standardkulor_mellangra-100x100.webp","gt_translate_keys":["label"]}],"priceOptions":"different_for_all","pricingType":"fixed","price":"","cl_rule":"show","col":6,"type":"image-group","error":false,"options_tooltip":false,"hideImageIn_cart":true,"hideImageIn_order":true,"hideImageIn_email":true,"gt_translate_keys":["label"],"price_dependency":false,"cl_dependency":false,"value":""}],[{"active":true,"col":6,"relations":[{"operator":false,"rules":[{"operator":"AND","rules":{"cl_field":"select_968399bc9993fe","cl_relation":"is","cl_val":"Option - 1"}}]}],"cl_rule":"show","enableCl":true,"price":"","enablePrice":true,"className":"","label_position":"default","desc_position":"default","type":"select","required":false,"elementId":"select_968399bc999419","label":"BEKL\u00c4DNAD","name":"select_968399bc999419","values":[{"label":"Ull","value":"Option - 1","selected":false,"tempId":"aco_2330","gt_translate_keys":["label"]},{"label":"Elmol\u00e4der","value":"Option - 2","selected":false,"tempId":"aco_2331","price":"1300","gt_translate_keys":["label"]},{"label":"T\u00e4rnsj\u00f6l\u00e4der","value":"Option - 3","selected":false,"tempId":"aco_2332","price":"2500","gt_translate_keys":["label"]},{"label":"Lammskinn","value":"Option - 4","selected":false,"tempId":"aco_2685","price":"2900","gt_translate_keys":["label"]}],"dropdown_type":"basic","error":false,"priceOptions":"different_for_all","pricingType":"fixed","gt_translate_keys":["label"],"price_dependency":false,"cl_dependency":["image-group_468399bc99941e","image-group_668399bc999423","image-group_768399bc999427"],"value":""}],[{"label":"BEKL\u00c4DNAD","active":true,"required":false,"elementId":"select-3011222272","dropdown_type":"basic","name":"select-3011222272","label_position":"default","desc_position":"default","enablePrice":true,"className":"","enableCl":true,"relations":[{"operator":false,"rules":[{"operator":"AND","rules":{"cl_field":"select_968399bc9993fe","cl_relation":"is","cl_val":"Option - 2"}}]}],"values":[{"label":"Ull","value":"Option - 1","selected":false,"tempId":"aco_2330","gt_translate_keys":["label"]},{"label":"Elmol\u00e4der","value":"Option - 2","selected":false,"tempId":"aco_2331","price":"1600","gt_translate_keys":["label"]},{"label":"T\u00e4rnsj\u00f6l\u00e4der","value":"Option - 3","selected":false,"tempId":"aco_2332","price":"2600","gt_translate_keys":["label"]},{"label":"Lammskinn","value":"Option - 4","selected":false,"tempId":"aco_2685","price":"2700","gt_translate_keys":["label"]}],"priceOptions":"different_for_all","pricingType":"fixed","price":"","cl_rule":"show","col":6,"type":"select","error":false,"gt_translate_keys":["label"],"price_dependency":false,"cl_dependency":["image-group_468399bc99941e","image-group_668399bc999423","image-group_768399bc999427"],"value":""}],[{"label":"","active":true,"required":false,"elementId":"image-group_468399bc99941e","tooltip":"","name":"image-group_468399bc99941e","label_position":"default","desc_position":"default","enablePrice":false,"className":"","enableCl":true,"relations":[{"operator":"or","rules":[{"operator":"AND","rules":{"cl_field":"select_968399bc999419","cl_relation":"is","cl_val":"Option - 3"}}]},{"operator":false,"rules":[{"operator":"AND","rules":{"cl_field":"select-3011222272","cl_relation":"is","cl_val":"Option - 3"}}]}],"layOut":"inline","disp_size_img":{"width":"35","height":"35"},"img_preview":true,"img_preview_disable_mobile":false,"enable_popup":"no","disp_type":"square","img_selection_type":"outline","multiple":false,"values":[{"label":"Natur","value":"Option - 1","selected":false,"image":"https:\/\/gad.se\/wp-content\/uploads\/2025\/05\/Tarnsjo-natur.jpg","thumb":"https:\/\/gad.se\/wp-content\/uploads\/2025\/05\/Tarnsjo-natur-150x150.jpg","tempId":"aco_43","image_id":2143,"price":"","thumb_src":"https:\/\/gad.se\/wp-content\/uploads\/2025\/05\/Tarnsjo-natur-100x100.webp","gt_translate_keys":["label"]},{"label":"Cognac","value":"Option - 2","selected":false,"image":"https:\/\/gad.se\/wp-content\/uploads\/2025\/05\/Tarnsjo_congac.jpg","thumb":"https:\/\/gad.se\/wp-content\/uploads\/2025\/05\/Tarnsjo_congac-150x150.jpg","tempId":"aco_44","image_id":2142,"price":"","thumb_src":"https:\/\/gad.se\/wp-content\/uploads\/2025\/05\/Tarnsjo_congac-100x100.webp","gt_translate_keys":["label"]}],"priceOptions":"different_for_all","pricingType":"fixed","price":"","cl_rule":"show","col":6,"type":"image-group","error":false,"gt_translate_keys":["label","tooltip"],"price_dependency":false,"cl_dependency":false,"value":""}],[{"label":"","active":true,"required":false,"elementId":"image-group_668399bc999423","tooltip":"","name":"image-group_668399bc999423","label_position":"default","desc_position":"default","enablePrice":false,"className":"","enableCl":true,"relations":[{"operator":"or","rules":[{"operator":"AND","rules":{"cl_field":"select_968399bc999419","cl_relation":"is","cl_val":"Option - 2"}}]},{"operator":false,"rules":[{"operator":"AND","rules":{"cl_field":"select-3011222272","cl_relation":"is","cl_val":"Option - 2"}}]}],"layOut":"inline","disp_size_img":{"width":"35","height":"35"},"img_preview":true,"img_preview_disable_mobile":false,"enable_popup":"no","disp_type":"square","img_selection_type":"outline","multiple":false,"values":[{"label":"Svart","value":"Option - 3","selected":false,"image":"https:\/\/gad.se\/wp-content\/uploads\/2025\/05\/Elmo-soft_Svart.jpg","thumb":"https:\/\/gad.se\/wp-content\/uploads\/2025\/05\/Elmo-soft_Svart-150x150.jpg","tempId":"aco_1519","image_id":2129,"thumb_src":"https:\/\/gad.se\/wp-content\/uploads\/2025\/05\/Elmo-soft_Svart-100x100.webp","gt_translate_keys":["label"]},{"label":"M\u00f6rkrbun","value":"Option - 4","selected":false,"image":"https:\/\/gad.se\/wp-content\/uploads\/2025\/05\/Elmo-soft_morkbrun.jpg","thumb":"https:\/\/gad.se\/wp-content\/uploads\/2025\/05\/Elmo-soft_morkbrun-150x150.jpg","tempId":"aco_548","image_id":2128,"price":"","thumb_src":"https:\/\/gad.se\/wp-content\/uploads\/2025\/05\/Elmo-soft_morkbrun-100x100.webp","gt_translate_keys":["label"]}],"priceOptions":"different_for_all","pricingType":"fixed","price":"","cl_rule":"show","col":6,"type":"image-group","error":false,"gt_translate_keys":["label","tooltip"],"price_dependency":false,"cl_dependency":false,"value":""}],[{"label":"","active":true,"required":false,"elementId":"image-group_768399bc999427","tooltip":"","name":"image-group_768399bc999427","label_position":"default","desc_position":"default","enablePrice":false,"className":"","enableCl":true,"relations":[{"operator":"or","rules":[{"operator":"AND","rules":{"cl_field":"select_968399bc999419","cl_relation":"is","cl_val":"Option - 1"}}]},{"operator":false,"rules":[{"operator":"AND","rules":{"cl_field":"select-3011222272","cl_relation":"is","cl_val":"Option - 1"}}]}],"layOut":"inline","disp_size_img":{"width":"35","height":"35"},"img_preview":true,"img_preview_disable_mobile":false,"enable_popup":"no","disp_type":"square","img_selection_type":"outline","multiple":false,"values":[{"label":"Ljusgr\u00e5","value":"Option - 1","selected":false,"image":"https:\/\/gad.se\/wp-content\/uploads\/2025\/05\/Merinoull-ljusgra-nr2.jpg","thumb":"https:\/\/gad.se\/wp-content\/uploads\/2025\/05\/Merinoull-ljusgra-nr2-150x150.jpg","tempId":"aco_1533","image_id":2130,"price":"","thumb_src":"https:\/\/gad.se\/wp-content\/uploads\/2025\/05\/Merinoull-ljusgra-nr2-100x100.webp","gt_translate_keys":["label"]},{"label":"Mellangr\u00e5","value":"Option - 2","selected":false,"image":"https:\/\/gad.se\/wp-content\/uploads\/2025\/05\/Merinoull-Mellangra-nr3.jpg","thumb":"https:\/\/gad.se\/wp-content\/uploads\/2025\/05\/Merinoull-Mellangra-nr3-150x150.jpg","tempId":"aco_3658","image_id":2131,"thumb_src":"https:\/\/gad.se\/wp-content\/uploads\/2025\/05\/Merinoull-Mellangra-nr3-100x100.webp","gt_translate_keys":["label"]},{"label":"M\u00f6rkgr\u00e5","value":"Option - 3","selected":false,"image":"https:\/\/gad.se\/wp-content\/uploads\/2025\/05\/Merinoull-Morkgra-nr4.jpg","thumb":"https:\/\/gad.se\/wp-content\/uploads\/2025\/05\/Merinoull-Morkgra-nr4-150x150.jpg","tempId":"aco_3672","image_id":2132,"thumb_src":"https:\/\/gad.se\/wp-content\/uploads\/2025\/05\/Merinoull-Morkgra-nr4-100x100.webp","gt_translate_keys":["label"]}],"priceOptions":"different_for_all","pricingType":"fixed","price":"","cl_rule":"show","col":6,"type":"image-group","error":false,"gt_translate_keys":["label","tooltip"],"price_dependency":false,"cl_dependency":false,"value":""}]]}},"config":{"price_override":"","enable_recaptcha":false,"bind_quantity":false,"quantity_bind_formula":false,"disp_summ_show_option_price":false,"disp_summ_show_product_price":false,"disp_summ_show_total_price":true,"disp_summ_show_fee":false,"disp_summ_show_discount":false,"summary_title":"","options_total_label":"Tillval","total_label":"Total","options_product_label":"Grundpris","fee_label":"Fee","discount_label":"Rabatt","has_price":true,"has_quantity_formula":false},"mc_unit":1,"tax_rate":1,"tax_rate_real":0.25,"discount":{"percentage":0,"fixed":0},"design":{"conf":{"LabelPosition":"above","DescPosition":"above","UploadField":"custom_1","QuantityFieldStyle":"default"},"css":{"LeftLabelWidth":"120px"}},"formulas":[],"lookuptables":[],"clones":false,"cartKey":false}},"_links":{"self":[{"href":"https:\/\/gad.se\/nb\/wp-json\/wp\/v2\/product\/697","targetHints":{"allow":["GET"]}}],"collection":[{"href":"https:\/\/gad.se\/nb\/wp-json\/wp\/v2\/product"}],"about":[{"href":"https:\/\/gad.se\/nb\/wp-json\/wp\/v2\/types\/product"}],"replies":[{"embeddable":true,"href":"https:\/\/gad.se\/nb\/wp-json\/wp\/v2\/comments?post=697"}],"wp:featuredmedia":[{"embeddable":true,"href":"https:\/\/gad.se\/nb\/wp-json\/wp\/v2\/media\/7467"}],"wp:attachment":[{"href":"https:\/\/gad.se\/nb\/wp-json\/wp\/v2\/media?parent=697"}],"wp:term":[{"taxonomy":"product_brand","embeddable":true,"href":"https:\/\/gad.se\/nb\/wp-json\/wp\/v2\/product_brand?post=697"},{"taxonomy":"product_cat","embeddable":true,"href":"https:\/\/gad.se\/nb\/wp-json\/wp\/v2\/product_cat?post=697"},{"taxonomy":"product_tag","embeddable":true,"href":"https:\/\/gad.se\/nb\/wp-json\/wp\/v2\/product_tag?post=697"}],"curies":[{"name":"wp","href":"https:\/\/api.w.org\/{rel}","templated":true}]}}