{"id":711,"date":"2025-05-14T09:10:12","date_gmt":"2025-05-14T09:10:12","guid":{"rendered":"https:\/\/gad.se\/?post_type=product&#038;p=711"},"modified":"2026-03-01T11:19:57","modified_gmt":"2026-03-01T11:19:57","slug":"skrivbordsunderlagg-i-lader","status":"publish","type":"product","link":"https:\/\/gad.se\/nb\/skrivbordsunderlagg-i-lader\/","title":{"rendered":"Skrivbordsunderl\u00e4gg i l\u00e4der"},"content":{"rendered":"<p>Ett rej\u00e4lt skrivbordsunderl\u00e4gg i vegetabilgarvat l\u00e4der fr\u00e5n T\u00e4rnsj\u00f6 Garveri i tv\u00e5 olika f\u00e4rger, som bara blir vackrare med tiden.<\/p>\n<p>Det of\u00e4rgade naturl\u00e4dret \u00e4r ett naket l\u00e4der som l\u00e5ter hudens alla naturligheter framtr\u00e4da. Naturl\u00e4dret \u00e4r extremt mjukt och f\u00f6ljsamt och tar \u00e5t sig av fett och smuts samt kan \u00e4ndra f\u00e4rg i direkt solljus.<\/p>\n<p>Det m\u00f6rkare r\u00f6dbruna l\u00e4dret \u00e4r ett inf\u00e4rgat semianilinl\u00e4der med vacker lyster och en yta som kommer att f\u00e5 en vacker patina med tiden. Ge bort eller unna dig sj\u00e4lv en vacker detalj till skrivbordet!<\/p>","protected":false},"excerpt":{"rendered":"<p>L\u00e4ngd: 49 cm<br \/>\nBredd: 40 cm<\/p>","protected":false},"featured_media":7466,"comment_status":"open","ping_status":"closed","template":"","meta":{"_acf_changed":false},"product_brand":[126],"product_cat":[42],"product_tag":[48],"class_list":{"0":"post-711","1":"product","2":"type-product","3":"status-publish","4":"has-post-thumbnail","6":"product_brand-g-a-d","7":"product_cat-inredning","8":"product_tag-skrivbordsunderlagg-i-lader","9":"wcpa_has_options","11":"first","12":"instock","13":"taxable","14":"shipping-taxable","15":"purchasable","16":"product-type-simple"},"acf":[],"wcpa_form_fields":{"wcpaData":{"product":{"product_price":2350,"price_html":"<span class=\"woocommerce-Price-amount amount\"><bdi>2 350&nbsp;<span class=\"woocommerce-Price-currencySymbol\">&#107;&#114;<\/span><\/bdi><\/span>","original_product_price":2350,"price_including_tax":2350,"price_excluding_tax":1880,"product_id":{"parent":711,"variation":false},"is_variable":false,"stock_status":"instock","stock_quantity":null,"parent_sku":"","product_attributes":[],"custom_fields":[],"is_taxable":true,"product_name":"Skrivbordsunderl\u00e4gg i l\u00e4der","hasImage":false},"fields":{"sec_268399c1319fdb":{"extra":{"key":"sec_268399c1319fdb","section_id":"sec_268399c1319fdb","name":"Default","status":1,"cl_rule":"show","enableCl":false,"relations":[],"toggle":true,"title_tag":"h3","show_title":false,"showPrice":"default","form_id":3290,"form_rules":{"exclude_from_discount":false,"fee_label":"Fee","disp_hide_options_price":true,"disp_show_section_price":false,"disp_show_field_price":false,"layout_option":"standard","pric_use_as_fee":false,"process_fee_as":"woo_fee"},"layout_option":"standard"},"fields":[[{"label":"F\u00c4RG","active":true,"required":false,"elementId":"image-group_268399c131a01a","tooltip":"","name":"image-group_268399c131a01a","label_position":"default","desc_position":"default","enablePrice":true,"className":"","enableCl":false,"relations":[{"operator":false,"rules":[{"operator":"AND","rules":{"cl_field":"select_768399c131a015","cl_relation":"is","cl_val":"Option - 3"}}]}],"layOut":"inline","disp_size_img":{"width":"30","height":"30"},"img_preview":true,"img_preview_disable_mobile":false,"enable_popup":"no","disp_type":"square","img_selection_type":"outline","multiple":false,"values":[{"label":"Natur","value":"Option - 1","selected":false,"image":"https:\/\/gad.se\/wp-content\/uploads\/2025\/05\/Tarnsjo-natur.jpg","thumb":"https:\/\/gad.se\/wp-content\/uploads\/2025\/05\/Tarnsjo-natur-150x150.jpg","tempId":"aco_43","image_id":2143,"price":"","thumb_src":"https:\/\/gad.se\/wp-content\/uploads\/2025\/05\/Tarnsjo-natur-100x100.webp","gt_translate_keys":["label"]},{"label":"R\u00f6dbrun","value":"Option - 2","selected":false,"image":"https:\/\/gad.se\/wp-content\/uploads\/2025\/12\/Namnlos-38.png","thumb":"https:\/\/gad.se\/wp-content\/uploads\/2025\/12\/Namnlos-38-150x150.png","tempId":"aco_44","image_id":6511,"price":"","thumb_src":"https:\/\/gad.se\/wp-content\/uploads\/2025\/12\/Namnlos-38-100x100.webp","gt_translate_keys":["label"]}],"priceOptions":"different_for_all","pricingType":"fixed","price":"","cl_rule":"show","col":6,"type":"image-group","error":false,"gt_translate_keys":["label","tooltip"],"price_dependency":false,"cl_dependency":false,"value":""}]]}},"config":{"price_override":"","enable_recaptcha":false,"bind_quantity":false,"quantity_bind_formula":false,"disp_summ_show_option_price":false,"disp_summ_show_product_price":false,"disp_summ_show_total_price":true,"disp_summ_show_fee":false,"disp_summ_show_discount":false,"summary_title":"","options_total_label":"Tillval","total_label":"Total","options_product_label":"Grundpris","fee_label":"Fee","discount_label":"Rabatt","has_price":true,"has_quantity_formula":false},"mc_unit":1,"tax_rate":1,"tax_rate_real":0.25,"discount":{"percentage":0,"fixed":0},"design":{"conf":{"LabelPosition":"above","DescPosition":"above","UploadField":"custom_1","QuantityFieldStyle":"default"},"css":{"LeftLabelWidth":"120px"}},"formulas":[],"lookuptables":[],"clones":false,"cartKey":false}},"_links":{"self":[{"href":"https:\/\/gad.se\/nb\/wp-json\/wp\/v2\/product\/711","targetHints":{"allow":["GET"]}}],"collection":[{"href":"https:\/\/gad.se\/nb\/wp-json\/wp\/v2\/product"}],"about":[{"href":"https:\/\/gad.se\/nb\/wp-json\/wp\/v2\/types\/product"}],"replies":[{"embeddable":true,"href":"https:\/\/gad.se\/nb\/wp-json\/wp\/v2\/comments?post=711"}],"wp:featuredmedia":[{"embeddable":true,"href":"https:\/\/gad.se\/nb\/wp-json\/wp\/v2\/media\/7466"}],"wp:attachment":[{"href":"https:\/\/gad.se\/nb\/wp-json\/wp\/v2\/media?parent=711"}],"wp:term":[{"taxonomy":"product_brand","embeddable":true,"href":"https:\/\/gad.se\/nb\/wp-json\/wp\/v2\/product_brand?post=711"},{"taxonomy":"product_cat","embeddable":true,"href":"https:\/\/gad.se\/nb\/wp-json\/wp\/v2\/product_cat?post=711"},{"taxonomy":"product_tag","embeddable":true,"href":"https:\/\/gad.se\/nb\/wp-json\/wp\/v2\/product_tag?post=711"}],"curies":[{"name":"wp","href":"https:\/\/api.w.org\/{rel}","templated":true}]}}