{"id":739,"date":"2025-05-14T09:29:28","date_gmt":"2025-05-14T09:29:28","guid":{"rendered":"https:\/\/gad.se\/?post_type=product&#038;p=739"},"modified":"2026-02-25T10:04:10","modified_gmt":"2026-02-25T10:04:10","slug":"lambda-kladhangare","status":"publish","type":"product","link":"https:\/\/gad.se\/nb\/lambda-kladhangare\/","title":{"rendered":"Lambda Kl\u00e4dh\u00e4ngare"},"content":{"rendered":"<p>En minimalistisk kl\u00e4dh\u00e4ngare f\u00f6r galgar som \u00e4ven har flera krokar p\u00e5 benen. Tar liten plats i hallen och \u00e4r enkel att montera upp och plocka ner. Finns i Ek eller bj\u00f6rk.<\/p>","protected":false},"excerpt":{"rendered":"<p>Djup: 35 cm<br \/>\nBredd: 45 cm<br \/>\nH\u00f6jd: 180 cm<\/p>","protected":false},"featured_media":7352,"comment_status":"open","ping_status":"closed","template":"","meta":{"_acf_changed":false},"product_brand":[126],"product_cat":[42],"product_tag":[50],"class_list":{"0":"post-739","1":"product","2":"type-product","3":"status-publish","4":"has-post-thumbnail","6":"product_brand-g-a-d","7":"product_cat-inredning","8":"product_tag-lambda","9":"wcpa_has_options","11":"first","12":"instock","13":"taxable","14":"shipping-taxable","15":"purchasable","16":"product-type-simple"},"acf":[],"wcpa_form_fields":{"wcpaData":{"product":{"product_price":3590,"price_html":"<span class=\"woocommerce-Price-amount amount\"><bdi>3 590&nbsp;<span class=\"woocommerce-Price-currencySymbol\">&#107;&#114;<\/span><\/bdi><\/span>","original_product_price":3590,"price_including_tax":3590,"price_excluding_tax":2872,"product_id":{"parent":739,"variation":false},"is_variable":false,"stock_status":"instock","stock_quantity":null,"parent_sku":"","product_attributes":[],"custom_fields":[],"is_taxable":true,"product_name":"Lambda Kl\u00e4dh\u00e4ngare","hasImage":false},"fields":{"sec_768399d0e22e4a":{"extra":{"key":"sec_768399d0e22e4a","section_id":"sec_768399d0e22e4a","name":"Default","status":1,"cl_rule":"show","enableCl":false,"relations":[],"toggle":true,"title_tag":"h3","show_title":false,"showPrice":"default","form_id":3293,"form_rules":{"exclude_from_discount":false,"fee_label":"Fee","disp_hide_options_price":true,"disp_show_section_price":false,"disp_show_field_price":false,"layout_option":"standard","pric_use_as_fee":false,"process_fee_as":"woo_fee"},"layout_option":"standard"},"fields":[[{"active":true,"col":6,"relations":false,"cl_rule":"show","enableCl":false,"price":"","enablePrice":true,"className":"","label_position":"default","desc_position":"default","type":"select","required":true,"elementId":"select_468399d0e22e6b","label":"MATERIAL","name":"select_468399d0e22e6b","values":[{"label":"Bj\u00f6rk","value":"Option - 1","selected":false,"tempId":"aco_204","pimage":"","pthumb":"","pimage_id":"","gt_translate_keys":["label"]},{"label":"Ek","value":"Option - 2","selected":false,"tempId":"aco_205","price":"400","gt_translate_keys":["label"]}],"dropdown_type":"basic","error":false,"priceOptions":"different_for_all","pricingType":"fixed","enable_product_image":true,"gt_translate_keys":["label"],"price_dependency":false,"cl_dependency":["image-group_768399d0e22e73","image-group_968399d0e22e79"],"value":""}],[{"label":"YTBEHANDLING","active":true,"required":false,"elementId":"image-group_768399d0e22e73","name":"image-group_768399d0e22e73","label_position":"default","desc_position":"default","enablePrice":false,"className":"","enableCl":true,"relations":[{"operator":false,"rules":[{"operator":"AND","rules":{"cl_field":"select_468399d0e22e6b","cl_relation":"is","cl_val":"Option - 2"}}]}],"layOut":"inline","disp_size_img":{"width":"35","height":"35"},"img_preview":true,"img_preview_disable_mobile":false,"enable_popup":"no","disp_type":"square","img_selection_type":"outline","multiple":false,"values":[{"label":"Linoljad","value":"Option - 1","selected":false,"image":"https:\/\/gad.se\/wp-content\/uploads\/2025\/05\/Ek_linolja.jpg","thumb":"https:\/\/gad.se\/wp-content\/uploads\/2025\/05\/Ek_linolja-150x150.jpg","tempId":"aco_43","image_id":941,"price":"","thumb_src":"https:\/\/gad.se\/wp-content\/uploads\/2025\/05\/Ek_linolja-100x100.jpg","gt_translate_keys":["label"]},{"label":"Vitoljad","value":"Option - 2","selected":false,"image":"https:\/\/gad.se\/wp-content\/uploads\/2025\/05\/Ek_vitolja.jpg","thumb":"https:\/\/gad.se\/wp-content\/uploads\/2025\/05\/Ek_vitolja-150x150.jpg","tempId":"aco_44","image_id":945,"price":"","thumb_src":"https:\/\/gad.se\/wp-content\/uploads\/2025\/05\/Ek_vitolja-100x100.jpg","gt_translate_keys":["label"]},{"label":"S\u00e5pad","value":"Option - 3","selected":false,"image":"https:\/\/gad.se\/wp-content\/uploads\/2025\/05\/Ek_sapa.jpg","thumb":"https:\/\/gad.se\/wp-content\/uploads\/2025\/05\/Ek_sapa-150x150.jpg","tempId":"aco_1519","image_id":943,"thumb_src":"https:\/\/gad.se\/wp-content\/uploads\/2025\/05\/Ek_sapa-100x100.jpg","gt_translate_keys":["label"]}],"priceOptions":"different_for_all","pricingType":"fixed","price":"","cl_rule":"show","col":6,"type":"image-group","error":false,"tooltip":"","hideImageIn_cart":true,"hideImageIn_order":true,"hideImageIn_email":true,"gt_translate_keys":["label","tooltip"],"price_dependency":false,"cl_dependency":false,"value":""}],[{"label":"YTBEHANDLING","active":true,"required":false,"elementId":"image-group_968399d0e22e79","name":"image-group_968399d0e22e79","label_position":"default","desc_position":"default","enablePrice":false,"className":"","enableCl":true,"relations":[{"operator":false,"rules":[{"operator":"AND","rules":{"cl_field":"select_468399d0e22e6b","cl_relation":"is","cl_val":"Option - 1"}}]}],"layOut":"inline","disp_size_img":{"width":"35","height":"35"},"img_preview":true,"img_preview_disable_mobile":false,"enable_popup":"no","disp_type":"square","img_selection_type":"outline","multiple":false,"values":[{"label":"Vitoljad","value":"Option - 2","selected":false,"image":"https:\/\/gad.se\/wp-content\/uploads\/2025\/05\/Bjork_vitoljad.jpg","thumb":"https:\/\/gad.se\/wp-content\/uploads\/2025\/05\/Bjork_vitoljad-150x150.jpg","tempId":"aco_44","image_id":932,"price":"","thumb_src":"https:\/\/gad.se\/wp-content\/uploads\/2025\/05\/Bjork_vitoljad-100x100.jpg","gt_translate_keys":["label"]},{"label":"S\u00e5pad","value":"Option - 3","selected":false,"image":"https:\/\/gad.se\/wp-content\/uploads\/2025\/05\/Bjork_sapa.jpg","thumb":"https:\/\/gad.se\/wp-content\/uploads\/2025\/05\/Bjork_sapa-150x150.jpg","tempId":"aco_548","image_id":933,"price":"","thumb_src":"https:\/\/gad.se\/wp-content\/uploads\/2025\/05\/Bjork_sapa-100x100.jpg","gt_translate_keys":["label"]}],"priceOptions":"different_for_all","pricingType":"fixed","price":"","cl_rule":"show","col":6,"type":"image-group","error":false,"hideImageIn_cart":true,"hideImageIn_order":true,"hideImageIn_email":true,"gt_translate_keys":["label"],"price_dependency":false,"cl_dependency":false,"value":""}]]}},"config":{"price_override":"","enable_recaptcha":false,"bind_quantity":false,"quantity_bind_formula":false,"disp_summ_show_option_price":false,"disp_summ_show_product_price":false,"disp_summ_show_total_price":true,"disp_summ_show_fee":false,"disp_summ_show_discount":false,"summary_title":"","options_total_label":"Tillval","total_label":"Total","options_product_label":"Grundpris","fee_label":"Fee","discount_label":"Rabatt","has_price":true,"has_quantity_formula":false},"mc_unit":1,"tax_rate":1,"tax_rate_real":0.25,"discount":{"percentage":0,"fixed":0},"design":{"conf":{"LabelPosition":"above","DescPosition":"above","UploadField":"custom_1","QuantityFieldStyle":"default"},"css":{"LeftLabelWidth":"120px"}},"formulas":[],"lookuptables":[],"clones":false,"cartKey":false}},"_links":{"self":[{"href":"https:\/\/gad.se\/nb\/wp-json\/wp\/v2\/product\/739","targetHints":{"allow":["GET"]}}],"collection":[{"href":"https:\/\/gad.se\/nb\/wp-json\/wp\/v2\/product"}],"about":[{"href":"https:\/\/gad.se\/nb\/wp-json\/wp\/v2\/types\/product"}],"replies":[{"embeddable":true,"href":"https:\/\/gad.se\/nb\/wp-json\/wp\/v2\/comments?post=739"}],"wp:featuredmedia":[{"embeddable":true,"href":"https:\/\/gad.se\/nb\/wp-json\/wp\/v2\/media\/7352"}],"wp:attachment":[{"href":"https:\/\/gad.se\/nb\/wp-json\/wp\/v2\/media?parent=739"}],"wp:term":[{"taxonomy":"product_brand","embeddable":true,"href":"https:\/\/gad.se\/nb\/wp-json\/wp\/v2\/product_brand?post=739"},{"taxonomy":"product_cat","embeddable":true,"href":"https:\/\/gad.se\/nb\/wp-json\/wp\/v2\/product_cat?post=739"},{"taxonomy":"product_tag","embeddable":true,"href":"https:\/\/gad.se\/nb\/wp-json\/wp\/v2\/product_tag?post=739"}],"curies":[{"name":"wp","href":"https:\/\/api.w.org\/{rel}","templated":true}]}}