{"id":751,"date":"2025-05-14T09:34:08","date_gmt":"2025-05-14T09:34:08","guid":{"rendered":"https:\/\/gad.se\/?post_type=product&#038;p=751"},"modified":"2026-03-01T10:40:43","modified_gmt":"2026-03-01T10:40:43","slug":"sandvagor","status":"publish","type":"product","link":"https:\/\/gad.se\/nb\/sandvagor\/","title":{"rendered":"Sandv\u00e5gor"},"content":{"rendered":"<p>Inspirationen till Sandv\u00e5gor f\u00f6rvaringsbricka\u00a0\u00e4r tagen fr\u00e5n Norsta Auren p\u00e5 F\u00e5r\u00f6, d\u00e4r sandv\u00e5gornas m\u00f6nster \u00e4r framtr\u00e4dande alla dagar p\u00e5 \u00e5ret.<\/p>\n<p>F\u00f6rvaringsbrickans unika design och tidl\u00f6sa form \u00e4r framtagen f\u00f6r dig som uppskattar\u00a0k\u00e4nsla, design och kvalitet. Anv\u00e4nd f\u00f6r f\u00f6rvaring av smycken eller p\u00e5 skrivbordet, f\u00f6r pennor gem med mera.<\/p>\n<p>Sandv\u00e5gor\u00a0tillverkas som alla G.A.D-produkter i Sverige och det noga utvalda virket av valn\u00f6t \u00e4r av b\u00e4sta sortering. Produkten \u00e4r ytbehandlad med linolja.<\/p>\n<p>Material: Valn\u00f6t<\/p>\n<p>L: 49 cm<br \/>\nB: 12 cm<br \/>\nH: 2cm<\/p>","protected":false},"excerpt":{"rendered":"<p data-start=\"216\" data-end=\"482\">Sandv\u00e5gor \u00e4r en skulptural skrivbordsorganiser som f\u00f6renar funktion och poesi i en enda form. Tillverkad i massiv amerikansk valn\u00f6t med ett svallande v\u00e5gm\u00f6nster skuret direkt ur tr\u00e4blocket, \u00e4r detta ett tillbeh\u00f6r som lyfter skrivbordet \u2013 b\u00e5de visuellt och praktiskt.<\/p>\n<p data-start=\"216\" data-end=\"482\"><strong>M\u00e5tt:<br \/>\n<\/strong>L\u00e4ngd: 49 cm<br \/>\nBredd: 12 cm<br \/>\nH\u00f6jd: 2 cm<\/p>","protected":false},"featured_media":7464,"comment_status":"open","ping_status":"closed","template":"","meta":{"_acf_changed":false},"product_brand":[126],"product_cat":[42],"product_tag":[51],"class_list":{"0":"post-751","1":"product","2":"type-product","3":"status-publish","4":"has-post-thumbnail","6":"product_brand-g-a-d","7":"product_cat-inredning","8":"product_tag-sandvagor","9":"wcpa_has_options","11":"first","12":"instock","13":"taxable","14":"shipping-taxable","15":"purchasable","16":"product-type-simple"},"acf":[],"wcpa_form_fields":{"wcpaData":{"product":{"product_price":1250,"price_html":"<span class=\"woocommerce-Price-amount amount\"><bdi>1 250&nbsp;<span class=\"woocommerce-Price-currencySymbol\">&#107;&#114;<\/span><\/bdi><\/span>","original_product_price":1250,"price_including_tax":1250,"price_excluding_tax":1000,"product_id":{"parent":751,"variation":false},"is_variable":false,"stock_status":"instock","stock_quantity":null,"parent_sku":"","product_attributes":[],"custom_fields":[],"is_taxable":true,"product_name":"Sandv\u00e5gor","hasImage":false},"fields":{"sec_468399d2e55baf":{"extra":{"key":"sec_468399d2e55baf","section_id":"sec_468399d2e55baf","name":"Default","status":1,"cl_rule":"show","enableCl":false,"relations":[],"toggle":true,"title_tag":"h3","show_title":false,"showPrice":"default","form_id":3294,"form_rules":{"exclude_from_discount":false,"fee_label":"Fee","disp_hide_options_price":true,"disp_show_section_price":false,"disp_show_field_price":false,"layout_option":"standard","pric_use_as_fee":false,"process_fee_as":"woo_fee"},"layout_option":"standard"},"fields":[[{"active":true,"col":6,"relations":false,"cl_rule":"show","enableCl":false,"price":"","enablePrice":true,"className":"","label_position":"default","desc_position":"default","type":"select","required":true,"elementId":"select_1068399d2e55bce","label":"MATERIAL","name":"select_1068399d2e55bce","values":[{"label":"Valn\u00f6t","value":"Option - 1","selected":false,"tempId":"aco_204","pimage":"","pthumb":"","pimage_id":"","price":"100","gt_translate_keys":["label"]},{"label":"Ek","value":"Option - 2","selected":false,"tempId":"aco_205","price":"","gt_translate_keys":["label"]}],"dropdown_type":"basic","error":false,"priceOptions":"different_for_all","pricingType":"fixed","enable_product_image":true,"gt_translate_keys":["label"],"price_dependency":false,"cl_dependency":false,"value":""}]]}},"config":{"price_override":"","enable_recaptcha":false,"bind_quantity":false,"quantity_bind_formula":false,"disp_summ_show_option_price":false,"disp_summ_show_product_price":false,"disp_summ_show_total_price":true,"disp_summ_show_fee":false,"disp_summ_show_discount":false,"summary_title":"","options_total_label":"Tillval","total_label":"Total","options_product_label":"Grundpris","fee_label":"Fee","discount_label":"Rabatt","has_price":true,"has_quantity_formula":false},"mc_unit":1,"tax_rate":1,"tax_rate_real":0.25,"discount":{"percentage":0,"fixed":0},"design":{"conf":{"LabelPosition":"above","DescPosition":"above","UploadField":"custom_1","QuantityFieldStyle":"default"},"css":{"LeftLabelWidth":"120px"}},"formulas":[],"lookuptables":[],"clones":false,"cartKey":false}},"_links":{"self":[{"href":"https:\/\/gad.se\/nb\/wp-json\/wp\/v2\/product\/751","targetHints":{"allow":["GET"]}}],"collection":[{"href":"https:\/\/gad.se\/nb\/wp-json\/wp\/v2\/product"}],"about":[{"href":"https:\/\/gad.se\/nb\/wp-json\/wp\/v2\/types\/product"}],"replies":[{"embeddable":true,"href":"https:\/\/gad.se\/nb\/wp-json\/wp\/v2\/comments?post=751"}],"wp:featuredmedia":[{"embeddable":true,"href":"https:\/\/gad.se\/nb\/wp-json\/wp\/v2\/media\/7464"}],"wp:attachment":[{"href":"https:\/\/gad.se\/nb\/wp-json\/wp\/v2\/media?parent=751"}],"wp:term":[{"taxonomy":"product_brand","embeddable":true,"href":"https:\/\/gad.se\/nb\/wp-json\/wp\/v2\/product_brand?post=751"},{"taxonomy":"product_cat","embeddable":true,"href":"https:\/\/gad.se\/nb\/wp-json\/wp\/v2\/product_cat?post=751"},{"taxonomy":"product_tag","embeddable":true,"href":"https:\/\/gad.se\/nb\/wp-json\/wp\/v2\/product_tag?post=751"}],"curies":[{"name":"wp","href":"https:\/\/api.w.org\/{rel}","templated":true}]}}