{"id":909,"date":"2025-05-15T08:49:32","date_gmt":"2025-05-15T08:49:32","guid":{"rendered":"https:\/\/gad.se\/?post_type=product&#038;p=909"},"modified":"2026-02-27T15:45:27","modified_gmt":"2026-02-27T15:45:27","slug":"klinte-modell-4","status":"publish","type":"product","link":"https:\/\/gad.se\/nb\/klinte-modell-4\/","title":{"rendered":"Klinte Modell 4"},"content":{"rendered":"<p>Klinte 4 \u00e4r en l\u00e5g sk\u00e4nk i massivtr\u00e4 som f\u00f6renar dold f\u00f6rvaring med ett grafiskt uttryck. Med sin l\u00e5ga profil och praktiska kombination av l\u00e5da och d\u00f6rr passar den lika bra i vardagsrum, hall, sovrum eller kontor. En m\u00e5ngsidig m\u00f6bel som skapar ordning utan att ta plats \u2013 men som alltid g\u00f6r avtryck.<\/p>","protected":false},"excerpt":{"rendered":"<p>Klinte 4 \u00e4r en l\u00e5g sk\u00e4nk i massivtr\u00e4 som f\u00f6renar dold f\u00f6rvaring med ett grafiskt uttryck. Med sin l\u00e5ga profil och praktiska kombination av l\u00e5da och d\u00f6rr passar den lika bra i vardagsrum, hall, sovrum eller kontor. En m\u00e5ngsidig m\u00f6bel som skapar ordning utan att ta plats \u2013 men som alltid g\u00f6r avtryck.<\/p>","protected":false},"featured_media":7435,"comment_status":"open","ping_status":"closed","template":"","meta":{"_acf_changed":false},"product_brand":[126],"product_cat":[56,60,33,61,72],"product_tag":[116],"class_list":{"0":"post-909","1":"product","2":"type-product","3":"status-publish","4":"has-post-thumbnail","6":"product_brand-g-a-d","7":"product_cat-klinte","8":"product_cat-bokhyllor","9":"product_cat-byraar","10":"product_cat-forvaring","11":"product_cat-sideboards","12":"product_tag-klinte-4","13":"wcpa_has_options","15":"first","16":"instock","17":"taxable","18":"shipping-taxable","19":"purchasable","20":"product-type-simple"},"acf":[],"wcpa_form_fields":{"wcpaData":{"product":{"product_price":42700,"price_html":"<span class=\"woocommerce-Price-amount amount\"><bdi>42 700&nbsp;<span class=\"woocommerce-Price-currencySymbol\">&#107;&#114;<\/span><\/bdi><\/span>","original_product_price":42700,"price_including_tax":42700,"price_excluding_tax":34160,"product_id":{"parent":909,"variation":false},"is_variable":false,"stock_status":"instock","stock_quantity":null,"parent_sku":"","product_attributes":[],"custom_fields":[],"is_taxable":true,"product_name":"Klinte Modell 4","hasImage":false},"fields":{"sec_8689466391bcc7":{"extra":{"key":"sec_8689466391bcc7","section_id":"sec_8689466391bcc7","name":"Default","status":1,"cl_rule":"show","enableCl":false,"relations":[],"toggle":true,"title_tag":"h3","show_title":false,"showPrice":"default","form_id":4857,"form_rules":{"exclude_from_discount":false,"fee_label":"Fee","disp_hide_options_price":true,"disp_show_section_price":false,"disp_show_field_price":false,"layout_option":"standard","pric_use_as_fee":false,"process_fee_as":"woo_fee"},"layout_option":"standard"},"fields":[[{"active":true,"col":6,"relations":false,"cl_rule":"show","enableCl":false,"price":"","enablePrice":true,"className":"","label_position":"default","desc_position":"default","type":"select","required":true,"elementId":"select_0689466391bd00","label":"MATERIAL","name":"select_0689466391bd00","values":[{"label":"Bj\u00f6rk","value":"Option - 1","selected":false,"tempId":"aco_204","pimage":"","pthumb":"","pimage_id":"","gt_translate_keys":["label"]},{"label":"Ek","value":"Option - 2","selected":false,"tempId":"aco_205","price":"8400","gt_translate_keys":["label"]}],"dropdown_type":"basic","error":false,"priceOptions":"different_for_all","pricingType":"fixed","enable_product_image":true,"gt_translate_keys":["label"],"price_dependency":false,"cl_dependency":["image-group_7689466391bd11","image-group_2689466391bd1f"],"value":""}],[{"label":"YTBEHANDLING","active":true,"required":false,"elementId":"image-group_7689466391bd11","name":"image-group_7689466391bd11","label_position":"default","desc_position":"default","enablePrice":true,"className":"","enableCl":true,"relations":[{"operator":false,"rules":[{"operator":"AND","rules":{"cl_field":"select_0689466391bd00","cl_relation":"is","cl_val":"Option - 2"}}]}],"layOut":"inline","disp_size_img":{"width":"30","height":"30"},"img_preview":true,"img_preview_disable_mobile":false,"enable_popup":"no","disp_type":"square","img_selection_type":"outline","multiple":false,"values":[{"label":"Linoljad","value":"Option - 1","selected":false,"image":"https:\/\/gad.se\/wp-content\/uploads\/2025\/05\/Ek_linolja.jpg","thumb":"https:\/\/gad.se\/wp-content\/uploads\/2025\/05\/Ek_linolja-150x150.jpg","tempId":"aco_43","image_id":941,"price":"","thumb_src":"https:\/\/gad.se\/wp-content\/uploads\/2025\/05\/Ek_linolja-100x100.jpg","gt_translate_keys":["label"]},{"label":"Vitoljad","value":"Option - 2","selected":false,"image":"https:\/\/gad.se\/wp-content\/uploads\/2025\/05\/Ek_vitolja.jpg","thumb":"https:\/\/gad.se\/wp-content\/uploads\/2025\/05\/Ek_vitolja-150x150.jpg","tempId":"aco_44","image_id":945,"price":"","thumb_src":"https:\/\/gad.se\/wp-content\/uploads\/2025\/05\/Ek_vitolja-100x100.jpg","gt_translate_keys":["label"]},{"label":"S\u00e5pad","value":"Option - 3","selected":false,"image":"https:\/\/gad.se\/wp-content\/uploads\/2025\/05\/Ek_sapa.jpg","thumb":"https:\/\/gad.se\/wp-content\/uploads\/2025\/05\/Ek_sapa-150x150.jpg","tempId":"aco_1519","image_id":943,"thumb_src":"https:\/\/gad.se\/wp-content\/uploads\/2025\/05\/Ek_sapa-100x100.jpg","gt_translate_keys":["label"]},{"label":"Brunoljad","value":"Option - 6","selected":false,"image":"https:\/\/gad.se\/wp-content\/uploads\/2025\/05\/Ek_brunolja.jpg","thumb":"https:\/\/gad.se\/wp-content\/uploads\/2025\/05\/Ek_brunolja-150x150.jpg","tempId":"aco_1459","image_id":940,"price":"5120","thumb_src":"https:\/\/gad.se\/wp-content\/uploads\/2025\/05\/Ek_brunolja-100x100.jpg","gt_translate_keys":["label"]},{"label":"M\u00f6rkbetsad","value":"Option - 4","selected":false,"image":"https:\/\/gad.se\/wp-content\/uploads\/2025\/05\/Ek_morkbets.jpg","thumb":"https:\/\/gad.se\/wp-content\/uploads\/2025\/05\/Ek_morkbets-150x150.jpg","tempId":"aco_548","image_id":942,"price":"5120","thumb_src":"https:\/\/gad.se\/wp-content\/uploads\/2025\/05\/Ek_morkbets-100x100.jpg","gt_translate_keys":["label"]},{"label":"Svartoljad","value":"Option - 5","selected":false,"image":"https:\/\/gad.se\/wp-content\/uploads\/2025\/05\/Ek_svartolja.jpg","thumb":"https:\/\/gad.se\/wp-content\/uploads\/2025\/05\/Ek_svartolja-150x150.jpg","tempId":"aco_1533","image_id":944,"price":"5120","thumb_src":"https:\/\/gad.se\/wp-content\/uploads\/2025\/05\/Ek_svartolja-100x100.jpg","gt_translate_keys":["label"]}],"priceOptions":"different_for_all","pricingType":"fixed","price":"","cl_rule":"show","col":6,"type":"image-group","error":false,"tooltip":"","gt_translate_keys":["label","tooltip"],"price_dependency":false,"cl_dependency":false,"value":""}],[{"label":"YTBEHANDLING","active":true,"required":false,"elementId":"image-group_2689466391bd1f","name":"image-group_2689466391bd1f","label_position":"default","desc_position":"default","enablePrice":true,"className":"","enableCl":true,"relations":[{"operator":false,"rules":[{"operator":"AND","rules":{"cl_field":"select_0689466391bd00","cl_relation":"is","cl_val":"Option - 1"}}]}],"layOut":"inline","disp_size_img":{"width":"30","height":"30"},"img_preview":true,"img_preview_disable_mobile":false,"enable_popup":"no","disp_type":"square","img_selection_type":"outline","multiple":false,"values":[{"label":"Vitoljad","value":"Option - 2","selected":false,"image":"https:\/\/gad.se\/wp-content\/uploads\/2025\/05\/Bjork_vitoljad.jpg","thumb":"https:\/\/gad.se\/wp-content\/uploads\/2025\/05\/Bjork_vitoljad-150x150.jpg","tempId":"aco_44","image_id":932,"price":"","thumb_src":"https:\/\/gad.se\/wp-content\/uploads\/2025\/05\/Bjork_vitoljad-100x100.jpg","gt_translate_keys":["label"]},{"label":"S\u00e5pad","value":"Option - 3","selected":false,"image":"https:\/\/gad.se\/wp-content\/uploads\/2025\/05\/Bjork_sapa.jpg","thumb":"https:\/\/gad.se\/wp-content\/uploads\/2025\/05\/Bjork_sapa-150x150.jpg","tempId":"aco_548","image_id":933,"price":"","thumb_src":"https:\/\/gad.se\/wp-content\/uploads\/2025\/05\/Bjork_sapa-100x100.jpg","gt_translate_keys":["label"]},{"label":"M\u00e5lad","value":"Option - 4","selected":false,"image":"https:\/\/gad.se\/wp-content\/uploads\/2025\/06\/Namnlos-2.webp","thumb":"https:\/\/gad.se\/wp-content\/uploads\/2025\/06\/Namnlos-2-150x150.webp","tempId":"aco_1155","image_id":4644,"price":"4270","thumb_src":"https:\/\/gad.se\/wp-content\/uploads\/2025\/06\/Namnlos-2-100x100.webp","gt_translate_keys":["label"]}],"priceOptions":"different_for_all","pricingType":"fixed","price":"","cl_rule":"show","col":6,"type":"image-group","error":false,"gt_translate_keys":["label"],"price_dependency":false,"cl_dependency":["image-group_6689466391bd2b","text_0689466391bd35"],"value":""}],[{"label":"F\u00c4RG","active":true,"required":false,"elementId":"image-group_6689466391bd2b","name":"image-group_6689466391bd2b","label_position":"default","desc_position":"default","enablePrice":false,"className":"","enableCl":true,"relations":[{"operator":false,"rules":[{"operator":"AND","rules":{"cl_field":"image-group_2689466391bd1f","cl_relation":"is","cl_val":"Option - 4"}}]}],"layOut":"inline","disp_size_img":{"width":"30","height":"30"},"img_preview":true,"img_preview_disable_mobile":false,"enable_popup":"no","disp_type":"square","img_selection_type":"outline","multiple":false,"values":[{"label":"Vit","value":"Option - 1","selected":false,"image":"https:\/\/gad.se\/wp-content\/uploads\/2025\/05\/Standardkulor_vit.jpg","thumb":"https:\/\/gad.se\/wp-content\/uploads\/2025\/05\/Standardkulor_vit-150x150.jpg","tempId":"aco_43","image_id":2141,"price":"","thumb_src":"https:\/\/gad.se\/wp-content\/uploads\/2025\/05\/Standardkulor_vit-100x100.webp","gt_translate_keys":["label"]},{"label":"Svart","value":"Option - 3","selected":false,"image":"https:\/\/gad.se\/wp-content\/uploads\/2025\/05\/Standardkulor_svart.jpg","thumb":"https:\/\/gad.se\/wp-content\/uploads\/2025\/05\/Standardkulor_svart-150x150.jpg","tempId":"aco_548","image_id":2140,"price":"","thumb_src":"https:\/\/gad.se\/wp-content\/uploads\/2025\/05\/Standardkulor_svart-100x100.webp","gt_translate_keys":["label"]},{"label":"R\u00f6d","value":"Option - 4","selected":false,"image":"https:\/\/gad.se\/wp-content\/uploads\/2025\/05\/Standardkulor_rod.jpg","thumb":"https:\/\/gad.se\/wp-content\/uploads\/2025\/05\/Standardkulor_rod-150x150.jpg","tempId":"aco_1155","image_id":2139,"price":"980","thumb_src":"https:\/\/gad.se\/wp-content\/uploads\/2025\/05\/Standardkulor_rod-100x100.webp","gt_translate_keys":["label"]},{"label":"Ljusgr\u00e5","value":"Option - 2","selected":false,"image":"https:\/\/gad.se\/wp-content\/uploads\/2025\/05\/Standardkulor_ljusgra.jpg","thumb":"https:\/\/gad.se\/wp-content\/uploads\/2025\/05\/Standardkulor_ljusgra-150x150.jpg","tempId":"aco_44","image_id":2137,"price":"","thumb_src":"https:\/\/gad.se\/wp-content\/uploads\/2025\/05\/Standardkulor_ljusgra-100x100.webp","gt_translate_keys":["label"]},{"label":"Gr\u00f6n","value":"Option - 6","selected":false,"image":"https:\/\/gad.se\/wp-content\/uploads\/2025\/05\/Standardkulor_gron.jpg","thumb":"https:\/\/gad.se\/wp-content\/uploads\/2025\/05\/Standardkulor_gron-150x150.jpg","tempId":"aco_406","image_id":2136,"thumb_src":"https:\/\/gad.se\/wp-content\/uploads\/2025\/05\/Standardkulor_gron-100x100.webp","gt_translate_keys":["label"]},{"label":"Bl\u00e5","value":"Option - 7","selected":false,"image":"https:\/\/gad.se\/wp-content\/uploads\/2025\/05\/Standardkulor_bla.jpg","thumb":"https:\/\/gad.se\/wp-content\/uploads\/2025\/05\/Standardkulor_bla-150x150.jpg","tempId":"aco_433","image_id":2134,"thumb_src":"https:\/\/gad.se\/wp-content\/uploads\/2025\/05\/Standardkulor_bla-100x100.webp","gt_translate_keys":["label"]},{"label":"Bl\u00e5gr\u00f6n","value":"Option - 8","selected":false,"image":"https:\/\/gad.se\/wp-content\/uploads\/2025\/05\/Standardkulor_bla-gron.jpg","thumb":"https:\/\/gad.se\/wp-content\/uploads\/2025\/05\/Standardkulor_bla-gron-150x150.jpg","tempId":"aco_460","image_id":2133,"thumb_src":"https:\/\/gad.se\/wp-content\/uploads\/2025\/05\/Standardkulor_bla-gron-100x100.webp","gt_translate_keys":["label"]},{"label":"Gr\u00e5bl\u00e5","value":"Option - 9","selected":false,"image":"https:\/\/gad.se\/wp-content\/uploads\/2025\/05\/Standardkulor_gra-bla.jpg","thumb":"https:\/\/gad.se\/wp-content\/uploads\/2025\/05\/Standardkulor_gra-bla-150x150.jpg","tempId":"aco_2406","image_id":2135,"thumb_src":"https:\/\/gad.se\/wp-content\/uploads\/2025\/05\/Standardkulor_gra-bla-100x100.jpg","gt_translate_keys":["label"]},{"label":"Mellangr\u00e5","value":"Option - 5","selected":false,"image":"https:\/\/gad.se\/wp-content\/uploads\/2025\/05\/Standardkulor_mellangra.jpg","thumb":"https:\/\/gad.se\/wp-content\/uploads\/2025\/05\/Standardkulor_mellangra-150x150.jpg","tempId":"aco_366","image_id":2138,"thumb_src":"https:\/\/gad.se\/wp-content\/uploads\/2025\/05\/Standardkulor_mellangra-100x100.webp","gt_translate_keys":["label"]}],"priceOptions":"different_for_all","pricingType":"fixed","price":"","cl_rule":"show","col":6,"type":"image-group","error":false,"gt_translate_keys":["label"],"price_dependency":false,"cl_dependency":false,"value":""}],[{"active":true,"col":6,"relations":[{"operator":false,"rules":[{"operator":"AND","rules":{"cl_field":"image-group_2689466391bd1f","cl_relation":"is","cl_val":"Option - 4"}}]}],"cl_rule":"show","enableCl":true,"price":"","enablePrice":false,"className":"","label_position":"default","desc_position":"default","type":"text","subtype":"text","required":false,"elementId":"text_0689466391bd35","label":"Vill du ha en annan f\u00e4rg?","name":"text_0689466391bd35","value":"","error":false,"placeholder":"Skriv \u00f6nskad f\u00e4rg...","gt_translate_keys":["label","placeholder","value"],"price_dependency":false,"cl_dependency":false}],[{"active":true,"col":6,"relations":[{"operator":false,"rules":[{"operator":"or","rules":{"cl_field":"select_2689466391bd3f","cl_relation":"is","cl_val":"Option - 1"}},{"operator":"AND","rules":{"cl_field":"select_2689466391bd3f","cl_relation":"is","cl_val":"Option - 2"}}]}],"cl_rule":"show","enableCl":false,"price":"","enablePrice":true,"className":"","label_position":"default","desc_position":"default","type":"select","required":false,"elementId":"select_2689466391bd4c","label":"SKIVA","name":"select_2689466391bd4c","values":[{"label":"Tr\u00e4","value":"Option - 1","selected":false,"tempId":"aco_3207","gt_translate_keys":["label"]},{"label":"Gotl\u00e4ndsk kalksten","value":"Option - 3","selected":false,"tempId":"aco_2710","price":"9100","gt_translate_keys":["label"]},{"label":"Diabas","value":"Option - 4","selected":false,"tempId":"aco_2711","price":"10550","gt_translate_keys":["label"]}],"dropdown_type":"basic","error":false,"priceOptions":"different_for_all","pricingType":"fixed","gt_translate_keys":["label"],"price_dependency":false,"cl_dependency":false,"value":""}],[{"label":"BEN","active":true,"required":false,"elementId":"select_2689466391bd56","dropdown_type":"basic","name":"select_2689466391bd56","label_position":"default","desc_position":"default","enablePrice":true,"className":"","enableCl":false,"relations":[{"operator":false,"rules":[{"operator":"or","rules":{"cl_field":"select_2689466391bd3f","cl_relation":"is","cl_val":"Option - 1"}},{"operator":"AND","rules":{"cl_field":"select_2689466391bd3f","cl_relation":"is","cl_val":"Option - 2"}}]}],"values":[{"label":"Tr\u00e4","value":"Option - 1","selected":false,"tempId":"aco_3207","gt_translate_keys":["label"]},{"label":"Rostfritt st\u00e5l","value":"Option - 3","selected":false,"tempId":"aco_2710","price":"9600","gt_translate_keys":["label"]},{"label":"M\u00e4ssing","value":"Option - 2","selected":false,"tempId":"aco_2709","price":"9900","gt_translate_keys":["label"]}],"priceOptions":"different_for_all","pricingType":"fixed","price":"","cl_rule":"show","col":6,"type":"select","error":false,"gt_translate_keys":["label"],"price_dependency":false,"cl_dependency":false,"value":""}],[{"label":"BESLAG","active":true,"required":false,"elementId":"select_2689466391bd60","dropdown_type":"basic","name":"select_2689466391bd60","label_position":"default","desc_position":"default","enablePrice":true,"className":"","enableCl":false,"relations":[{"operator":false,"rules":[{"operator":"or","rules":{"cl_field":"select_2689466391bd3f","cl_relation":"is","cl_val":"Option - 1"}},{"operator":"AND","rules":{"cl_field":"select_2689466391bd3f","cl_relation":"is","cl_val":"Option - 2"}}]}],"values":[{"label":"Rostfritt st\u00e5l","value":"Option - 3","selected":false,"tempId":"aco_2710","price":"","gt_translate_keys":["label"]},{"label":"M\u00e4ssing","value":"Option - 2","selected":false,"tempId":"aco_2709","price":"800","gt_translate_keys":["label"]}],"priceOptions":"different_for_all","pricingType":"fixed","price":"","cl_rule":"show","col":6,"type":"select","error":false,"gt_translate_keys":["label"],"price_dependency":false,"cl_dependency":false,"value":""}]]}},"config":{"price_override":"","enable_recaptcha":false,"bind_quantity":false,"quantity_bind_formula":false,"disp_summ_show_option_price":false,"disp_summ_show_product_price":false,"disp_summ_show_total_price":true,"disp_summ_show_fee":false,"disp_summ_show_discount":false,"summary_title":"","options_total_label":"Tillval","total_label":"Total","options_product_label":"Grundpris","fee_label":"Fee","discount_label":"Rabatt","has_price":true,"has_quantity_formula":false},"mc_unit":1,"tax_rate":1,"tax_rate_real":0.25,"discount":{"percentage":0,"fixed":0},"design":{"conf":{"LabelPosition":"above","DescPosition":"above","UploadField":"custom_1","QuantityFieldStyle":"default"},"css":{"LeftLabelWidth":"120px"}},"formulas":[],"lookuptables":[],"clones":false,"cartKey":false}},"_links":{"self":[{"href":"https:\/\/gad.se\/nb\/wp-json\/wp\/v2\/product\/909","targetHints":{"allow":["GET"]}}],"collection":[{"href":"https:\/\/gad.se\/nb\/wp-json\/wp\/v2\/product"}],"about":[{"href":"https:\/\/gad.se\/nb\/wp-json\/wp\/v2\/types\/product"}],"replies":[{"embeddable":true,"href":"https:\/\/gad.se\/nb\/wp-json\/wp\/v2\/comments?post=909"}],"wp:featuredmedia":[{"embeddable":true,"href":"https:\/\/gad.se\/nb\/wp-json\/wp\/v2\/media\/7435"}],"wp:attachment":[{"href":"https:\/\/gad.se\/nb\/wp-json\/wp\/v2\/media?parent=909"}],"wp:term":[{"taxonomy":"product_brand","embeddable":true,"href":"https:\/\/gad.se\/nb\/wp-json\/wp\/v2\/product_brand?post=909"},{"taxonomy":"product_cat","embeddable":true,"href":"https:\/\/gad.se\/nb\/wp-json\/wp\/v2\/product_cat?post=909"},{"taxonomy":"product_tag","embeddable":true,"href":"https:\/\/gad.se\/nb\/wp-json\/wp\/v2\/product_tag?post=909"}],"curies":[{"name":"wp","href":"https:\/\/api.w.org\/{rel}","templated":true}]}}