{"id":911,"date":"2025-05-15T08:50:20","date_gmt":"2025-05-15T08:50:20","guid":{"rendered":"https:\/\/gad.se\/?post_type=product&#038;p=911"},"modified":"2026-03-15T17:35:51","modified_gmt":"2026-03-15T17:35:51","slug":"klinte-modell-5","status":"publish","type":"product","link":"https:\/\/gad.se\/nb\/klinte-modell-5\/","title":{"rendered":"Klinte Modell 5"},"content":{"rendered":"<p>Klinte 5 \u00e4r ett sideboard som st\u00e5r stadigt i gr\u00e4nslandet mellan skulptur och funktion. Den massiva tr\u00e4kroppen, med diskret inf\u00e4llda d\u00f6rrar, rymmer gener\u00f6s f\u00f6rvaring men med en estetik som \u00e4r allt annat \u00e4n p\u00e5tr\u00e4ngande. En m\u00f6bel f\u00f6r dig som uppskattar ett v\u00e4lbalanserat formspr\u00e5k, genomt\u00e4nkt konstruktion och l\u00e5ngsiktig kvalitet.<\/p>","protected":false},"excerpt":{"rendered":"<p>Klinte 5 \u00e4r ett sideboard som st\u00e5r stadigt i gr\u00e4nslandet mellan skulptur och funktion. Den massiva tr\u00e4kroppen, med diskret inf\u00e4llda d\u00f6rrar, rymmer gener\u00f6s f\u00f6rvaring men med en estetik som \u00e4r allt annat \u00e4n p\u00e5tr\u00e4ngande. En m\u00f6bel f\u00f6r dig som uppskattar ett v\u00e4lbalanserat formspr\u00e5k, genomt\u00e4nkt konstruktion och l\u00e5ngsiktig kvalitet.<\/p>","protected":false},"featured_media":7436,"comment_status":"open","ping_status":"closed","template":"","meta":{"_acf_changed":false},"product_brand":[126],"product_cat":[56,33,61,72],"product_tag":[117],"class_list":{"0":"post-911","1":"product","2":"type-product","3":"status-publish","4":"has-post-thumbnail","6":"product_brand-g-a-d","7":"product_cat-klinte","8":"product_cat-byraar","9":"product_cat-forvaring","10":"product_cat-sideboards","11":"product_tag-klinte-5","12":"wcpa_has_options","14":"first","15":"instock","16":"taxable","17":"shipping-taxable","18":"purchasable","19":"product-type-simple"},"acf":[],"wcpa_form_fields":{"wcpaData":{"product":{"product_price":63350,"price_html":"<span class=\"woocommerce-Price-amount amount\"><bdi>63 350&nbsp;<span class=\"woocommerce-Price-currencySymbol\">&#107;&#114;<\/span><\/bdi><\/span>","original_product_price":63350,"price_including_tax":63350,"price_excluding_tax":50680,"product_id":{"parent":911,"variation":false},"is_variable":false,"stock_status":"instock","stock_quantity":null,"parent_sku":"","product_attributes":[],"custom_fields":[],"is_taxable":true,"product_name":"Klinte Modell 5","hasImage":false},"fields":{"sec_0689466437c38c":{"extra":{"key":"sec_0689466437c38c","section_id":"sec_0689466437c38c","name":"Default","status":1,"cl_rule":"show","enableCl":false,"relations":[],"toggle":true,"title_tag":"h3","show_title":false,"showPrice":"default","form_id":4858,"form_rules":{"exclude_from_discount":false,"fee_label":"Fee","disp_hide_options_price":true,"disp_show_section_price":false,"disp_show_field_price":false,"layout_option":"standard","pric_use_as_fee":false,"process_fee_as":"woo_fee"},"layout_option":"standard"},"fields":[[{"active":true,"col":6,"relations":false,"cl_rule":"show","enableCl":false,"price":"","enablePrice":true,"className":"","label_position":"default","desc_position":"default","type":"select","required":true,"elementId":"select_2689466437c3c6","label":"MATERIAL","name":"select_2689466437c3c6","values":[{"label":"Bj\u00f6rk","value":"Option - 1","selected":false,"tempId":"aco_204","pimage":"","pthumb":"","pimage_id":"","gt_translate_keys":["label"]},{"label":"Ek","value":"Option - 2","selected":false,"tempId":"aco_205","price":"6800","gt_translate_keys":["label"]}],"dropdown_type":"basic","error":false,"priceOptions":"different_for_all","pricingType":"fixed","enable_product_image":true,"gt_translate_keys":["label"],"price_dependency":false,"cl_dependency":["image-group_0689466437c3d7","image-group_8689466437c3e5","select_2689466437c40a","select-9309334108"],"value":""}],[{"label":"YTBEHANDLING","active":true,"required":false,"elementId":"image-group_0689466437c3d7","name":"image-group_0689466437c3d7","label_position":"default","desc_position":"default","enablePrice":true,"className":"","enableCl":true,"relations":[{"operator":false,"rules":[{"operator":"AND","rules":{"cl_field":"select_2689466437c3c6","cl_relation":"is","cl_val":"Option - 2"}}]}],"layOut":"inline","disp_size_img":{"width":"30","height":"30"},"img_preview":true,"img_preview_disable_mobile":false,"enable_popup":"no","disp_type":"square","img_selection_type":"outline","multiple":false,"values":[{"label":"Linoljad","value":"Option - 1","selected":false,"image":"https:\/\/gad.se\/wp-content\/uploads\/2025\/05\/Ek_linolja.jpg","thumb":"https:\/\/gad.se\/wp-content\/uploads\/2025\/05\/Ek_linolja-150x150.jpg","tempId":"aco_43","image_id":941,"price":"","thumb_src":"https:\/\/gad.se\/wp-content\/uploads\/2025\/05\/Ek_linolja-100x100.jpg","gt_translate_keys":["label"]},{"label":"Vitoljad","value":"Option - 2","selected":false,"image":"https:\/\/gad.se\/wp-content\/uploads\/2025\/05\/Ek_vitolja.jpg","thumb":"https:\/\/gad.se\/wp-content\/uploads\/2025\/05\/Ek_vitolja-150x150.jpg","tempId":"aco_44","image_id":945,"price":"","thumb_src":"https:\/\/gad.se\/wp-content\/uploads\/2025\/05\/Ek_vitolja-100x100.jpg","gt_translate_keys":["label"]},{"label":"S\u00e5pad","value":"Option - 3","selected":false,"image":"https:\/\/gad.se\/wp-content\/uploads\/2025\/05\/Ek_sapa.jpg","thumb":"https:\/\/gad.se\/wp-content\/uploads\/2025\/05\/Ek_sapa-150x150.jpg","tempId":"aco_1519","image_id":943,"thumb_src":"https:\/\/gad.se\/wp-content\/uploads\/2025\/05\/Ek_sapa-100x100.jpg","gt_translate_keys":["label"]},{"label":"Brunoljad","value":"Option - 6","selected":false,"image":"https:\/\/gad.se\/wp-content\/uploads\/2025\/05\/Ek_brunolja.jpg","thumb":"https:\/\/gad.se\/wp-content\/uploads\/2025\/05\/Ek_brunolja-150x150.jpg","tempId":"aco_2021","image_id":940,"price":"7025","thumb_src":"https:\/\/gad.se\/wp-content\/uploads\/2025\/05\/Ek_brunolja-100x100.jpg","gt_translate_keys":["label"]},{"label":"M\u00f6rkbetsad","value":"Option - 4","selected":false,"image":"https:\/\/gad.se\/wp-content\/uploads\/2025\/05\/Ek_morkbets.jpg","thumb":"https:\/\/gad.se\/wp-content\/uploads\/2025\/05\/Ek_morkbets-150x150.jpg","tempId":"aco_548","image_id":942,"price":"7025","thumb_src":"https:\/\/gad.se\/wp-content\/uploads\/2025\/05\/Ek_morkbets-100x100.jpg","gt_translate_keys":["label"]},{"label":"Svartoljad","value":"Option - 5","selected":false,"image":"https:\/\/gad.se\/wp-content\/uploads\/2025\/05\/Ek_svartolja.jpg","thumb":"https:\/\/gad.se\/wp-content\/uploads\/2025\/05\/Ek_svartolja-150x150.jpg","tempId":"aco_1533","image_id":944,"price":"7025","thumb_src":"https:\/\/gad.se\/wp-content\/uploads\/2025\/05\/Ek_svartolja-100x100.jpg","gt_translate_keys":["label"]}],"priceOptions":"different_for_all","pricingType":"fixed","price":"","cl_rule":"show","col":6,"type":"image-group","error":false,"tooltip":"","gt_translate_keys":["label","tooltip"],"price_dependency":false,"cl_dependency":false,"value":""}],[{"label":"YTBEHANDLING","active":true,"required":false,"elementId":"image-group_8689466437c3e5","name":"image-group_8689466437c3e5","label_position":"default","desc_position":"default","enablePrice":true,"className":"","enableCl":true,"relations":[{"operator":false,"rules":[{"operator":"AND","rules":{"cl_field":"select_2689466437c3c6","cl_relation":"is","cl_val":"Option - 1"}}]}],"layOut":"inline","disp_size_img":{"width":"30","height":"30"},"img_preview":true,"img_preview_disable_mobile":false,"enable_popup":"no","disp_type":"square","img_selection_type":"outline","multiple":false,"values":[{"label":"Vitoljad","value":"Option - 2","selected":false,"image":"https:\/\/gad.se\/wp-content\/uploads\/2025\/05\/Bjork_vitoljad.jpg","thumb":"https:\/\/gad.se\/wp-content\/uploads\/2025\/05\/Bjork_vitoljad-150x150.jpg","tempId":"aco_44","image_id":932,"price":"","thumb_src":"https:\/\/gad.se\/wp-content\/uploads\/2025\/05\/Bjork_vitoljad-100x100.jpg","gt_translate_keys":["label"]},{"label":"S\u00e5pad","value":"Option - 3","selected":false,"image":"https:\/\/gad.se\/wp-content\/uploads\/2025\/05\/Bjork_sapa.jpg","thumb":"https:\/\/gad.se\/wp-content\/uploads\/2025\/05\/Bjork_sapa-150x150.jpg","tempId":"aco_548","image_id":933,"price":"","thumb_src":"https:\/\/gad.se\/wp-content\/uploads\/2025\/05\/Bjork_sapa-100x100.jpg","gt_translate_keys":["label"]},{"label":"M\u00e5lad","value":"Option - 4","selected":false,"image":"https:\/\/gad.se\/wp-content\/uploads\/2025\/06\/Namnlos-2.webp","thumb":"https:\/\/gad.se\/wp-content\/uploads\/2025\/06\/Namnlos-2-150x150.webp","tempId":"aco_1155","image_id":4644,"price":"6360","thumb_src":"https:\/\/gad.se\/wp-content\/uploads\/2025\/06\/Namnlos-2-100x100.webp","gt_translate_keys":["label"]}],"priceOptions":"different_for_all","pricingType":"fixed","price":"","cl_rule":"show","col":6,"type":"image-group","error":false,"gt_translate_keys":["label"],"price_dependency":false,"cl_dependency":["image-group_9689466437c3f1","text_9689466437c3fb"],"value":""}],[{"label":"F\u00c4RG","active":true,"required":false,"elementId":"image-group_9689466437c3f1","name":"image-group_9689466437c3f1","label_position":"default","desc_position":"default","enablePrice":false,"className":"","enableCl":true,"relations":[{"operator":false,"rules":[{"operator":"AND","rules":{"cl_field":"image-group_8689466437c3e5","cl_relation":"is","cl_val":"Option - 4"}}]}],"layOut":"inline","disp_size_img":{"width":"30","height":"30"},"img_preview":true,"img_preview_disable_mobile":false,"enable_popup":"no","disp_type":"square","img_selection_type":"outline","multiple":false,"values":[{"label":"Vit","value":"Option - 1","selected":false,"image":"https:\/\/gad.se\/wp-content\/uploads\/2025\/05\/Standardkulor_vit.jpg","thumb":"https:\/\/gad.se\/wp-content\/uploads\/2025\/05\/Standardkulor_vit-150x150.jpg","tempId":"aco_43","image_id":2141,"price":"","thumb_src":"https:\/\/gad.se\/wp-content\/uploads\/2025\/05\/Standardkulor_vit-100x100.webp","gt_translate_keys":["label"]},{"label":"Svart","value":"Option - 3","selected":false,"image":"https:\/\/gad.se\/wp-content\/uploads\/2025\/05\/Standardkulor_svart.jpg","thumb":"https:\/\/gad.se\/wp-content\/uploads\/2025\/05\/Standardkulor_svart-150x150.jpg","tempId":"aco_548","image_id":2140,"price":"","thumb_src":"https:\/\/gad.se\/wp-content\/uploads\/2025\/05\/Standardkulor_svart-100x100.webp","gt_translate_keys":["label"]},{"label":"R\u00f6d","value":"Option - 4","selected":false,"image":"https:\/\/gad.se\/wp-content\/uploads\/2025\/05\/Standardkulor_rod.jpg","thumb":"https:\/\/gad.se\/wp-content\/uploads\/2025\/05\/Standardkulor_rod-150x150.jpg","tempId":"aco_1155","image_id":2139,"price":"980","thumb_src":"https:\/\/gad.se\/wp-content\/uploads\/2025\/05\/Standardkulor_rod-100x100.webp","gt_translate_keys":["label"]},{"label":"Ljusgr\u00e5","value":"Option - 2","selected":false,"image":"https:\/\/gad.se\/wp-content\/uploads\/2025\/05\/Standardkulor_ljusgra.jpg","thumb":"https:\/\/gad.se\/wp-content\/uploads\/2025\/05\/Standardkulor_ljusgra-150x150.jpg","tempId":"aco_44","image_id":2137,"price":"","thumb_src":"https:\/\/gad.se\/wp-content\/uploads\/2025\/05\/Standardkulor_ljusgra-100x100.webp","gt_translate_keys":["label"]},{"label":"Gr\u00f6n","value":"Option - 6","selected":false,"image":"https:\/\/gad.se\/wp-content\/uploads\/2025\/05\/Standardkulor_gron.jpg","thumb":"https:\/\/gad.se\/wp-content\/uploads\/2025\/05\/Standardkulor_gron-150x150.jpg","tempId":"aco_406","image_id":2136,"thumb_src":"https:\/\/gad.se\/wp-content\/uploads\/2025\/05\/Standardkulor_gron-100x100.webp","gt_translate_keys":["label"]},{"label":"Bl\u00e5","value":"Option - 7","selected":false,"image":"https:\/\/gad.se\/wp-content\/uploads\/2025\/05\/Standardkulor_bla.jpg","thumb":"https:\/\/gad.se\/wp-content\/uploads\/2025\/05\/Standardkulor_bla-150x150.jpg","tempId":"aco_433","image_id":2134,"thumb_src":"https:\/\/gad.se\/wp-content\/uploads\/2025\/05\/Standardkulor_bla-100x100.webp","gt_translate_keys":["label"]},{"label":"Bl\u00e5gr\u00f6n","value":"Option - 8","selected":false,"image":"https:\/\/gad.se\/wp-content\/uploads\/2025\/05\/Standardkulor_bla-gron.jpg","thumb":"https:\/\/gad.se\/wp-content\/uploads\/2025\/05\/Standardkulor_bla-gron-150x150.jpg","tempId":"aco_460","image_id":2133,"thumb_src":"https:\/\/gad.se\/wp-content\/uploads\/2025\/05\/Standardkulor_bla-gron-100x100.webp","gt_translate_keys":["label"]},{"label":"Gr\u00e5bl\u00e5","value":"Option - 9","selected":false,"image":"https:\/\/gad.se\/wp-content\/uploads\/2025\/05\/Standardkulor_gra-bla.jpg","thumb":"https:\/\/gad.se\/wp-content\/uploads\/2025\/05\/Standardkulor_gra-bla-150x150.jpg","tempId":"aco_2406","image_id":2135,"thumb_src":"https:\/\/gad.se\/wp-content\/uploads\/2025\/05\/Standardkulor_gra-bla-100x100.jpg","gt_translate_keys":["label"]},{"label":"Mellangr\u00e5","value":"Option - 5","selected":false,"image":"https:\/\/gad.se\/wp-content\/uploads\/2025\/05\/Standardkulor_mellangra.jpg","thumb":"https:\/\/gad.se\/wp-content\/uploads\/2025\/05\/Standardkulor_mellangra-150x150.jpg","tempId":"aco_366","image_id":2138,"thumb_src":"https:\/\/gad.se\/wp-content\/uploads\/2025\/05\/Standardkulor_mellangra-100x100.webp","gt_translate_keys":["label"]}],"priceOptions":"different_for_all","pricingType":"fixed","price":"","cl_rule":"show","col":6,"type":"image-group","error":false,"gt_translate_keys":["label"],"price_dependency":false,"cl_dependency":false,"value":""}],[{"active":true,"col":6,"relations":[{"operator":false,"rules":[{"operator":"AND","rules":{"cl_field":"image-group_8689466437c3e5","cl_relation":"is","cl_val":"Option - 4"}}]}],"cl_rule":"show","enableCl":true,"price":"","enablePrice":false,"className":"","label_position":"default","desc_position":"default","type":"text","subtype":"text","required":false,"elementId":"text_9689466437c3fb","label":"Vill du ha en annan f\u00e4rg?","name":"text_9689466437c3fb","value":"","error":false,"placeholder":"Skriv \u00f6nskad f\u00e4rg...","gt_translate_keys":["label","placeholder","value"],"price_dependency":false,"cl_dependency":false}],[{"active":true,"col":6,"relations":[{"operator":false,"rules":[{"operator":"AND","rules":{"cl_field":"select_2689466437c3c6","cl_relation":"is","cl_val":"Option - 1"}}]}],"cl_rule":"show","enableCl":true,"price":"","enablePrice":true,"className":"","label_position":"default","desc_position":"default","type":"select","required":false,"elementId":"select_2689466437c40a","label":"DJUP","name":"select_2689466437c40a","values":[{"label":"29","value":"Option - 1","selected":false,"tempId":"aco_4712","price":"","gt_translate_keys":["label"]},{"label":"40","value":"Option - 2","selected":false,"tempId":"aco_4713","price":"4200","gt_translate_keys":["label"]}],"dropdown_type":"basic","error":false,"priceOptions":"different_for_all","pricingType":"fixed","gt_translate_keys":["label"],"price_dependency":false,"cl_dependency":["select_3689466437c415","select_3689466437c415","select-7931251262"],"value":""}],[{"label":"DJUP","active":true,"required":false,"elementId":"select-9309334108","dropdown_type":"basic","name":"select-9309334108","label_position":"default","desc_position":"default","enablePrice":true,"className":"","enableCl":true,"relations":[{"operator":false,"rules":[{"operator":"AND","rules":{"cl_field":"select_2689466437c3c6","cl_relation":"is","cl_val":"Option - 2"}}]}],"values":[{"label":"29","value":"Option - 1","selected":false,"tempId":"aco_4712","price":"","gt_translate_keys":["label"]},{"label":"40","value":"Option - 2","selected":false,"tempId":"aco_4713","price":"7250","gt_translate_keys":["label"]}],"priceOptions":"different_for_all","pricingType":"fixed","price":"","cl_rule":"show","col":6,"type":"select","error":false,"gt_translate_keys":["label"],"price_dependency":false,"cl_dependency":["select-7931251262"],"value":""}],[{"active":true,"col":6,"relations":[{"operator":false,"rules":[{"operator":"or","rules":{"cl_field":"select_2689466437c40a","cl_relation":"is","cl_val":"Option - 1"}},{"operator":"AND","rules":{"cl_field":"select_2689466437c40a","cl_relation":"is","cl_val":"Option - 1"}}]}],"cl_rule":"show","enableCl":true,"price":"","enablePrice":true,"className":"","label_position":"default","desc_position":"default","type":"select","required":false,"elementId":"select_3689466437c415","label":"SKIVA","name":"select_3689466437c415","values":[{"label":"Tr\u00e4","value":"Option - 1","selected":false,"tempId":"aco_3207","gt_translate_keys":["label"]},{"label":"Gotl\u00e4ndsk kalksten","value":"Option - 3","selected":false,"tempId":"aco_2710","price":"11300","gt_translate_keys":["label"]},{"label":"Diabas","value":"Option - 4","selected":false,"tempId":"aco_2711","price":"12450","gt_translate_keys":["label"]}],"dropdown_type":"basic","error":false,"priceOptions":"different_for_all","pricingType":"fixed","gt_translate_keys":["label"],"price_dependency":false,"cl_dependency":false,"value":""}],[{"label":"SKIVA","active":true,"required":false,"elementId":"select-7931251262","dropdown_type":"basic","name":"select-7931251262","label_position":"default","desc_position":"default","enablePrice":true,"className":"","enableCl":true,"relations":[{"operator":false,"rules":[{"operator":"or","rules":{"cl_field":"select_2689466437c40a","cl_relation":"is","cl_val":"Option - 2"}},{"operator":"AND","rules":{"cl_field":"select-9309334108","cl_relation":"is","cl_val":"Option - 2"}}]}],"values":[{"label":"Tr\u00e4","value":"Option - 1","selected":false,"tempId":"aco_3207","gt_translate_keys":["label"]},{"label":"Gotl\u00e4ndsk kalksten","value":"Option - 3","selected":false,"tempId":"aco_2710","price":"14464","gt_translate_keys":["label"]},{"label":"Diabas","value":"Option - 4","selected":false,"tempId":"aco_2711","price":"15936","gt_translate_keys":["label"]}],"priceOptions":"different_for_all","pricingType":"fixed","price":"","cl_rule":"show","col":6,"type":"select","error":false,"gt_translate_keys":["label"],"price_dependency":false,"cl_dependency":false,"value":""}],[{"label":"BEN","active":true,"required":false,"elementId":"select_10689466437c41f","dropdown_type":"basic","name":"select_10689466437c41f","label_position":"default","desc_position":"default","enablePrice":true,"className":"","enableCl":false,"relations":[{"operator":false,"rules":[{"operator":"or","rules":{"cl_field":"select_2689466437c40a","cl_relation":"is","cl_val":"Option - 1"}},{"operator":"AND","rules":{"cl_field":"select_2689466437c40a","cl_relation":"is","cl_val":"Option - 2"}}]}],"values":[{"label":"Tr\u00e4","value":"Option - 1","selected":false,"tempId":"aco_3207","gt_translate_keys":["label"]},{"label":"Rostfritt st\u00e5l","value":"Option - 3","selected":false,"tempId":"aco_2710","price":"9600","gt_translate_keys":["label"]},{"label":"M\u00e4ssing","value":"Option - 2","selected":false,"tempId":"aco_2709","price":"9900","gt_translate_keys":["label"]}],"priceOptions":"different_for_all","pricingType":"fixed","price":"","cl_rule":"show","col":6,"type":"select","error":false,"gt_translate_keys":["label"],"price_dependency":false,"cl_dependency":false,"value":""}],[{"label":"BESLAG","active":true,"required":false,"elementId":"select_0689466437c429","dropdown_type":"basic","name":"select_0689466437c429","label_position":"default","desc_position":"default","enablePrice":true,"className":"","enableCl":false,"relations":[{"operator":false,"rules":[{"operator":"or","rules":{"cl_field":"select_2689466437c40a","cl_relation":"is","cl_val":"Option - 1"}},{"operator":"AND","rules":{"cl_field":"select_2689466437c40a","cl_relation":"is","cl_val":"Option - 2"}}]}],"values":[{"label":"Rostfritt st\u00e5l","value":"Option - 3","selected":false,"tempId":"aco_2710","price":"","gt_translate_keys":["label"]},{"label":"M\u00e4ssing","value":"Option - 2","selected":false,"tempId":"aco_2709","price":"2500","gt_translate_keys":["label"]}],"priceOptions":"different_for_all","pricingType":"fixed","price":"","cl_rule":"show","col":6,"type":"select","error":false,"gt_translate_keys":["label"],"price_dependency":false,"cl_dependency":false,"value":""}],[{"active":true,"col":6,"relations":false,"cl_rule":"show","enableCl":false,"price":"","enablePrice":false,"className":"","label_position":"default","desc_position":"default","type":"select","required":false,"elementId":"select_6521967441","label":"D\u00d6RRAR","name":"select_6521967441","values":[{"label":"Tr\u00e4","value":"Option - 1","selected":false,"tempId":"aco_94","gt_translate_keys":["label"]},{"label":"Klarglas","value":"Option - 2","selected":false,"tempId":"aco_95","gt_translate_keys":["label"]},{"label":"Frostat glas","value":"Option - 3","selected":false,"tempId":"aco_96","gt_translate_keys":["label"]}],"dropdown_type":"basic","error":false,"gt_translate_keys":["label"],"price_dependency":false,"cl_dependency":false,"value":""}]]}},"config":{"price_override":"","enable_recaptcha":false,"bind_quantity":false,"quantity_bind_formula":false,"disp_summ_show_option_price":false,"disp_summ_show_product_price":false,"disp_summ_show_total_price":true,"disp_summ_show_fee":false,"disp_summ_show_discount":false,"summary_title":"","options_total_label":"Tillval","total_label":"Total","options_product_label":"Grundpris","fee_label":"Fee","discount_label":"Rabatt","has_price":true,"has_quantity_formula":false},"mc_unit":1,"tax_rate":1,"tax_rate_real":0.25,"discount":{"percentage":0,"fixed":0},"design":{"conf":{"LabelPosition":"above","DescPosition":"above","UploadField":"custom_1","QuantityFieldStyle":"default"},"css":{"LeftLabelWidth":"120px"}},"formulas":[],"lookuptables":[],"clones":false,"cartKey":false}},"_links":{"self":[{"href":"https:\/\/gad.se\/nb\/wp-json\/wp\/v2\/product\/911","targetHints":{"allow":["GET"]}}],"collection":[{"href":"https:\/\/gad.se\/nb\/wp-json\/wp\/v2\/product"}],"about":[{"href":"https:\/\/gad.se\/nb\/wp-json\/wp\/v2\/types\/product"}],"replies":[{"embeddable":true,"href":"https:\/\/gad.se\/nb\/wp-json\/wp\/v2\/comments?post=911"}],"wp:featuredmedia":[{"embeddable":true,"href":"https:\/\/gad.se\/nb\/wp-json\/wp\/v2\/media\/7436"}],"wp:attachment":[{"href":"https:\/\/gad.se\/nb\/wp-json\/wp\/v2\/media?parent=911"}],"wp:term":[{"taxonomy":"product_brand","embeddable":true,"href":"https:\/\/gad.se\/nb\/wp-json\/wp\/v2\/product_brand?post=911"},{"taxonomy":"product_cat","embeddable":true,"href":"https:\/\/gad.se\/nb\/wp-json\/wp\/v2\/product_cat?post=911"},{"taxonomy":"product_tag","embeddable":true,"href":"https:\/\/gad.se\/nb\/wp-json\/wp\/v2\/product_tag?post=911"}],"curies":[{"name":"wp","href":"https:\/\/api.w.org\/{rel}","templated":true}]}}